{"id":2893,"date":"2026-03-04T07:07:09","date_gmt":"2026-03-04T07:07:09","guid":{"rendered":"https:\/\/www.mcallenflatware.com\/?post_type=product&#038;p=2893"},"modified":"2026-03-04T07:20:00","modified_gmt":"2026-03-04T07:20:00","slug":"wholesale-modern-cutlery-set","status":"publish","type":"product","link":"https:\/\/www.mcallenflatware.com\/fr\/product\/wholesale-modern-cutlery-set\/","title":{"rendered":"Wholesale Modern Cutlery Set, Square Handle Flatware Silver Mirror Polish Custom"},"content":{"rendered":"<div class=\"wp-block-columns is-layout-flex wp-container-core-columns-is-layout-9d6595d7 wp-block-columns-is-layout-flex\">\n<div class=\"wp-block-column is-layout-flow wp-block-column-is-layout-flow\">\n<h2 class=\"wp-block-heading\"> Ensemble de couverts modernes Caract\u00e9ristiques :<\/h2>\n\n\n\n<p><strong>Poign\u00e9e carr\u00e9e moderne : <\/strong>Une poign\u00e9e g\u00e9om\u00e9trique carr\u00e9e unique offre un look \u00e9l\u00e9gant et contemporain et une prise en main confortable, parfaite pour les tables modernes.<\/p>\n\n\n\n<p><strong>Finition polie miroir de premi\u00e8re qualit\u00e9 :<\/strong> La surface polie miroir exquise offre un aspect \u00e9l\u00e9gant et brillant qui rehausse toute exp\u00e9rience gastronomique et est facile \u00e0 nettoyer.<\/p>\n\n\n\n<p><strong>Mat\u00e9riau durable de haute qualit\u00e9<\/strong>: Fabriqu\u00e9 en acier inoxydable de qualit\u00e9 alimentaire, r\u00e9sistant \u00e0 la rouille, robuste et durable pour un usage quotidien, dans les h\u00f4tels, les restaurants et la restauration.<\/p>\n\n\n\n<p><strong>Vente en gros et personnalisation :<\/strong> Nous prenons en charge les commandes en gros et acceptons les logos, les couleurs et les emballages personnalis\u00e9s pour r\u00e9pondre aux besoins de votre entreprise et de votre marque.<\/p>\n\n\n\n<p><strong>Set de couverts modernes polyvalents :<\/strong> Service de couverts complet et fonctionnel, id\u00e9al pour la maison, les mariages, les banquets et la restauration commerciale.<\/p>\n<\/div>\n\n\n\n<div class=\"wp-block-column is-layout-flow wp-block-column-is-layout-flow\"><div class=\"wp-block-image\">\n<figure class=\"aligncenter size-full\"><img decoding=\"async\" width=\"800\" height=\"800\" src=\"https:\/\/www.mcallenflatware.com\/wp-content\/uploads\/2026\/03\/Wholesale-Modern-Cutlery-Set\uff0cModern-Square-Handle-Flatware-Mirror-Polish-Custom-2.webp\" alt=\"Wholesale Modern Cutlery Set, Modern Square Handle Flatware Mirror Polish Custom (2)\" class=\"wp-image-2895\" style=\"object-fit:cover\" srcset=\"https:\/\/www.mcallenflatware.com\/wp-content\/uploads\/2026\/03\/Wholesale-Modern-Cutlery-Set\uff0cModern-Square-Handle-Flatware-Mirror-Polish-Custom-2.webp 800w, https:\/\/www.mcallenflatware.com\/wp-content\/uploads\/2026\/03\/Wholesale-Modern-Cutlery-Set\uff0cModern-Square-Handle-Flatware-Mirror-Polish-Custom-2-150x150.webp 150w, https:\/\/www.mcallenflatware.com\/wp-content\/uploads\/2026\/03\/Wholesale-Modern-Cutlery-Set\uff0cModern-Square-Handle-Flatware-Mirror-Polish-Custom-2-768x768.webp 768w, https:\/\/www.mcallenflatware.com\/wp-content\/uploads\/2026\/03\/Wholesale-Modern-Cutlery-Set\uff0cModern-Square-Handle-Flatware-Mirror-Polish-Custom-2-12x12.webp 12w, https:\/\/www.mcallenflatware.com\/wp-content\/uploads\/2026\/03\/Wholesale-Modern-Cutlery-Set\uff0cModern-Square-Handle-Flatware-Mirror-Polish-Custom-2-600x600.webp 600w, https:\/\/www.mcallenflatware.com\/wp-content\/uploads\/2026\/03\/Wholesale-Modern-Cutlery-Set\uff0cModern-Square-Handle-Flatware-Mirror-Polish-Custom-2-300x300.webp 300w, https:\/\/www.mcallenflatware.com\/wp-content\/uploads\/2026\/03\/Wholesale-Modern-Cutlery-Set\uff0cModern-Square-Handle-Flatware-Mirror-Polish-Custom-2-100x100.webp 100w\" sizes=\"(max-width: 800px) 100vw, 800px\" \/><\/figure>\n<\/div><\/div>\n<\/div>","protected":false},"excerpt":{"rendered":"<div>Cet ensemble de couverts modernes \u00e0 poign\u00e9es carr\u00e9es pr\u00e9sente une finition polie miroir de premi\u00e8re qualit\u00e9 et est fabriqu\u00e9 en acier inoxydable de qualit\u00e9 alimentaire, id\u00e9al pour rehausser les d\u00e9cors de table dans les h\u00f4tels, les banquets et les repas de tous les jours. Nous prenons en charge les commandes en gros et les options enti\u00e8rement personnalisables, y compris les logos, les couleurs et l'emballage. Demandez-nous d\u00e8s maintenant !<\/div>\n<h2 id=\"block-792b966c-c506-49fa-b3c8-9881ee38a4f5\" class=\"block-editor-rich-text__editable block-editor-block-list__block wp-block is-selected wp-block-heading rich-text\" role=\"document\" aria-label=\"Bloc : Titre\" data-block=\"792b966c-c506-49fa-b3c8-9881ee38a4f5\" data-type=\"core\/heading\" data-title=\"Heading\" data-wp-block-attribute-key=\"content\">\u00a0Ensemble de couverts modernes Attributs :<\/h2>\n<p><strong>Nom de marque :<\/strong> Mcallen<br \/><strong>Mat\u00e9riau :<\/strong> Acier inoxydable<br \/><strong>Couleur :<\/strong>\u00a0 Argent, or, noir, or rose, arc-en-ciel.<br \/><strong>Conception : <\/strong>Poign\u00e9e carr\u00e9e moderne<br \/><strong>D\u00e9lai d'ex\u00e9cution de l'\u00e9chantillon :<\/strong> Dans les 3 jours<br \/><strong>OEM\/ODM :<\/strong> Disponible<\/p>\n<h2>Couverts pour restaurants sur mesure :<\/h2>\n<p><strong>Acier inoxydable :<\/strong> Acier inoxydable 18\/10, 304, 316, 410, 430, 420<br \/><strong>Logo :<\/strong> Gravure au laser, impression par s\u00e9rigraphie\/UV\/transfert thermique, gaufrage, etc.<br \/><strong>Emballage :<\/strong> 4\/8\/12\/16\/20\/24\/45\/48\/72pcs set<br \/><strong>Finitions de surface :<\/strong> Poli miroir, mat, poli \u00e0 l'eau, rev\u00eatement titane<br \/><strong>Emballage :<\/strong> Vrac, sac OPP, bo\u00eete de couleur, bo\u00eete cadeau, sur mesure<\/p>","protected":false},"featured_media":2896,"template":"","meta":[],"product_brand":[],"product_cat":[23,29],"product_tag":[],"class_list":{"0":"post-2893","1":"product","2":"type-product","3":"status-publish","4":"has-post-thumbnail","6":"product_cat-wholesale-flatware","7":"product_cat-bulk-flatware","9":"first","10":"instock","11":"shipping-taxable","12":"product-type-simple"},"_links":{"self":[{"href":"https:\/\/www.mcallenflatware.com\/fr\/wp-json\/wp\/v2\/product\/2893","targetHints":{"allow":["GET"]}}],"collection":[{"href":"https:\/\/www.mcallenflatware.com\/fr\/wp-json\/wp\/v2\/product"}],"about":[{"href":"https:\/\/www.mcallenflatware.com\/fr\/wp-json\/wp\/v2\/types\/product"}],"wp:featuredmedia":[{"embeddable":true,"href":"https:\/\/www.mcallenflatware.com\/fr\/wp-json\/wp\/v2\/media\/2896"}],"wp:attachment":[{"href":"https:\/\/www.mcallenflatware.com\/fr\/wp-json\/wp\/v2\/media?parent=2893"}],"wp:term":[{"taxonomy":"product_brand","embeddable":true,"href":"https:\/\/www.mcallenflatware.com\/fr\/wp-json\/wp\/v2\/product_brand?post=2893"},{"taxonomy":"product_cat","embeddable":true,"href":"https:\/\/www.mcallenflatware.com\/fr\/wp-json\/wp\/v2\/product_cat?post=2893"},{"taxonomy":"product_tag","embeddable":true,"href":"https:\/\/www.mcallenflatware.com\/fr\/wp-json\/wp\/v2\/product_tag?post=2893"}],"curies":[{"name":"wp","href":"https:\/\/api.w.org\/{rel}","templated":true}]}}