{"id":2899,"date":"2026-03-04T07:41:50","date_gmt":"2026-03-04T07:41:50","guid":{"rendered":"https:\/\/www.mcallenflatware.com\/?post_type=product&#038;p=2899"},"modified":"2026-03-04T08:07:30","modified_gmt":"2026-03-04T08:07:30","slug":"wholesale-heavy-flatware","status":"publish","type":"product","link":"https:\/\/www.mcallenflatware.com\/fr\/product\/wholesale-heavy-flatware\/","title":{"rendered":"Wholesale Heavy Flatware Diamond Handle Stainless Steel Cutlery Set Custom"},"content":{"rendered":"<div class=\"wp-block-columns is-layout-flex wp-container-core-columns-is-layout-9d6595d7 wp-block-columns-is-layout-flex\">\n<div class=\"wp-block-column is-layout-flow wp-block-column-is-layout-flow\">\n<h2 class=\"wp-block-heading\">Couverts lourds Caract\u00e9ristiques :<\/h2>\n\n\n\n<p><strong>Poign\u00e9e diamant\u00e9e Ergonomie :<\/strong> Le manche torsad\u00e9 unique \u00e0 motif de diamant offre une prise s\u00fbre et antid\u00e9rapante tout en rehaussant l'esth\u00e9tique de la table, ce qui est id\u00e9al pour les restaurants commerciaux modernes.<\/p>\n\n\n\n<p><strong>Durabilit\u00e9 de la jauge lourde :<\/strong> Fabriqu\u00e9 en acier inoxydable de premi\u00e8re qualit\u00e9 avec un poids substantiel pour une sensation de solidit\u00e9 et de qualit\u00e9 qui r\u00e9siste \u00e0 la flexion et au gauchissement.<\/p>\n\n\n\n<p><strong>Polissage miroir Pr\u00e9cision<\/strong>: La finition miroir impeccable refl\u00e8te la lumi\u00e8re pour un aspect luxueux, avec des bords lisses et arrondis et un couteau \u00e0 steak dentel\u00e9 pour une coupe sans effort.<\/p>\n\n\n\n<p><strong>Fourniture directe par l'usine :<\/strong> Prix de gros disponibles pour les restaurants, les traiteurs et les organisateurs d'\u00e9v\u00e9nements de McAllen ; logos, couleurs et emballages personnalis\u00e9s pour s'aligner sur votre marque.<\/p>\n\n\n\n<p><strong>Polyvalence pour toutes les occasions :<\/strong> Il passe sans probl\u00e8me des banquets aux caf\u00e9s d\u00e9contract\u00e9s, avec une construction r\u00e9sistante au lave-vaisselle pour une utilisation commerciale n\u00e9cessitant peu d'entretien.<\/p>\n<\/div>\n\n\n\n<div class=\"wp-block-column is-layout-flow wp-block-column-is-layout-flow\"><div class=\"wp-block-image\">\n<figure class=\"aligncenter size-full\"><img decoding=\"async\" width=\"800\" height=\"800\" src=\"https:\/\/www.mcallenflatware.com\/wp-content\/uploads\/2026\/03\/Wholesale-Heavy-Flatware-Diamond-Handle-Stainless-Steel-Cutlery-Set.webp\" alt=\"Wholesale Heavy Flatware Diamond Handle Stainless Steel Cutlery Set (Ensemble de couverts en acier inoxydable \u00e0 manche en diamant)\" class=\"wp-image-2903\" style=\"object-fit:cover\" srcset=\"https:\/\/www.mcallenflatware.com\/wp-content\/uploads\/2026\/03\/Wholesale-Heavy-Flatware-Diamond-Handle-Stainless-Steel-Cutlery-Set.webp 800w, https:\/\/www.mcallenflatware.com\/wp-content\/uploads\/2026\/03\/Wholesale-Heavy-Flatware-Diamond-Handle-Stainless-Steel-Cutlery-Set-150x150.webp 150w, https:\/\/www.mcallenflatware.com\/wp-content\/uploads\/2026\/03\/Wholesale-Heavy-Flatware-Diamond-Handle-Stainless-Steel-Cutlery-Set-768x768.webp 768w, https:\/\/www.mcallenflatware.com\/wp-content\/uploads\/2026\/03\/Wholesale-Heavy-Flatware-Diamond-Handle-Stainless-Steel-Cutlery-Set-12x12.webp 12w, https:\/\/www.mcallenflatware.com\/wp-content\/uploads\/2026\/03\/Wholesale-Heavy-Flatware-Diamond-Handle-Stainless-Steel-Cutlery-Set-600x600.webp 600w, https:\/\/www.mcallenflatware.com\/wp-content\/uploads\/2026\/03\/Wholesale-Heavy-Flatware-Diamond-Handle-Stainless-Steel-Cutlery-Set-300x300.webp 300w, https:\/\/www.mcallenflatware.com\/wp-content\/uploads\/2026\/03\/Wholesale-Heavy-Flatware-Diamond-Handle-Stainless-Steel-Cutlery-Set-100x100.webp 100w\" sizes=\"(max-width: 800px) 100vw, 800px\" \/><\/figure>\n<\/div><\/div>\n<\/div>","protected":false},"excerpt":{"rendered":"<p>Nos couverts lourds en gros sont dot\u00e9s d'un manche en diamant torsad\u00e9 unique, d'un acier inoxydable de gros calibre et d'une finition polie miroir pour un aspect de qualit\u00e9 sup\u00e9rieure. Ils sont id\u00e9aux pour rehausser les tables commerciales. Nous proposons des prix de gros exclusifs et des solutions personnalis\u00e9es pour votre entreprise. Demandez d\u00e8s maintenant un devis et des \u00e9chantillons !<\/p>\n<h2 id=\"block-792b966c-c506-49fa-b3c8-9881ee38a4f5\" class=\"block-editor-rich-text__editable block-editor-block-list__block wp-block is-selected wp-block-heading rich-text\" role=\"document\" aria-label=\"Bloc : Titre\" data-block=\"792b966c-c506-49fa-b3c8-9881ee38a4f5\" data-type=\"core\/heading\" data-title=\"Heading\" data-wp-block-attribute-key=\"content\">Attributs des couverts lourds :<\/h2>\n<p><strong>Nom de marque :<\/strong> Mcallen<br \/><strong>Mat\u00e9riau :<\/strong> Acier inoxydable<br \/><strong>Couleur :<\/strong>\u00a0 Argent, or, noir, or rose, arc-en-ciel.<br \/><strong>Conception : <\/strong>Poign\u00e9e carr\u00e9e moderne<br \/><strong>D\u00e9lai d'ex\u00e9cution de l'\u00e9chantillon :<\/strong> Dans les 3 jours<br \/><strong>OEM\/ODM :<\/strong> Disponible<\/p>\n<h2>Couverts pour restaurants sur mesure :<\/h2>\n<p><strong>Acier inoxydable :<\/strong> Acier inoxydable 18\/10, 304, 316, 410, 430, 420<br \/><strong>Logo :<\/strong> Gravure au laser, impression par s\u00e9rigraphie\/UV\/transfert thermique, gaufrage, etc.<br \/><strong>Emballage :<\/strong> 4\/8\/12\/16\/20\/24\/45\/48\/72pcs set<br \/><strong>Finitions de surface :<\/strong> Poli miroir, mat, poli \u00e0 l'eau, rev\u00eatement titane<br \/><strong>Emballage :<\/strong> Vrac, sac OPP, bo\u00eete de couleur, bo\u00eete cadeau, sur mesure<\/p>","protected":false},"featured_media":2901,"template":"","meta":[],"product_brand":[],"product_cat":[23,29],"product_tag":[],"class_list":{"0":"post-2899","1":"product","2":"type-product","3":"status-publish","4":"has-post-thumbnail","6":"product_cat-wholesale-flatware","7":"product_cat-bulk-flatware","9":"first","10":"instock","11":"shipping-taxable","12":"product-type-simple"},"_links":{"self":[{"href":"https:\/\/www.mcallenflatware.com\/fr\/wp-json\/wp\/v2\/product\/2899","targetHints":{"allow":["GET"]}}],"collection":[{"href":"https:\/\/www.mcallenflatware.com\/fr\/wp-json\/wp\/v2\/product"}],"about":[{"href":"https:\/\/www.mcallenflatware.com\/fr\/wp-json\/wp\/v2\/types\/product"}],"wp:featuredmedia":[{"embeddable":true,"href":"https:\/\/www.mcallenflatware.com\/fr\/wp-json\/wp\/v2\/media\/2901"}],"wp:attachment":[{"href":"https:\/\/www.mcallenflatware.com\/fr\/wp-json\/wp\/v2\/media?parent=2899"}],"wp:term":[{"taxonomy":"product_brand","embeddable":true,"href":"https:\/\/www.mcallenflatware.com\/fr\/wp-json\/wp\/v2\/product_brand?post=2899"},{"taxonomy":"product_cat","embeddable":true,"href":"https:\/\/www.mcallenflatware.com\/fr\/wp-json\/wp\/v2\/product_cat?post=2899"},{"taxonomy":"product_tag","embeddable":true,"href":"https:\/\/www.mcallenflatware.com\/fr\/wp-json\/wp\/v2\/product_tag?post=2899"}],"curies":[{"name":"wp","href":"https:\/\/api.w.org\/{rel}","templated":true}]}}