{"id":2906,"date":"2026-03-04T08:30:25","date_gmt":"2026-03-04T08:30:25","guid":{"rendered":"https:\/\/www.mcallenflatware.com\/?post_type=product&#038;p=2906"},"modified":"2026-03-04T08:52:33","modified_gmt":"2026-03-04T08:52:33","slug":"wholesale-modernist-flatware","status":"publish","type":"product","link":"https:\/\/www.mcallenflatware.com\/fr\/product\/wholesale-modernist-flatware\/","title":{"rendered":"Wholesale Modernist Flatware, Geometric Square Handle Silverware Stainless Custom"},"content":{"rendered":"<div class=\"wp-block-columns is-layout-flex wp-container-core-columns-is-layout-9d6595d7 wp-block-columns-is-layout-flex\">\n<div class=\"wp-block-column is-layout-flow wp-block-column-is-layout-flow\">\n<h2 class=\"wp-block-heading\">Modernist Flatware Caract\u00e9ristiques :<\/h2>\n\n\n\n<p><strong>Poign\u00e9e carr\u00e9e g\u00e9om\u00e9trique moderne<\/strong>: Poign\u00e9e carr\u00e9e unique aux lignes g\u00e9om\u00e9triques \u00e9pur\u00e9es pour un d\u00e9cor de table contemporain.<\/p>\n\n\n\n<p><strong>Acier inoxydable de qualit\u00e9 alimentaire<\/strong>: S\u00fbr, r\u00e9sistant \u00e0 la rouille et durable pour une utilisation quotidienne \u00e0 long terme.<\/p>\n\n\n\n<p><strong>Polissage miroir et prise en main confortable<\/strong>: Surface lisse et polie avec un design ergonomique pour une manipulation confortable.<\/p>\n\n\n\n<p><strong>Lavable au lave-vaisselle et tr\u00e8s r\u00e9sistant<\/strong>: Facile \u00e0 nettoyer et con\u00e7u pour r\u00e9sister \u00e0 une utilisation commerciale fr\u00e9quente.<\/p>\n\n\n\n<p><strong>Polyvalent pour de multiples sc\u00e9narios<\/strong>: Parfait pour les h\u00f4tels, les restaurants, les mariages, les traiteurs et les repas \u00e0 domicile.<\/p>\n\n\n\n<p><strong>Ensemble de couverts 5 pi\u00e8ces en acier inoxydable<\/strong>: Configuration compl\u00e8te, style unifi\u00e9, durable et facile \u00e0 entretenir, am\u00e9liorant l'exp\u00e9rience gastronomique. Convient aux achats en gros et aux besoins de personnalisation des h\u00f4tels et des sc\u00e9narios de restauration.<\/p>\n<\/div>\n\n\n\n<div class=\"wp-block-column is-layout-flow wp-block-column-is-layout-flow\"><div class=\"wp-block-image\">\n<figure class=\"aligncenter size-full\"><img decoding=\"async\" width=\"1600\" height=\"1600\" src=\"https:\/\/www.mcallenflatware.com\/wp-content\/uploads\/2026\/03\/wholesale-modernist-flatware-geometric-square-handle-silverware-2.webp\" alt=\"grossiste couverts modernistes argenterie g\u00e9om\u00e9trique \u00e0 poign\u00e9e carr\u00e9e (2)\" class=\"wp-image-2912\" style=\"object-fit:cover\" srcset=\"https:\/\/www.mcallenflatware.com\/wp-content\/uploads\/2026\/03\/wholesale-modernist-flatware-geometric-square-handle-silverware-2.webp 1600w, https:\/\/www.mcallenflatware.com\/wp-content\/uploads\/2026\/03\/wholesale-modernist-flatware-geometric-square-handle-silverware-2-150x150.webp 150w, https:\/\/www.mcallenflatware.com\/wp-content\/uploads\/2026\/03\/wholesale-modernist-flatware-geometric-square-handle-silverware-2-768x768.webp 768w, https:\/\/www.mcallenflatware.com\/wp-content\/uploads\/2026\/03\/wholesale-modernist-flatware-geometric-square-handle-silverware-2-12x12.webp 12w, https:\/\/www.mcallenflatware.com\/wp-content\/uploads\/2026\/03\/wholesale-modernist-flatware-geometric-square-handle-silverware-2-1200x1200.webp 1200w, https:\/\/www.mcallenflatware.com\/wp-content\/uploads\/2026\/03\/wholesale-modernist-flatware-geometric-square-handle-silverware-2-600x600.webp 600w, https:\/\/www.mcallenflatware.com\/wp-content\/uploads\/2026\/03\/wholesale-modernist-flatware-geometric-square-handle-silverware-2-300x300.webp 300w, https:\/\/www.mcallenflatware.com\/wp-content\/uploads\/2026\/03\/wholesale-modernist-flatware-geometric-square-handle-silverware-2-100x100.webp 100w\" sizes=\"(max-width: 1600px) 100vw, 1600px\" \/><\/figure>\n<\/div><\/div>\n<\/div>\n\n\n\n<div class=\"wp-block-columns is-layout-flex wp-container-core-columns-is-layout-9d6595d7 wp-block-columns-is-layout-flex\">\n<div class=\"wp-block-column is-layout-flow wp-block-column-is-layout-flow\"><\/div>\n\n\n\n<div class=\"wp-block-column is-layout-flow wp-block-column-is-layout-flow\"><\/div>\n<\/div>","protected":false},"excerpt":{"rendered":"<p>Les couverts modernistes en gros sont dot\u00e9s d'une poign\u00e9e g\u00e9om\u00e9trique moderne aux lignes \u00e9pur\u00e9es, d'une finition polie miroir, d'une poign\u00e9e ergonomique et d'un ensemble pratique de 5 pi\u00e8ces pour les sc\u00e8nes de restauration commerciale. Mcallen factory direct supply. Contactez-nous pour des solutions en gros et sur mesure.<\/p>\n<h2>Attributs des couverts modernistes<\/h2>\n<p><strong>Nom de marque :<\/strong> Mcallen<br \/><strong>Mat\u00e9riau :<\/strong> Acier inoxydable<br \/><strong>Couleur :<\/strong> Or, argent<br \/><strong>Conception :<\/strong> Design martel\u00e9<br \/><strong>D\u00e9lai d'ex\u00e9cution de l'\u00e9chantillon :<\/strong> Dans les 3 jours<br \/><strong>OEM\/ODM :<\/strong> Disponible<\/p>\n<h2>Couverts martel\u00e9s sur mesure :<\/h2>\n<p><strong>Acier inoxydable :<\/strong> Acier inoxydable 18\/10, 304, 316, 410, 430, 420<br \/><strong>Logo :<\/strong> Gravure laser, s\u00e9rigraphie, impression UV, impression par transfert thermique, gaufrage, etc.<br \/><strong>Emballage :<\/strong> 4\/8\/12\/16\/20\/24\/45\/48\/72pcs set<br \/><strong>Finitions de surface :<\/strong> Poli miroir, mat, poli \u00e0 l'eau, rev\u00eatement titane<br \/><strong>Emballage :<\/strong> Vrac, sac opp, bo\u00eete de couleur, bo\u00eete cadeau, sur mesure<\/p>","protected":false},"featured_media":2915,"template":"","meta":[],"product_brand":[],"product_cat":[23,29],"product_tag":[],"class_list":{"0":"post-2906","1":"product","2":"type-product","3":"status-publish","4":"has-post-thumbnail","6":"product_cat-wholesale-flatware","7":"product_cat-bulk-flatware","9":"first","10":"instock","11":"shipping-taxable","12":"product-type-simple"},"_links":{"self":[{"href":"https:\/\/www.mcallenflatware.com\/fr\/wp-json\/wp\/v2\/product\/2906","targetHints":{"allow":["GET"]}}],"collection":[{"href":"https:\/\/www.mcallenflatware.com\/fr\/wp-json\/wp\/v2\/product"}],"about":[{"href":"https:\/\/www.mcallenflatware.com\/fr\/wp-json\/wp\/v2\/types\/product"}],"wp:featuredmedia":[{"embeddable":true,"href":"https:\/\/www.mcallenflatware.com\/fr\/wp-json\/wp\/v2\/media\/2915"}],"wp:attachment":[{"href":"https:\/\/www.mcallenflatware.com\/fr\/wp-json\/wp\/v2\/media?parent=2906"}],"wp:term":[{"taxonomy":"product_brand","embeddable":true,"href":"https:\/\/www.mcallenflatware.com\/fr\/wp-json\/wp\/v2\/product_brand?post=2906"},{"taxonomy":"product_cat","embeddable":true,"href":"https:\/\/www.mcallenflatware.com\/fr\/wp-json\/wp\/v2\/product_cat?post=2906"},{"taxonomy":"product_tag","embeddable":true,"href":"https:\/\/www.mcallenflatware.com\/fr\/wp-json\/wp\/v2\/product_tag?post=2906"}],"curies":[{"name":"wp","href":"https:\/\/api.w.org\/{rel}","templated":true}]}}