{"id":2936,"date":"2026-03-16T06:44:44","date_gmt":"2026-03-16T06:44:44","guid":{"rendered":"https:\/\/www.mcallenflatware.com\/?post_type=product&#038;p=2936"},"modified":"2026-03-16T07:15:32","modified_gmt":"2026-03-16T07:15:32","slug":"wholesale-vintage-flatware-set","status":"publish","type":"product","link":"https:\/\/www.mcallenflatware.com\/fr\/product\/wholesale-vintage-flatware-set\/","title":{"rendered":"Wholesale Vintage Flatware Set Silver, Stainless Steel Cultery 5-Piece Supplier"},"content":{"rendered":"<div class=\"wp-block-columns is-layout-flex wp-container-core-columns-is-layout-9d6595d7 wp-block-columns-is-layout-flex\">\n<div class=\"wp-block-column is-layout-flow wp-block-column-is-layout-flow\">\n<h2 class=\"wp-block-heading\">Ensemble de couverts vintage Caract\u00e9ristiques :<\/h2>\n\n\n\n<p><strong>Poign\u00e9e au design vintage<\/strong>: L'\u00e9l\u00e9gante poign\u00e9e de style romain offre une prise en main confortable et une esth\u00e9tique courtoise intemporelle, id\u00e9ale pour la gastronomie, les banquets et les h\u00f4tels.<\/p>\n\n\n\n<p><strong>Acier inoxydable de qualit\u00e9 alimentaire :<\/strong> Fabriqu\u00e9 en acier inoxydable 304\/410, r\u00e9sistant \u00e0 la rouille et aux aliments, avec une finition polie miroir pour un nettoyage facile et une brillance durable.<\/p>\n\n\n\n<p><strong>Artisanat de pr\u00e9cision<\/strong>: Lames de couteau dentel\u00e9es pour faciliter la d\u00e9coupe, dents de fourchette lisses et cuill\u00e8res parfaitement incurv\u00e9es ; les joints sans soudure emp\u00eachent l'accumulation de salet\u00e9s pour plus d'hygi\u00e8ne.<\/p>\n\n\n\n<p><strong>Options de l'ensemble de 5 pi\u00e8ces<\/strong>: Comprend diff\u00e9rentes tailles et ustensiles de dessert pour couvrir tous les besoins en mati\u00e8re de repas, disponibles en ensembles simples ou multiples pour la maison, les mariages et la vente en gros.<\/p>\n\n\n\n<p><strong>Style polyvalent et luxueux :<\/strong> La finition argent\u00e9e classique s'harmonise avec les tables \u00e9l\u00e9gantes, vintage ou modernes, et rehausse l'exp\u00e9rience culinaire en tant que vaisselle fonctionnelle et pi\u00e8ce d\u00e9corative.<\/p>\n<\/div>\n\n\n\n<div class=\"wp-block-column is-layout-flow wp-block-column-is-layout-flow\"><div class=\"wp-block-image\">\n<figure class=\"aligncenter size-full\"><img decoding=\"async\" width=\"800\" height=\"800\" src=\"https:\/\/www.mcallenflatware.com\/wp-content\/uploads\/2026\/03\/wholesale-vintage-flatware-set-stainless-steel.webp\" alt=\"couverts vintage en gros en acier inoxydable\" class=\"wp-image-2941\" style=\"object-fit:cover\" srcset=\"https:\/\/www.mcallenflatware.com\/wp-content\/uploads\/2026\/03\/wholesale-vintage-flatware-set-stainless-steel.webp 800w, https:\/\/www.mcallenflatware.com\/wp-content\/uploads\/2026\/03\/wholesale-vintage-flatware-set-stainless-steel-150x150.webp 150w, https:\/\/www.mcallenflatware.com\/wp-content\/uploads\/2026\/03\/wholesale-vintage-flatware-set-stainless-steel-768x768.webp 768w, https:\/\/www.mcallenflatware.com\/wp-content\/uploads\/2026\/03\/wholesale-vintage-flatware-set-stainless-steel-12x12.webp 12w, https:\/\/www.mcallenflatware.com\/wp-content\/uploads\/2026\/03\/wholesale-vintage-flatware-set-stainless-steel-600x600.webp 600w, https:\/\/www.mcallenflatware.com\/wp-content\/uploads\/2026\/03\/wholesale-vintage-flatware-set-stainless-steel-300x300.webp 300w, https:\/\/www.mcallenflatware.com\/wp-content\/uploads\/2026\/03\/wholesale-vintage-flatware-set-stainless-steel-100x100.webp 100w\" sizes=\"(max-width: 800px) 100vw, 800px\" \/><\/figure>\n<\/div><\/div>\n<\/div>\n\n\n\n<div class=\"wp-block-columns is-layout-flex wp-container-core-columns-is-layout-9d6595d7 wp-block-columns-is-layout-flex\">\n<div class=\"wp-block-column is-layout-flow wp-block-column-is-layout-flow\"><\/div>\n\n\n\n<div class=\"wp-block-column is-layout-flow wp-block-column-is-layout-flow\"><\/div>\n<\/div>","protected":false},"excerpt":{"rendered":"<p>Set de couverts vintage en gros avec une construction en acier inoxydable de premi\u00e8re qualit\u00e9 et des poign\u00e9es classiques de style romain, id\u00e9al pour les achats en gros dans les restaurants et les \u00e9v\u00e9nements. Service OEM\/ODM. Contactez-nous d\u00e8s maintenant pour obtenir des prix comp\u00e9titifs et des options d'emballage personnalis\u00e9es !<\/p>\n<h2>Attributs de l'ensemble de couverts vintage<\/h2>\n<p><strong>Nom de marque :<\/strong> Mcallen<br \/><strong>Mat\u00e9riau :<\/strong> Acier inoxydable<br \/><strong>Couleur :<\/strong> Argent<br \/><strong>Conception :<\/strong> Design martel\u00e9<br \/><strong>D\u00e9lai d'ex\u00e9cution de l'\u00e9chantillon :<\/strong> Dans les 3 jours<br \/><strong>OEM\/ODM :<\/strong> Disponible<\/p>\n<h2>Couverts martel\u00e9s sur mesure :<\/h2>\n<p><strong>Acier inoxydable :<\/strong> Acier inoxydable 18\/10, 304, 316, 410, 430, 420<br \/><strong>Logo :<\/strong> Gravure laser, s\u00e9rigraphie, impression UV, impression par transfert thermique, gaufrage, etc.<br \/><strong>Emballage :<\/strong> 4\/8\/12\/16\/20\/24\/45\/48\/72pcs set<br \/><strong>Finitions de surface :<\/strong> Poli miroir, mat, poli \u00e0 l'eau, rev\u00eatement titane<br \/><strong>Emballage :<\/strong> Vrac, sac opp, bo\u00eete de couleur, bo\u00eete cadeau, sur mesure<\/p>","protected":false},"featured_media":2943,"template":"","meta":[],"product_brand":[],"product_cat":[23,29],"product_tag":[],"class_list":{"0":"post-2936","1":"product","2":"type-product","3":"status-publish","4":"has-post-thumbnail","6":"product_cat-wholesale-flatware","7":"product_cat-bulk-flatware","9":"first","10":"instock","11":"shipping-taxable","12":"product-type-simple"},"_links":{"self":[{"href":"https:\/\/www.mcallenflatware.com\/fr\/wp-json\/wp\/v2\/product\/2936","targetHints":{"allow":["GET"]}}],"collection":[{"href":"https:\/\/www.mcallenflatware.com\/fr\/wp-json\/wp\/v2\/product"}],"about":[{"href":"https:\/\/www.mcallenflatware.com\/fr\/wp-json\/wp\/v2\/types\/product"}],"wp:featuredmedia":[{"embeddable":true,"href":"https:\/\/www.mcallenflatware.com\/fr\/wp-json\/wp\/v2\/media\/2943"}],"wp:attachment":[{"href":"https:\/\/www.mcallenflatware.com\/fr\/wp-json\/wp\/v2\/media?parent=2936"}],"wp:term":[{"taxonomy":"product_brand","embeddable":true,"href":"https:\/\/www.mcallenflatware.com\/fr\/wp-json\/wp\/v2\/product_brand?post=2936"},{"taxonomy":"product_cat","embeddable":true,"href":"https:\/\/www.mcallenflatware.com\/fr\/wp-json\/wp\/v2\/product_cat?post=2936"},{"taxonomy":"product_tag","embeddable":true,"href":"https:\/\/www.mcallenflatware.com\/fr\/wp-json\/wp\/v2\/product_tag?post=2936"}],"curies":[{"name":"wp","href":"https:\/\/api.w.org\/{rel}","templated":true}]}}