{"id":2944,"date":"2026-03-16T07:29:22","date_gmt":"2026-03-16T07:29:22","guid":{"rendered":"https:\/\/www.mcallenflatware.com\/?post_type=product&#038;p=2944"},"modified":"2026-03-16T08:18:53","modified_gmt":"2026-03-16T08:18:53","slug":"modern-flatware-set-wholesale","status":"publish","type":"product","link":"https:\/\/www.mcallenflatware.com\/fr\/product\/modern-flatware-set-wholesale\/","title":{"rendered":"Couverts de table modernes en gros avec manche lisse poli miroir pour restaurant"},"content":{"rendered":"<div class=\"wp-block-columns is-layout-flex wp-container-core-columns-is-layout-9d6595d7 wp-block-columns-is-layout-flex\">\n<div class=\"wp-block-column is-layout-flow wp-block-column-is-layout-flow\">\n<h2 class=\"wp-block-heading\">Ensemble de couverts modernes Caract\u00e9ristiques :<\/h2>\n\n\n\n<p><strong>Poign\u00e9e \u00e9l\u00e9gante en forme de goutte d'eau :<\/strong> Forme moderne et minimaliste, \u00e9l\u00e9gante et polyvalente pour les restaurants, les h\u00f4tels et les \u00e9v\u00e9nements.<\/p>\n\n\n\n<p><strong>Fabrication d'une seule pi\u00e8ce pour le formage :<\/strong> Sans soudure, durable et r\u00e9sistant \u00e0 la rupture, il garantit une utilisation commerciale de longue dur\u00e9e.<\/p>\n\n\n\n<p><strong>Poign\u00e9e ergonomique et confortable :<\/strong> Poign\u00e9e bien \u00e9quilibr\u00e9e pour une tenue stable, confortable pour une utilisation quotidienne et prolong\u00e9e.<\/p>\n\n\n\n<p><strong>Acier inoxydable de qualit\u00e9 alimentaire et polissage miroir<\/strong>: R\u00e9sistant \u00e0 la rouille, finition brillante, facile \u00e0 nettoyer et lavable au lave-vaisselle.<\/p>\n\n\n\n<p><strong>Services de personnalisation :<\/strong> Mcallen prend en charge la personnalisation OEM\/ODM, y compris la gravure du logo, la texture de la poign\u00e9e, la taille et l'\u00e9paisseur, le traitement de surface et la conception d'emballages exclusifs, pour vous aider \u00e0 d\u00e9velopper des produits qui r\u00e9pondent aux demandes du march\u00e9.<\/p>\n<\/div>\n\n\n\n<div class=\"wp-block-column is-layout-flow wp-block-column-is-layout-flow\"><div class=\"wp-block-image\">\n<figure class=\"aligncenter size-full\"><img decoding=\"async\" width=\"800\" height=\"800\" src=\"https:\/\/www.mcallenflatware.com\/wp-content\/uploads\/2026\/03\/modern-flatware-set-wholesale-high-quality-cutlery-set-custom.webp\" alt=\"set de couverts modernes wholesale high quality cutlery set custom\" class=\"wp-image-2947\" style=\"object-fit:cover\" srcset=\"https:\/\/www.mcallenflatware.com\/wp-content\/uploads\/2026\/03\/modern-flatware-set-wholesale-high-quality-cutlery-set-custom.webp 800w, https:\/\/www.mcallenflatware.com\/wp-content\/uploads\/2026\/03\/modern-flatware-set-wholesale-high-quality-cutlery-set-custom-150x150.webp 150w, https:\/\/www.mcallenflatware.com\/wp-content\/uploads\/2026\/03\/modern-flatware-set-wholesale-high-quality-cutlery-set-custom-768x768.webp 768w, https:\/\/www.mcallenflatware.com\/wp-content\/uploads\/2026\/03\/modern-flatware-set-wholesale-high-quality-cutlery-set-custom-12x12.webp 12w, https:\/\/www.mcallenflatware.com\/wp-content\/uploads\/2026\/03\/modern-flatware-set-wholesale-high-quality-cutlery-set-custom-600x600.webp 600w, https:\/\/www.mcallenflatware.com\/wp-content\/uploads\/2026\/03\/modern-flatware-set-wholesale-high-quality-cutlery-set-custom-300x300.webp 300w, https:\/\/www.mcallenflatware.com\/wp-content\/uploads\/2026\/03\/modern-flatware-set-wholesale-high-quality-cutlery-set-custom-100x100.webp 100w\" sizes=\"(max-width: 800px) 100vw, 800px\" \/><\/figure>\n<\/div><\/div>\n<\/div>\n\n\n\n<div class=\"wp-block-columns is-layout-flex wp-container-core-columns-is-layout-9d6595d7 wp-block-columns-is-layout-flex\">\n<div class=\"wp-block-column is-layout-flow wp-block-column-is-layout-flow\"><\/div>\n\n\n\n<div class=\"wp-block-column is-layout-flow wp-block-column-is-layout-flow\"><\/div>\n<\/div>","protected":false},"excerpt":{"rendered":"<p>Les couverts modernes Mcallen sont dot\u00e9s d'une poign\u00e9e \u00e9l\u00e9gante et d'une construction monobloc sans soudure, avec un polissage miroir. Parfait pour les restaurants, les h\u00f4tels et les banquets. Des options OEM\/ODM personnalis\u00e9es sont disponibles. Contactez-nous pour obtenir des prix de gros et des d\u00e9tails sur les produits.<\/p>\n<h2>Attributs de l'ensemble de couverts moderne<\/h2>\n<p><strong>Nom de marque :<\/strong> Mcallen<br \/><strong>Mat\u00e9riau :<\/strong> Acier inoxydable<br \/><strong>Couleur :<\/strong> Or, argent<br \/><strong>Conception :<\/strong> Design martel\u00e9<br \/><strong>D\u00e9lai d'ex\u00e9cution de l'\u00e9chantillon :<\/strong> Dans les 3 jours<br \/><strong>OEM\/ODM :<\/strong> Disponible<\/p>\n<h2>Couverts martel\u00e9s sur mesure :<\/h2>\n<p><strong>Acier inoxydable :<\/strong> Acier inoxydable 18\/10, 304, 316, 410, 430, 420<br \/><strong>Logo :<\/strong> Gravure laser, s\u00e9rigraphie, impression UV, impression par transfert thermique, gaufrage, etc.<br \/><strong>Emballage :<\/strong> 4\/8\/12\/16\/20\/24\/45\/48\/72pcs set<br \/><strong>Finitions de surface :<\/strong> Poli miroir, mat, poli \u00e0 l'eau, rev\u00eatement titane<br \/><strong>Emballage :<\/strong> Vrac, sac opp, bo\u00eete de couleur, bo\u00eete cadeau, sur mesure<\/p>","protected":false},"featured_media":2951,"template":"","meta":[],"product_brand":[],"product_cat":[23,29],"product_tag":[],"class_list":{"0":"post-2944","1":"product","2":"type-product","3":"status-publish","4":"has-post-thumbnail","6":"product_cat-wholesale-flatware","7":"product_cat-bulk-flatware","9":"first","10":"instock","11":"shipping-taxable","12":"product-type-simple"},"_links":{"self":[{"href":"https:\/\/www.mcallenflatware.com\/fr\/wp-json\/wp\/v2\/product\/2944","targetHints":{"allow":["GET"]}}],"collection":[{"href":"https:\/\/www.mcallenflatware.com\/fr\/wp-json\/wp\/v2\/product"}],"about":[{"href":"https:\/\/www.mcallenflatware.com\/fr\/wp-json\/wp\/v2\/types\/product"}],"wp:featuredmedia":[{"embeddable":true,"href":"https:\/\/www.mcallenflatware.com\/fr\/wp-json\/wp\/v2\/media\/2951"}],"wp:attachment":[{"href":"https:\/\/www.mcallenflatware.com\/fr\/wp-json\/wp\/v2\/media?parent=2944"}],"wp:term":[{"taxonomy":"product_brand","embeddable":true,"href":"https:\/\/www.mcallenflatware.com\/fr\/wp-json\/wp\/v2\/product_brand?post=2944"},{"taxonomy":"product_cat","embeddable":true,"href":"https:\/\/www.mcallenflatware.com\/fr\/wp-json\/wp\/v2\/product_cat?post=2944"},{"taxonomy":"product_tag","embeddable":true,"href":"https:\/\/www.mcallenflatware.com\/fr\/wp-json\/wp\/v2\/product_tag?post=2944"}],"curies":[{"name":"wp","href":"https:\/\/api.w.org\/{rel}","templated":true}]}}