{"id":3020,"date":"2026-04-11T07:17:19","date_gmt":"2026-04-11T07:17:19","guid":{"rendered":"https:\/\/www.mcallenflatware.com\/?post_type=product&#038;p=3020"},"modified":"2026-04-11T07:41:52","modified_gmt":"2026-04-11T07:41:52","slug":"wholesale-18-10-flatware","status":"publish","type":"product","link":"https:\/\/www.mcallenflatware.com\/fr\/product\/wholesale-18-10-flatware\/","title":{"rendered":"Wholesale 18\/10 Flatware Embossed, Luxury 5-Piece Cutlery Set for High-End Hospitality Supplier"},"content":{"rendered":"<div class=\"wp-block-columns is-layout-flex wp-container-core-columns-is-layout-9d6595d7 wp-block-columns-is-layout-flex\">\n<div class=\"wp-block-column is-layout-flow wp-block-column-is-layout-flow\">\n<h2 class=\"wp-block-heading\">18\/10 Caract\u00e9ristiques des couverts :<\/h2>\n\n\n\n<p><strong>Bordure d\u00e9corative gaufr\u00e9e en 3D<\/strong>: Les bordures sont finement travaill\u00e9es et profond\u00e9ment gaufr\u00e9es avec des textures g\u00e9om\u00e9triques denses, cr\u00e9ant un fort effet tridimensionnel qui rehausse l'esth\u00e9tique europ\u00e9enne classique d'une touche luxueuse. <\/p>\n\n\n\n<p><strong>Polissage miroir en 12 \u00e9tapes<\/strong>: Les 12 \u00e9tapes de polissage \u00e0 la main permettent d'obtenir un v\u00e9ritable reflet miroir, qui rehausse la brillance visuelle tout en r\u00e9sistant aux traces de doigts et en conservant un aspect haut de gamme. <\/p>\n\n\n\n<p><strong>Structure \u00e9paissie anti-d\u00e9formation<\/strong>: Forg\u00e9 en acier inoxydable solide et \u00e9pais pour assurer un poids \u00e9quilibr\u00e9 et garantir une r\u00e9sistance \u00e0 long terme \u00e0 la flexion ou aux dommages, m\u00eame en cas d'utilisation fr\u00e9quente dans un lave-vaisselle commercial. <\/p>\n\n\n\n<p><strong>Technologie de lame de pr\u00e9cision d\u00e9coup\u00e9e au laser<\/strong>: Les bords des couteaux sont d\u00e9coup\u00e9s au laser avec une courbure optimis\u00e9e pour trancher les viandes sans effort, am\u00e9liorant ainsi l'efficacit\u00e9 de la restauration et l'exp\u00e9rience globale du client. <\/p>\n\n\n\n<p><strong>Conformit\u00e9 aux normes alimentaires FDA et LFGB<\/strong>: Fabriqu\u00e9s en acier inoxydable de haute qualit\u00e9 r\u00e9sistant \u00e0 la corrosion et sans rev\u00eatement nocif, ils garantissent la s\u00e9curit\u00e9 et la stabilit\u00e9 dans divers environnements alimentaires tout en prot\u00e9geant la r\u00e9putation de la marque. <\/p>\n\n\n\n<p><strong>Fabrication int\u00e9grale et soutien \u00e0 la personnalisation<\/strong>: Soutenus par des capacit\u00e9s de production de bout en bout, du d\u00e9veloppement rapide de moules en 3D au polissage automatis\u00e9, nous offrons des prix d'usine comp\u00e9titifs, une qualit\u00e9 de fabrication \u00e0 partir de 500 jeux, la personnalisation de logos OEM et un support de dropshipping mondial pour une rotation efficace des stocks.<\/p>\n<\/div>\n\n\n\n<div class=\"wp-block-column is-layout-flow wp-block-column-is-layout-flow\"><div class=\"wp-block-image\">\n<figure class=\"aligncenter size-full\"><img decoding=\"async\" width=\"800\" height=\"800\" src=\"https:\/\/www.mcallenflatware.com\/wp-content\/uploads\/2026\/04\/Wholesale-1810-Flatware-Embossed-Gold-Luxury-Stainless-Steel-Cutlery-Set-for-High-End-Hospitality-Supplier.webp\" alt=\"Wholesale 18\/10 Flatware Embossed, Gold Luxury Stainless Steel Cutlery Set for High-End Hospitality Supplier\" class=\"wp-image-3027\" style=\"object-fit:cover\" srcset=\"https:\/\/www.mcallenflatware.com\/wp-content\/uploads\/2026\/04\/Wholesale-1810-Flatware-Embossed-Gold-Luxury-Stainless-Steel-Cutlery-Set-for-High-End-Hospitality-Supplier.webp 800w, https:\/\/www.mcallenflatware.com\/wp-content\/uploads\/2026\/04\/Wholesale-1810-Flatware-Embossed-Gold-Luxury-Stainless-Steel-Cutlery-Set-for-High-End-Hospitality-Supplier-150x150.webp 150w, https:\/\/www.mcallenflatware.com\/wp-content\/uploads\/2026\/04\/Wholesale-1810-Flatware-Embossed-Gold-Luxury-Stainless-Steel-Cutlery-Set-for-High-End-Hospitality-Supplier-768x768.webp 768w, https:\/\/www.mcallenflatware.com\/wp-content\/uploads\/2026\/04\/Wholesale-1810-Flatware-Embossed-Gold-Luxury-Stainless-Steel-Cutlery-Set-for-High-End-Hospitality-Supplier-12x12.webp 12w, https:\/\/www.mcallenflatware.com\/wp-content\/uploads\/2026\/04\/Wholesale-1810-Flatware-Embossed-Gold-Luxury-Stainless-Steel-Cutlery-Set-for-High-End-Hospitality-Supplier-600x600.webp 600w, https:\/\/www.mcallenflatware.com\/wp-content\/uploads\/2026\/04\/Wholesale-1810-Flatware-Embossed-Gold-Luxury-Stainless-Steel-Cutlery-Set-for-High-End-Hospitality-Supplier-300x300.webp 300w, https:\/\/www.mcallenflatware.com\/wp-content\/uploads\/2026\/04\/Wholesale-1810-Flatware-Embossed-Gold-Luxury-Stainless-Steel-Cutlery-Set-for-High-End-Hospitality-Supplier-100x100.webp 100w\" sizes=\"(max-width: 800px) 100vw, 800px\" \/><\/figure>\n<\/div><\/div>\n<\/div>\n\n\n\n<div class=\"wp-block-columns is-layout-flex wp-container-core-columns-is-layout-9d6595d7 wp-block-columns-is-layout-flex\">\n<div class=\"wp-block-column is-layout-flow wp-block-column-is-layout-flow\"><\/div>\n\n\n\n<div class=\"wp-block-column is-layout-flow wp-block-column-is-layout-flow\"><\/div>\n<\/div>","protected":false},"excerpt":{"rendered":"<p>Les couverts en gros 18\/10 sont dot\u00e9s d'un relief 3D profond, d'un acier inoxydable poli miroir et d'une structure \u00e9paissie pour une meilleure durabilit\u00e9 et une sensation de qualit\u00e9 sup\u00e9rieure. Con\u00e7us pour les restaurants, les h\u00f4tels et les acheteurs en gros, ils garantissent une performance durable et une pr\u00e9sentation \u00e9l\u00e9gante. Approvisionnement de l'usine de Mcallen. Contactez-nous pour les commandes en gros et la personnalisation OEM\/ODM.<\/p>\n<h2>Attributs de l'ensemble de couverts 18\/10<\/h2>\n<p><strong>Nom de marque :<\/strong> Mcallen<br \/><strong>Mat\u00e9riau :<\/strong> Acier inoxydable<br \/><strong>Couleur :<\/strong> Or, argent, noir<br \/><strong>Conception :<\/strong> Motif gaufr\u00e9<br \/><strong>D\u00e9lai d'ex\u00e9cution de l'\u00e9chantillon :<\/strong> Dans les 3 jours<br \/><strong>OEM\/ODM :<\/strong> Disponible<\/p>\n<h2>Couverts 18\/10 sur mesure :<\/h2>\n<p><strong>Acier inoxydable :<\/strong> Acier inoxydable 18\/10, 304, 316, 410, 430, 420<br \/><strong>Logo :<\/strong> Gravure laser, s\u00e9rigraphie, impression UV, impression par transfert thermique, gaufrage, etc.<br \/><strong>Emballage :<\/strong> 4\/8\/12\/16\/20\/24\/45\/48\/72pcs set<br \/><strong>Finitions de surface :<\/strong> Poli miroir, mat, poli \u00e0 l'eau, rev\u00eatement titane<br \/><strong>Emballage :<\/strong> Vrac, sac opp, bo\u00eete de couleur, bo\u00eete cadeau, sur mesure<\/p>","protected":false},"featured_media":3028,"template":"","meta":[],"product_brand":[],"product_cat":[23,29],"product_tag":[],"class_list":{"0":"post-3020","1":"product","2":"type-product","3":"status-publish","4":"has-post-thumbnail","6":"product_cat-wholesale-flatware","7":"product_cat-bulk-flatware","9":"first","10":"instock","11":"shipping-taxable","12":"product-type-simple"},"_links":{"self":[{"href":"https:\/\/www.mcallenflatware.com\/fr\/wp-json\/wp\/v2\/product\/3020","targetHints":{"allow":["GET"]}}],"collection":[{"href":"https:\/\/www.mcallenflatware.com\/fr\/wp-json\/wp\/v2\/product"}],"about":[{"href":"https:\/\/www.mcallenflatware.com\/fr\/wp-json\/wp\/v2\/types\/product"}],"wp:featuredmedia":[{"embeddable":true,"href":"https:\/\/www.mcallenflatware.com\/fr\/wp-json\/wp\/v2\/media\/3028"}],"wp:attachment":[{"href":"https:\/\/www.mcallenflatware.com\/fr\/wp-json\/wp\/v2\/media?parent=3020"}],"wp:term":[{"taxonomy":"product_brand","embeddable":true,"href":"https:\/\/www.mcallenflatware.com\/fr\/wp-json\/wp\/v2\/product_brand?post=3020"},{"taxonomy":"product_cat","embeddable":true,"href":"https:\/\/www.mcallenflatware.com\/fr\/wp-json\/wp\/v2\/product_cat?post=3020"},{"taxonomy":"product_tag","embeddable":true,"href":"https:\/\/www.mcallenflatware.com\/fr\/wp-json\/wp\/v2\/product_tag?post=3020"}],"curies":[{"name":"wp","href":"https:\/\/api.w.org\/{rel}","templated":true}]}}