{"id":3029,"date":"2026-04-11T07:58:25","date_gmt":"2026-04-11T07:58:25","guid":{"rendered":"https:\/\/www.mcallenflatware.com\/?post_type=product&#038;p=3029"},"modified":"2026-04-11T08:34:19","modified_gmt":"2026-04-11T08:34:19","slug":"custom-flatware-set-hammered","status":"publish","type":"product","link":"https:\/\/www.mcallenflatware.com\/fr\/product\/custom-flatware-set-hammered\/","title":{"rendered":"Ensemble de couverts martel\u00e9s et polis miroir en argent pour la gastronomie en vrac"},"content":{"rendered":"<div class=\"wp-block-columns is-layout-flex wp-container-core-columns-is-layout-9d6595d7 wp-block-columns-is-layout-flex\">\n<div class=\"wp-block-column is-layout-flow wp-block-column-is-layout-flow\">\n<h2 class=\"wp-block-heading\">Service de couverts martel\u00e9s Caract\u00e9ristiques :<\/h2>\n\n\n\n<p><strong>Design textur\u00e9 martel\u00e9 \u00e0 la main<\/strong>: La finition martel\u00e9e classique, inspir\u00e9e de l'artisanat japonais, offre un aspect artisanal raffin\u00e9 tout en am\u00e9liorant l'adh\u00e9rence antid\u00e9rapante et en r\u00e9duisant les empreintes digitales. <\/p>\n\n\n\n<p><strong>Poign\u00e9e \u00e9l\u00e9gante en forme de goutte d'eau<\/strong>: Con\u00e7u avec des contours lisses en forme de goutte d'eau et une structure solide \u00e9paissie, assurant un poids \u00e9quilibr\u00e9 et une prise en main confortable et ergonomique. <\/p>\n\n\n\n<p><strong>Ensemble complet d'options pour un approvisionnement \u00e0 guichet unique<\/strong>: Disponible dans une large gamme de configurations - des fourchettes \u00e0 dessert et cuill\u00e8res \u00e0 caf\u00e9 aux couteaux \u00e0 steak et cuill\u00e8res \u00e0 soupe - avec des ensembles de 24 pi\u00e8ces, 30 pi\u00e8ces ou enti\u00e8rement personnalis\u00e9s pour r\u00e9pondre aux divers besoins de la restauration. <\/p>\n\n\n\n<p><strong>Acier inoxydable de qualit\u00e9 alimentaire<\/strong>: Fabriqu\u00e9 en acier inoxydable de haute qualit\u00e9, il pr\u00e9sente une excellente r\u00e9sistance \u00e0 la corrosion, \u00e0 la rouille et \u00e0 l'usure quotidienne, ce qui garantit une durabilit\u00e9 \u00e0 long terme et une utilisation s\u00fbre. <\/p>\n\n\n\n<p><strong>Lavable au lave-vaisselle et facile d'entretien<\/strong>: La surface lisse et la finition durable facilitent le nettoyage et pr\u00e9servent l'\u00e9clat et les performances, m\u00eame en cas de lavage commercial fr\u00e9quent.<\/p>\n<\/div>\n\n\n\n<div class=\"wp-block-column is-layout-flow wp-block-column-is-layout-flow\"><div class=\"wp-block-image\">\n<figure class=\"aligncenter size-full\"><img decoding=\"async\" width=\"800\" height=\"800\" src=\"https:\/\/www.mcallenflatware.com\/wp-content\/uploads\/2026\/04\/Custom-Flatware-Set-Hammered-Mirror-Polished-Cutlery-Set-Silver-for-Fine-Dining-in-Bulk-8.webp\" alt=\"Couverts de table personnalis\u00e9s martel\u00e9s, polis miroir, argent\u00e9s pour la gastronomie en vrac (8)\" class=\"wp-image-3037\" style=\"object-fit:cover\" srcset=\"https:\/\/www.mcallenflatware.com\/wp-content\/uploads\/2026\/04\/Custom-Flatware-Set-Hammered-Mirror-Polished-Cutlery-Set-Silver-for-Fine-Dining-in-Bulk-8.webp 800w, https:\/\/www.mcallenflatware.com\/wp-content\/uploads\/2026\/04\/Custom-Flatware-Set-Hammered-Mirror-Polished-Cutlery-Set-Silver-for-Fine-Dining-in-Bulk-8-150x150.webp 150w, https:\/\/www.mcallenflatware.com\/wp-content\/uploads\/2026\/04\/Custom-Flatware-Set-Hammered-Mirror-Polished-Cutlery-Set-Silver-for-Fine-Dining-in-Bulk-8-768x768.webp 768w, https:\/\/www.mcallenflatware.com\/wp-content\/uploads\/2026\/04\/Custom-Flatware-Set-Hammered-Mirror-Polished-Cutlery-Set-Silver-for-Fine-Dining-in-Bulk-8-12x12.webp 12w, https:\/\/www.mcallenflatware.com\/wp-content\/uploads\/2026\/04\/Custom-Flatware-Set-Hammered-Mirror-Polished-Cutlery-Set-Silver-for-Fine-Dining-in-Bulk-8-600x600.webp 600w, https:\/\/www.mcallenflatware.com\/wp-content\/uploads\/2026\/04\/Custom-Flatware-Set-Hammered-Mirror-Polished-Cutlery-Set-Silver-for-Fine-Dining-in-Bulk-8-300x300.webp 300w, https:\/\/www.mcallenflatware.com\/wp-content\/uploads\/2026\/04\/Custom-Flatware-Set-Hammered-Mirror-Polished-Cutlery-Set-Silver-for-Fine-Dining-in-Bulk-8-100x100.webp 100w\" sizes=\"(max-width: 800px) 100vw, 800px\" \/><\/figure>\n<\/div><\/div>\n<\/div>\n\n\n\n<div class=\"wp-block-columns is-layout-flex wp-container-core-columns-is-layout-9d6595d7 wp-block-columns-is-layout-flex\">\n<div class=\"wp-block-column is-layout-flow wp-block-column-is-layout-flow\"><\/div>\n\n\n\n<div class=\"wp-block-column is-layout-flow wp-block-column-is-layout-flow\"><\/div>\n<\/div>","protected":false},"excerpt":{"rendered":"<p>Le service de couverts martel\u00e9s personnalis\u00e9 pr\u00e9sente une texture martel\u00e9e artisanale et un design ergonomique pond\u00e9r\u00e9 pour une exp\u00e9rience gastronomique raffin\u00e9e et durable. Con\u00e7u pour les h\u00f4tels et les restaurants, il garantit des performances durables en cas d'utilisation intensive. Nous proposons des ensembles complets pour un approvisionnement unique. Contactez-nous pour obtenir des prix de gros et des solutions de sets de couverts personnalis\u00e9s.<\/p>\n<h2>Ensemble de couverts Attributs martel\u00e9s<\/h2>\n<p><strong>Nom de marque :<\/strong> Mcallen<br \/><strong>Mat\u00e9riau :<\/strong> Acier inoxydable<br \/><strong>Couleur :<\/strong> Or, argent, noir<br \/><strong>Conception :<\/strong> Motif gaufr\u00e9<br \/><strong>D\u00e9lai d'ex\u00e9cution de l'\u00e9chantillon :<\/strong> Dans les 3 jours<br \/><strong>OEM\/ODM :<\/strong> Disponible<\/p>\n<h2>Service de couverts personnalis\u00e9s martel\u00e9s :<\/h2>\n<p><strong>Acier inoxydable :<\/strong> Acier inoxydable 18\/10, 304, 316, 410, 430, 420<br \/><strong>Logo :<\/strong> Gravure laser, s\u00e9rigraphie, impression UV, impression par transfert thermique, gaufrage, etc.<br \/><strong>Emballage :<\/strong> 4\/8\/12\/16\/20\/24\/45\/48\/72pcs set<br \/><strong>Finitions de surface :<\/strong> Poli miroir, mat, poli \u00e0 l'eau, rev\u00eatement titane<br \/><strong>Emballage :<\/strong> Vrac, sac opp, bo\u00eete de couleur, bo\u00eete cadeau, sur mesure<\/p>","protected":false},"featured_media":3030,"template":"","meta":[],"product_brand":[],"product_cat":[23,29],"product_tag":[],"class_list":{"0":"post-3029","1":"product","2":"type-product","3":"status-publish","4":"has-post-thumbnail","6":"product_cat-wholesale-flatware","7":"product_cat-bulk-flatware","9":"first","10":"instock","11":"shipping-taxable","12":"product-type-simple"},"_links":{"self":[{"href":"https:\/\/www.mcallenflatware.com\/fr\/wp-json\/wp\/v2\/product\/3029","targetHints":{"allow":["GET"]}}],"collection":[{"href":"https:\/\/www.mcallenflatware.com\/fr\/wp-json\/wp\/v2\/product"}],"about":[{"href":"https:\/\/www.mcallenflatware.com\/fr\/wp-json\/wp\/v2\/types\/product"}],"wp:featuredmedia":[{"embeddable":true,"href":"https:\/\/www.mcallenflatware.com\/fr\/wp-json\/wp\/v2\/media\/3030"}],"wp:attachment":[{"href":"https:\/\/www.mcallenflatware.com\/fr\/wp-json\/wp\/v2\/media?parent=3029"}],"wp:term":[{"taxonomy":"product_brand","embeddable":true,"href":"https:\/\/www.mcallenflatware.com\/fr\/wp-json\/wp\/v2\/product_brand?post=3029"},{"taxonomy":"product_cat","embeddable":true,"href":"https:\/\/www.mcallenflatware.com\/fr\/wp-json\/wp\/v2\/product_cat?post=3029"},{"taxonomy":"product_tag","embeddable":true,"href":"https:\/\/www.mcallenflatware.com\/fr\/wp-json\/wp\/v2\/product_tag?post=3029"}],"curies":[{"name":"wp","href":"https:\/\/api.w.org\/{rel}","templated":true}]}}