{"id":3055,"date":"2026-04-11T09:43:33","date_gmt":"2026-04-11T09:43:33","guid":{"rendered":"https:\/\/www.mcallenflatware.com\/?post_type=product&#038;p=3055"},"modified":"2026-04-11T10:11:14","modified_gmt":"2026-04-11T10:11:14","slug":"wholesale-modern-flatware-sets","status":"publish","type":"product","link":"https:\/\/www.mcallenflatware.com\/fr\/product\/wholesale-modern-flatware-sets\/","title":{"rendered":"Wholesale Modern Flatware Sets, Silver Plated Cutlery Set for Executive Gifting Custom (Ensemble de couverts modernes pour cadres)"},"content":{"rendered":"<div class=\"wp-block-columns is-layout-flex wp-container-core-columns-is-layout-9d6595d7 wp-block-columns-is-layout-flex\">\n<div class=\"wp-block-column is-layout-flow wp-block-column-is-layout-flow\">\n<h2 class=\"wp-block-heading\">Ensemble de couverts modernes Caract\u00e9ristiques :<\/h2>\n\n\n\n<p><strong>Design minimaliste et moderne<\/strong>: Les silhouettes \u00e9pur\u00e9es et fluides avec des poign\u00e9es \u00e9l\u00e9gantes s'int\u00e8grent parfaitement dans les d\u00e9cors de table nordiques, industriels et modernes de luxe. <\/p>\n\n\n\n<p><strong>Construction monobloc en acier inoxydable forg\u00e9<\/strong>: Fabriqu\u00e9 en acier inoxydable \u00e9paissi de premi\u00e8re qualit\u00e9 dans une structure monobloc solide, assurant une excellente durabilit\u00e9, stabilit\u00e9 et r\u00e9sistance \u00e0 la d\u00e9formation en cas d'utilisation fr\u00e9quente. <\/p>\n\n\n\n<p><strong>Finition de polissage miroir haute brillance<\/strong>: Plusieurs \u00e9tapes de polissage manuel fin permettent d'obtenir un brillant profond semblable \u00e0 celui d'un miroir, ce qui rehausse l'\u00e9l\u00e9gance visuelle tout en rendant la surface plus facile \u00e0 nettoyer et moins sujette \u00e0 l'accumulation de r\u00e9sidus. <\/p>\n\n\n\n<p><strong>Poign\u00e9e ergonomique \u00e9quilibr\u00e9e<\/strong>: Le manche en forme de goutte d'eau se termine par une structure \u00e9paissie qui s'adapte naturellement \u00e0 la paume de la main, offrant une exp\u00e9rience culinaire stable, confortable et bien \u00e9quilibr\u00e9e. <\/p>\n\n\n\n<p><strong>Qualit\u00e9 certifi\u00e9e pour la stabilit\u00e9 de l'approvisionnement B2B<\/strong>: Chaque lot est trac\u00e9 de la mati\u00e8re premi\u00e8re au produit fini et test\u00e9 selon les normes internationales (SGS\/T\u00dcV), ce qui garantit une duret\u00e9, une brillance et une r\u00e9sistance \u00e0 la corrosion constantes. <\/p>\n\n\n\n<p><strong>Emballage flexible et solution pr\u00eate pour le commerce \u00e9lectronique<\/strong>: La prise en charge d'options d'emballage personnalis\u00e9es, y compris des bo\u00eetes cadeaux antichocs con\u00e7ues pour la logistique du commerce \u00e9lectronique, permet de r\u00e9duire les dommages li\u00e9s \u00e0 l'exp\u00e9dition et d'am\u00e9liorer la satisfaction du client final.<\/p>\n<\/div>\n\n\n\n<div class=\"wp-block-column is-layout-flow wp-block-column-is-layout-flow\"><div class=\"wp-block-image\">\n<figure class=\"aligncenter size-full\"><img decoding=\"async\" width=\"800\" height=\"800\" src=\"https:\/\/www.mcallenflatware.com\/wp-content\/uploads\/2026\/04\/Wholesale-Modern-Flatware-Sets-Silver-Plated-Cutlery-Set-for-Executive-Gifting-Custom-3.webp\" alt=\"Set de couverts modernes en gros, set de couverts en argent pour cadeaux d&#039;affaires personnalis\u00e9s (3)\" class=\"wp-image-3058\" style=\"object-fit:cover\" srcset=\"https:\/\/www.mcallenflatware.com\/wp-content\/uploads\/2026\/04\/Wholesale-Modern-Flatware-Sets-Silver-Plated-Cutlery-Set-for-Executive-Gifting-Custom-3.webp 800w, https:\/\/www.mcallenflatware.com\/wp-content\/uploads\/2026\/04\/Wholesale-Modern-Flatware-Sets-Silver-Plated-Cutlery-Set-for-Executive-Gifting-Custom-3-150x150.webp 150w, https:\/\/www.mcallenflatware.com\/wp-content\/uploads\/2026\/04\/Wholesale-Modern-Flatware-Sets-Silver-Plated-Cutlery-Set-for-Executive-Gifting-Custom-3-768x768.webp 768w, https:\/\/www.mcallenflatware.com\/wp-content\/uploads\/2026\/04\/Wholesale-Modern-Flatware-Sets-Silver-Plated-Cutlery-Set-for-Executive-Gifting-Custom-3-12x12.webp 12w, https:\/\/www.mcallenflatware.com\/wp-content\/uploads\/2026\/04\/Wholesale-Modern-Flatware-Sets-Silver-Plated-Cutlery-Set-for-Executive-Gifting-Custom-3-600x600.webp 600w, https:\/\/www.mcallenflatware.com\/wp-content\/uploads\/2026\/04\/Wholesale-Modern-Flatware-Sets-Silver-Plated-Cutlery-Set-for-Executive-Gifting-Custom-3-300x300.webp 300w, https:\/\/www.mcallenflatware.com\/wp-content\/uploads\/2026\/04\/Wholesale-Modern-Flatware-Sets-Silver-Plated-Cutlery-Set-for-Executive-Gifting-Custom-3-100x100.webp 100w\" sizes=\"(max-width: 800px) 100vw, 800px\" \/><\/figure>\n<\/div><\/div>\n<\/div>\n\n\n\n<div class=\"wp-block-columns is-layout-flex wp-container-core-columns-is-layout-9d6595d7 wp-block-columns-is-layout-flex\">\n<div class=\"wp-block-column is-layout-flow wp-block-column-is-layout-flow\"><\/div>\n\n\n\n<div class=\"wp-block-column is-layout-flow wp-block-column-is-layout-flow\"><\/div>\n<\/div>","protected":false},"excerpt":{"rendered":"<p>Les couverts modernes en gros pr\u00e9sentent un design minimaliste, une construction en acier inoxydable forg\u00e9 d'une seule pi\u00e8ce et une finition miroir brillante pour un aspect propre et contemporain. Con\u00e7us pour les h\u00f4tels, les restaurants et les acheteurs en gros, ils offrent durabilit\u00e9 et confort pour un usage commercial quotidien. Mcallen fournit une qualit\u00e9 certifi\u00e9e pour l'approvisionnement B2B. N'h\u00e9sitez pas \u00e0 nous contacter pour obtenir un devis !<\/p>\n<h2>Attributs des ensembles de couverts modernes<\/h2>\n<p><strong>Nom de marque :<\/strong> Mcallen<br \/><strong>Mat\u00e9riau :<\/strong> Acier inoxydable<br \/><strong>Couleur :<\/strong> Argent, or, noir<br \/><strong>Conception :<\/strong> Motif gaufr\u00e9<br \/><strong>D\u00e9lai d'ex\u00e9cution de l'\u00e9chantillon :<\/strong> Dans les 3 jours<br \/><strong>OEM\/ODM :<\/strong> Disponible<\/p>\n<h2>Couverts modernes sur mesure :<\/h2>\n<p><strong>Acier inoxydable :<\/strong> Acier inoxydable 18\/10, 304, 316, 410, 430, 420<br \/><strong>Logo :<\/strong> Gravure laser, s\u00e9rigraphie, impression UV, impression par transfert thermique, gaufrage, etc.<br \/><strong>Emballage :<\/strong> 4\/8\/12\/16\/20\/24\/45\/48\/72pcs set<br \/><strong>Finitions de surface :<\/strong> Poli miroir, mat, poli \u00e0 l'eau, rev\u00eatement titane<br \/><strong>Emballage :<\/strong> Vrac, sac opp, bo\u00eete de couleur, bo\u00eete cadeau, sur mesure<\/p>","protected":false},"featured_media":3056,"template":"","meta":[],"product_brand":[],"product_cat":[23,29],"product_tag":[],"class_list":{"0":"post-3055","1":"product","2":"type-product","3":"status-publish","4":"has-post-thumbnail","6":"product_cat-wholesale-flatware","7":"product_cat-bulk-flatware","9":"first","10":"instock","11":"shipping-taxable","12":"product-type-simple"},"_links":{"self":[{"href":"https:\/\/www.mcallenflatware.com\/fr\/wp-json\/wp\/v2\/product\/3055","targetHints":{"allow":["GET"]}}],"collection":[{"href":"https:\/\/www.mcallenflatware.com\/fr\/wp-json\/wp\/v2\/product"}],"about":[{"href":"https:\/\/www.mcallenflatware.com\/fr\/wp-json\/wp\/v2\/types\/product"}],"wp:featuredmedia":[{"embeddable":true,"href":"https:\/\/www.mcallenflatware.com\/fr\/wp-json\/wp\/v2\/media\/3056"}],"wp:attachment":[{"href":"https:\/\/www.mcallenflatware.com\/fr\/wp-json\/wp\/v2\/media?parent=3055"}],"wp:term":[{"taxonomy":"product_brand","embeddable":true,"href":"https:\/\/www.mcallenflatware.com\/fr\/wp-json\/wp\/v2\/product_brand?post=3055"},{"taxonomy":"product_cat","embeddable":true,"href":"https:\/\/www.mcallenflatware.com\/fr\/wp-json\/wp\/v2\/product_cat?post=3055"},{"taxonomy":"product_tag","embeddable":true,"href":"https:\/\/www.mcallenflatware.com\/fr\/wp-json\/wp\/v2\/product_tag?post=3055"}],"curies":[{"name":"wp","href":"https:\/\/api.w.org\/{rel}","templated":true}]}}