{"id":3108,"date":"2026-04-26T01:28:13","date_gmt":"2026-04-26T01:28:13","guid":{"rendered":"https:\/\/www.mcallenflatware.com\/?post_type=product&#038;p=3108"},"modified":"2026-04-26T01:56:48","modified_gmt":"2026-04-26T01:56:48","slug":"custom-hammered-flatware-set","status":"publish","type":"product","link":"https:\/\/www.mcallenflatware.com\/fr\/product\/custom-hammered-flatware-set\/","title":{"rendered":"Couverts martel\u00e9s personnalis\u00e9s, couverts modernes polis miroir pour restauration de luxe en vrac"},"content":{"rendered":"<div class=\"wp-block-columns is-layout-flex wp-container-core-columns-is-layout-9d6595d7 wp-block-columns-is-layout-flex\">\n<div class=\"wp-block-column is-layout-flow wp-block-column-is-layout-flow\">\n<h2 class=\"wp-block-heading\">Ensemble de couverts martel\u00e9s Caract\u00e9ristiques :<\/h2>\n\n\n\n<p><strong>Artisan Hammered Texture Design<\/strong>: Distinctive hammered finish adds handcrafted visual appeal while enhancing grip. The textured surface also helps conceal fingerprints during use.<\/p>\n\n\n\n<p><strong>Ergonomic Streamlined Handle<\/strong>: Slightly curved handle with solid, thickened steel ensures balanced weight distribution. Delivers a comfortable and stable grip for extended dining.<\/p>\n\n\n\n<p><strong>Mirror Polishing Process<\/strong>: Multiple hand-polishing stages create a deep, mirror-like shine, even across textured surfaces, reflecting premium craftsmanship.<\/p>\n\n\n\n<p><strong>Full Cutlery Set Customization<\/strong>: Complete range from knives, forks, and spoons to dessert and coffee utensils. Flexible configurations from 4-piece to 30-piece sets support high-end OEM packaging.<\/p>\n\n\n\n<p><strong>Premium Stainless Steel Construction<\/strong>: Made from high-quality stainless steel for durability, corrosion resistance, and long-lasting performance in both commercial and retail settings.<\/p>\n<\/div>\n\n\n\n<div class=\"wp-block-column is-layout-flow wp-block-column-is-layout-flow\"><div class=\"wp-block-image\">\n<figure class=\"aligncenter size-full\"><img decoding=\"async\" width=\"800\" height=\"800\" src=\"https:\/\/www.mcallenflatware.com\/wp-content\/uploads\/2026\/04\/Stainless-Steel-Hammered-Flatware-Wholesale-Modern-Mirror-Polished-Cutlery-for-Luxury-Catering-Custom-2.webp\" alt=\"Stainless Steel Hammered Flatware Wholesale, Modern Mirror Polished Cutlery for Luxury Catering Custom (2)\" class=\"wp-image-3114\" style=\"object-fit:cover\" srcset=\"https:\/\/www.mcallenflatware.com\/wp-content\/uploads\/2026\/04\/Stainless-Steel-Hammered-Flatware-Wholesale-Modern-Mirror-Polished-Cutlery-for-Luxury-Catering-Custom-2.webp 800w, https:\/\/www.mcallenflatware.com\/wp-content\/uploads\/2026\/04\/Stainless-Steel-Hammered-Flatware-Wholesale-Modern-Mirror-Polished-Cutlery-for-Luxury-Catering-Custom-2-150x150.webp 150w, https:\/\/www.mcallenflatware.com\/wp-content\/uploads\/2026\/04\/Stainless-Steel-Hammered-Flatware-Wholesale-Modern-Mirror-Polished-Cutlery-for-Luxury-Catering-Custom-2-768x768.webp 768w, https:\/\/www.mcallenflatware.com\/wp-content\/uploads\/2026\/04\/Stainless-Steel-Hammered-Flatware-Wholesale-Modern-Mirror-Polished-Cutlery-for-Luxury-Catering-Custom-2-12x12.webp 12w, https:\/\/www.mcallenflatware.com\/wp-content\/uploads\/2026\/04\/Stainless-Steel-Hammered-Flatware-Wholesale-Modern-Mirror-Polished-Cutlery-for-Luxury-Catering-Custom-2-600x600.webp 600w, https:\/\/www.mcallenflatware.com\/wp-content\/uploads\/2026\/04\/Stainless-Steel-Hammered-Flatware-Wholesale-Modern-Mirror-Polished-Cutlery-for-Luxury-Catering-Custom-2-300x300.webp 300w, https:\/\/www.mcallenflatware.com\/wp-content\/uploads\/2026\/04\/Stainless-Steel-Hammered-Flatware-Wholesale-Modern-Mirror-Polished-Cutlery-for-Luxury-Catering-Custom-2-100x100.webp 100w\" sizes=\"(max-width: 800px) 100vw, 800px\" \/><\/figure>\n<\/div><\/div>\n<\/div>\n\n\n\n<div class=\"wp-block-columns is-layout-flex wp-container-core-columns-is-layout-9d6595d7 wp-block-columns-is-layout-flex\">\n<div class=\"wp-block-column is-layout-flow wp-block-column-is-layout-flow\"><\/div>\n\n\n\n<div class=\"wp-block-column is-layout-flow wp-block-column-is-layout-flow\"><\/div>\n<\/div>","protected":false},"excerpt":{"rendered":"<p>Bienvenue dans le service de couverts martel\u00e9s personnalis\u00e9 en vrac qui combine des poign\u00e9es textur\u00e9es de fa\u00e7on artisanale, un \u00e9quilibre ergonomique et une durabilit\u00e9 polie comme un miroir pour une pr\u00e9sentation de repas de qualit\u00e9 sup\u00e9rieure. Nous fabriquons directement en usine avec la personnalisation OEM\/ODM et des approvisionnements en vrac stables. N'h\u00e9sitez pas \u00e0 nous contacter pour obtenir un devis.<\/p>\n<h2>Attributs de l'ensemble de couverts martel\u00e9s<\/h2>\n<p><strong>Nom de marque :<\/strong> Mcallen<br \/><strong>Mat\u00e9riau :<\/strong> Acier inoxydable<br \/><strong>Couleur :<\/strong> Or, argent<br \/><strong>Conception :<\/strong> Motif gaufr\u00e9<br \/><strong>D\u00e9lai d'ex\u00e9cution de l'\u00e9chantillon :<\/strong> Dans les 3 jours<br \/><strong>OEM\/ODM :<\/strong> Disponible<\/p>\n<h2>Set de couverts martel\u00e9s sur mesure :<\/h2>\n<p><strong>Acier inoxydable :<\/strong> Acier inoxydable 18\/10, 304, 316, 410, 430, 420<br \/><strong>Logo :<\/strong> Gravure laser, s\u00e9rigraphie, impression UV, impression par transfert thermique, gaufrage, etc.<br \/><strong>Emballage :<\/strong> 4\/8\/12\/16\/20\/24\/45\/48\/72pcs set<br \/><strong>Finitions de surface :<\/strong> Poli miroir, mat, poli \u00e0 l'eau, rev\u00eatement titane<br \/><strong>Emballage :<\/strong> Vrac, sac opp, bo\u00eete de couleur, bo\u00eete cadeau, sur mesure<\/p>","protected":false},"featured_media":3116,"template":"","meta":[],"product_brand":[],"product_cat":[23,29],"product_tag":[],"class_list":{"0":"post-3108","1":"product","2":"type-product","3":"status-publish","4":"has-post-thumbnail","6":"product_cat-wholesale-flatware","7":"product_cat-bulk-flatware","9":"first","10":"instock","11":"shipping-taxable","12":"product-type-simple"},"_links":{"self":[{"href":"https:\/\/www.mcallenflatware.com\/fr\/wp-json\/wp\/v2\/product\/3108","targetHints":{"allow":["GET"]}}],"collection":[{"href":"https:\/\/www.mcallenflatware.com\/fr\/wp-json\/wp\/v2\/product"}],"about":[{"href":"https:\/\/www.mcallenflatware.com\/fr\/wp-json\/wp\/v2\/types\/product"}],"wp:featuredmedia":[{"embeddable":true,"href":"https:\/\/www.mcallenflatware.com\/fr\/wp-json\/wp\/v2\/media\/3116"}],"wp:attachment":[{"href":"https:\/\/www.mcallenflatware.com\/fr\/wp-json\/wp\/v2\/media?parent=3108"}],"wp:term":[{"taxonomy":"product_brand","embeddable":true,"href":"https:\/\/www.mcallenflatware.com\/fr\/wp-json\/wp\/v2\/product_brand?post=3108"},{"taxonomy":"product_cat","embeddable":true,"href":"https:\/\/www.mcallenflatware.com\/fr\/wp-json\/wp\/v2\/product_cat?post=3108"},{"taxonomy":"product_tag","embeddable":true,"href":"https:\/\/www.mcallenflatware.com\/fr\/wp-json\/wp\/v2\/product_tag?post=3108"}],"curies":[{"name":"wp","href":"https:\/\/api.w.org\/{rel}","templated":true}]}}