{"id":3153,"date":"2026-05-11T08:47:44","date_gmt":"2026-05-11T08:47:44","guid":{"rendered":"https:\/\/www.mcallenflatware.com\/?post_type=product&#038;p=3153"},"modified":"2026-05-12T01:22:05","modified_gmt":"2026-05-12T01:22:05","slug":"wholesale-18-10-stainless-steel-flatware","status":"publish","type":"product","link":"https:\/\/www.mcallenflatware.com\/fr\/product\/wholesale-18-10-stainless-steel-flatware\/","title":{"rendered":"Wholesale 18\/10 Stainless Steel Flatware, Braided Texture Cutlery Western Style Custom"},"content":{"rendered":"<div class=\"wp-block-columns is-layout-flex wp-container-core-columns-is-layout-9d6595d7 wp-block-columns-is-layout-flex\">\n<div class=\"wp-block-column is-layout-flow wp-block-column-is-layout-flow\">\n<h2 class=\"wp-block-heading\">Couverts en acier inoxydable 18\/10 Caract\u00e9ristiques :<\/h2>\n\n\n\n<p><strong>Poign\u00e9e \u00e0 la texture tiss\u00e9e exclusive<\/strong>: La texture diamant\u00e9e de pr\u00e9cision cr\u00e9e un aspect vintage luxueux tout en am\u00e9liorant le confort de la prise en main. La surface textur\u00e9e permet \u00e9galement de r\u00e9duire les traces de doigts visibles lors de l'utilisation quotidienne.<\/p>\n\n\n\n<p><strong>Construction en acier inoxydable 18\/10 de premi\u00e8re qualit\u00e9<\/strong>: Fabriqu\u00e9 en acier inoxydable alimentaire de haute qualit\u00e9 avec une excellente r\u00e9sistance \u00e0 la corrosion et \u00e0 la rouille. La structure \u00e9paissie de la poign\u00e9e garantit une durabilit\u00e9 \u00e0 long terme dans les lave-vaisselle commerciaux.<\/p>\n\n\n\n<p><strong>Finition premium polie miroir<\/strong>: De multiples proc\u00e9d\u00e9s de polissage \u00e0 la main permettent d'obtenir un brillant profond, semblable \u00e0 celui d'un miroir, qui rehausse la pr\u00e9sentation d'une table haut de gamme. La brillance se maintient m\u00eame en cas d'utilisation fr\u00e9quente.<\/p>\n\n\n\n<p><strong>Configuration compl\u00e8te des couverts<\/strong>: Comprend des couteaux, des fourchettes, des cuill\u00e8res, des ustensiles \u00e0 dessert et des cuill\u00e8res \u00e0 m\u00e9langer pour des applications polyvalentes dans le domaine de la restauration. Id\u00e9al pour les h\u00f4tels, les mariages, les restaurants et les services de banquet.<\/p>\n\n\n\n<p><strong>Conformit\u00e9 mondiale en mati\u00e8re de s\u00e9curit\u00e9 alimentaire<\/strong>: Conforme aux normes de la FDA, du LFGB et de l'UE en mati\u00e8re de contact alimentaire, avec des tests de qualit\u00e9 stricts et une tra\u00e7abilit\u00e9 des mat\u00e9riaux. Soutient les projets de distribution en gros et d'approvisionnement commercial \u00e0 l'\u00e9chelle mondiale.<\/p>\n<\/div>\n\n\n\n<div class=\"wp-block-column is-layout-flow wp-block-column-is-layout-flow\"><div class=\"wp-block-image\">\n<figure class=\"aligncenter size-full\"><img decoding=\"async\" width=\"800\" height=\"800\" src=\"https:\/\/www.mcallenflatware.com\/wp-content\/uploads\/2026\/05\/Wholesale-1810-Stainless-Steel-Flatware-Braided-Texture-Mirror-Polished-Cutlery-for-Hotels-Custom.webp\" alt=\"Couverts de table en acier inoxydable 1810, texture tress\u00e9e, poli miroir pour h\u00f4tels sur mesure\" class=\"wp-image-3158\" style=\"object-fit:cover\" srcset=\"https:\/\/www.mcallenflatware.com\/wp-content\/uploads\/2026\/05\/Wholesale-1810-Stainless-Steel-Flatware-Braided-Texture-Mirror-Polished-Cutlery-for-Hotels-Custom.webp 800w, https:\/\/www.mcallenflatware.com\/wp-content\/uploads\/2026\/05\/Wholesale-1810-Stainless-Steel-Flatware-Braided-Texture-Mirror-Polished-Cutlery-for-Hotels-Custom-150x150.webp 150w, https:\/\/www.mcallenflatware.com\/wp-content\/uploads\/2026\/05\/Wholesale-1810-Stainless-Steel-Flatware-Braided-Texture-Mirror-Polished-Cutlery-for-Hotels-Custom-768x768.webp 768w, https:\/\/www.mcallenflatware.com\/wp-content\/uploads\/2026\/05\/Wholesale-1810-Stainless-Steel-Flatware-Braided-Texture-Mirror-Polished-Cutlery-for-Hotels-Custom-12x12.webp 12w, https:\/\/www.mcallenflatware.com\/wp-content\/uploads\/2026\/05\/Wholesale-1810-Stainless-Steel-Flatware-Braided-Texture-Mirror-Polished-Cutlery-for-Hotels-Custom-600x600.webp 600w, https:\/\/www.mcallenflatware.com\/wp-content\/uploads\/2026\/05\/Wholesale-1810-Stainless-Steel-Flatware-Braided-Texture-Mirror-Polished-Cutlery-for-Hotels-Custom-300x300.webp 300w, https:\/\/www.mcallenflatware.com\/wp-content\/uploads\/2026\/05\/Wholesale-1810-Stainless-Steel-Flatware-Braided-Texture-Mirror-Polished-Cutlery-for-Hotels-Custom-100x100.webp 100w\" sizes=\"(max-width: 800px) 100vw, 800px\" \/><\/figure>\n<\/div><\/div>\n<\/div>\n\n\n\n<div class=\"wp-block-columns is-layout-flex wp-container-core-columns-is-layout-9d6595d7 wp-block-columns-is-layout-flex\">\n<div class=\"wp-block-column is-layout-flow wp-block-column-is-layout-flow\"><\/div>\n\n\n\n<div class=\"wp-block-column is-layout-flow wp-block-column-is-layout-flow\"><\/div>\n<\/div>","protected":false},"excerpt":{"rendered":"<p>Les couverts en acier inoxydable 18\/10 de gros offrent une durabilit\u00e9 de qualit\u00e9 commerciale, une finition polie miroir et des poign\u00e9es textur\u00e9es \u00e9l\u00e9gantes, id\u00e9ales pour les restaurants, les h\u00f4tels et les projets de restauration. Le soutien OEM\/ODM direct de l'usine garantit un approvisionnement en vrac constant. Contactez-nous pour un devis en gros !<\/p>\n<h2>Attributs des couverts en acier inoxydable 18\/10<\/h2>\n<p><strong>Nom de marque :<\/strong> Mcallen<br \/><strong>Mat\u00e9riau :<\/strong> Acier inoxydable<br \/><strong>Couleur :<\/strong> Or, argent<br \/><strong>Conception :<\/strong> Motif gaufr\u00e9<br \/><strong>D\u00e9lai d'ex\u00e9cution de l'\u00e9chantillon :<\/strong> Dans les 3 jours<br \/><strong>OEM\/ODM :<\/strong> Disponible<\/p>\n<h2>Couverts personnalis\u00e9s en acier inoxydable 18\/10 :<\/h2>\n<p><strong>Acier inoxydable :<\/strong> Acier inoxydable 18\/10, 304, 316, 410, 430, 420<br \/><strong>Logo :<\/strong> Gravure laser, s\u00e9rigraphie, impression UV, impression par transfert thermique, gaufrage, etc.<br \/><strong>Emballage :<\/strong> 4\/8\/12\/16\/20\/24\/45\/48\/72pcs set<br \/><strong>Finitions de surface :<\/strong> Poli miroir, mat, poli \u00e0 l'eau, rev\u00eatement titane<br \/><strong>Emballage :<\/strong> Vrac, sac opp, bo\u00eete de couleur, bo\u00eete cadeau, sur mesure<\/p>","protected":false},"featured_media":3159,"template":"","meta":[],"product_brand":[],"product_cat":[23,29],"product_tag":[],"class_list":{"0":"post-3153","1":"product","2":"type-product","3":"status-publish","4":"has-post-thumbnail","6":"product_cat-wholesale-flatware","7":"product_cat-bulk-flatware","9":"first","10":"instock","11":"shipping-taxable","12":"product-type-simple"},"_links":{"self":[{"href":"https:\/\/www.mcallenflatware.com\/fr\/wp-json\/wp\/v2\/product\/3153","targetHints":{"allow":["GET"]}}],"collection":[{"href":"https:\/\/www.mcallenflatware.com\/fr\/wp-json\/wp\/v2\/product"}],"about":[{"href":"https:\/\/www.mcallenflatware.com\/fr\/wp-json\/wp\/v2\/types\/product"}],"wp:featuredmedia":[{"embeddable":true,"href":"https:\/\/www.mcallenflatware.com\/fr\/wp-json\/wp\/v2\/media\/3159"}],"wp:attachment":[{"href":"https:\/\/www.mcallenflatware.com\/fr\/wp-json\/wp\/v2\/media?parent=3153"}],"wp:term":[{"taxonomy":"product_brand","embeddable":true,"href":"https:\/\/www.mcallenflatware.com\/fr\/wp-json\/wp\/v2\/product_brand?post=3153"},{"taxonomy":"product_cat","embeddable":true,"href":"https:\/\/www.mcallenflatware.com\/fr\/wp-json\/wp\/v2\/product_cat?post=3153"},{"taxonomy":"product_tag","embeddable":true,"href":"https:\/\/www.mcallenflatware.com\/fr\/wp-json\/wp\/v2\/product_tag?post=3153"}],"curies":[{"name":"wp","href":"https:\/\/api.w.org\/{rel}","templated":true}]}}