{"id":3160,"date":"2026-05-11T09:51:47","date_gmt":"2026-05-11T09:51:47","guid":{"rendered":"https:\/\/www.mcallenflatware.com\/?post_type=product&#038;p=3160"},"modified":"2026-05-11T10:41:14","modified_gmt":"2026-05-11T10:41:14","slug":"custom-high-end-flatware","status":"publish","type":"product","link":"https:\/\/www.mcallenflatware.com\/fr\/product\/custom-high-end-flatware\/","title":{"rendered":"Couverts personnalis\u00e9s haut de gamme en argent, couverts ergonomiques en acier inoxydable en vrac"},"content":{"rendered":"<div class=\"wp-block-columns is-layout-flex wp-container-core-columns-is-layout-9d6595d7 wp-block-columns-is-layout-flex\">\n<div class=\"wp-block-column is-layout-flow wp-block-column-is-layout-flow\">\n<h2 class=\"wp-block-heading\">Couverts haut de gamme Caract\u00e9ristiques :<\/h2>\n\n\n\n<p><strong>Poign\u00e9e biomim\u00e9tique profil\u00e9e<\/strong>: Inspir\u00e9 par des courbes fluides, le manche allie esth\u00e9tique moderne et confort ergonomique. La poign\u00e9e \u00e9paissie et \u00e9largie assure un poids \u00e9quilibr\u00e9 et une sensation de qualit\u00e9 en main.<\/p>\n\n\n\n<p><strong>Polissage miroir de qualit\u00e9 m\u00e9dicale<\/strong>: Le polissage manuel en plusieurs \u00e9tapes permet d'obtenir une surface miroir lisse et brillante, tr\u00e8s r\u00e9sistante aux taches et \u00e0 l'oxydation. Facile \u00e0 nettoyer, il est id\u00e9al pour les environnements de restauration commerciale intensive.<\/p>\n\n\n\n<p><strong>Structure monobloc en acier inoxydable forg\u00e9<\/strong>: Fabriqu\u00e9 en acier inoxydable de qualit\u00e9 alimentaire de premi\u00e8re qualit\u00e9 avec une durabilit\u00e9 renforc\u00e9e pour une utilisation \u00e0 haute fr\u00e9quence. Enti\u00e8rement lavable au lave-vaisselle, sans d\u00e9formation ni endommagement de la surface.<\/p>\n\n\n\n<p><strong>Une esth\u00e9tique raffin\u00e9e ax\u00e9e sur la s\u00e9curit\u00e9<\/strong>: Les pointes des fourchettes, les bords des cuill\u00e8res et les lames des couteaux sont soigneusement polis pour une utilisation fluide et s\u00fbre. Combine une apparence \u00e9l\u00e9gante avec des performances de coupe et de service fiables.<\/p>\n\n\n\n<p><strong>Contr\u00f4le de qualit\u00e9 strict et conformit\u00e9 internationale<\/strong>: La production normalis\u00e9e comprend l'inspection des mati\u00e8res premi\u00e8res et de multiples contr\u00f4les de qualit\u00e9 avant l'exp\u00e9dition. Enti\u00e8rement conforme aux normes de s\u00e9curit\u00e9 alimentaire de la FDA et du LFGB pour les march\u00e9s mondiaux.<\/p>\n<\/div>\n\n\n\n<div class=\"wp-block-column is-layout-flow wp-block-column-is-layout-flow\"><div class=\"wp-block-image\">\n<figure class=\"aligncenter size-full\"><img decoding=\"async\" width=\"800\" height=\"800\" src=\"https:\/\/www.mcallenflatware.com\/wp-content\/uploads\/2026\/05\/Custom-High-End-Flatware-Silver-Sleek-Ergonomic-Stainless-Steel-Cutlery-Set-in-Bulk-6.webp\" alt=\"Couverts personnalis\u00e9s haut de gamme en argent, couverts ergonomiques en acier inoxydable en vrac (6)\" class=\"wp-image-3166\" style=\"object-fit:cover\" srcset=\"https:\/\/www.mcallenflatware.com\/wp-content\/uploads\/2026\/05\/Custom-High-End-Flatware-Silver-Sleek-Ergonomic-Stainless-Steel-Cutlery-Set-in-Bulk-6.webp 800w, https:\/\/www.mcallenflatware.com\/wp-content\/uploads\/2026\/05\/Custom-High-End-Flatware-Silver-Sleek-Ergonomic-Stainless-Steel-Cutlery-Set-in-Bulk-6-150x150.webp 150w, https:\/\/www.mcallenflatware.com\/wp-content\/uploads\/2026\/05\/Custom-High-End-Flatware-Silver-Sleek-Ergonomic-Stainless-Steel-Cutlery-Set-in-Bulk-6-768x768.webp 768w, https:\/\/www.mcallenflatware.com\/wp-content\/uploads\/2026\/05\/Custom-High-End-Flatware-Silver-Sleek-Ergonomic-Stainless-Steel-Cutlery-Set-in-Bulk-6-12x12.webp 12w, https:\/\/www.mcallenflatware.com\/wp-content\/uploads\/2026\/05\/Custom-High-End-Flatware-Silver-Sleek-Ergonomic-Stainless-Steel-Cutlery-Set-in-Bulk-6-600x600.webp 600w, https:\/\/www.mcallenflatware.com\/wp-content\/uploads\/2026\/05\/Custom-High-End-Flatware-Silver-Sleek-Ergonomic-Stainless-Steel-Cutlery-Set-in-Bulk-6-300x300.webp 300w, https:\/\/www.mcallenflatware.com\/wp-content\/uploads\/2026\/05\/Custom-High-End-Flatware-Silver-Sleek-Ergonomic-Stainless-Steel-Cutlery-Set-in-Bulk-6-100x100.webp 100w\" sizes=\"(max-width: 800px) 100vw, 800px\" \/><\/figure>\n<\/div><\/div>\n<\/div>\n\n\n\n<div class=\"wp-block-columns is-layout-flex wp-container-core-columns-is-layout-9d6595d7 wp-block-columns-is-layout-flex\">\n<div class=\"wp-block-column is-layout-flow wp-block-column-is-layout-flow\"><\/div>\n\n\n\n<div class=\"wp-block-column is-layout-flow wp-block-column-is-layout-flow\"><\/div>\n<\/div>","protected":false},"excerpt":{"rendered":"<p>Les couverts haut de gamme personnalis\u00e9s se caract\u00e9risent par un acier inoxydable 18\/10 de premi\u00e8re qualit\u00e9, une finition polie miroir et un design ergonomique de luxe, id\u00e9al pour les h\u00f4tels, les restaurants et les banquets. Nous proposons une personnalisation compl\u00e8te OEM\/ODM pour vous aider \u00e0 cr\u00e9er votre collection exclusive de vaisselle. Contactez-nous pour un devis en gros !<\/p>\n<h2>Attributs des couverts haut de gamme<\/h2>\n<p><strong>Nom de marque :<\/strong> Mcallen<br \/><strong>Mat\u00e9riau :<\/strong> Acier inoxydable<br \/><strong>Couleur :<\/strong> Argent, or, noir<br \/><strong>Conception :<\/strong> Design moderne<br \/><strong>D\u00e9lai d'ex\u00e9cution de l'\u00e9chantillon :<\/strong> Dans les 3 jours<br \/><strong>OEM\/ODM :<\/strong> Disponible<\/p>\n<h2>Couverts haut de gamme sur mesure :<\/h2>\n<p><strong>Acier inoxydable :<\/strong> Acier inoxydable 18\/10, 304, 316, 410, 430, 420<br \/><strong>Logo :<\/strong> Gravure laser, s\u00e9rigraphie, impression UV, impression par transfert thermique, gaufrage, etc.<br \/><strong>Emballage :<\/strong> 4\/8\/12\/16\/20\/24\/45\/48\/72pcs set<br \/><strong>Finitions de surface :<\/strong> Poli miroir, mat, poli \u00e0 l'eau, rev\u00eatement titane<br \/><strong>Emballage :<\/strong> Vrac, sac opp, bo\u00eete de couleur, bo\u00eete cadeau, sur mesure<\/p>","protected":false},"featured_media":3161,"template":"","meta":[],"product_brand":[],"product_cat":[23,29],"product_tag":[],"class_list":{"0":"post-3160","1":"product","2":"type-product","3":"status-publish","4":"has-post-thumbnail","6":"product_cat-wholesale-flatware","7":"product_cat-bulk-flatware","9":"first","10":"instock","11":"shipping-taxable","12":"product-type-simple"},"_links":{"self":[{"href":"https:\/\/www.mcallenflatware.com\/fr\/wp-json\/wp\/v2\/product\/3160","targetHints":{"allow":["GET"]}}],"collection":[{"href":"https:\/\/www.mcallenflatware.com\/fr\/wp-json\/wp\/v2\/product"}],"about":[{"href":"https:\/\/www.mcallenflatware.com\/fr\/wp-json\/wp\/v2\/types\/product"}],"wp:featuredmedia":[{"embeddable":true,"href":"https:\/\/www.mcallenflatware.com\/fr\/wp-json\/wp\/v2\/media\/3161"}],"wp:attachment":[{"href":"https:\/\/www.mcallenflatware.com\/fr\/wp-json\/wp\/v2\/media?parent=3160"}],"wp:term":[{"taxonomy":"product_brand","embeddable":true,"href":"https:\/\/www.mcallenflatware.com\/fr\/wp-json\/wp\/v2\/product_brand?post=3160"},{"taxonomy":"product_cat","embeddable":true,"href":"https:\/\/www.mcallenflatware.com\/fr\/wp-json\/wp\/v2\/product_cat?post=3160"},{"taxonomy":"product_tag","embeddable":true,"href":"https:\/\/www.mcallenflatware.com\/fr\/wp-json\/wp\/v2\/product_tag?post=3160"}],"curies":[{"name":"wp","href":"https:\/\/api.w.org\/{rel}","templated":true}]}}