{"id":873,"date":"2024-11-11T09:10:11","date_gmt":"2024-11-11T09:10:11","guid":{"rendered":"https:\/\/www.mcallenflatware.com\/?post_type=product&#038;p=873"},"modified":"2024-11-12T18:20:57","modified_gmt":"2024-11-12T18:20:57","slug":"hammered-flatware-wholesale","status":"publish","type":"product","link":"https:\/\/www.mcallenflatware.com\/fr\/product\/hammered-flatware-wholesale\/","title":{"rendered":"Couverts martel\u00e9s en acier inoxydable Portugais"},"content":{"rendered":"<h2 class=\"wp-block-heading\">Couverts martel\u00e9s Caract\u00e9ristiques :<\/h2>\n\n\n\n<div class=\"wp-block-columns is-layout-flex wp-container-core-columns-is-layout-9d6595d7 wp-block-columns-is-layout-flex\">\n<div class=\"wp-block-column is-layout-flow wp-block-column-is-layout-flow\" style=\"flex-basis:66.66%\">\n<p><strong>Mat\u00e9riaux de haute qualit\u00e9<\/strong><br>Nos couverts martel\u00e9s polis sont fabriqu\u00e9s en acier inoxydable de haute qualit\u00e9. Ils sont durables et r\u00e9sistants \u00e0 la corrosion, ce qui les rend parfaits pour une utilisation fr\u00e9quente lors de f\u00eates de mariage, dans les restaurants et m\u00eame \u00e0 la maison.<\/p>\n\n\n\n<p><strong>Design unique martel\u00e9<\/strong><br>La finition martel\u00e9e exquise et la texture de pierre combin\u00e9es au polissage miroir conf\u00e8rent \u00e0 l'ensemble de couverts de style portugais un design luxueux qui impressionnera vos invit\u00e9s.<\/p>\n\n\n\n<p><strong>Facile \u00e0 nettoyer, \u00e9co-durable<\/strong><br>La surface lisse rend ces couverts faciles \u00e0 nettoyer, respectueux de l'environnement et r\u00e9utilisables.<\/p>\n\n\n\n<p><strong>Options personnalis\u00e9es<\/strong><br>Les commandes OEM\/ODM sont les bienvenues ; nous pouvons \u00e9galement permettre l'impression de logos personnalis\u00e9s, des options de couleurs multiples, et prendre en charge la personnalisation.<\/p>\n<\/div>\n\n\n\n<div class=\"wp-block-column is-layout-flow wp-block-column-is-layout-flow\" style=\"flex-basis:33.33%\">\n<figure class=\"wp-block-image size-full\"><img decoding=\"async\" width=\"1024\" height=\"1024\" src=\"https:\/\/www.mcallenflatware.com\/wp-content\/uploads\/2024\/11\/Wholesale-Hammered-Flatware-3.webp\" alt=\"Couverts de table martel\u00e9s en gros 3\" class=\"wp-image-876\" srcset=\"https:\/\/www.mcallenflatware.com\/wp-content\/uploads\/2024\/11\/Wholesale-Hammered-Flatware-3.webp 1024w, https:\/\/www.mcallenflatware.com\/wp-content\/uploads\/2024\/11\/Wholesale-Hammered-Flatware-3-150x150.webp 150w, https:\/\/www.mcallenflatware.com\/wp-content\/uploads\/2024\/11\/Wholesale-Hammered-Flatware-3-768x768.webp 768w, https:\/\/www.mcallenflatware.com\/wp-content\/uploads\/2024\/11\/Wholesale-Hammered-Flatware-3-600x600.webp 600w, https:\/\/www.mcallenflatware.com\/wp-content\/uploads\/2024\/11\/Wholesale-Hammered-Flatware-3-300x300.webp 300w, https:\/\/www.mcallenflatware.com\/wp-content\/uploads\/2024\/11\/Wholesale-Hammered-Flatware-3-100x100.webp 100w\" sizes=\"(max-width: 1024px) 100vw, 1024px\" \/><\/figure>\n<\/div>\n<\/div>","protected":false},"excerpt":{"rendered":"<p>Couverts martel\u00e9s personnalis\u00e9s en gros, couverts de style portugais en acier inoxydable, poign\u00e9e \u00e0 texture de pierre, polie miroir, moderne et \u00e9l\u00e9gante. Le fabricant de couverts de Mcallen fournit des services personnalis\u00e9s rentables, n'h\u00e9sitez pas \u00e0 vous renseigner !<\/p>\n<h2>Attributs des couverts martel\u00e9s<\/h2>\n<p><strong>Nom de marque :<\/strong> Mcallen<br \/><strong>Mat\u00e9riau :<\/strong> Acier inoxydable<br \/><strong>Couleur :<\/strong>\u00a0 Argent\/or rose\/or\/noir ou personnalis\u00e9<br \/><strong>Polissage :<\/strong> Miroir poli<br \/><strong>Style de conception :<\/strong>\u00a0 Style portugais<br \/><strong>D\u00e9lai d'ex\u00e9cution de l'\u00e9chantillon :<\/strong> Dans les 3 jours<br \/><strong>OEM\/ODM :<\/strong> Disponible<\/p>\n<h2>Couverts en acier inoxydable personnalis\u00e9s :<\/h2>\n<p><strong>Acier inoxydable :<\/strong> Acier inoxydable 18\/10, 304, 316, 410, 430, 420<br \/><strong>Logo :<\/strong> Gravure laser, s\u00e9rigraphie, impression UV, impression par transfert thermique, gaufrage, etc.<br \/><strong>Emballage :<\/strong> 4\/8\/12\/16\/20\/24\/45\/48\/72pcs set<br \/><strong>Finitions de surface :<\/strong> Poli miroir, mat, poli \u00e0 l'eau, rev\u00eatement titane<br \/><strong>Emballage :<\/strong> Vrac, sac opp, bo\u00eete de couleur, bo\u00eete cadeau, sur mesure<\/p>","protected":false},"featured_media":877,"template":"","meta":[],"product_brand":[],"product_cat":[23,29],"product_tag":[],"class_list":{"0":"post-873","1":"product","2":"type-product","3":"status-publish","4":"has-post-thumbnail","6":"product_cat-wholesale-flatware","7":"product_cat-bulk-flatware","9":"first","10":"instock","11":"shipping-taxable","12":"product-type-simple"},"_links":{"self":[{"href":"https:\/\/www.mcallenflatware.com\/fr\/wp-json\/wp\/v2\/product\/873","targetHints":{"allow":["GET"]}}],"collection":[{"href":"https:\/\/www.mcallenflatware.com\/fr\/wp-json\/wp\/v2\/product"}],"about":[{"href":"https:\/\/www.mcallenflatware.com\/fr\/wp-json\/wp\/v2\/types\/product"}],"wp:featuredmedia":[{"embeddable":true,"href":"https:\/\/www.mcallenflatware.com\/fr\/wp-json\/wp\/v2\/media\/877"}],"wp:attachment":[{"href":"https:\/\/www.mcallenflatware.com\/fr\/wp-json\/wp\/v2\/media?parent=873"}],"wp:term":[{"taxonomy":"product_brand","embeddable":true,"href":"https:\/\/www.mcallenflatware.com\/fr\/wp-json\/wp\/v2\/product_brand?post=873"},{"taxonomy":"product_cat","embeddable":true,"href":"https:\/\/www.mcallenflatware.com\/fr\/wp-json\/wp\/v2\/product_cat?post=873"},{"taxonomy":"product_tag","embeddable":true,"href":"https:\/\/www.mcallenflatware.com\/fr\/wp-json\/wp\/v2\/product_tag?post=873"}],"curies":[{"name":"wp","href":"https:\/\/api.w.org\/{rel}","templated":true}]}}