{"id":880,"date":"2025-09-24T10:29:25","date_gmt":"2025-09-24T10:29:25","guid":{"rendered":"https:\/\/www.mcallenflatware.com\/?post_type=product&#038;p=880"},"modified":"2025-09-24T10:29:25","modified_gmt":"2025-09-24T10:29:25","slug":"bulk-vintage-flatware","status":"publish","type":"product","link":"https:\/\/www.mcallenflatware.com\/fr\/product\/bulk-vintage-flatware\/","title":{"rendered":"Bulk Vintage Flatware Stainless Steel Gold Sliver Luxury Royal Style"},"content":{"rendered":"<h2 class=\"wp-block-heading\">Couverts Vintage Caract\u00e9ristiques :<\/h2>\n\n\n\n<div class=\"wp-block-columns is-layout-flex wp-container-core-columns-is-layout-9d6595d7 wp-block-columns-is-layout-flex\">\n<div class=\"wp-block-column is-layout-flow wp-block-column-is-layout-flow\" style=\"flex-basis:66.66%\">\n<p><strong>Design r\u00e9tro classique<\/strong><br>Le design unique de l'anse royale, une fusion du style r\u00e9tro et de la modernit\u00e9 luxueuse, convient parfaitement aux occasions et aux banquets haut de gamme.<\/p>\n\n\n\n<p><strong>Acier inoxydable de haute qualit\u00e9<\/strong><br>Fabriqu\u00e9 en acier inoxydable de qualit\u00e9 alimentaire, r\u00e9sistant \u00e0 la corrosion et durable, avec une finition polie miroir, belle et facile \u00e0 nettoyer.<\/p>\n\n\n\n<p><strong>Des couleurs or et argent magnifiques<\/strong><br>Disponible en or, argent ou les deux, magnifique et unique. En m\u00eame temps, il est possible de personnaliser diff\u00e9rentes couleurs.<\/p>\n\n\n\n<p><strong>Rehausser le go\u00fbt de la table<\/strong><br>Cet ensemble de vaisselle est compos\u00e9 de mat\u00e9riaux de haute qualit\u00e9 et d'un design soign\u00e9. Il convient \u00e0 toutes les tables et rend l'exp\u00e9rience culinaire plus belle et plus aristocratique.<\/p>\n\n\n\n<p><strong>Sant\u00e9 et s\u00e9curit\u00e9<\/strong><br>L'utilisation de mat\u00e9riaux en acier inoxydable respectueux de l'environnement et de la s\u00e9curit\u00e9 alimentaire garantit une utilisation s\u00fbre et saine, adapt\u00e9e au contact avec tous les types d'aliments.<\/p>\n<\/div>\n\n\n\n<div class=\"wp-block-column is-layout-flow wp-block-column-is-layout-flow\" style=\"flex-basis:33.33%\">\n<figure class=\"wp-block-image size-full\"><img decoding=\"async\" width=\"1000\" height=\"1000\" src=\"https:\/\/www.mcallenflatware.com\/wp-content\/uploads\/2024\/11\/Bulk-Vintage-Flatware-4.webp\" alt=\"Couverts vintage en vrac 4\" class=\"wp-image-885\" srcset=\"https:\/\/www.mcallenflatware.com\/wp-content\/uploads\/2024\/11\/Bulk-Vintage-Flatware-4.webp 1000w, https:\/\/www.mcallenflatware.com\/wp-content\/uploads\/2024\/11\/Bulk-Vintage-Flatware-4-150x150.webp 150w, https:\/\/www.mcallenflatware.com\/wp-content\/uploads\/2024\/11\/Bulk-Vintage-Flatware-4-768x768.webp 768w, https:\/\/www.mcallenflatware.com\/wp-content\/uploads\/2024\/11\/Bulk-Vintage-Flatware-4-600x600.webp 600w, https:\/\/www.mcallenflatware.com\/wp-content\/uploads\/2024\/11\/Bulk-Vintage-Flatware-4-300x300.webp 300w, https:\/\/www.mcallenflatware.com\/wp-content\/uploads\/2024\/11\/Bulk-Vintage-Flatware-4-100x100.webp 100w\" sizes=\"(max-width: 1000px) 100vw, 1000px\" \/><\/figure>\n<\/div>\n<\/div>","protected":false},"excerpt":{"rendered":"<p>Les couverts vintage en vrac sont dot\u00e9s d'une poign\u00e9e luxueuse au design royal et conviennent aux restaurants haut de gamme. Le fabricant Mcallen offre la meilleure remise pour les commandes en gros, n'h\u00e9sitez pas \u00e0 nous consulter !<\/p>\n<h2>Attributs des couverts vintage<\/h2>\n<p><strong>Nom de marque :<\/strong> Mcallen<br \/><strong>Mat\u00e9riau :<\/strong> Acier inoxydable<br \/><strong>Couleur :<\/strong>\u00a0 Argent, or ou personnalis\u00e9<br \/><strong>Polissage :<\/strong> Miroir poli<br \/><strong>Style de conception :<\/strong> Style royal luxueux<br \/><strong>D\u00e9lai d'ex\u00e9cution de l'\u00e9chantillon :<\/strong> Dans les 3 jours<br \/><strong>OEM\/ODM :<\/strong> Disponible<\/p>\n<h2>Couverts en acier inoxydable personnalis\u00e9s :<\/h2>\n<p><strong>Acier inoxydable :<\/strong> Acier inoxydable 18\/10, 304, 316, 410, 430, 420<br \/><strong>Logo :<\/strong> Gravure laser, s\u00e9rigraphie, impression UV, impression par transfert thermique, gaufrage, etc.<br \/><strong>Emballage :<\/strong> 4\/8\/12\/16\/20\/24\/45\/48\/72pcs set<br \/><strong>Finitions de surface :<\/strong> Poli miroir, mat, poli \u00e0 l'eau, rev\u00eatement titane<br \/><strong>Emballage :<\/strong> Vrac, sac opp, bo\u00eete de couleur, bo\u00eete cadeau, sur mesure<\/p>","protected":false},"featured_media":882,"template":"","meta":[],"product_brand":[],"product_cat":[23,29],"product_tag":[],"class_list":{"0":"post-880","1":"product","2":"type-product","3":"status-publish","4":"has-post-thumbnail","6":"product_cat-wholesale-flatware","7":"product_cat-bulk-flatware","9":"first","10":"instock","11":"shipping-taxable","12":"product-type-simple"},"_links":{"self":[{"href":"https:\/\/www.mcallenflatware.com\/fr\/wp-json\/wp\/v2\/product\/880","targetHints":{"allow":["GET"]}}],"collection":[{"href":"https:\/\/www.mcallenflatware.com\/fr\/wp-json\/wp\/v2\/product"}],"about":[{"href":"https:\/\/www.mcallenflatware.com\/fr\/wp-json\/wp\/v2\/types\/product"}],"wp:featuredmedia":[{"embeddable":true,"href":"https:\/\/www.mcallenflatware.com\/fr\/wp-json\/wp\/v2\/media\/882"}],"wp:attachment":[{"href":"https:\/\/www.mcallenflatware.com\/fr\/wp-json\/wp\/v2\/media?parent=880"}],"wp:term":[{"taxonomy":"product_brand","embeddable":true,"href":"https:\/\/www.mcallenflatware.com\/fr\/wp-json\/wp\/v2\/product_brand?post=880"},{"taxonomy":"product_cat","embeddable":true,"href":"https:\/\/www.mcallenflatware.com\/fr\/wp-json\/wp\/v2\/product_cat?post=880"},{"taxonomy":"product_tag","embeddable":true,"href":"https:\/\/www.mcallenflatware.com\/fr\/wp-json\/wp\/v2\/product_tag?post=880"}],"curies":[{"name":"wp","href":"https:\/\/api.w.org\/{rel}","templated":true}]}}