{"id":881,"date":"2024-11-12T07:27:45","date_gmt":"2024-11-12T07:27:45","guid":{"rendered":"https:\/\/www.mcallenflatware.com\/?post_type=product&#038;p=881"},"modified":"2024-11-12T07:31:13","modified_gmt":"2024-11-12T07:31:13","slug":"wholesale-kitchen-utensils-set","status":"publish","type":"product","link":"https:\/\/www.mcallenflatware.com\/fr\/product\/wholesale-kitchen-utensils-set\/","title":{"rendered":"Set d'ustensiles de cuisine en acier inoxydable pour la maison et le commerce"},"content":{"rendered":"<div class=\"wp-block-columns is-layout-flex wp-container-core-columns-is-layout-9d6595d7 wp-block-columns-is-layout-flex\">\n<div class=\"wp-block-column is-layout-flow wp-block-column-is-layout-flow\">\n<h2 class=\"wp-block-heading\"><strong>Ustensiles de cuisine complets 22 pi\u00e8ces<\/strong><\/h2>\n\n\n\n<div class=\"wp-block-columns is-layout-flex wp-container-core-columns-is-layout-9d6595d7 wp-block-columns-is-layout-flex\">\n<div class=\"wp-block-column is-layout-flow wp-block-column-is-layout-flow\">\n<ol class=\"wp-block-list\">\n<li>\u00c9cumoire ronde<\/li>\n\n\n\n<li>Presse-pur\u00e9e<\/li>\n\n\n\n<li>Fourchette \u00e0 viande<\/li>\n\n\n\n<li>Serveur de p\u00e2tes<\/li>\n\n\n\n<li>Spatule \u00e0 fente<\/li>\n\n\n\n<li>Louche \u00e0 soupe<\/li>\n\n\n\n<li>\u00c9plucheur en forme de Y<\/li>\n\n\n\n<li>R\u00e2pe<\/li>\n\n\n\n<li>Ouvre-bo\u00eete<\/li>\n\n\n\n<li>Fouet de 9 pouces<\/li>\n\n\n\n<li>Mini fouet<\/li>\n<\/ol>\n<\/div>\n\n\n\n<div class=\"wp-block-column is-layout-flow wp-block-column-is-layout-flow\">\n<ol start=\"12\" class=\"wp-block-list\">\n<li>Presse-ail<\/li>\n\n\n\n<li>Roue \u00e0 p\u00e2tisserie<\/li>\n\n\n\n<li>\u00c9plucheur<\/li>\n\n\n\n<li>Cuill\u00e8re \u00e0 glace<\/li>\n\n\n\n<li>Pince pour bols et assiettes<\/li>\n\n\n\n<li>Ouvre-bouteille<\/li>\n\n\n\n<li>Cuill\u00e8re \u00e0 caf\u00e9 de 30 ml<\/li>\n\n\n\n<li>Cuill\u00e8re \u00e0 caf\u00e9 de 15 ml<\/li>\n\n\n\n<li>Cuill\u00e8re \u00e0 caf\u00e9 20ml<\/li>\n\n\n\n<li>Set de cuill\u00e8res \u00e0 mesurer 5 pi\u00e8ces<\/li>\n\n\n\n<li>Set de cuill\u00e8res \u00e0 mesurer 4 pi\u00e8ces<\/li>\n<\/ol>\n<\/div>\n<\/div>\n<\/div>\n\n\n\n<div class=\"wp-block-column is-layout-flow wp-block-column-is-layout-flow\">\n<figure class=\"wp-block-image size-full\"><img decoding=\"async\" width=\"1000\" height=\"1000\" src=\"https:\/\/www.mcallenflatware.com\/wp-content\/uploads\/2024\/11\/Wholesale-Kitchen-Utensils-Set.webp\" alt=\"Set d&#039;ustensiles de cuisine en gros\" class=\"wp-image-1020\" srcset=\"https:\/\/www.mcallenflatware.com\/wp-content\/uploads\/2024\/11\/Wholesale-Kitchen-Utensils-Set.webp 1000w, https:\/\/www.mcallenflatware.com\/wp-content\/uploads\/2024\/11\/Wholesale-Kitchen-Utensils-Set-150x150.webp 150w, https:\/\/www.mcallenflatware.com\/wp-content\/uploads\/2024\/11\/Wholesale-Kitchen-Utensils-Set-768x768.webp 768w, https:\/\/www.mcallenflatware.com\/wp-content\/uploads\/2024\/11\/Wholesale-Kitchen-Utensils-Set-600x600.webp 600w, https:\/\/www.mcallenflatware.com\/wp-content\/uploads\/2024\/11\/Wholesale-Kitchen-Utensils-Set-300x300.webp 300w, https:\/\/www.mcallenflatware.com\/wp-content\/uploads\/2024\/11\/Wholesale-Kitchen-Utensils-Set-100x100.webp 100w\" sizes=\"(max-width: 1000px) 100vw, 1000px\" \/><\/figure>\n<\/div>\n<\/div>\n\n\n\n<div class=\"wp-block-columns is-layout-flex wp-container-core-columns-is-layout-9d6595d7 wp-block-columns-is-layout-flex\">\n<div class=\"wp-block-column is-layout-flow wp-block-column-is-layout-flow\">\n<figure class=\"wp-block-image size-full\"><img decoding=\"async\" width=\"1000\" height=\"1000\" src=\"https:\/\/www.mcallenflatware.com\/wp-content\/uploads\/2024\/11\/Wholesale-Kitchen-Utensils-Set-.webp\" alt=\"Set d&#039;ustensiles de cuisine en gros\" class=\"wp-image-889\" srcset=\"https:\/\/www.mcallenflatware.com\/wp-content\/uploads\/2024\/11\/Wholesale-Kitchen-Utensils-Set-.webp 1000w, https:\/\/www.mcallenflatware.com\/wp-content\/uploads\/2024\/11\/Wholesale-Kitchen-Utensils-Set--150x150.webp 150w, https:\/\/www.mcallenflatware.com\/wp-content\/uploads\/2024\/11\/Wholesale-Kitchen-Utensils-Set--768x768.webp 768w, https:\/\/www.mcallenflatware.com\/wp-content\/uploads\/2024\/11\/Wholesale-Kitchen-Utensils-Set--600x600.webp 600w, https:\/\/www.mcallenflatware.com\/wp-content\/uploads\/2024\/11\/Wholesale-Kitchen-Utensils-Set--300x300.webp 300w, https:\/\/www.mcallenflatware.com\/wp-content\/uploads\/2024\/11\/Wholesale-Kitchen-Utensils-Set--100x100.webp 100w\" sizes=\"(max-width: 1000px) 100vw, 1000px\" \/><\/figure>\n<\/div>\n\n\n\n<div class=\"wp-block-column is-layout-flow wp-block-column-is-layout-flow\">\n<h2 class=\"wp-block-heading\">Set d'ustensiles de cuisine Caract\u00e9ristiques :<\/h2>\n\n\n\n<div class=\"wp-block-group is-nowrap is-layout-flex wp-container-core-group-is-layout-ad2f72ca wp-block-group-is-layout-flex\">\n<p><strong>Multifonctionnel et adapt\u00e9 \u00e0 toutes les occasions<\/strong><br>Il dispose d'une vari\u00e9t\u00e9 d'outils de cuisine pour r\u00e9pondre aux diff\u00e9rents besoins de la cuisine. Il convient aux restaurants, aux h\u00f4tels et \u00e0 d'autres secteurs de la restauration, ainsi qu'aux cuisines domestiques.<\/p>\n<\/div>\n\n\n\n<p><strong>Mat\u00e9riau durable, r\u00e9sistant aux hautes temp\u00e9ratures<\/strong><br>Fabriqu\u00e9 en acier inoxydable \u00e0 haute r\u00e9sistance, il r\u00e9siste aux temp\u00e9ratures \u00e9lev\u00e9es, ne rouille pas, ne se d\u00e9forme pas facilement et peut supporter des utilisations et des nettoyages fr\u00e9quents.<\/p>\n\n\n\n<p><strong>Conception ergonomique<\/strong><br>La poign\u00e9e en acier est ergonomique, confortable \u00e0 tenir et r\u00e9duit la fatigue due \u00e0 une utilisation prolong\u00e9e.<\/p>\n\n\n\n<p><strong>Facile \u00e0 nettoyer et \u00e0 entretenir<\/strong><br>Les propri\u00e9t\u00e9s de l'acier inoxydable le rendent r\u00e9sistant \u00e0 la chaleur et peuvent \u00eatre facilement nettoy\u00e9es au lave-vaisselle.<\/p>\n<\/div>\n<\/div>","protected":false},"excerpt":{"rendered":"<p>Vente en gros d'ustensiles de cuisine en acier inoxydable, une vari\u00e9t\u00e9 d'ustensiles de cuisine, non toxiques et durables, adapt\u00e9s \u00e0 l'utilisation commerciale et domestique de la cuisine. Vente directe par le fabricant, solutions personnalis\u00e9es rentables, \u00e9chantillons gratuits sur demande !<\/p>\n<h2>Set d'ustensiles de cuisine Attributs<\/h2>\n<p><strong>Nom de marque :<\/strong> Mcallen<br \/><strong>Mat\u00e9riau :<\/strong> Acier inoxydable<br \/><strong>Type :<\/strong> \u00c9cumoire ronde, presse-pur\u00e9e, fourchette \u00e0 viande, serveur \u00e0 p\u00e2tes, louche \u00e0 soupe, \u00e9plucheur, r\u00e2pe, ouvre-bo\u00eete, fouet, d\u00e9capsuleur, cuill\u00e8re \u00e0 caf\u00e9, cuill\u00e8re \u00e0 mesurer, etc.<br \/><strong>Couleur :<\/strong> Or, argent ou personnalis\u00e9<br \/><strong>Conception de la poign\u00e9e :<\/strong> Poign\u00e9e en acier<br \/><strong>D\u00e9lai d'ex\u00e9cution de l'\u00e9chantillon :<\/strong> Dans les 3 jours<br \/><strong>OEM\/ODM :<\/strong> Disponible<\/p>\n<h2>Set d'ustensiles de cuisine personnalis\u00e9 :<\/h2>\n<p><strong>Acier inoxydable :<\/strong>\u00a0Acier inoxydable 18\/10, 304, 316, 410, 430, 420<br \/><strong>Logo :<\/strong>\u00a0Gravure laser, s\u00e9rigraphie, impression UV, impression par transfert thermique, gaufrage, etc.<br \/><strong>Finitions de surface :<\/strong>\u00a0Poli miroir, mat<br \/><b>Poign\u00e9e :<\/b>\u00a0Poign\u00e9es en acier inoxydable, en bois ou en silicone.<br \/><strong>Emballage :<\/strong>\u00a0En vrac, sac opp, bo\u00eete de couleur, ou sur mesure<\/p>","protected":false},"featured_media":889,"template":"","meta":[],"product_brand":[],"product_cat":[24,33],"product_tag":[],"class_list":{"0":"post-881","1":"product","2":"type-product","3":"status-publish","4":"has-post-thumbnail","6":"product_cat-wholesale-kitchen-utensils","7":"product_cat-wholesale-cooking-utensils","9":"first","10":"instock","11":"shipping-taxable","12":"product-type-simple"},"_links":{"self":[{"href":"https:\/\/www.mcallenflatware.com\/fr\/wp-json\/wp\/v2\/product\/881","targetHints":{"allow":["GET"]}}],"collection":[{"href":"https:\/\/www.mcallenflatware.com\/fr\/wp-json\/wp\/v2\/product"}],"about":[{"href":"https:\/\/www.mcallenflatware.com\/fr\/wp-json\/wp\/v2\/types\/product"}],"wp:featuredmedia":[{"embeddable":true,"href":"https:\/\/www.mcallenflatware.com\/fr\/wp-json\/wp\/v2\/media\/889"}],"wp:attachment":[{"href":"https:\/\/www.mcallenflatware.com\/fr\/wp-json\/wp\/v2\/media?parent=881"}],"wp:term":[{"taxonomy":"product_brand","embeddable":true,"href":"https:\/\/www.mcallenflatware.com\/fr\/wp-json\/wp\/v2\/product_brand?post=881"},{"taxonomy":"product_cat","embeddable":true,"href":"https:\/\/www.mcallenflatware.com\/fr\/wp-json\/wp\/v2\/product_cat?post=881"},{"taxonomy":"product_tag","embeddable":true,"href":"https:\/\/www.mcallenflatware.com\/fr\/wp-json\/wp\/v2\/product_tag?post=881"}],"curies":[{"name":"wp","href":"https:\/\/api.w.org\/{rel}","templated":true}]}}