{"id":898,"date":"2024-11-11T10:25:09","date_gmt":"2024-11-11T10:25:09","guid":{"rendered":"https:\/\/www.mcallenflatware.com\/?post_type=product&#038;p=898"},"modified":"2024-11-12T18:23:23","modified_gmt":"2024-11-12T18:23:23","slug":"wholesale-kids-cutlery","status":"publish","type":"product","link":"https:\/\/www.mcallenflatware.com\/fr\/product\/wholesale-kids-cutlery\/","title":{"rendered":"Wholesale Kids Cutlery Stainless Steel Portable Children Spoon Fork (Coutellerie pour enfants en acier inoxydable)"},"content":{"rendered":"<h2 class=\"wp-block-heading\">Couverts pour enfants Caract\u00e9ristiques :<\/h2>\n\n\n\n<div class=\"wp-block-columns is-layout-flex wp-container-core-columns-is-layout-9d6595d7 wp-block-columns-is-layout-flex\">\n<div class=\"wp-block-column is-layout-flow wp-block-column-is-layout-flow\" style=\"flex-basis:66.66%\">\n<p><strong>S\u00e9curit\u00e9 pour les enfants<\/strong><br>Les bords du set de couverts sont lisses et arrondis pour garantir la s\u00e9curit\u00e9 et le confort des enfants. Convient \u00e0 la prise en main et \u00e0 l'utilisation par les enfants.<\/p>\n\n\n\n<p><strong>Mat\u00e9riaux non toxiques et respectueux de l'environnement<\/strong><br>Fabriqu\u00e9 en acier inoxydable de qualit\u00e9 alimentaire, il a pass\u00e9 plusieurs certifications de s\u00e9curit\u00e9 et ne contient pas de produits chimiques nocifs tels que le BPA, ce qui convient \u00e0 une utilisation saine par les enfants.<\/p>\n\n\n\n<p><strong>Forme mignonne<\/strong><br>La poign\u00e9e est imprim\u00e9e de motifs d'animaux de dessins anim\u00e9s, ce qui est mignon et int\u00e9ressant pour attirer l'attention des enfants.<\/p>\n\n\n\n<p><strong>Conception portative<\/strong><br>L\u00e9ger et facile \u00e0 transporter, il convient \u00e0 la maison, \u00e0 l'\u00e9cole, aux voyages et aux activit\u00e9s de plein air, permettant aux enfants de profiter des plaisirs de la table \u00e0 tout moment.<\/p>\n\n\n\n<p><strong>Facile \u00e0 nettoyer, passe au lave-vaisselle<\/strong><br>Lisse et r\u00e9sistant \u00e0 l'usure, il peut \u00eatre directement mis au lave-vaisselle pour \u00eatre nettoy\u00e9.<\/p>\n<\/div>\n\n\n\n<div class=\"wp-block-column is-layout-flow wp-block-column-is-layout-flow\" style=\"flex-basis:33.33%\">\n<figure class=\"wp-block-image size-full\"><img decoding=\"async\" width=\"800\" height=\"800\" src=\"https:\/\/www.mcallenflatware.com\/wp-content\/uploads\/2024\/11\/Wholesale-Kids-Cutlery-3.webp\" alt=\"Couverts pour enfants en gros 3\" class=\"wp-image-902\" srcset=\"https:\/\/www.mcallenflatware.com\/wp-content\/uploads\/2024\/11\/Wholesale-Kids-Cutlery-3.webp 800w, https:\/\/www.mcallenflatware.com\/wp-content\/uploads\/2024\/11\/Wholesale-Kids-Cutlery-3-150x150.webp 150w, https:\/\/www.mcallenflatware.com\/wp-content\/uploads\/2024\/11\/Wholesale-Kids-Cutlery-3-768x768.webp 768w, https:\/\/www.mcallenflatware.com\/wp-content\/uploads\/2024\/11\/Wholesale-Kids-Cutlery-3-600x600.webp 600w, https:\/\/www.mcallenflatware.com\/wp-content\/uploads\/2024\/11\/Wholesale-Kids-Cutlery-3-300x300.webp 300w, https:\/\/www.mcallenflatware.com\/wp-content\/uploads\/2024\/11\/Wholesale-Kids-Cutlery-3-100x100.webp 100w\" sizes=\"(max-width: 800px) 100vw, 800px\" \/><\/figure>\n<\/div>\n<\/div>","protected":false},"excerpt":{"rendered":"<p>Les couverts pour enfants sont fabriqu\u00e9s en acier inoxydable s\u00fbr et durable. Ils sont pratiques pour les enfants qui mangent. Logo, couleur, emballage, etc. personnalis\u00e9s \u00e0 un prix avantageux. Nous vous invitons \u00e0 nous consulter pour obtenir un \u00e9chantillon gratuit !<\/p>\n<h2>Attributs des couverts pour enfants<\/h2>\n<p><strong>Nom de marque :<\/strong> Mcallen<br \/><strong>Mat\u00e9riau :<\/strong> Acier inoxydable<br \/><strong>Couleur :<\/strong> Argent ou personnalis\u00e9<br \/><strong>Polissage :<\/strong> Miroir poli<br \/><strong>Conception : <\/strong>Poign\u00e9es \u00e0 imprim\u00e9 animalier\u00a0<br \/><strong>D\u00e9lai d'ex\u00e9cution de l'\u00e9chantillon :<\/strong> Dans les 3 jours<br \/><strong>OEM\/ODM :<\/strong> Disponible<\/p>\n<h2>Couverts en acier inoxydable personnalis\u00e9s :<\/h2>\n<p><strong>Acier inoxydable :<\/strong> Acier inoxydable 18\/10, 304, 316, 410, 430, 420<br \/><strong>Logo :<\/strong> Gravure laser, s\u00e9rigraphie, impression UV, impression par transfert thermique, gaufrage, etc.<br \/><strong>Emballage :<\/strong> 4\/8\/12\/16\/20\/24\/45\/48\/72pcs set<br \/><strong>Finitions de surface :<\/strong> Poli miroir, mat, poli \u00e0 l'eau, rev\u00eatement titane<br \/><strong>Emballage :<\/strong> Vrac, sac opp, bo\u00eete de couleur, bo\u00eete cadeau, sur mesure<\/p>","protected":false},"featured_media":903,"template":"","meta":[],"product_brand":[],"product_cat":[23,28],"product_tag":[],"class_list":{"0":"post-898","1":"product","2":"type-product","3":"status-publish","4":"has-post-thumbnail","6":"product_cat-wholesale-flatware","7":"product_cat-childrens-cutlery-set-wholesale","9":"first","10":"instock","11":"shipping-taxable","12":"product-type-simple"},"_links":{"self":[{"href":"https:\/\/www.mcallenflatware.com\/fr\/wp-json\/wp\/v2\/product\/898","targetHints":{"allow":["GET"]}}],"collection":[{"href":"https:\/\/www.mcallenflatware.com\/fr\/wp-json\/wp\/v2\/product"}],"about":[{"href":"https:\/\/www.mcallenflatware.com\/fr\/wp-json\/wp\/v2\/types\/product"}],"wp:featuredmedia":[{"embeddable":true,"href":"https:\/\/www.mcallenflatware.com\/fr\/wp-json\/wp\/v2\/media\/903"}],"wp:attachment":[{"href":"https:\/\/www.mcallenflatware.com\/fr\/wp-json\/wp\/v2\/media?parent=898"}],"wp:term":[{"taxonomy":"product_brand","embeddable":true,"href":"https:\/\/www.mcallenflatware.com\/fr\/wp-json\/wp\/v2\/product_brand?post=898"},{"taxonomy":"product_cat","embeddable":true,"href":"https:\/\/www.mcallenflatware.com\/fr\/wp-json\/wp\/v2\/product_cat?post=898"},{"taxonomy":"product_tag","embeddable":true,"href":"https:\/\/www.mcallenflatware.com\/fr\/wp-json\/wp\/v2\/product_tag?post=898"}],"curies":[{"name":"wp","href":"https:\/\/api.w.org\/{rel}","templated":true}]}}