{"id":899,"date":"2024-11-12T09:16:44","date_gmt":"2024-11-12T09:16:44","guid":{"rendered":"https:\/\/www.mcallenflatware.com\/?post_type=product&#038;p=899"},"modified":"2024-11-12T09:16:45","modified_gmt":"2024-11-12T09:16:45","slug":"stainless-steel-cooking-utensils-custom","status":"publish","type":"product","link":"https:\/\/www.mcallenflatware.com\/fr\/product\/stainless-steel-cooking-utensils-custom\/","title":{"rendered":"Ustensiles de cuisine en acier inoxydable Poign\u00e9e en bois 7 PCs Factory Direct"},"content":{"rendered":"<h2 class=\"wp-block-heading\">Ustensiles de cuisine en acier inoxydable Caract\u00e9ristiques :<\/h2>\n\n\n\n<div class=\"wp-block-columns is-layout-flex wp-container-core-columns-is-layout-9d6595d7 wp-block-columns-is-layout-flex\">\n<div class=\"wp-block-column is-layout-flow wp-block-column-is-layout-flow\" style=\"flex-basis:66.66%\">\n<p><strong>Mat\u00e9riau de haute qualit\u00e9<\/strong><br>Fabriqu\u00e9 en acier inoxydable, antirouille et durable, capable de r\u00e9sister \u00e0 une utilisation et \u00e0 un nettoyage fr\u00e9quents.<\/p>\n\n\n\n<p><strong>Facile \u00e0 nettoyer et \u00e0 entretenir<\/strong><br>Les propri\u00e9t\u00e9s de l'acier inoxydable le rendent r\u00e9sistant \u00e0 la chaleur et peuvent \u00eatre facilement nettoy\u00e9es au lave-vaisselle.<\/p>\n\n\n\n<p><strong>Ensemble multifonctionnel<\/strong><br>Le set contient 7 ustensiles de cuisine diff\u00e9rents, couvrant un large \u00e9ventail de besoins, de la cuisine de base \u00e0 la cuisine raffin\u00e9e, tels que la louche \u00e0 soupe, l'entonnoir, la spatule \u00e0 frire, le fouet, etc.<\/p>\n\n\n\n<p><strong>Gain de place<\/strong><br>Chaque ustensile de cuisine est dot\u00e9 de trous de rangement \u00e0 l'extr\u00e9mit\u00e9, ce qui permet de le ranger contre le mur et d'y acc\u00e9der facilement, pour une utilisation optimale de l'espace vertical.<\/p>\n\n\n\n<p><strong>Poign\u00e9es en bois<\/strong><br>Poign\u00e9es ergonomiques pour le confort et poign\u00e9es antid\u00e9rapantes pour la s\u00e9curit\u00e9.<\/p>\n\n\n\n<p><strong>Abordable<\/strong><br>Vente directe par le fabricant d'ustensiles de cuisine Mcallen, b\u00e9n\u00e9ficiez des meilleures remises pour les grosses commandes en gros personnalis\u00e9es.<\/p>\n<\/div>\n\n\n\n<div class=\"wp-block-column is-layout-flow wp-block-column-is-layout-flow\" style=\"flex-basis:33.33%\">\n<figure class=\"wp-block-image size-full\"><img decoding=\"async\" width=\"800\" height=\"800\" src=\"https:\/\/www.mcallenflatware.com\/wp-content\/uploads\/2024\/11\/Custom-Cooking-Utensils-.webp\" alt=\"Ustensiles de cuisine sur mesure\" class=\"wp-image-915\" srcset=\"https:\/\/www.mcallenflatware.com\/wp-content\/uploads\/2024\/11\/Custom-Cooking-Utensils-.webp 800w, https:\/\/www.mcallenflatware.com\/wp-content\/uploads\/2024\/11\/Custom-Cooking-Utensils--150x150.webp 150w, https:\/\/www.mcallenflatware.com\/wp-content\/uploads\/2024\/11\/Custom-Cooking-Utensils--768x768.webp 768w, https:\/\/www.mcallenflatware.com\/wp-content\/uploads\/2024\/11\/Custom-Cooking-Utensils--600x600.webp 600w, https:\/\/www.mcallenflatware.com\/wp-content\/uploads\/2024\/11\/Custom-Cooking-Utensils--300x300.webp 300w, https:\/\/www.mcallenflatware.com\/wp-content\/uploads\/2024\/11\/Custom-Cooking-Utensils--100x100.webp 100w\" sizes=\"(max-width: 800px) 100vw, 800px\" \/><\/figure>\n<\/div>\n<\/div>","protected":false},"excerpt":{"rendered":"<p>Cet ensemble d'outils de cuisine personnalis\u00e9 de 7 pi\u00e8ces est fabriqu\u00e9 en acier inoxydable de haute qualit\u00e9, durable et r\u00e9sistant. Cet ensemble d'ustensiles de cuisine multifonctionnel comprend divers outils tels qu'une spatule \u00e0 frire, un entonnoir, une louche \u00e0 soupe, etc. Il r\u00e9pond \u00e0 vos diff\u00e9rents besoins en mati\u00e8re de cuisine, ce qui est id\u00e9al pour les entreprises de restauration et les cuisines familiales, et permet une personnalisation en vrac.<\/p>\n<h2>Ustensiles de cuisine Attributs<\/h2>\n<p><strong>Nom de marque :<\/strong> Mcallen<br \/><strong>Type d'ustensile :<\/strong> spatules \u00e0 frire, cuill\u00e8res, louches, fourchettes, etc.<br \/><strong>Mat\u00e9riau :<\/strong> Acier inoxydable<br \/><strong>Couleur :<\/strong> Or, argent ou personnalis\u00e9<br \/><strong>Polissage :<\/strong> Miroir poli<br \/><strong>Conception de la poign\u00e9e :<\/strong> Poign\u00e9e en bois<br \/><strong>D\u00e9lai d'ex\u00e9cution de l'\u00e9chantillon :<\/strong> Dans les 3 jours<br \/><strong>OEM\/ODM :<\/strong> Disponible<\/p>\n<h2>Ustensiles de cuisine personnalis\u00e9s :<\/h2>\n<p><strong>Acier inoxydable :<\/strong>\u00a0Acier inoxydable 18\/10, 304, 316, 410, 430, 420<br \/><strong>Logo :<\/strong>\u00a0Gravure laser, s\u00e9rigraphie, impression UV, impression par transfert thermique, gaufrage, etc.<br \/><strong>Finitions de surface :<\/strong>\u00a0Poli miroir, mat<br \/><b>Poign\u00e9e :<\/b>\u00a0Poign\u00e9es en acier inoxydable, en bois ou en silicone.<br \/><strong>Emballage :<\/strong>\u00a0En vrac, sac opp, bo\u00eete de couleur, ou sur mesure<\/p>","protected":false},"featured_media":915,"template":"","meta":[],"product_brand":[],"product_cat":[24,33],"product_tag":[],"class_list":{"0":"post-899","1":"product","2":"type-product","3":"status-publish","4":"has-post-thumbnail","6":"product_cat-wholesale-kitchen-utensils","7":"product_cat-wholesale-cooking-utensils","9":"first","10":"instock","11":"shipping-taxable","12":"product-type-simple"},"_links":{"self":[{"href":"https:\/\/www.mcallenflatware.com\/fr\/wp-json\/wp\/v2\/product\/899","targetHints":{"allow":["GET"]}}],"collection":[{"href":"https:\/\/www.mcallenflatware.com\/fr\/wp-json\/wp\/v2\/product"}],"about":[{"href":"https:\/\/www.mcallenflatware.com\/fr\/wp-json\/wp\/v2\/types\/product"}],"wp:featuredmedia":[{"embeddable":true,"href":"https:\/\/www.mcallenflatware.com\/fr\/wp-json\/wp\/v2\/media\/915"}],"wp:attachment":[{"href":"https:\/\/www.mcallenflatware.com\/fr\/wp-json\/wp\/v2\/media?parent=899"}],"wp:term":[{"taxonomy":"product_brand","embeddable":true,"href":"https:\/\/www.mcallenflatware.com\/fr\/wp-json\/wp\/v2\/product_brand?post=899"},{"taxonomy":"product_cat","embeddable":true,"href":"https:\/\/www.mcallenflatware.com\/fr\/wp-json\/wp\/v2\/product_cat?post=899"},{"taxonomy":"product_tag","embeddable":true,"href":"https:\/\/www.mcallenflatware.com\/fr\/wp-json\/wp\/v2\/product_tag?post=899"}],"curies":[{"name":"wp","href":"https:\/\/api.w.org\/{rel}","templated":true}]}}