{"id":905,"date":"2024-11-11T10:47:44","date_gmt":"2024-11-11T10:47:44","guid":{"rendered":"https:\/\/www.mcallenflatware.com\/?post_type=product&#038;p=905"},"modified":"2025-11-24T04:11:11","modified_gmt":"2025-11-24T04:11:11","slug":"bulk-childrens-cutlery-set","status":"publish","type":"product","link":"https:\/\/www.mcallenflatware.com\/fr\/product\/bulk-childrens-cutlery-set\/","title":{"rendered":"Couverts pour enfants en acier inoxydable avec poign\u00e9e en silicone pour blocs de jouets"},"content":{"rendered":"<h2 class=\"wp-block-heading\">Set de couverts pour enfants Caract\u00e9ristiques :<\/h2>\n\n\n\n<div class=\"wp-block-columns is-layout-flex wp-container-core-columns-is-layout-9d6595d7 wp-block-columns-is-layout-flex\">\n<div class=\"wp-block-column is-layout-flow wp-block-column-is-layout-flow\" style=\"flex-basis:66.66%\">\n<p><strong>Poign\u00e9e mignonne, conception empilable<\/strong><br>La poign\u00e9e est con\u00e7ue avec des blocs de construction, des couleurs vives, et peut \u00eatre empil\u00e9e, ce qui est pratique pour le camping.<br>Antid\u00e9rapant et mignon, il peut attirer l'attention des enfants et constitue l'un des styles les plus populaires.<\/p>\n\n\n\n<p><strong>Design \u00e0 bord arrondi<\/strong><br>Le couteau, la fourchette et la cuill\u00e8re sont con\u00e7us avec des bords ronds, sans ar\u00eates vives, pour \u00e9viter de blesser les enfants et garantir la s\u00e9curit\u00e9 des repas.<\/p>\n\n\n\n<p><strong>Mat\u00e9riau sain et \u00e9cologique<\/strong><br>Le mat\u00e9riau de haute qualit\u00e9 en acier inoxydable 304 est sans danger pour les enfants, durable et respectueux de l'environnement.<\/p>\n\n\n\n<p><strong>Facile \u00e0 nettoyer<br><\/strong>Le traitement lisse comme un miroir de cet acier inoxydable facilite le nettoyage et permet de le laver en machine.<\/p>\n\n\n\n<p><strong>Service OEM\/ODM <\/strong><br>Nous acceptons tous les partenaires OEM\/ODM et personnalisons les produits en fonction de vos besoins.<\/p>\n<\/div>\n\n\n\n<div class=\"wp-block-column is-layout-flow wp-block-column-is-layout-flow\" style=\"flex-basis:33.33%\">\n<figure class=\"wp-block-image size-full\"><img decoding=\"async\" width=\"1200\" height=\"1386\" src=\"https:\/\/www.mcallenflatware.com\/wp-content\/uploads\/2024\/11\/Bulk-Childrens-Cutlery-Set-6.webp\" alt=\"Bulk Childrens Cutlery Set 6\" class=\"wp-image-913\" srcset=\"https:\/\/www.mcallenflatware.com\/wp-content\/uploads\/2024\/11\/Bulk-Childrens-Cutlery-Set-6.webp 1200w, https:\/\/www.mcallenflatware.com\/wp-content\/uploads\/2024\/11\/Bulk-Childrens-Cutlery-Set-6-768x887.webp 768w, https:\/\/www.mcallenflatware.com\/wp-content\/uploads\/2024\/11\/Bulk-Childrens-Cutlery-Set-6-600x693.webp 600w\" sizes=\"(max-width: 1200px) 100vw, 1200px\" \/><\/figure>\n<\/div>\n<\/div>\n\n\n\n<p><\/p>","protected":false},"excerpt":{"rendered":"<p>Couverts pour enfants personnalis\u00e9s, avec manche en forme de bloc de construction empilable et bo\u00eete de rangement, adapt\u00e9s aux voyages en camping. Riche en couleurs et en mat\u00e9riaux s\u00fbrs, il s'agit d'un couvert pour enfants qui se vend tr\u00e8s bien. N'h\u00e9sitez pas \u00e0 nous consulter pour obtenir un devis gratuit.<\/p>\n<h2>Set de couverts pour enfants Attributs<\/h2>\n<p><strong>Nom de marque :<\/strong> Mcallen<br \/><strong>Mat\u00e9riau :<\/strong> Acier inoxydable<br \/><strong>Couleur :<\/strong> Argent, poign\u00e9e color\u00e9e<br \/><strong>Polissage :<\/strong> Miroir poli<br \/><strong>Conception :<\/strong> Poign\u00e9e de bloc de construction mignonne<br \/><strong>D\u00e9lai d'ex\u00e9cution de l'\u00e9chantillon :<\/strong> Dans les 3 jours<br \/><strong>OEM\/ODM :<\/strong> Disponible<\/p>\n<h2>Set de couverts pour enfants personnalis\u00e9 :<\/h2>\n<p><strong>Acier inoxydable :<\/strong> Acier inoxydable 18\/10, 304, 316, 410, 430, 420<br \/><strong>Logo :<\/strong> Gravure laser, s\u00e9rigraphie, impression UV, impression par transfert thermique, gaufrage, etc.<br \/><strong>Emballage :<\/strong> 4\/8\/12\/16\/20\/24\/45\/48\/72pcs set<br \/><strong>Finitions de surface :<\/strong> Poli miroir, mat, poli \u00e0 l'eau, rev\u00eatement titane<br \/><strong>Emballage :<\/strong> Vrac, sac opp, bo\u00eete de couleur, bo\u00eete cadeau, sur mesure<\/p>","protected":false},"featured_media":911,"template":"","meta":[],"product_brand":[],"product_cat":[23,28],"product_tag":[],"class_list":{"0":"post-905","1":"product","2":"type-product","3":"status-publish","4":"has-post-thumbnail","6":"product_cat-wholesale-flatware","7":"product_cat-childrens-cutlery-set-wholesale","9":"first","10":"instock","11":"shipping-taxable","12":"product-type-simple"},"_links":{"self":[{"href":"https:\/\/www.mcallenflatware.com\/fr\/wp-json\/wp\/v2\/product\/905","targetHints":{"allow":["GET"]}}],"collection":[{"href":"https:\/\/www.mcallenflatware.com\/fr\/wp-json\/wp\/v2\/product"}],"about":[{"href":"https:\/\/www.mcallenflatware.com\/fr\/wp-json\/wp\/v2\/types\/product"}],"wp:featuredmedia":[{"embeddable":true,"href":"https:\/\/www.mcallenflatware.com\/fr\/wp-json\/wp\/v2\/media\/911"}],"wp:attachment":[{"href":"https:\/\/www.mcallenflatware.com\/fr\/wp-json\/wp\/v2\/media?parent=905"}],"wp:term":[{"taxonomy":"product_brand","embeddable":true,"href":"https:\/\/www.mcallenflatware.com\/fr\/wp-json\/wp\/v2\/product_brand?post=905"},{"taxonomy":"product_cat","embeddable":true,"href":"https:\/\/www.mcallenflatware.com\/fr\/wp-json\/wp\/v2\/product_cat?post=905"},{"taxonomy":"product_tag","embeddable":true,"href":"https:\/\/www.mcallenflatware.com\/fr\/wp-json\/wp\/v2\/product_tag?post=905"}],"curies":[{"name":"wp","href":"https:\/\/api.w.org\/{rel}","templated":true}]}}