{"id":906,"date":"2024-11-12T04:14:27","date_gmt":"2024-11-12T04:14:27","guid":{"rendered":"https:\/\/www.mcallenflatware.com\/?post_type=product&#038;p=906"},"modified":"2024-11-12T04:14:27","modified_gmt":"2024-11-12T04:14:27","slug":"wholesale-cooking-utensils-set","status":"publish","type":"product","link":"https:\/\/www.mcallenflatware.com\/fr\/product\/wholesale-cooking-utensils-set\/","title":{"rendered":"Set d'ustensiles de cuisine en acier inoxydable non toxique Wholesale Cooking Utensils Set of Stainless Steel Non Toxic Kitchen Utensils"},"content":{"rendered":"<h2 class=\"wp-block-heading\">Ensemble d'ustensiles de cuisine Caract\u00e9ristiques :<\/h2>\n\n\n\n<div class=\"wp-block-columns is-layout-flex wp-container-core-columns-is-layout-9d6595d7 wp-block-columns-is-layout-flex\">\n<div class=\"wp-block-column is-layout-flow wp-block-column-is-layout-flow\" style=\"flex-basis:66.66%\">\n<p><strong>Acier inoxydable durable<\/strong><br>Fabriqu\u00e9 en acier inoxydable de qualit\u00e9 alimentaire, s\u00fbr et non toxique, avec une excellente r\u00e9sistance \u00e0 l'usure pour une utilisation \u00e0 long terme.<\/p>\n\n\n\n<p><strong>Facile \u00e0 nettoyer<\/strong><br>Surface lisse et polie des ustensiles de cuisine, facile \u00e0 nettoyer, lavable au lave-vaisselle.<\/p>\n\n\n\n<p><strong>Anneau de stockage en bout de ligne<\/strong><br>Chaque ustensile de cuisine est \u00e9quip\u00e9 d'un trou de rangement \u00e0 l'extr\u00e9mit\u00e9, ce qui permet de le suspendre au mur pour le ranger et d'am\u00e9liorer l'utilisation de l'espace dans la cuisine.<\/p>\n\n\n\n<p><strong>Poign\u00e9e antid\u00e9rapante<\/strong><br>Poign\u00e9e ergonomique, confortable et s\u00fbre.<\/p>\n\n\n\n<p><strong>Un choix polyvalent<\/strong><br>Mcallen propose diff\u00e9rents types de spatules, cuill\u00e8res \u00e0 soupe, passoires, spatules pleines et perfor\u00e9es, spatules pour po\u00eales \u00e0 frire, fourchettes \u00e0 p\u00e2tes, batteurs d'\u0153ufs et fourchettes. Prise en charge de la personnalisation en vrac.<\/p>\n<\/div>\n\n\n\n<div class=\"wp-block-column is-layout-flow wp-block-column-is-layout-flow\" style=\"flex-basis:33.33%\">\n<figure class=\"wp-block-image size-full\"><img decoding=\"async\" width=\"800\" height=\"800\" src=\"https:\/\/www.mcallenflatware.com\/wp-content\/uploads\/2024\/11\/Wholesale-Cooking-Utensils.webp\" alt=\"Commerce de gros - ustensiles de cuisine\" class=\"wp-image-907\" srcset=\"https:\/\/www.mcallenflatware.com\/wp-content\/uploads\/2024\/11\/Wholesale-Cooking-Utensils.webp 800w, https:\/\/www.mcallenflatware.com\/wp-content\/uploads\/2024\/11\/Wholesale-Cooking-Utensils-150x150.webp 150w, https:\/\/www.mcallenflatware.com\/wp-content\/uploads\/2024\/11\/Wholesale-Cooking-Utensils-768x768.webp 768w, https:\/\/www.mcallenflatware.com\/wp-content\/uploads\/2024\/11\/Wholesale-Cooking-Utensils-600x600.webp 600w, https:\/\/www.mcallenflatware.com\/wp-content\/uploads\/2024\/11\/Wholesale-Cooking-Utensils-300x300.webp 300w, https:\/\/www.mcallenflatware.com\/wp-content\/uploads\/2024\/11\/Wholesale-Cooking-Utensils-100x100.webp 100w\" sizes=\"(max-width: 800px) 100vw, 800px\" \/><\/figure>\n<\/div>\n<\/div>","protected":false},"excerpt":{"rendered":"<p>Le set d'ustensiles de cuisine en gros Mcallen est fabriqu\u00e9 en acier inoxydable de qualit\u00e9 alimentaire, s\u00fbr, non toxique et durable. L'ensemble comprend une vari\u00e9t\u00e9 d'outils tels que des spatules, des passoires, des cuill\u00e8res \u00e0 soupe, etc. pour r\u00e9pondre aux diff\u00e9rents besoins de la cuisine. C'est le meilleur choix pour les cuisines domestiques et l'industrie de la restauration, \u00e0 acheter en gros !<\/p>\n<h2>Set d'ustensiles de cuisine Attributs<\/h2>\n<p><strong>Nom de marque :<\/strong> Mcallen<br \/><strong>Type d'ustensile :<\/strong> spatules, cuill\u00e8res \u00e0 soupe, passoires, fourchettes \u00e0 p\u00e2tes, etc.<br \/><strong>Mat\u00e9riau :<\/strong> Acier inoxydable<br \/><strong>Couleur :<\/strong> Or, argent ou personnalis\u00e9<br \/><strong>Polissage :<\/strong> Miroir poli, mat<br \/><strong>Conception de la poign\u00e9e :<\/strong> Poign\u00e9e en acier antid\u00e9rapante<br \/><strong>D\u00e9lai d'ex\u00e9cution de l'\u00e9chantillon :<\/strong> Dans les 3 jours<br \/><strong>OEM\/ODM :<\/strong> Disponible<\/p>\n<h2>Set d'ustensiles de cuisine personnalis\u00e9 :<\/h2>\n<p><strong>Acier inoxydable :<\/strong> Acier inoxydable 18\/10, 304, 316, 410, 430, 420<br \/><strong>Logo :<\/strong> Gravure laser, s\u00e9rigraphie, impression UV, impression par transfert thermique, gaufrage, etc.<br \/><strong>Finitions de surface :<\/strong> Poli miroir, mat<br \/><b>Poign\u00e9e :<\/b>\u00a0Poign\u00e9es en acier inoxydable, en bois ou en silicone.<br \/><strong>Emballage :<\/strong> En vrac, sac opp, bo\u00eete de couleur, ou sur mesure<\/p>","protected":false},"featured_media":907,"template":"","meta":[],"product_brand":[],"product_cat":[24,33],"product_tag":[],"class_list":{"0":"post-906","1":"product","2":"type-product","3":"status-publish","4":"has-post-thumbnail","6":"product_cat-wholesale-kitchen-utensils","7":"product_cat-wholesale-cooking-utensils","9":"first","10":"instock","11":"shipping-taxable","12":"product-type-simple"},"_links":{"self":[{"href":"https:\/\/www.mcallenflatware.com\/fr\/wp-json\/wp\/v2\/product\/906","targetHints":{"allow":["GET"]}}],"collection":[{"href":"https:\/\/www.mcallenflatware.com\/fr\/wp-json\/wp\/v2\/product"}],"about":[{"href":"https:\/\/www.mcallenflatware.com\/fr\/wp-json\/wp\/v2\/types\/product"}],"wp:featuredmedia":[{"embeddable":true,"href":"https:\/\/www.mcallenflatware.com\/fr\/wp-json\/wp\/v2\/media\/907"}],"wp:attachment":[{"href":"https:\/\/www.mcallenflatware.com\/fr\/wp-json\/wp\/v2\/media?parent=906"}],"wp:term":[{"taxonomy":"product_brand","embeddable":true,"href":"https:\/\/www.mcallenflatware.com\/fr\/wp-json\/wp\/v2\/product_brand?post=906"},{"taxonomy":"product_cat","embeddable":true,"href":"https:\/\/www.mcallenflatware.com\/fr\/wp-json\/wp\/v2\/product_cat?post=906"},{"taxonomy":"product_tag","embeddable":true,"href":"https:\/\/www.mcallenflatware.com\/fr\/wp-json\/wp\/v2\/product_tag?post=906"}],"curies":[{"name":"wp","href":"https:\/\/api.w.org\/{rel}","templated":true}]}}