{"id":914,"date":"2024-11-12T03:03:42","date_gmt":"2024-11-12T03:03:42","guid":{"rendered":"https:\/\/www.mcallenflatware.com\/?post_type=product&#038;p=914"},"modified":"2025-11-24T04:10:15","modified_gmt":"2025-11-24T04:10:15","slug":"childrens-cutlery-wholesale","status":"publish","type":"product","link":"https:\/\/www.mcallenflatware.com\/fr\/product\/childrens-cutlery-wholesale\/","title":{"rendered":"Wholesale Children's Cutlery Stainless Steel with Cute Handle (Couverts pour enfants en acier inoxydable avec poign\u00e9e mignonne)"},"content":{"rendered":"<h2 class=\"wp-block-heading\">Couverts pour enfants Caract\u00e9ristiques :<\/h2>\n\n\n\n<div class=\"wp-block-columns is-layout-flex wp-container-core-columns-is-layout-9d6595d7 wp-block-columns-is-layout-flex\">\n<div class=\"wp-block-column is-layout-flow wp-block-column-is-layout-flow\" style=\"flex-basis:66.66%\">\n<p><strong>Acier inoxydable non toxique et respectueux de l'environnement<\/strong><br>Fabriqu\u00e9 en acier inoxydable de qualit\u00e9 alimentaire, s\u00fbr, non toxique, r\u00e9sistant \u00e0 l'usure, adapt\u00e9 aux enfants.<\/p>\n\n\n\n<p><strong>Conception s\u00fbre \u00e0 bord arrondi<\/strong><br>Toutes les fourchettes et cuill\u00e8res sont con\u00e7ues avec des bords ronds pour \u00e9viter les rayures. Elles sont plus s\u00fbres \u00e0 utiliser et con\u00e7ues pour les enfants.<\/p>\n\n\n\n<p><strong>Design mignon<\/strong><br>La poign\u00e9e en forme d'animal girafe est color\u00e9e et appr\u00e9ci\u00e9e des enfants, ce qui attire l'attention de l'utilisateur.<\/p>\n\n\n\n<p><strong>Poign\u00e9e antid\u00e9rapante<\/strong><br>Le mat\u00e9riau utilis\u00e9 pour la poign\u00e9e est confortable et facile \u00e0 tenir. Elle tient parfaitement dans la petite paume de l'enfant, elle est stable et aide les enfants \u00e0 apprendre \u00e0 manger de mani\u00e8re autonome.<\/p>\n\n\n\n<p><strong>Facile \u00e0 nettoyer<\/strong><br>L'acier inoxydable est facile \u00e0 nettoyer et peut \u00eatre mis au lave-vaisselle.<\/p>\n\n\n\n<p><strong>L\u00e9ger et portable<\/strong><br>\u00c9quip\u00e9e d'une bo\u00eete pratique, la vaisselle est l\u00e9g\u00e8re et facile \u00e0 transporter. Elle convient \u00e0 la maison, \u00e0 l'\u00e9cole et aux repas en plein air.<\/p>\n<\/div>\n\n\n\n<div class=\"wp-block-column is-layout-flow wp-block-column-is-layout-flow\" style=\"flex-basis:33.33%\">\n<figure class=\"wp-block-image size-full\"><img decoding=\"async\" width=\"709\" height=\"812\" src=\"https:\/\/www.mcallenflatware.com\/wp-content\/uploads\/2024\/11\/Wholesale-Childrens-Cutlery-1.webp\" alt=\"Couverts pour enfants en gros 1\" class=\"wp-image-917\" srcset=\"https:\/\/www.mcallenflatware.com\/wp-content\/uploads\/2024\/11\/Wholesale-Childrens-Cutlery-1.webp 709w, https:\/\/www.mcallenflatware.com\/wp-content\/uploads\/2024\/11\/Wholesale-Childrens-Cutlery-1-600x687.webp 600w\" sizes=\"(max-width: 709px) 100vw, 709px\" \/><\/figure>\n<\/div>\n<\/div>\n\n\n\n<p><\/p>","protected":false},"excerpt":{"rendered":"<p>Ces couverts pour enfants sont dot\u00e9s d'une poign\u00e9e mignonne, ce qui rend les repas des enfants encore plus amusants. Le bord arrondi et la poign\u00e9e antid\u00e9rapante garantissent une utilisation s\u00fbre et confortable. L\u00e9gers et portables, ils conviennent \u00e0 une utilisation quotidienne et sont un choix id\u00e9al pour les repas des enfants.<\/p>\n<h2>Attributs des couverts pour enfants<\/h2>\n<p><strong>Nom de marque :<\/strong> Mcallen<br \/><strong>Mat\u00e9riau :<\/strong> Acier inoxydable<br \/><strong>Couleur :<\/strong> Argent, poign\u00e9e color\u00e9e<br \/><strong>Polissage :<\/strong> Miroir poli<br \/><strong>Conception<\/strong><strong>:<\/strong> Mignon, avec poign\u00e9e en forme d'animal<br \/><strong>D\u00e9lai d'ex\u00e9cution de l'\u00e9chantillon :<\/strong> Dans les 3 jours<br \/><strong>OEM\/ODM :<\/strong> Disponible<\/p>\n<h2>Couverts pour enfants personnalis\u00e9s :<\/h2>\n<p><strong>Acier inoxydable :<\/strong> Acier inoxydable 18\/10, 304, 316, 410, 430, 420<br \/><strong>Logo :<\/strong> Gravure laser, s\u00e9rigraphie, impression UV, impression par transfert thermique, gaufrage, etc.<br \/><strong>Emballage :<\/strong> 4\/8\/12\/16\/20\/24\/45\/48\/72pcs set<br \/><strong>Finitions de surface :<\/strong> Poli miroir, mat, poli \u00e0 l'eau, rev\u00eatement titane<br \/><strong>Emballage :<\/strong> Vrac, sac opp, bo\u00eete de couleur, bo\u00eete cadeau, sur mesure<\/p>","protected":false},"featured_media":917,"template":"","meta":[],"product_brand":[],"product_cat":[23,28],"product_tag":[],"class_list":{"0":"post-914","1":"product","2":"type-product","3":"status-publish","4":"has-post-thumbnail","6":"product_cat-wholesale-flatware","7":"product_cat-childrens-cutlery-set-wholesale","9":"first","10":"instock","11":"shipping-taxable","12":"product-type-simple"},"_links":{"self":[{"href":"https:\/\/www.mcallenflatware.com\/fr\/wp-json\/wp\/v2\/product\/914","targetHints":{"allow":["GET"]}}],"collection":[{"href":"https:\/\/www.mcallenflatware.com\/fr\/wp-json\/wp\/v2\/product"}],"about":[{"href":"https:\/\/www.mcallenflatware.com\/fr\/wp-json\/wp\/v2\/types\/product"}],"wp:featuredmedia":[{"embeddable":true,"href":"https:\/\/www.mcallenflatware.com\/fr\/wp-json\/wp\/v2\/media\/917"}],"wp:attachment":[{"href":"https:\/\/www.mcallenflatware.com\/fr\/wp-json\/wp\/v2\/media?parent=914"}],"wp:term":[{"taxonomy":"product_brand","embeddable":true,"href":"https:\/\/www.mcallenflatware.com\/fr\/wp-json\/wp\/v2\/product_brand?post=914"},{"taxonomy":"product_cat","embeddable":true,"href":"https:\/\/www.mcallenflatware.com\/fr\/wp-json\/wp\/v2\/product_cat?post=914"},{"taxonomy":"product_tag","embeddable":true,"href":"https:\/\/www.mcallenflatware.com\/fr\/wp-json\/wp\/v2\/product_tag?post=914"}],"curies":[{"name":"wp","href":"https:\/\/api.w.org\/{rel}","templated":true}]}}