{"id":918,"date":"2024-11-12T09:52:26","date_gmt":"2024-11-12T09:52:26","guid":{"rendered":"https:\/\/www.mcallenflatware.com\/?post_type=product&#038;p=918"},"modified":"2024-11-12T09:52:28","modified_gmt":"2024-11-12T09:52:28","slug":"bulk-serving-utensils","status":"publish","type":"product","link":"https:\/\/www.mcallenflatware.com\/fr\/product\/bulk-serving-utensils\/","title":{"rendered":"Ustensiles de service en acier inoxydable en vrac 6 pi\u00e8ces Glod Colorful Set"},"content":{"rendered":"<h2 class=\"wp-block-heading\">Ustensiles de service Caract\u00e9ristiques :<\/h2>\n\n\n\n<div class=\"wp-block-columns is-layout-flex wp-container-core-columns-is-layout-9d6595d7 wp-block-columns-is-layout-flex\">\n<div class=\"wp-block-column is-layout-flow wp-block-column-is-layout-flow\" style=\"flex-basis:66.66%\">\n<p><strong>Set d'ustensiles de service 6 pi\u00e8ces<\/strong><br>L'ensemble comprend 1 spatule \u00e0 g\u00e2teau, 1 spatule \u00e0 fente, 1 cuill\u00e8re de service, 1 fourchette \u00e0 charcuterie, 1 couteau \u00e0 beurre, 1 louche \u00e0 soupe.<\/p>\n\n\n\n<p><strong>Design minimaliste et \u00e9l\u00e9gant<\/strong><br>Lignes simples et modernes, surface polie et brillante, adapt\u00e9e \u00e0 un usage quotidien.<\/p>\n\n\n\n<p><strong>Acier inoxydable de haute qualit\u00e9<\/strong><br>Fabriqu\u00e9 en acier inoxydable de qualit\u00e9 alimentaire, durable et antirouille pour une utilisation \u00e0 long terme.<\/p>\n\n\n\n<p><strong>Large \u00e9ventail d'applications<\/strong><br>Qu'il s'agisse d'une r\u00e9union de famille, d'une f\u00eate, d'une caf\u00e9t\u00e9ria ou d'une cuisine professionnelle, cet ensemble permet une utilisation efficace.<\/p>\n\n\n\n<p><strong>Facile \u00e0 nettoyer<\/strong><br>La surface lisse est facile \u00e0 nettoyer et peut \u00eatre mise directement au lave-vaisselle pour un nettoyage en profondeur.<\/p>\n\n\n\n<p><strong>Plusieurs options de couleurs<\/strong><br>L'or, l'argent, l'or rose et la galvanoplastie offrent de nombreuses options de couleurs, permettant aux utilisateurs de choisir en fonction de leurs pr\u00e9f\u00e9rences personnelles ou du style de leur cuisine.<\/p>\n<\/div>\n\n\n\n<div class=\"wp-block-column is-layout-flow wp-block-column-is-layout-flow\" style=\"flex-basis:33.33%\">\n<figure class=\"wp-block-image size-full\"><img decoding=\"async\" width=\"1335\" height=\"1432\" src=\"https:\/\/www.mcallenflatware.com\/wp-content\/uploads\/2024\/11\/Bulk-Serving-Utensils1-1.webp\" alt=\"Ustensiles de service en vrac1) (1)\" class=\"wp-image-920\" srcset=\"https:\/\/www.mcallenflatware.com\/wp-content\/uploads\/2024\/11\/Bulk-Serving-Utensils1-1.webp 1335w, https:\/\/www.mcallenflatware.com\/wp-content\/uploads\/2024\/11\/Bulk-Serving-Utensils1-1-768x824.webp 768w, https:\/\/www.mcallenflatware.com\/wp-content\/uploads\/2024\/11\/Bulk-Serving-Utensils1-1-1200x1287.webp 1200w, https:\/\/www.mcallenflatware.com\/wp-content\/uploads\/2024\/11\/Bulk-Serving-Utensils1-1-600x644.webp 600w\" sizes=\"(max-width: 1335px) 100vw, 1335px\" \/><\/figure>\n<\/div>\n<\/div>","protected":false},"excerpt":{"rendered":"<p>Les ustensiles de service en acier inoxydable comprennent 6 pi\u00e8ces de base, adapt\u00e9es aux g\u00e2teaux, aux fromages et aux desserts. Disponibles dans une vari\u00e9t\u00e9 de couleurs et d'options personnalis\u00e9es. Vente directe \u00e0 l'usine, prise en charge des achats en gros et des services de commerce \u00e9lectronique d'Amazon. N'h\u00e9sitez pas \u00e0 nous contacter pour toute demande de renseignements.<\/p>\n<h2>Ustensiles de service Attributs<\/h2>\n<p><strong>Nom de marque :<\/strong> Mcallen<br \/><strong>Mat\u00e9riau :<\/strong> Acier inoxydable<br \/><strong>Couleur :<\/strong> Or, argent ou personnalis\u00e9<br \/><strong>Polissage :<\/strong> Miroir poli<br \/><strong>D\u00e9lai d'ex\u00e9cution de l'\u00e9chantillon :<\/strong> Dans les 3 jours<br \/><strong>OEM\/ODM :<\/strong> Disponible<\/p>\n<h2>Ustensiles de service personnalis\u00e9s :<\/h2>\n<p><strong>Acier inoxydable :<\/strong> Acier inoxydable 18\/10, 304, 316, 410, 430, 420<br \/><strong>Logo :<\/strong> Gravure laser, s\u00e9rigraphie, impression UV, impression par transfert thermique, gaufrage, etc.<br \/><strong>Finitions de surface :<\/strong> Poli miroir, mat<br \/><strong>Emballage :<\/strong> Vrac, sac opp, bo\u00eete de couleur, sur mesure<\/p>","protected":false},"featured_media":923,"template":"","meta":[],"product_brand":[],"product_cat":[24,31],"product_tag":[],"class_list":{"0":"post-918","1":"product","2":"type-product","3":"status-publish","4":"has-post-thumbnail","6":"product_cat-wholesale-kitchen-utensils","7":"product_cat-wholesale-serving-utensils","9":"first","10":"instock","11":"shipping-taxable","12":"product-type-simple"},"_links":{"self":[{"href":"https:\/\/www.mcallenflatware.com\/fr\/wp-json\/wp\/v2\/product\/918","targetHints":{"allow":["GET"]}}],"collection":[{"href":"https:\/\/www.mcallenflatware.com\/fr\/wp-json\/wp\/v2\/product"}],"about":[{"href":"https:\/\/www.mcallenflatware.com\/fr\/wp-json\/wp\/v2\/types\/product"}],"wp:featuredmedia":[{"embeddable":true,"href":"https:\/\/www.mcallenflatware.com\/fr\/wp-json\/wp\/v2\/media\/923"}],"wp:attachment":[{"href":"https:\/\/www.mcallenflatware.com\/fr\/wp-json\/wp\/v2\/media?parent=918"}],"wp:term":[{"taxonomy":"product_brand","embeddable":true,"href":"https:\/\/www.mcallenflatware.com\/fr\/wp-json\/wp\/v2\/product_brand?post=918"},{"taxonomy":"product_cat","embeddable":true,"href":"https:\/\/www.mcallenflatware.com\/fr\/wp-json\/wp\/v2\/product_cat?post=918"},{"taxonomy":"product_tag","embeddable":true,"href":"https:\/\/www.mcallenflatware.com\/fr\/wp-json\/wp\/v2\/product_tag?post=918"}],"curies":[{"name":"wp","href":"https:\/\/api.w.org\/{rel}","templated":true}]}}