{"id":919,"date":"2024-11-11T11:09:53","date_gmt":"2024-11-11T11:09:53","guid":{"rendered":"https:\/\/www.mcallenflatware.com\/?post_type=product&#038;p=919"},"modified":"2024-11-12T18:23:46","modified_gmt":"2024-11-12T18:23:46","slug":"wholesale-flatware-sets-for-16","status":"publish","type":"product","link":"https:\/\/www.mcallenflatware.com\/fr\/product\/wholesale-flatware-sets-for-16\/","title":{"rendered":"Set de couverts en gros pour 16 en acier inoxydable avec bo\u00eete \u00e0 fen\u00eatre PC"},"content":{"rendered":"<h2 class=\"wp-block-heading\">Caract\u00e9ristiques des couverts pour 16 :<\/h2>\n\n\n\n<div class=\"wp-block-columns is-layout-flex wp-container-core-columns-is-layout-9d6595d7 wp-block-columns-is-layout-flex\">\n<div class=\"wp-block-column is-layout-flow wp-block-column-is-layout-flow\" style=\"flex-basis:66.66%\">\n<p><strong>Acier inoxydable de haute qualit\u00e9<\/strong><br>Fabriqu\u00e9 en acier inoxydable de haute qualit\u00e9, un mat\u00e9riau durable et \u00e9cologique, et certifi\u00e9 pour la s\u00e9curit\u00e9 alimentaire, il peut conserver sa brillance et sa qualit\u00e9 pendant longtemps.<\/p>\n\n\n\n<p><strong>Design classique, prise en main confortable<\/strong><br>Le design est moderne et \u00e9l\u00e9gant, et convient \u00e0 diverses occasions ou styles de table.<\/p>\n\n\n\n<p><strong>Emballage cadeau personnalisable<\/strong><br>Les couverts sont emball\u00e9s dans des bo\u00eetes exquises, avec une fen\u00eatre transparente en PC, qui permet de voir directement la qualit\u00e9 du produit ; ils conviennent aux cadeaux et aux ventes. Nous proposons un service complet de fabrication de couverts sur mesure OEM et ODM.<\/p>\n<\/div>\n\n\n\n<div class=\"wp-block-column is-layout-flow wp-block-column-is-layout-flow\" style=\"flex-basis:33.33%\">\n<figure class=\"wp-block-image size-full\"><img decoding=\"async\" width=\"750\" height=\"750\" src=\"https:\/\/www.mcallenflatware.com\/wp-content\/uploads\/2024\/11\/Wholesale-Flatware-Sets-for-16-5.webp\" alt=\"Set de couverts en gros pour 16 5\" class=\"wp-image-929\" srcset=\"https:\/\/www.mcallenflatware.com\/wp-content\/uploads\/2024\/11\/Wholesale-Flatware-Sets-for-16-5.webp 750w, https:\/\/www.mcallenflatware.com\/wp-content\/uploads\/2024\/11\/Wholesale-Flatware-Sets-for-16-5-150x150.webp 150w, https:\/\/www.mcallenflatware.com\/wp-content\/uploads\/2024\/11\/Wholesale-Flatware-Sets-for-16-5-600x600.webp 600w, https:\/\/www.mcallenflatware.com\/wp-content\/uploads\/2024\/11\/Wholesale-Flatware-Sets-for-16-5-300x300.webp 300w, https:\/\/www.mcallenflatware.com\/wp-content\/uploads\/2024\/11\/Wholesale-Flatware-Sets-for-16-5-100x100.webp 100w\" sizes=\"(max-width: 750px) 100vw, 750px\" \/><\/figure>\n<\/div>\n<\/div>","protected":false},"excerpt":{"rendered":"<p><span style=\"font-size: 16px;\">Les couverts en gros pour 16 personnes, fabriqu\u00e9s en acier inoxydable, sont disponibles avec des options de logo, d'emballage et de couleur personnalis\u00e9es. En provenance directe de l'usine, nous offrons des solutions OEM rentables et soutenons les services de commerce \u00e9lectronique d'Amazon. Meilleure remise pour les commandes importantes, n'h\u00e9sitez pas \u00e0 nous contacter !<\/span><\/p>\n<h2>Attributs des services de couverts pour 16 personnes\u00a0<\/h2>\n<p><strong>Nom de marque :<\/strong> Mcallen<br \/><strong>Mat\u00e9riau :<\/strong> Acier inoxydable<br \/><strong>Couleur :<\/strong>\u00a0 Argent\/Or\/Rose Gold\/Noir\/Arc-en-ciel<br \/><strong>Polissage :<\/strong> Miroir poli<br \/><strong>Style de conception :<\/strong> Classique<br \/><strong>D\u00e9lai d'ex\u00e9cution de l'\u00e9chantillon :<\/strong> Dans les 3 jours<br \/><strong>OEM\/ODM :<\/strong> Disponible<\/p>\n<h2>Couverts personnalis\u00e9s pour 16 :<\/h2>\n<p><strong>Acier inoxydable :<\/strong> Acier inoxydable 18\/10, 304, 316, 410, 430, 420<br \/><strong>Logo :<\/strong> Gravure laser, s\u00e9rigraphie, impression UV, impression par transfert thermique, gaufrage, etc.<br \/><strong>Emballage :<\/strong> 4\/8\/12\/16\/20\/24\/45\/48\/72pcs set<br \/><strong>Finitions de surface :<\/strong> Poli miroir, mat, poli \u00e0 l'eau, rev\u00eatement titane<br \/><strong>Emballage :<\/strong> Vrac, sac opp, bo\u00eete de couleur, bo\u00eete cadeau, sur mesure<\/p>","protected":false},"featured_media":926,"template":"","meta":[],"product_brand":[],"product_cat":[23,30],"product_tag":[],"class_list":{"0":"post-919","1":"product","2":"type-product","3":"status-publish","4":"has-post-thumbnail","6":"product_cat-wholesale-flatware","7":"product_cat-custom-cutlery-gift-set","9":"first","10":"instock","11":"shipping-taxable","12":"product-type-simple"},"_links":{"self":[{"href":"https:\/\/www.mcallenflatware.com\/fr\/wp-json\/wp\/v2\/product\/919","targetHints":{"allow":["GET"]}}],"collection":[{"href":"https:\/\/www.mcallenflatware.com\/fr\/wp-json\/wp\/v2\/product"}],"about":[{"href":"https:\/\/www.mcallenflatware.com\/fr\/wp-json\/wp\/v2\/types\/product"}],"wp:featuredmedia":[{"embeddable":true,"href":"https:\/\/www.mcallenflatware.com\/fr\/wp-json\/wp\/v2\/media\/926"}],"wp:attachment":[{"href":"https:\/\/www.mcallenflatware.com\/fr\/wp-json\/wp\/v2\/media?parent=919"}],"wp:term":[{"taxonomy":"product_brand","embeddable":true,"href":"https:\/\/www.mcallenflatware.com\/fr\/wp-json\/wp\/v2\/product_brand?post=919"},{"taxonomy":"product_cat","embeddable":true,"href":"https:\/\/www.mcallenflatware.com\/fr\/wp-json\/wp\/v2\/product_cat?post=919"},{"taxonomy":"product_tag","embeddable":true,"href":"https:\/\/www.mcallenflatware.com\/fr\/wp-json\/wp\/v2\/product_tag?post=919"}],"curies":[{"name":"wp","href":"https:\/\/api.w.org\/{rel}","templated":true}]}}