{"id":924,"date":"2024-11-12T10:54:35","date_gmt":"2024-11-12T10:54:35","guid":{"rendered":"https:\/\/www.mcallenflatware.com\/?post_type=product&#038;p=924"},"modified":"2024-11-12T13:14:24","modified_gmt":"2024-11-12T13:14:24","slug":"custom-cake-server","status":"publish","type":"product","link":"https:\/\/www.mcallenflatware.com\/fr\/product\/custom-cake-server\/","title":{"rendered":"Serveur \u00e0 g\u00e2teau personnalis\u00e9 pour mariage, anniversaire, couteau et service \u00e0 g\u00e2teau"},"content":{"rendered":"<h2 class=\"wp-block-heading\">Serveur \u00e0 g\u00e2teau Caract\u00e9ristiques :<\/h2>\n\n\n\n<div class=\"wp-block-columns is-layout-flex wp-container-core-columns-is-layout-9d6595d7 wp-block-columns-is-layout-flex\">\n<div class=\"wp-block-column is-layout-flow wp-block-column-is-layout-flow\" style=\"flex-basis:66.66%\">\n<p><strong>Serveur \u00e0 g\u00e2teaux minimaliste et \u00e9l\u00e9gant<\/strong><br>Design minimaliste et \u00e9l\u00e9gant, comprenant un couteau \u00e0 g\u00e2teau et une spatule \u00e0 g\u00e2teau, pouvant transf\u00e9rer en douceur des g\u00e2teaux de tailles et de types diff\u00e9rents, convenant aux g\u00e2teaux, au fromage, au pain, aux desserts, etc.<\/p>\n\n\n\n<p><strong>Mat\u00e9riaux de haute qualit\u00e9<\/strong><br>Fabriqu\u00e9 en acier inoxydable 304, robuste et durable, r\u00e9sistant \u00e0 la rouille et \u00e0 la corrosion, adapt\u00e9 \u00e0 une utilisation \u00e0 long terme.<\/p>\n\n\n\n<p><strong>Facile \u00e0 nettoyer<\/strong><br>Finition lisse pour un nettoyage facile, r\u00e9duit les r\u00e9sidus de taches, lavable au lave-vaisselle<\/p>\n\n\n\n<p><strong>Poign\u00e9e confortable<\/strong><br>Le manche est lisse et agr\u00e9able au toucher, ce qui rend chaque couvert agr\u00e9able \u00e0 tenir.<\/p>\n\n\n\n<p><strong>Convient \u00e0 de multiples occasions<\/strong><br>Particuli\u00e8rement adapt\u00e9 pour les mariages, les anniversaires, les f\u00eates et autres occasions o\u00f9 il faut d\u00e9couper et servir des g\u00e2teaux.<\/p>\n<\/div>\n\n\n\n<div class=\"wp-block-column is-layout-flow wp-block-column-is-layout-flow\" style=\"flex-basis:33.33%\">\n<figure class=\"wp-block-image size-full\"><img decoding=\"async\" width=\"800\" height=\"874\" src=\"https:\/\/www.mcallenflatware.com\/wp-content\/uploads\/2024\/11\/Wholesale-Cake-Serving-Set-1.webp\" alt=\"Lot de portions de g\u00e2teaux en gros (1)\" class=\"wp-image-931\" srcset=\"https:\/\/www.mcallenflatware.com\/wp-content\/uploads\/2024\/11\/Wholesale-Cake-Serving-Set-1.webp 800w, https:\/\/www.mcallenflatware.com\/wp-content\/uploads\/2024\/11\/Wholesale-Cake-Serving-Set-1-768x839.webp 768w, https:\/\/www.mcallenflatware.com\/wp-content\/uploads\/2024\/11\/Wholesale-Cake-Serving-Set-1-600x656.webp 600w\" sizes=\"(max-width: 800px) 100vw, 800px\" \/><\/figure>\n<\/div>\n<\/div>","protected":false},"excerpt":{"rendered":"<p>Con\u00e7u pour couper et servir les g\u00e2teaux, ce service \u00e0 g\u00e2teaux en deux parties comprend un couteau \u00e0 g\u00e2teaux et une pelle \u00e0 g\u00e2teaux. Fabriqu\u00e9 en acier inoxydable de haute qualit\u00e9, il est durable et facile \u00e0 nettoyer. Convient aux mariages, aux banquets et \u00e0 d'autres occasions. Peut \u00eatre personnalis\u00e9 et convient aux achats en gros.<\/p>\n<h2>Attributs du serveur de g\u00e2teau<\/h2>\n<p><strong>Nom de marque :<\/strong> Mcallen<br \/><strong>Mat\u00e9riau :<\/strong> Acier inoxydable<br \/><strong>Couleur :<\/strong> Or, argent, noir, rose ou personnalis\u00e9<br \/><strong>Polissage :<\/strong> Miroir poli\uff0cmatte<br \/><strong>D\u00e9lai d'ex\u00e9cution de l'\u00e9chantillon :<\/strong> Dans les 3 jours<br \/><strong>OEM\/ODM :<\/strong> Disponible<\/p>\n<h2>Serveur \u00e0 g\u00e2teau personnalis\u00e9 :<\/h2>\n<p><strong>Acier inoxydable :<\/strong> Acier inoxydable 18\/10, 304, 316, 410, 430, 420<br \/><strong>Logo :<\/strong> Gravure laser, s\u00e9rigraphie, impression UV, impression par transfert thermique, gaufrage, etc.<br \/><strong>Finitions de surface :<\/strong> Poli miroir, mat<br \/><strong>Emballage :<\/strong> Vrac, sac opp, bo\u00eete de couleur, bo\u00eete cadeau, sur mesure<\/p>","protected":false},"featured_media":932,"template":"","meta":[],"product_brand":[],"product_cat":[24,31],"product_tag":[],"class_list":{"0":"post-924","1":"product","2":"type-product","3":"status-publish","4":"has-post-thumbnail","6":"product_cat-wholesale-kitchen-utensils","7":"product_cat-wholesale-serving-utensils","9":"first","10":"instock","11":"shipping-taxable","12":"product-type-simple"},"_links":{"self":[{"href":"https:\/\/www.mcallenflatware.com\/fr\/wp-json\/wp\/v2\/product\/924","targetHints":{"allow":["GET"]}}],"collection":[{"href":"https:\/\/www.mcallenflatware.com\/fr\/wp-json\/wp\/v2\/product"}],"about":[{"href":"https:\/\/www.mcallenflatware.com\/fr\/wp-json\/wp\/v2\/types\/product"}],"wp:featuredmedia":[{"embeddable":true,"href":"https:\/\/www.mcallenflatware.com\/fr\/wp-json\/wp\/v2\/media\/932"}],"wp:attachment":[{"href":"https:\/\/www.mcallenflatware.com\/fr\/wp-json\/wp\/v2\/media?parent=924"}],"wp:term":[{"taxonomy":"product_brand","embeddable":true,"href":"https:\/\/www.mcallenflatware.com\/fr\/wp-json\/wp\/v2\/product_brand?post=924"},{"taxonomy":"product_cat","embeddable":true,"href":"https:\/\/www.mcallenflatware.com\/fr\/wp-json\/wp\/v2\/product_cat?post=924"},{"taxonomy":"product_tag","embeddable":true,"href":"https:\/\/www.mcallenflatware.com\/fr\/wp-json\/wp\/v2\/product_tag?post=924"}],"curies":[{"name":"wp","href":"https:\/\/api.w.org\/{rel}","templated":true}]}}