{"id":930,"date":"2024-11-11T12:02:44","date_gmt":"2024-11-11T12:02:44","guid":{"rendered":"https:\/\/www.mcallenflatware.com\/?post_type=product&#038;p=930"},"modified":"2024-11-11T12:03:04","modified_gmt":"2024-11-11T12:03:04","slug":"bulk-20-pc-flatware-set","status":"publish","type":"product","link":"https:\/\/www.mcallenflatware.com\/fr\/product\/bulk-20-pc-flatware-set\/","title":{"rendered":"Bulk 20 PC Flatware Set Sliver Glod Stainless Steel"},"content":{"rendered":"<h2 class=\"wp-block-heading\">Caract\u00e9ristiques de l'ensemble de couverts 20 PC :<\/h2>\n\n\n\n<div class=\"wp-block-columns is-layout-flex wp-container-core-columns-is-layout-9d6595d7 wp-block-columns-is-layout-flex\">\n<div class=\"wp-block-column is-layout-flow wp-block-column-is-layout-flow\" style=\"flex-basis:66.66%\">\n<p><strong>Service de couverts complet<\/strong><br>Une vari\u00e9t\u00e9 de couverts comprenant 4 couteaux, 4 fourchettes, 4 cuill\u00e8res, 4 cuill\u00e8res \u00e0 caf\u00e9 et 4 fourchettes \u00e0 th\u00e9 r\u00e9pondra \u00e0 tous les besoins des familles ou des f\u00eates en mati\u00e8re de couverts.<\/p>\n\n\n\n<p><strong>Mat\u00e9riau durable en acier inoxydable<\/strong><br>Le mat\u00e9riau en acier inoxydable poli est sain, s\u00fbr et inoxydable.<\/p>\n\n\n\n<p><strong>Emballage color\u00e9<\/strong><br>Fournir des bo\u00eetes d'emballage en plastique avec des logos et des motifs personnalis\u00e9s pour cr\u00e9er des produits attrayants.<\/p>\n\n\n\n<p><strong>Fournir des services personnalis\u00e9s aux vendeurs en ligne<\/strong><br>Fournir des services personnalis\u00e9s OEM et ODM pour diff\u00e9rents vendeurs, y compris Amazon, Lazada, Shopee, etc., afin d'aider les clients \u00e0 \u00e9tendre rapidement leurs services.<\/p>\n<\/div>\n\n\n\n<div class=\"wp-block-column is-layout-flow wp-block-column-is-layout-flow\" style=\"flex-basis:33.33%\">\n<figure class=\"wp-block-image size-full\"><img decoding=\"async\" width=\"800\" height=\"800\" src=\"https:\/\/www.mcallenflatware.com\/wp-content\/uploads\/2024\/11\/Bulk-20-PC-Flatware-Set-6.webp\" alt=\"Bulk 20 PC Flatware Set 6\" class=\"wp-image-941\" srcset=\"https:\/\/www.mcallenflatware.com\/wp-content\/uploads\/2024\/11\/Bulk-20-PC-Flatware-Set-6.webp 800w, https:\/\/www.mcallenflatware.com\/wp-content\/uploads\/2024\/11\/Bulk-20-PC-Flatware-Set-6-150x150.webp 150w, https:\/\/www.mcallenflatware.com\/wp-content\/uploads\/2024\/11\/Bulk-20-PC-Flatware-Set-6-768x768.webp 768w, https:\/\/www.mcallenflatware.com\/wp-content\/uploads\/2024\/11\/Bulk-20-PC-Flatware-Set-6-600x600.webp 600w, https:\/\/www.mcallenflatware.com\/wp-content\/uploads\/2024\/11\/Bulk-20-PC-Flatware-Set-6-300x300.webp 300w, https:\/\/www.mcallenflatware.com\/wp-content\/uploads\/2024\/11\/Bulk-20-PC-Flatware-Set-6-100x100.webp 100w\" sizes=\"(max-width: 800px) 100vw, 800px\" \/><\/figure>\n<\/div>\n<\/div>","protected":false},"excerpt":{"rendered":"<p>Notre service de couverts en vrac de 20 pi\u00e8ces avec bo\u00eete, en acier inoxydable dor\u00e9 et argent\u00e9, poli et brillant, avec couteau, fourchette, cuill\u00e8re, cuill\u00e8re \u00e0 caf\u00e9 et petite cuill\u00e8re, peut r\u00e9pondre \u00e0 divers besoins en mati\u00e8re de restauration. N'h\u00e9sitez pas \u00e0 nous contacter pour des solutions personnalis\u00e9es plus rentables.<\/p>\n<h2>Attributs de l'ensemble de couverts 20 PC\u00a0<\/h2>\n<p><strong>Nom de marque :<\/strong> Mcallen<br \/><strong>Mat\u00e9riau :<\/strong> Acier inoxydable<br \/><strong>Couleur :<\/strong>\u00a0 Argent\/Or\/Rose Gold\/Noir<br \/><strong>Polissage :<\/strong> Miroir poli<br \/><strong>Type de couverts :<\/strong>\u00a0 Couteaux, fourchettes, cuill\u00e8res, cuill\u00e8res \u00e0 caf\u00e9 et fourchettes \u00e0 th\u00e9<br \/><strong>D\u00e9lai d'ex\u00e9cution de l'\u00e9chantillon :<\/strong> Dans les 3 jours<br \/><strong>OEM\/ODM :<\/strong> Disponible<\/p>\n<h2>Service de couverts personnalis\u00e9 de 20 pi\u00e8ces :<\/h2>\n<p><strong>Acier inoxydable :<\/strong> Acier inoxydable 18\/10, 304, 316, 410, 430, 420<br \/><strong>Logo :<\/strong> Gravure laser, s\u00e9rigraphie, impression UV, impression par transfert thermique, gaufrage, etc.<br \/><strong>Emballage :<\/strong> 4\/8\/12\/16\/20\/24\/45\/48\/72pcs set<br \/><strong>Finitions de surface :<\/strong> Poli miroir, mat, poli \u00e0 l'eau, rev\u00eatement titane<br \/><strong>Emballage :<\/strong> Vrac, sac opp, bo\u00eete de couleur, bo\u00eete cadeau, sur mesure<\/p>","protected":false},"featured_media":940,"template":"","meta":[],"product_brand":[],"product_cat":[23,30],"product_tag":[],"class_list":{"0":"post-930","1":"product","2":"type-product","3":"status-publish","4":"has-post-thumbnail","6":"product_cat-wholesale-flatware","7":"product_cat-custom-cutlery-gift-set","9":"first","10":"instock","11":"shipping-taxable","12":"product-type-simple"},"_links":{"self":[{"href":"https:\/\/www.mcallenflatware.com\/fr\/wp-json\/wp\/v2\/product\/930","targetHints":{"allow":["GET"]}}],"collection":[{"href":"https:\/\/www.mcallenflatware.com\/fr\/wp-json\/wp\/v2\/product"}],"about":[{"href":"https:\/\/www.mcallenflatware.com\/fr\/wp-json\/wp\/v2\/types\/product"}],"wp:featuredmedia":[{"embeddable":true,"href":"https:\/\/www.mcallenflatware.com\/fr\/wp-json\/wp\/v2\/media\/940"}],"wp:attachment":[{"href":"https:\/\/www.mcallenflatware.com\/fr\/wp-json\/wp\/v2\/media?parent=930"}],"wp:term":[{"taxonomy":"product_brand","embeddable":true,"href":"https:\/\/www.mcallenflatware.com\/fr\/wp-json\/wp\/v2\/product_brand?post=930"},{"taxonomy":"product_cat","embeddable":true,"href":"https:\/\/www.mcallenflatware.com\/fr\/wp-json\/wp\/v2\/product_cat?post=930"},{"taxonomy":"product_tag","embeddable":true,"href":"https:\/\/www.mcallenflatware.com\/fr\/wp-json\/wp\/v2\/product_tag?post=930"}],"curies":[{"name":"wp","href":"https:\/\/api.w.org\/{rel}","templated":true}]}}