{"id":942,"date":"2025-09-24T09:28:27","date_gmt":"2025-09-24T09:28:27","guid":{"rendered":"https:\/\/www.mcallenflatware.com\/?post_type=product&#038;p=942"},"modified":"2025-09-24T10:35:10","modified_gmt":"2025-09-24T10:35:10","slug":"bulk-cutlery-set-for-24","status":"publish","type":"product","link":"https:\/\/www.mcallenflatware.com\/fr\/product\/bulk-cutlery-set-for-24\/","title":{"rendered":"Set de couverts de luxe personnalis\u00e9 pour 24 PC en acier inoxydable avec valise"},"content":{"rendered":"<h2 class=\"wp-block-heading\"> Caract\u00e9ristiques de l'ensemble de couverts pour 24 :<\/h2>\n\n\n\n<div class=\"wp-block-columns is-layout-flex wp-container-core-columns-is-layout-9d6595d7 wp-block-columns-is-layout-flex\">\n<div class=\"wp-block-column is-layout-flow wp-block-column-is-layout-flow\" style=\"flex-basis:66.66%\">\n<p><strong>L'ensemble de couverts de 24 pi\u00e8ces comprend<\/strong><br>6 couteaux de table<br>6 fourchettes<br>6 cuill\u00e8res \u00e0 soupe<br>6 cuill\u00e8res \u00e0 caf\u00e9<br>1 coffret cadeau en bois dor\u00e9<\/p>\n\n\n\n<p><strong>Mat\u00e9riau sain en acier inoxydable<\/strong><br>Acier inoxydable 18\/10 de la plus haute qualit\u00e9, avec une tr\u00e8s bonne r\u00e9sistance \u00e0 la corrosion, lavable au lave-vaisselle.<\/p>\n\n\n\n<p><strong>Bo\u00eete cadeau en bois exquise \u00e0 tenir \u00e0 la main<\/strong><br>Fourni avec un coffret cadeau en or, haut de gamme et luxueux, c'est un choix id\u00e9al pour les cadeaux de mariage.<\/p>\n\n\n\n<p><strong>Services personnalis\u00e9s OEM et ODM<\/strong><br>Le set de couverts peut \u00eatre combin\u00e9 en fonction des besoins r\u00e9els, et des logos, emballages, couleurs et autres options personnalis\u00e9s sont disponibles en fonction de l'\u00e9l\u00e9gance des occasions sp\u00e9ciales.<\/p>\n<\/div>\n\n\n\n<div class=\"wp-block-column is-layout-flow wp-block-column-is-layout-flow\" style=\"flex-basis:33.33%\">\n<figure class=\"wp-block-image size-full\"><img decoding=\"async\" width=\"800\" height=\"800\" src=\"https:\/\/www.mcallenflatware.com\/wp-content\/uploads\/2024\/11\/Bulk-24-PC-Cutlery-Set-1.webp\" alt=\"Bulk 24 PC Cutlery Set 1\" class=\"wp-image-953\" srcset=\"https:\/\/www.mcallenflatware.com\/wp-content\/uploads\/2024\/11\/Bulk-24-PC-Cutlery-Set-1.webp 800w, https:\/\/www.mcallenflatware.com\/wp-content\/uploads\/2024\/11\/Bulk-24-PC-Cutlery-Set-1-150x150.webp 150w, https:\/\/www.mcallenflatware.com\/wp-content\/uploads\/2024\/11\/Bulk-24-PC-Cutlery-Set-1-768x768.webp 768w, https:\/\/www.mcallenflatware.com\/wp-content\/uploads\/2024\/11\/Bulk-24-PC-Cutlery-Set-1-600x600.webp 600w, https:\/\/www.mcallenflatware.com\/wp-content\/uploads\/2024\/11\/Bulk-24-PC-Cutlery-Set-1-300x300.webp 300w, https:\/\/www.mcallenflatware.com\/wp-content\/uploads\/2024\/11\/Bulk-24-PC-Cutlery-Set-1-100x100.webp 100w\" sizes=\"(max-width: 800px) 100vw, 800px\" \/><\/figure>\n<\/div>\n<\/div>","protected":false},"excerpt":{"rendered":"<p>Set de couverts en acier inoxydable 24 pi\u00e8ces avec coffret en bois luxueux, id\u00e9al pour les cadeaux de mariage. Solution de vente en gros \u00e0 prix d'usine de haute qualit\u00e9 du fabricant Mcallen. Contactez nous pour un devis !<\/p>\n<h2>Attributs de l'ensemble de couverts pour 24 personnes<\/h2>\n<p><strong>Nom de marque :<\/strong> Mcallen<br \/><strong>Mat\u00e9riau :<\/strong> Acier inoxydable<br \/><strong>Couleur :<\/strong> Argent\/Or\/Rose gold\/Colorful\/Black<br \/><strong>Polissage :<\/strong> Miroir poli<br \/><strong>Emballage :<\/strong> 24 pi\u00e8ces avec bo\u00eete portable en bois dor\u00e9<br \/><strong>D\u00e9lai d'ex\u00e9cution de l'\u00e9chantillon :<\/strong> Dans les 3 jours<br \/><strong>OEM\/ODM :<\/strong> Disponible<\/p>\n<h2>Set de couverts personnalis\u00e9 pour 24 :<\/h2>\n<p><strong>Acier inoxydable :<\/strong> Acier inoxydable 18\/10, 304, 316, 410, 430, 420<br \/><strong>Logo :<\/strong> Gravure laser, s\u00e9rigraphie, impression UV, impression par transfert thermique, gaufrage, etc.<br \/><strong>Emballage :<\/strong> 4\/8\/12\/16\/20\/24\/45\/48\/72pcs set<br \/><strong>Finitions de surface :<\/strong> Poli miroir, mat, poli \u00e0 l'eau, rev\u00eatement titane<br \/><strong>Emballage :<\/strong> Vrac, sac opp, bo\u00eete de couleur, bo\u00eete cadeau, sur mesure<\/p>","protected":false},"featured_media":956,"template":"","meta":[],"product_brand":[],"product_cat":[23,30],"product_tag":[],"class_list":{"0":"post-942","1":"product","2":"type-product","3":"status-publish","4":"has-post-thumbnail","6":"product_cat-wholesale-flatware","7":"product_cat-custom-cutlery-gift-set","9":"first","10":"instock","11":"shipping-taxable","12":"product-type-simple"},"_links":{"self":[{"href":"https:\/\/www.mcallenflatware.com\/fr\/wp-json\/wp\/v2\/product\/942","targetHints":{"allow":["GET"]}}],"collection":[{"href":"https:\/\/www.mcallenflatware.com\/fr\/wp-json\/wp\/v2\/product"}],"about":[{"href":"https:\/\/www.mcallenflatware.com\/fr\/wp-json\/wp\/v2\/types\/product"}],"wp:featuredmedia":[{"embeddable":true,"href":"https:\/\/www.mcallenflatware.com\/fr\/wp-json\/wp\/v2\/media\/956"}],"wp:attachment":[{"href":"https:\/\/www.mcallenflatware.com\/fr\/wp-json\/wp\/v2\/media?parent=942"}],"wp:term":[{"taxonomy":"product_brand","embeddable":true,"href":"https:\/\/www.mcallenflatware.com\/fr\/wp-json\/wp\/v2\/product_brand?post=942"},{"taxonomy":"product_cat","embeddable":true,"href":"https:\/\/www.mcallenflatware.com\/fr\/wp-json\/wp\/v2\/product_cat?post=942"},{"taxonomy":"product_tag","embeddable":true,"href":"https:\/\/www.mcallenflatware.com\/fr\/wp-json\/wp\/v2\/product_tag?post=942"}],"curies":[{"name":"wp","href":"https:\/\/api.w.org\/{rel}","templated":true}]}}