{"id":943,"date":"2024-11-12T11:35:34","date_gmt":"2024-11-12T11:35:34","guid":{"rendered":"https:\/\/www.mcallenflatware.com\/?post_type=product&#038;p=943"},"modified":"2024-11-12T11:35:35","modified_gmt":"2024-11-12T11:35:35","slug":"wholesale-coffee-scoop-clip","status":"publish","type":"product","link":"https:\/\/www.mcallenflatware.com\/fr\/product\/wholesale-coffee-scoop-clip\/","title":{"rendered":"Wholesale Coffee Scoop Clip Acier inoxydable Glod Sliver Black Custom"},"content":{"rendered":"<h2 class=\"wp-block-heading\">Clip pour cuill\u00e8re \u00e0 caf\u00e9 Caract\u00e9ristiques :<\/h2>\n\n\n\n<div class=\"wp-block-columns is-layout-flex wp-container-core-columns-is-layout-9d6595d7 wp-block-columns-is-layout-flex\">\n<div class=\"wp-block-column is-layout-flow wp-block-column-is-layout-flow\" style=\"flex-basis:66.66%\">\n<p><strong>Conception multifonctionnelle<\/strong><br>Combine les fonctions de cuill\u00e8re \u00e0 caf\u00e9 et de pince \u00e0 sceller en une seule, pratique et peu encombrante.<\/p>\n\n\n\n<p><strong>Mesure pr\u00e9cise<\/strong><br>Une mesure, une tasse, garantit la quantit\u00e9 exacte de poudre de caf\u00e9 utilis\u00e9e \u00e0 chaque fois et rehausse le go\u00fbt du caf\u00e9.<\/p>\n\n\n\n<p><strong>Scell\u00e9 pour plus de fra\u00eecheur<\/strong><br>Le clip de fermeture conserve efficacement l'ar\u00f4me frais du caf\u00e9, en \u00e9vitant l'oxydation et l'humidit\u00e9.<\/p>\n\n\n\n<p><strong>Acier inoxydable de haute qualit\u00e9<\/strong><br>Mat\u00e9riau en acier inoxydable de qualit\u00e9 alimentaire, r\u00e9sistant \u00e0 la rouille et durable, facile \u00e0 nettoyer, adapt\u00e9 \u00e0 un usage quotidien.<\/p>\n\n\n\n<p><strong>Color\u00e9e<\/strong><br>Les nombreuses options de couleurs s'adaptent \u00e0 diff\u00e9rentes esth\u00e9tiques et \u00e0 diff\u00e9rents styles de cuisine, ce qui permet aux utilisateurs de les assortir selon leurs pr\u00e9f\u00e9rences et contribue \u00e9galement \u00e0 renforcer l'image de la marque.<\/p>\n\n\n\n<p><strong>Conception portable<\/strong><br>Compact et l\u00e9ger, facile \u00e0 ranger, il convient aux plats \u00e0 emporter.<\/p>\n<\/div>\n\n\n\n<div class=\"wp-block-column is-layout-flow wp-block-column-is-layout-flow\" style=\"flex-basis:33.33%\">\n<figure class=\"wp-block-image size-full\"><img decoding=\"async\" width=\"800\" height=\"800\" src=\"https:\/\/www.mcallenflatware.com\/wp-content\/uploads\/2024\/11\/Wholesale-Coffee-Scoop-Clip-2.webp\" alt=\"Gros - Clip de la corbeille \u00e0 caf\u00e9 (2)\" class=\"wp-image-945\" srcset=\"https:\/\/www.mcallenflatware.com\/wp-content\/uploads\/2024\/11\/Wholesale-Coffee-Scoop-Clip-2.webp 800w, https:\/\/www.mcallenflatware.com\/wp-content\/uploads\/2024\/11\/Wholesale-Coffee-Scoop-Clip-2-150x150.webp 150w, https:\/\/www.mcallenflatware.com\/wp-content\/uploads\/2024\/11\/Wholesale-Coffee-Scoop-Clip-2-768x768.webp 768w, https:\/\/www.mcallenflatware.com\/wp-content\/uploads\/2024\/11\/Wholesale-Coffee-Scoop-Clip-2-600x600.webp 600w, https:\/\/www.mcallenflatware.com\/wp-content\/uploads\/2024\/11\/Wholesale-Coffee-Scoop-Clip-2-300x300.webp 300w, https:\/\/www.mcallenflatware.com\/wp-content\/uploads\/2024\/11\/Wholesale-Coffee-Scoop-Clip-2-100x100.webp 100w\" sizes=\"(max-width: 800px) 100vw, 800px\" \/><\/figure>\n<\/div>\n<\/div>\n\n\n\n<div class=\"wp-block-columns is-layout-flex wp-container-core-columns-is-layout-9d6595d7 wp-block-columns-is-layout-flex\">\n<div class=\"wp-block-column is-layout-flow wp-block-column-is-layout-flow\">\n<figure class=\"wp-block-image size-full\"><img decoding=\"async\" width=\"800\" height=\"800\" src=\"https:\/\/www.mcallenflatware.com\/wp-content\/uploads\/2024\/11\/Wholesale-Coffee-Scoop-Clip-5.webp\" alt=\"Gros - Clip de la corbeille \u00e0 caf\u00e9 (5)\" class=\"wp-image-948\" srcset=\"https:\/\/www.mcallenflatware.com\/wp-content\/uploads\/2024\/11\/Wholesale-Coffee-Scoop-Clip-5.webp 800w, https:\/\/www.mcallenflatware.com\/wp-content\/uploads\/2024\/11\/Wholesale-Coffee-Scoop-Clip-5-150x150.webp 150w, https:\/\/www.mcallenflatware.com\/wp-content\/uploads\/2024\/11\/Wholesale-Coffee-Scoop-Clip-5-768x768.webp 768w, https:\/\/www.mcallenflatware.com\/wp-content\/uploads\/2024\/11\/Wholesale-Coffee-Scoop-Clip-5-600x600.webp 600w, https:\/\/www.mcallenflatware.com\/wp-content\/uploads\/2024\/11\/Wholesale-Coffee-Scoop-Clip-5-300x300.webp 300w, https:\/\/www.mcallenflatware.com\/wp-content\/uploads\/2024\/11\/Wholesale-Coffee-Scoop-Clip-5-100x100.webp 100w\" sizes=\"(max-width: 800px) 100vw, 800px\" \/><\/figure>\n<\/div>\n\n\n\n<div class=\"wp-block-column is-layout-flow wp-block-column-is-layout-flow\">\n<figure class=\"wp-block-image size-full\"><img decoding=\"async\" width=\"800\" height=\"800\" src=\"https:\/\/www.mcallenflatware.com\/wp-content\/uploads\/2024\/11\/Wholesale-Coffee-Scoop-Clip-7.webp\" alt=\"Grossiste - Clip de la corbeille \u00e0 caf\u00e9 (7)\" class=\"wp-image-950\" srcset=\"https:\/\/www.mcallenflatware.com\/wp-content\/uploads\/2024\/11\/Wholesale-Coffee-Scoop-Clip-7.webp 800w, https:\/\/www.mcallenflatware.com\/wp-content\/uploads\/2024\/11\/Wholesale-Coffee-Scoop-Clip-7-150x150.webp 150w, https:\/\/www.mcallenflatware.com\/wp-content\/uploads\/2024\/11\/Wholesale-Coffee-Scoop-Clip-7-768x768.webp 768w, https:\/\/www.mcallenflatware.com\/wp-content\/uploads\/2024\/11\/Wholesale-Coffee-Scoop-Clip-7-600x600.webp 600w, https:\/\/www.mcallenflatware.com\/wp-content\/uploads\/2024\/11\/Wholesale-Coffee-Scoop-Clip-7-300x300.webp 300w, https:\/\/www.mcallenflatware.com\/wp-content\/uploads\/2024\/11\/Wholesale-Coffee-Scoop-Clip-7-100x100.webp 100w\" sizes=\"(max-width: 800px) 100vw, 800px\" \/><\/figure>\n<\/div>\n\n\n\n<div class=\"wp-block-column is-layout-flow wp-block-column-is-layout-flow\">\n<figure class=\"wp-block-image size-full\"><img decoding=\"async\" width=\"800\" height=\"800\" src=\"https:\/\/www.mcallenflatware.com\/wp-content\/uploads\/2024\/11\/Wholesale-Coffee-Scoop-Clip-6.webp\" alt=\"Grossiste-Coffee-Scoop-Clip (6)\" class=\"wp-image-949\" srcset=\"https:\/\/www.mcallenflatware.com\/wp-content\/uploads\/2024\/11\/Wholesale-Coffee-Scoop-Clip-6.webp 800w, https:\/\/www.mcallenflatware.com\/wp-content\/uploads\/2024\/11\/Wholesale-Coffee-Scoop-Clip-6-150x150.webp 150w, https:\/\/www.mcallenflatware.com\/wp-content\/uploads\/2024\/11\/Wholesale-Coffee-Scoop-Clip-6-768x768.webp 768w, https:\/\/www.mcallenflatware.com\/wp-content\/uploads\/2024\/11\/Wholesale-Coffee-Scoop-Clip-6-600x600.webp 600w, https:\/\/www.mcallenflatware.com\/wp-content\/uploads\/2024\/11\/Wholesale-Coffee-Scoop-Clip-6-300x300.webp 300w, https:\/\/www.mcallenflatware.com\/wp-content\/uploads\/2024\/11\/Wholesale-Coffee-Scoop-Clip-6-100x100.webp 100w\" sizes=\"(max-width: 800px) 100vw, 800px\" \/><\/figure>\n<\/div>\n<\/div>","protected":false},"excerpt":{"rendered":"<p>Cette pince \u00e0 caf\u00e9 combine une mesure \u00e0 caf\u00e9 et une pince \u00e0 sceller en une seule pi\u00e8ce, con\u00e7ue pour les amateurs de caf\u00e9. Mesurez avec pr\u00e9cision le caf\u00e9 moulu tout en scellant le sachet pour conserver la fra\u00eecheur du caf\u00e9. Parfait pour l'usage domestique et les achats en gros dans les caf\u00e9s et les restaurants.<\/p>\n<h2>Attributs de la pince \u00e0 caf\u00e9<\/h2>\n<p><strong>Nom de marque :<\/strong> Mcallen<br \/><strong>Mat\u00e9riau :<\/strong> Acier inoxydable<br \/><strong>Couleur :<\/strong> Or, argent, noir ou personnalis\u00e9<br \/><strong>Polissage :<\/strong> Miroir poli<br \/><strong>D\u00e9lai d'ex\u00e9cution de l'\u00e9chantillon :<\/strong> Dans les 3 jours<br \/><strong>OEM\/ODM :<\/strong> Disponible<\/p>\n<h2>Pince \u00e0 caf\u00e9 personnalis\u00e9e :<\/h2>\n<p><strong>Acier inoxydable :<\/strong> Acier inoxydable 18\/10, 304, 316, 410, 430, 420<br \/><strong>Logo :<\/strong> Gravure laser, s\u00e9rigraphie, impression UV, impression par transfert thermique, gaufrage, etc.<br \/><strong>Finitions de surface :<\/strong> Poli miroir, mat.<br \/><strong>Emballage :<\/strong> Vrac, sac opp, bo\u00eete de couleur, bo\u00eete cadeau, sur mesure<\/p>","protected":false},"featured_media":946,"template":"","meta":[],"product_brand":[],"product_cat":[24,32],"product_tag":[],"class_list":{"0":"post-943","1":"product","2":"type-product","3":"status-publish","4":"has-post-thumbnail","6":"product_cat-wholesale-kitchen-utensils","7":"product_cat-custom-baking-tools-utensils","9":"first","10":"instock","11":"shipping-taxable","12":"product-type-simple"},"_links":{"self":[{"href":"https:\/\/www.mcallenflatware.com\/fr\/wp-json\/wp\/v2\/product\/943","targetHints":{"allow":["GET"]}}],"collection":[{"href":"https:\/\/www.mcallenflatware.com\/fr\/wp-json\/wp\/v2\/product"}],"about":[{"href":"https:\/\/www.mcallenflatware.com\/fr\/wp-json\/wp\/v2\/types\/product"}],"wp:featuredmedia":[{"embeddable":true,"href":"https:\/\/www.mcallenflatware.com\/fr\/wp-json\/wp\/v2\/media\/946"}],"wp:attachment":[{"href":"https:\/\/www.mcallenflatware.com\/fr\/wp-json\/wp\/v2\/media?parent=943"}],"wp:term":[{"taxonomy":"product_brand","embeddable":true,"href":"https:\/\/www.mcallenflatware.com\/fr\/wp-json\/wp\/v2\/product_brand?post=943"},{"taxonomy":"product_cat","embeddable":true,"href":"https:\/\/www.mcallenflatware.com\/fr\/wp-json\/wp\/v2\/product_cat?post=943"},{"taxonomy":"product_tag","embeddable":true,"href":"https:\/\/www.mcallenflatware.com\/fr\/wp-json\/wp\/v2\/product_tag?post=943"}],"curies":[{"name":"wp","href":"https:\/\/api.w.org\/{rel}","templated":true}]}}