{"id":960,"date":"2024-11-12T11:15:54","date_gmt":"2024-11-12T11:15:54","guid":{"rendered":"https:\/\/www.mcallenflatware.com\/?post_type=product&#038;p=960"},"modified":"2024-11-12T11:22:07","modified_gmt":"2024-11-12T11:22:07","slug":"wholesale-sauce-cups","status":"publish","type":"product","link":"https:\/\/www.mcallenflatware.com\/fr\/product\/wholesale-sauce-cups\/","title":{"rendered":"Gobelets \u00e0 sauce en acier inoxydable 1.5oz 2.5oz 4oz Gobelets \u00e0 condiments Wholesale"},"content":{"rendered":"<h2 class=\"wp-block-heading\">Coupes \u00e0 sauce Caract\u00e9ristiques :<\/h2>\n\n\n\n<div class=\"wp-block-columns is-layout-flex wp-container-core-columns-is-layout-9d6595d7 wp-block-columns-is-layout-flex\">\n<div class=\"wp-block-column is-layout-flow wp-block-column-is-layout-flow\" style=\"flex-basis:66.66%\">\n<p><strong>Options de volumes multiples<\/strong><br>Les formats de 1,5 oz, 2,5 oz et 4 oz r\u00e9pondent aux diff\u00e9rents besoins de portions pour les trempettes, les sauces et les plats d'accompagnement.<\/p>\n\n\n\n<p><strong>Mat\u00e9riau de haute qualit\u00e9<\/strong><br>Fabriqu\u00e9 en acier inoxydable de qualit\u00e9 alimentaire pour une excellente r\u00e9sistance \u00e0 la corrosion et une grande durabilit\u00e9.<\/p>\n\n\n\n<p><strong>Stockage empilable<\/strong><br>Les gobelets sont con\u00e7us pour \u00eatre facilement empil\u00e9s et pour permettre un stockage peu encombrant dans les cuisines domestiques et commerciales.<\/p>\n\n\n\n<p><strong>Facile \u00e0 nettoyer et \u00e0 entretenir<\/strong><br>Surface lisse, ne laissant pas facilement de r\u00e9sidus alimentaires, peut \u00eatre rinc\u00e9e directement \u00e0 l'eau ou mise au lave-vaisselle.<\/p>\n\n\n\n<p><strong>Polyvalence<\/strong><br>Peut \u00eatre utilis\u00e9 pour les condiments, les sauces de trempage, les vinaigrettes, les sauces d'accompagnement et bien d'autres usages.<\/p>\n<\/div>\n\n\n\n<div class=\"wp-block-column is-layout-flow wp-block-column-is-layout-flow\" style=\"flex-basis:33.33%\">\n<figure class=\"wp-block-image size-full\"><img decoding=\"async\" width=\"679\" height=\"641\" src=\"https:\/\/www.mcallenflatware.com\/wp-content\/uploads\/2024\/11\/Wholesale-Sauce-Cups-2.webp\" alt=\"Grossiste-Sauce-Cups (2)\" class=\"wp-image-967\" srcset=\"https:\/\/www.mcallenflatware.com\/wp-content\/uploads\/2024\/11\/Wholesale-Sauce-Cups-2.webp 679w, https:\/\/www.mcallenflatware.com\/wp-content\/uploads\/2024\/11\/Wholesale-Sauce-Cups-2-600x566.webp 600w\" sizes=\"(max-width: 679px) 100vw, 679px\" \/><\/figure>\n<\/div>\n<\/div>\n\n\n\n<p><\/p>","protected":false},"excerpt":{"rendered":"<p>Ces coupes \u00e0 sauce en gros sont offertes en trois capacit\u00e9s diff\u00e9rentes : 1,5 oz, 2,5 oz et 4 oz. Ces coupes \u00e0 sauce en acier inoxydable conviennent \u00e0 une vari\u00e9t\u00e9 de vinaigrettes et de trempettes. Qu'il s'agisse d'un usage domestique ou d'un service de restauration commercial, ces coupes \u00e0 condiments de haute qualit\u00e9 sont id\u00e9ales. Les demandes de renseignements sont les bienvenues.<\/p>\n<h2>Coupes \u00e0 sauce Attributs<\/h2>\n<p><strong>Nom de marque :<\/strong> Mcallen<br \/><strong>Mat\u00e9riau :<\/strong> Acier inoxydable<br \/><strong>Taille :<\/strong>1,5 oz, 2,5 oz, 4,0 oz<br \/><strong>D\u00e9lai d'ex\u00e9cution de l'\u00e9chantillon :<\/strong> Dans les 3 jours<br \/><strong>OEM\/ODM :<\/strong> Disponible<\/p>\n<h2>Coupes \u00e0 sauce personnalis\u00e9es :<\/h2>\n<p><strong>Acier inoxydable :<\/strong> Acier inoxydable 18\/10, 304, 316, 410, 430, 420<br \/><strong>Logo :<\/strong> Gravure laser, s\u00e9rigraphie, impression UV, impression par transfert thermique, gaufrage, etc.<br \/><strong>Finitions de surface :<\/strong> Poli miroir, mat, poli \u00e0 l'eau, rev\u00eatement titane<br \/><strong>Emballage :<\/strong> Vrac, sac opp, bo\u00eete de couleur, bo\u00eete cadeau, sur mesure<\/p>","protected":false},"featured_media":966,"template":"","meta":[],"product_brand":[],"product_cat":[24,31],"product_tag":[],"class_list":{"0":"post-960","1":"product","2":"type-product","3":"status-publish","4":"has-post-thumbnail","6":"product_cat-wholesale-kitchen-utensils","7":"product_cat-wholesale-serving-utensils","9":"first","10":"instock","11":"shipping-taxable","12":"product-type-simple"},"_links":{"self":[{"href":"https:\/\/www.mcallenflatware.com\/fr\/wp-json\/wp\/v2\/product\/960","targetHints":{"allow":["GET"]}}],"collection":[{"href":"https:\/\/www.mcallenflatware.com\/fr\/wp-json\/wp\/v2\/product"}],"about":[{"href":"https:\/\/www.mcallenflatware.com\/fr\/wp-json\/wp\/v2\/types\/product"}],"wp:featuredmedia":[{"embeddable":true,"href":"https:\/\/www.mcallenflatware.com\/fr\/wp-json\/wp\/v2\/media\/966"}],"wp:attachment":[{"href":"https:\/\/www.mcallenflatware.com\/fr\/wp-json\/wp\/v2\/media?parent=960"}],"wp:term":[{"taxonomy":"product_brand","embeddable":true,"href":"https:\/\/www.mcallenflatware.com\/fr\/wp-json\/wp\/v2\/product_brand?post=960"},{"taxonomy":"product_cat","embeddable":true,"href":"https:\/\/www.mcallenflatware.com\/fr\/wp-json\/wp\/v2\/product_cat?post=960"},{"taxonomy":"product_tag","embeddable":true,"href":"https:\/\/www.mcallenflatware.com\/fr\/wp-json\/wp\/v2\/product_tag?post=960"}],"curies":[{"name":"wp","href":"https:\/\/api.w.org\/{rel}","templated":true}]}}