{"id":965,"date":"2024-11-12T01:45:41","date_gmt":"2024-11-12T01:45:41","guid":{"rendered":"https:\/\/www.mcallenflatware.com\/?post_type=product&#038;p=965"},"modified":"2024-11-13T12:51:37","modified_gmt":"2024-11-13T12:51:37","slug":"custom-travel-cutlery-set","status":"publish","type":"product","link":"https:\/\/www.mcallenflatware.com\/fr\/product\/custom-travel-cutlery-set\/","title":{"rendered":"Set de couverts de voyage en acier inoxydable Cuill\u00e8re et fourchette portables avec bo\u00eete"},"content":{"rendered":"<h2 class=\"wp-block-heading\"> Set de couverts de voyage Caract\u00e9ristiques :<\/h2>\n\n\n\n<div class=\"wp-block-columns is-layout-flex wp-container-core-columns-is-layout-9d6595d7 wp-block-columns-is-layout-flex\">\n<div class=\"wp-block-column is-layout-flow wp-block-column-is-layout-flow\" style=\"flex-basis:66.66%\">\n<p><strong>Conception portative<br><\/strong>\u00c9quip\u00e9 d'une fourchette, d'une cuill\u00e8re et de baguettes en acier inoxydable, ainsi que d'une bo\u00eete en plastique, il est pratique et l\u00e9ger et convient pour les voyages, le camping, le bureau et les repas.<\/p>\n\n\n\n<p><strong>Mat\u00e9riau \u00e9cologique en acier inoxydable<\/strong><br>Acier inoxydable de qualit\u00e9 alimentaire, mat\u00e9riau s\u00fbr, r\u00e9sistant \u00e0 l'usure et facile \u00e0 nettoyer.<\/p>\n\n\n\n<p><strong>Aspect \u00e9l\u00e9gant<\/strong><br>Design moderne et minimaliste, disponible dans une vari\u00e9t\u00e9 de couleurs populaires telles que l'or, l'argent, l'or rose et le blanc, qui sont \u00e0 la fois belles et pratiques.<\/p>\n\n\n\n<p><strong>Personnalisation<\/strong><br>Service OEM&amp;ODM, personnalisation du logo, de l'emballage, de la couleur et cr\u00e9ation d'ensembles de couverts sp\u00e9ciaux.<\/p>\n<\/div>\n\n\n\n<div class=\"wp-block-column is-layout-flow wp-block-column-is-layout-flow\" style=\"flex-basis:33.33%\">\n<figure class=\"wp-block-image size-full\"><img decoding=\"async\" width=\"800\" height=\"800\" src=\"https:\/\/www.mcallenflatware.com\/wp-content\/uploads\/2024\/11\/Custom-Travel-Cutlery-Set-3.webp\" alt=\"Set de couverts de voyage personnalis\u00e9 3\" class=\"wp-image-973\" srcset=\"https:\/\/www.mcallenflatware.com\/wp-content\/uploads\/2024\/11\/Custom-Travel-Cutlery-Set-3.webp 800w, https:\/\/www.mcallenflatware.com\/wp-content\/uploads\/2024\/11\/Custom-Travel-Cutlery-Set-3-150x150.webp 150w, https:\/\/www.mcallenflatware.com\/wp-content\/uploads\/2024\/11\/Custom-Travel-Cutlery-Set-3-768x768.webp 768w, https:\/\/www.mcallenflatware.com\/wp-content\/uploads\/2024\/11\/Custom-Travel-Cutlery-Set-3-600x600.webp 600w, https:\/\/www.mcallenflatware.com\/wp-content\/uploads\/2024\/11\/Custom-Travel-Cutlery-Set-3-300x300.webp 300w, https:\/\/www.mcallenflatware.com\/wp-content\/uploads\/2024\/11\/Custom-Travel-Cutlery-Set-3-100x100.webp 100w\" sizes=\"(max-width: 800px) 100vw, 800px\" \/><\/figure>\n<\/div>\n<\/div>","protected":false},"excerpt":{"rendered":"<p>Set de couverts de voyage personnalis\u00e9, compos\u00e9 d'une fourchette, d'une cuill\u00e8re et de baguettes en acier inoxydable de haute qualit\u00e9, adapt\u00e9 au camping, au bureau et aux repas. Plusieurs options de couleurs, personnalisation du logo, de l'emballage et de la couleur. Vente directe \u00e0 l'usine, prix de gros disponibles. N'h\u00e9sitez pas \u00e0 nous contacter !<\/p>\n<h2>Set de couverts de voyage Attributs<\/h2>\n<p><strong>Nom de marque :<\/strong> Mcallen<br \/><strong>Mat\u00e9riau :<\/strong> Acier inoxydable<br \/><strong>Couleur :<\/strong> Argent\/Or\/Rose\/Noir<br \/><strong>Polissage :<\/strong> Miroir poli<br \/><strong>Conception :<\/strong>\u00a0 Une cuill\u00e8re, une fourchette et des baguettes dans une bo\u00eete en plastique<br \/><strong>D\u00e9lai d'ex\u00e9cution de l'\u00e9chantillon :<\/strong> Dans les 3 jours<br \/><strong>OEM\/ODM :<\/strong> Disponible<\/p>\n<h2>Set de couverts de voyage personnalis\u00e9 :<\/h2>\n<p><strong>Acier inoxydable :<\/strong> Acier inoxydable 18\/10, 304, 316, 410, 430, 420<br \/><strong>Logo :<\/strong> Gravure laser, s\u00e9rigraphie, impression UV, impression par transfert thermique, gaufrage, etc.<br \/><strong>Emballage :<\/strong> 4\/8\/12\/16\/20\/24\/45\/48\/72pcs set<br \/><strong>Finitions de surface :<\/strong> Poli miroir, mat, poli \u00e0 l'eau, rev\u00eatement titane<br \/><strong>Emballage :<\/strong> Vrac, sac opp, bo\u00eete de couleur, bo\u00eete cadeau, sur mesure<\/p>","protected":false},"featured_media":971,"template":"","meta":[],"product_brand":[],"product_cat":[23,27],"product_tag":[],"class_list":{"0":"post-965","1":"product","2":"type-product","3":"status-publish","4":"has-post-thumbnail","6":"product_cat-wholesale-flatware","7":"product_cat-custom-portable-cutlery-set","9":"first","10":"instock","11":"shipping-taxable","12":"product-type-simple"},"_links":{"self":[{"href":"https:\/\/www.mcallenflatware.com\/fr\/wp-json\/wp\/v2\/product\/965","targetHints":{"allow":["GET"]}}],"collection":[{"href":"https:\/\/www.mcallenflatware.com\/fr\/wp-json\/wp\/v2\/product"}],"about":[{"href":"https:\/\/www.mcallenflatware.com\/fr\/wp-json\/wp\/v2\/types\/product"}],"wp:featuredmedia":[{"embeddable":true,"href":"https:\/\/www.mcallenflatware.com\/fr\/wp-json\/wp\/v2\/media\/971"}],"wp:attachment":[{"href":"https:\/\/www.mcallenflatware.com\/fr\/wp-json\/wp\/v2\/media?parent=965"}],"wp:term":[{"taxonomy":"product_brand","embeddable":true,"href":"https:\/\/www.mcallenflatware.com\/fr\/wp-json\/wp\/v2\/product_brand?post=965"},{"taxonomy":"product_cat","embeddable":true,"href":"https:\/\/www.mcallenflatware.com\/fr\/wp-json\/wp\/v2\/product_cat?post=965"},{"taxonomy":"product_tag","embeddable":true,"href":"https:\/\/www.mcallenflatware.com\/fr\/wp-json\/wp\/v2\/product_tag?post=965"}],"curies":[{"name":"wp","href":"https:\/\/api.w.org\/{rel}","templated":true}]}}