{"id":970,"date":"2024-11-12T12:20:33","date_gmt":"2024-11-12T12:20:33","guid":{"rendered":"https:\/\/www.mcallenflatware.com\/?post_type=product&#038;p=970"},"modified":"2024-11-12T12:20:34","modified_gmt":"2024-11-12T12:20:34","slug":"custom-bar-spoon","status":"publish","type":"product","link":"https:\/\/www.mcallenflatware.com\/fr\/product\/custom-bar-spoon\/","title":{"rendered":"Cuill\u00e8re de bar personnalis\u00e9e Cuill\u00e8res \u00e0 cocktail en acier inoxydable"},"content":{"rendered":"<h2 class=\"wp-block-heading\">Cuill\u00e8re de bar Caract\u00e9ristiques :<\/h2>\n\n\n\n<div class=\"wp-block-columns is-layout-flex wp-container-core-columns-is-layout-9d6595d7 wp-block-columns-is-layout-flex\">\n<div class=\"wp-block-column is-layout-flow wp-block-column-is-layout-flow\" style=\"flex-basis:66.66%\">\n<p><strong>Diff\u00e9rentes longueurs<\/strong><br>30cm, 40cm et 50cm, adapt\u00e9s \u00e0 diff\u00e9rentes tailles de gobelets et de pichets pour r\u00e9pondre aux besoins diversifi\u00e9s des barmen.<\/p>\n\n\n\n<p><strong>Mat\u00e9riau en acier inoxydable de haute qualit\u00e9<\/strong><br>R\u00e9sistant \u00e0 la corrosion et \u00e0 la rouille, durable, facile \u00e0 nettoyer et sans odeur r\u00e9siduelle.<\/p>\n\n\n\n<p><strong>Poign\u00e9e classique en spirale<\/strong><br>La conception en spirale, le bon rapport d'\u00e9paisseur pour faciliter un m\u00e9lange rapide et stable, et en m\u00eame temps une prise en main confortable, ne facilitant pas le glissement.<\/p>\n\n\n\n<p><strong>Une apparence exquise<\/strong><br>La surface polie et l'\u00e9clat m\u00e9tallique renforcent le sens professionnel du barman et l'esth\u00e9tique.<\/p>\n\n\n\n<p><strong>Applications multifonctionnelles<br><\/strong>Ces cuill\u00e8res de bar peuvent \u00eatre utilis\u00e9es pour remuer, briser la glace et d\u00e9tourner d'autres boissons en plus du m\u00e9lange de cocktails.<\/p>\n\n\n\n<p><strong>Facile \u00e0 nettoyer<\/strong><br>Surface lisse, pouvant \u00eatre rinc\u00e9e directement \u00e0 l'eau ou nettoy\u00e9e au lave-vaisselle.<\/p>\n<\/div>\n\n\n\n<div class=\"wp-block-column is-layout-flow wp-block-column-is-layout-flow\" style=\"flex-basis:33.33%\">\n<figure class=\"wp-block-image size-full\"><img decoding=\"async\" width=\"750\" height=\"824\" src=\"https:\/\/www.mcallenflatware.com\/wp-content\/uploads\/2024\/11\/Custom-Bar-Spoons-5.webp\" alt=\"Cuill\u00e8res de bar personnalis\u00e9es (5)\" class=\"wp-image-983\" srcset=\"https:\/\/www.mcallenflatware.com\/wp-content\/uploads\/2024\/11\/Custom-Bar-Spoons-5.webp 750w, https:\/\/www.mcallenflatware.com\/wp-content\/uploads\/2024\/11\/Custom-Bar-Spoons-5-600x659.webp 600w\" sizes=\"(max-width: 750px) 100vw, 750px\" \/><\/figure>\n<\/div>\n<\/div>","protected":false},"excerpt":{"rendered":"<p>Offrant une vari\u00e9t\u00e9 d'options de longueur, cette cuill\u00e8re de bar personnalis\u00e9e est con\u00e7ue pour la pr\u00e9paration de cocktails. La cuill\u00e8re \u00e0 m\u00e9lange est fabriqu\u00e9e en acier inoxydable de haute qualit\u00e9 et le design classique du manche en spirale facilite le m\u00e9lange rapide et garantit que les boissons sont bien m\u00e9lang\u00e9es. Id\u00e9ale pour les bars, les restaurants et la maison.<\/p>\n<h2>Cuill\u00e8re de bar Attributs<\/h2>\n<p><strong>Nom de marque :<\/strong> Mcallen<br \/><strong>Mat\u00e9riau :<\/strong> Acier inoxydable<br \/><strong>Couleur :<\/strong> Argent, or, placage noir, cuivre<br \/><strong>Longueur :<\/strong> 30cm, 40cm, 50cm<br \/><strong>Polissage :<\/strong> Miroir poli<br \/><strong>D\u00e9lai d'ex\u00e9cution de l'\u00e9chantillon :<\/strong> Dans les 3 jours<br \/><strong>OEM\/ODM :<\/strong> Disponible<\/p>\n<h2>Cuill\u00e8res de bar personnalis\u00e9es :<\/h2>\n<p><strong>Acier inoxydable :<\/strong> Acier inoxydable 18\/10, 304, 316, 410, 430, 420<br \/><strong>Logo :<\/strong> Gravure laser, s\u00e9rigraphie, impression UV, impression par transfert thermique, gaufrage, etc.<br \/><strong>Finitions de surface :<\/strong> Poli miroir, mat.<br \/><strong>Emballage :<\/strong> Vrac, sac opp, bo\u00eete de couleur, bo\u00eete cadeau, sur mesure<\/p>","protected":false},"featured_media":1015,"template":"","meta":[],"product_brand":[],"product_cat":[26,34],"product_tag":[],"class_list":{"0":"post-970","1":"product","2":"type-product","3":"status-publish","4":"has-post-thumbnail","6":"product_cat-wholesale-bar-supplies-tools","7":"product_cat-custom-bar-spoon","9":"first","10":"instock","11":"shipping-taxable","12":"product-type-simple"},"_links":{"self":[{"href":"https:\/\/www.mcallenflatware.com\/fr\/wp-json\/wp\/v2\/product\/970","targetHints":{"allow":["GET"]}}],"collection":[{"href":"https:\/\/www.mcallenflatware.com\/fr\/wp-json\/wp\/v2\/product"}],"about":[{"href":"https:\/\/www.mcallenflatware.com\/fr\/wp-json\/wp\/v2\/types\/product"}],"wp:featuredmedia":[{"embeddable":true,"href":"https:\/\/www.mcallenflatware.com\/fr\/wp-json\/wp\/v2\/media\/1015"}],"wp:attachment":[{"href":"https:\/\/www.mcallenflatware.com\/fr\/wp-json\/wp\/v2\/media?parent=970"}],"wp:term":[{"taxonomy":"product_brand","embeddable":true,"href":"https:\/\/www.mcallenflatware.com\/fr\/wp-json\/wp\/v2\/product_brand?post=970"},{"taxonomy":"product_cat","embeddable":true,"href":"https:\/\/www.mcallenflatware.com\/fr\/wp-json\/wp\/v2\/product_cat?post=970"},{"taxonomy":"product_tag","embeddable":true,"href":"https:\/\/www.mcallenflatware.com\/fr\/wp-json\/wp\/v2\/product_tag?post=970"}],"curies":[{"name":"wp","href":"https:\/\/api.w.org\/{rel}","templated":true}]}}