{"id":976,"date":"2024-11-11T13:11:51","date_gmt":"2024-11-11T13:11:51","guid":{"rendered":"https:\/\/www.mcallenflatware.com\/?post_type=product&#038;p=976"},"modified":"2024-11-11T13:11:52","modified_gmt":"2024-11-11T13:11:52","slug":"bulk-portable-cutlery-set-stainless-steel","status":"publish","type":"product","link":"https:\/\/www.mcallenflatware.com\/fr\/product\/bulk-portable-cutlery-set-stainless-steel\/","title":{"rendered":"Ensemble de couverts portatifs en acier inoxydable avec sac \u00e0 fermeture \u00e9clair"},"content":{"rendered":"<h2 class=\"wp-block-heading\">Ensemble de couverts portables Caract\u00e9ristiques :<\/h2>\n\n\n\n<div class=\"wp-block-columns is-layout-flex wp-container-core-columns-is-layout-9d6595d7 wp-block-columns-is-layout-flex\">\n<div class=\"wp-block-column is-layout-flow wp-block-column-is-layout-flow\" style=\"flex-basis:66.66%\">\n<p><strong>Conception portative<\/strong><br>L'ensemble de couverts comprenant une cuill\u00e8re, une fourchette, un couteau, une pince de service, une assiette, etc. est petit et portable, et peut \u00eatre rang\u00e9 dans un sac \u00e0 fermeture \u00e9clair pour rester propre. Il convient aux voyages, aux pique-niques et aux activit\u00e9s de plein air.<\/p>\n\n\n\n<p><strong>Mat\u00e9riau s\u00fbr et de haute qualit\u00e9<\/strong><br>Mat\u00e9riau en acier inoxydable 304, r\u00e9sistant \u00e0 la corrosion, antirouille, non toxique et s\u00fbr.<\/p>\n\n\n\n<p><strong>Pas facile \u00e0 tacher, facile \u00e0 nettoyer<\/strong><br>La surface en acier inoxydable est lisse et tr\u00e8s facile \u00e0 nettoyer, et peut \u00eatre lav\u00e9e au lave-vaisselle.<\/p>\n\n\n\n<p><strong>Aspect tendance<\/strong><br>Le style est simple et moderne, adapt\u00e9 \u00e0 diff\u00e9rentes occasions, et l'apparence est \u00e0 la mode.<\/p>\n\n\n\n<p><strong>Options de personnalisation<\/strong><br>Les couverts ou les sacs peuvent \u00eatre personnalis\u00e9s pour r\u00e9pondre \u00e0 des besoins particuliers, ce qui constitue un choix id\u00e9al pour les cadeaux d'entreprise, les souvenirs ou les cadeaux sp\u00e9ciaux.<\/p>\n<\/div>\n\n\n\n<div class=\"wp-block-column is-layout-flow wp-block-column-is-layout-flow\" style=\"flex-basis:33.33%\">\n<figure class=\"wp-block-image size-full\"><img decoding=\"async\" width=\"800\" height=\"800\" src=\"https:\/\/www.mcallenflatware.com\/wp-content\/uploads\/2024\/11\/Bulk-Portable-Cutlery-Set-.webp\" alt=\"Set de couverts portables en vrac\" class=\"wp-image-984\" srcset=\"https:\/\/www.mcallenflatware.com\/wp-content\/uploads\/2024\/11\/Bulk-Portable-Cutlery-Set-.webp 800w, https:\/\/www.mcallenflatware.com\/wp-content\/uploads\/2024\/11\/Bulk-Portable-Cutlery-Set--150x150.webp 150w, https:\/\/www.mcallenflatware.com\/wp-content\/uploads\/2024\/11\/Bulk-Portable-Cutlery-Set--768x768.webp 768w, https:\/\/www.mcallenflatware.com\/wp-content\/uploads\/2024\/11\/Bulk-Portable-Cutlery-Set--600x600.webp 600w, https:\/\/www.mcallenflatware.com\/wp-content\/uploads\/2024\/11\/Bulk-Portable-Cutlery-Set--300x300.webp 300w, https:\/\/www.mcallenflatware.com\/wp-content\/uploads\/2024\/11\/Bulk-Portable-Cutlery-Set--100x100.webp 100w\" sizes=\"(max-width: 800px) 100vw, 800px\" \/><\/figure>\n<\/div>\n<\/div>","protected":false},"excerpt":{"rendered":"<p>Notre set de couverts portable en vrac avec sac \u00e0 fermeture \u00e9clair pour le camping et les voyages en plein air. \u00c9quip\u00e9 d'une cuill\u00e8re, d'une fourchette, d'un couteau, d'une pince de service et d'une assiette en acier inoxydable. L'usine de Mcallen fournit des solutions de prix d'usine pour des couverts personnalis\u00e9s et en gros, n'h\u00e9sitez pas \u00e0 vous renseigner !<\/p>\n<h2>Attributs de l'ensemble de couverts portatif<\/h2>\n<p><strong>Nom de marque :<\/strong> Mcallen<br \/><strong>Mat\u00e9riau :<\/strong> Acier inoxydable<br \/><strong>Couleur :<\/strong> Argent\/Or<br \/><strong>Polissage :<\/strong> Miroir poli<br \/><strong>Conception :<\/strong>\u00a0 avec sac portable \u00e0 fermeture \u00e9clair<br \/><strong>D\u00e9lai d'ex\u00e9cution de l'\u00e9chantillon :<\/strong> Dans les 3 jours<br \/><strong>OEM\/ODM :<\/strong> Disponible<\/p>\n<h2>Set de couverts portable personnalis\u00e9 :<\/h2>\n<p><strong>Acier inoxydable :<\/strong> Acier inoxydable 18\/10, 304, 316, 410, 430, 420<br \/><strong>Logo :<\/strong> Gravure laser, s\u00e9rigraphie, impression UV, impression par transfert thermique, gaufrage, etc.<br \/><strong>Emballage :<\/strong> 4\/8\/12\/16\/20\/24\/45\/48\/72pcs set<br \/><strong>Finitions de surface :<\/strong> Poli miroir, mat, poli \u00e0 l'eau, rev\u00eatement titane<br \/><strong>Emballage :<\/strong> Vrac, sac opp, bo\u00eete de couleur, bo\u00eete cadeau, sur mesure<\/p>","protected":false},"featured_media":984,"template":"","meta":[],"product_brand":[],"product_cat":[23,27],"product_tag":[],"class_list":{"0":"post-976","1":"product","2":"type-product","3":"status-publish","4":"has-post-thumbnail","6":"product_cat-wholesale-flatware","7":"product_cat-custom-portable-cutlery-set","9":"first","10":"instock","11":"shipping-taxable","12":"product-type-simple"},"_links":{"self":[{"href":"https:\/\/www.mcallenflatware.com\/fr\/wp-json\/wp\/v2\/product\/976","targetHints":{"allow":["GET"]}}],"collection":[{"href":"https:\/\/www.mcallenflatware.com\/fr\/wp-json\/wp\/v2\/product"}],"about":[{"href":"https:\/\/www.mcallenflatware.com\/fr\/wp-json\/wp\/v2\/types\/product"}],"wp:featuredmedia":[{"embeddable":true,"href":"https:\/\/www.mcallenflatware.com\/fr\/wp-json\/wp\/v2\/media\/984"}],"wp:attachment":[{"href":"https:\/\/www.mcallenflatware.com\/fr\/wp-json\/wp\/v2\/media?parent=976"}],"wp:term":[{"taxonomy":"product_brand","embeddable":true,"href":"https:\/\/www.mcallenflatware.com\/fr\/wp-json\/wp\/v2\/product_brand?post=976"},{"taxonomy":"product_cat","embeddable":true,"href":"https:\/\/www.mcallenflatware.com\/fr\/wp-json\/wp\/v2\/product_cat?post=976"},{"taxonomy":"product_tag","embeddable":true,"href":"https:\/\/www.mcallenflatware.com\/fr\/wp-json\/wp\/v2\/product_tag?post=976"}],"curies":[{"name":"wp","href":"https:\/\/api.w.org\/{rel}","templated":true}]}}