{"id":993,"date":"2024-11-12T13:10:15","date_gmt":"2024-11-12T13:10:15","guid":{"rendered":"https:\/\/www.mcallenflatware.com\/?post_type=product&#038;p=993"},"modified":"2024-11-12T13:10:17","modified_gmt":"2024-11-12T13:10:17","slug":"custom-moscow-mule-cups","status":"publish","type":"product","link":"https:\/\/www.mcallenflatware.com\/fr\/product\/custom-moscow-mule-cups\/","title":{"rendered":"Tasses \u00e0 Moscow Mule personnalis\u00e9es Tasses en acier inoxydable en cuivre martel\u00e9"},"content":{"rendered":"<h2 class=\"wp-block-heading\">Coupes Moscow Mule Features :<\/h2>\n\n\n\n<div class=\"wp-block-columns is-layout-flex wp-container-core-columns-is-layout-9d6595d7 wp-block-columns-is-layout-flex\">\n<div class=\"wp-block-column is-layout-flow wp-block-column-is-layout-flow\" style=\"flex-basis:66.66%\">\n<p><strong>S\u00fbr et sain<\/strong><br>Les mulets de Moscou modernes sont g\u00e9n\u00e9ralement con\u00e7us avec un int\u00e9rieur en acier inoxydable et un rev\u00eatement ext\u00e9rieur en cuivre, ce qui permet de conserver l'aspect classique des mugs en cuivre et d'\u00e9viter les risques pour la sant\u00e9.<\/p>\n\n\n\n<p><strong>Bonne conservation de la chaleur<\/strong><br>Le cuivre conduit bien la chaleur et, gr\u00e2ce au traitement sp\u00e9cial de la surface martel\u00e9e, il permet de mieux maintenir la boisson \u00e0 basse temp\u00e9rature pour que chaque gorg\u00e9e soit appr\u00e9ci\u00e9e avec un go\u00fbt frais.<\/p>\n\n\n\n<p><strong>Forte durabilit\u00e9<\/strong><br>L'acier inoxydable est tr\u00e8s solide et durable, il ne rouille pas et ne s'ab\u00eeme pas facilement, ce qui garantit une longue dur\u00e9e de vie au gobelet.<\/p>\n\n\n\n<p><strong>Facile \u00e0 nettoyer<\/strong><br>Compar\u00e9 au cuivre pur, l'int\u00e9rieur en acier inoxydable est plus facile \u00e0 nettoyer et moins susceptible de laisser des taches d'eau, ce qui permet \u00e0 la tasse de rester brillante et neuve.<\/p>\n\n\n\n<p><strong>Polyvalent<\/strong><br>Il convient non seulement aux cocktails Moscow Mule, mais aussi \u00e0 d'autres types de boissons froides, telles que le th\u00e9 glac\u00e9, les jus de fruits, etc.<\/p>\n\n\n\n<p><strong>Conception de la poign\u00e9e<\/strong><br>Poign\u00e9e soud\u00e9e stabilis\u00e9e pour une meilleure prise en main et une bonne isolation<\/p>\n<\/div>\n\n\n\n<div class=\"wp-block-column is-layout-flow wp-block-column-is-layout-flow\" style=\"flex-basis:33.33%\">\n<figure class=\"wp-block-image size-full\"><img decoding=\"async\" width=\"800\" height=\"800\" src=\"https:\/\/www.mcallenflatware.com\/wp-content\/uploads\/2024\/11\/Wholesale-Moscow-Mule-Cups.webp\" alt=\"Grossiste-Moscou-Tasses de mulets\" class=\"wp-image-998\" srcset=\"https:\/\/www.mcallenflatware.com\/wp-content\/uploads\/2024\/11\/Wholesale-Moscow-Mule-Cups.webp 800w, https:\/\/www.mcallenflatware.com\/wp-content\/uploads\/2024\/11\/Wholesale-Moscow-Mule-Cups-150x150.webp 150w, https:\/\/www.mcallenflatware.com\/wp-content\/uploads\/2024\/11\/Wholesale-Moscow-Mule-Cups-768x768.webp 768w, https:\/\/www.mcallenflatware.com\/wp-content\/uploads\/2024\/11\/Wholesale-Moscow-Mule-Cups-600x600.webp 600w, https:\/\/www.mcallenflatware.com\/wp-content\/uploads\/2024\/11\/Wholesale-Moscow-Mule-Cups-300x300.webp 300w, https:\/\/www.mcallenflatware.com\/wp-content\/uploads\/2024\/11\/Wholesale-Moscow-Mule-Cups-100x100.webp 100w\" sizes=\"(max-width: 800px) 100vw, 800px\" \/><\/figure>\n<\/div>\n<\/div>","protected":false},"excerpt":{"rendered":"<p>Ces tasses \u00e0 Moscow Mule de qualit\u00e9 sup\u00e9rieure sont fabriqu\u00e9es en acier inoxydable de haute qualit\u00e9 recouvert d'une finition en cuivre martel\u00e9, offrant un aspect \u00e9l\u00e9gant et une excellente r\u00e9tention de la chaleur, tant pour les cocktails Moscow Mule traditionnels que pour d'autres boissons froides ou cocktails servis. Id\u00e9al pour les achats en gros.<\/p>\n<h2>Coupes Moscow Mule Attributs<\/h2>\n<p><strong>Nom de marque :<\/strong> Mcallen<br \/><strong>Mat\u00e9riau :<\/strong> Acier inoxydable<br \/><strong>Couleur :<\/strong> Cuivre<br \/><strong>Polissage :<\/strong> Miroir poli<br \/><strong>Conception :<\/strong>\u00a0 Martel\u00e9e<br \/><strong>D\u00e9lai d'ex\u00e9cution de l'\u00e9chantillon :<\/strong> Dans les 3 jours<br \/><strong>OEM\/ODM :<\/strong> Disponible<\/p>\n<h2>Coupes de Moscow Mule personnalis\u00e9es :<\/h2>\n<p><strong>Acier inoxydable :<\/strong>\u00a0Acier inoxydable 18\/10, 304, 316, 410, 430, 420<br \/><strong>Logo :<\/strong>\u00a0Gravure laser, s\u00e9rigraphie, impression UV, impression par transfert thermique, gaufrage, etc.<br \/><strong>Finitions de surface :<\/strong>\u00a0Poli miroir, mat, poli \u00e0 l'eau, rev\u00eatement titane<br \/><strong>Emballage :<\/strong>\u00a0Vrac, sac opp, bo\u00eete de couleur, bo\u00eete cadeau, sur mesure<\/p>","protected":false},"featured_media":998,"template":"","meta":[],"product_brand":[],"product_cat":[26,35],"product_tag":[],"class_list":{"0":"post-993","1":"product","2":"type-product","3":"status-publish","4":"has-post-thumbnail","6":"product_cat-wholesale-bar-supplies-tools","7":"product_cat-custom-stainless-steel-cups","9":"first","10":"instock","11":"shipping-taxable","12":"product-type-simple"},"_links":{"self":[{"href":"https:\/\/www.mcallenflatware.com\/fr\/wp-json\/wp\/v2\/product\/993","targetHints":{"allow":["GET"]}}],"collection":[{"href":"https:\/\/www.mcallenflatware.com\/fr\/wp-json\/wp\/v2\/product"}],"about":[{"href":"https:\/\/www.mcallenflatware.com\/fr\/wp-json\/wp\/v2\/types\/product"}],"wp:featuredmedia":[{"embeddable":true,"href":"https:\/\/www.mcallenflatware.com\/fr\/wp-json\/wp\/v2\/media\/998"}],"wp:attachment":[{"href":"https:\/\/www.mcallenflatware.com\/fr\/wp-json\/wp\/v2\/media?parent=993"}],"wp:term":[{"taxonomy":"product_brand","embeddable":true,"href":"https:\/\/www.mcallenflatware.com\/fr\/wp-json\/wp\/v2\/product_brand?post=993"},{"taxonomy":"product_cat","embeddable":true,"href":"https:\/\/www.mcallenflatware.com\/fr\/wp-json\/wp\/v2\/product_cat?post=993"},{"taxonomy":"product_tag","embeddable":true,"href":"https:\/\/www.mcallenflatware.com\/fr\/wp-json\/wp\/v2\/product_tag?post=993"}],"curies":[{"name":"wp","href":"https:\/\/api.w.org\/{rel}","templated":true}]}}