{"id":994,"date":"2024-11-12T03:18:20","date_gmt":"2024-11-12T03:18:20","guid":{"rendered":"https:\/\/www.mcallenflatware.com\/?post_type=product&#038;p=994"},"modified":"2024-11-13T07:59:34","modified_gmt":"2024-11-13T07:59:34","slug":"custom-camping-flatware","status":"publish","type":"product","link":"https:\/\/www.mcallenflatware.com\/fr\/product\/custom-camping-flatware\/","title":{"rendered":"Couverts de camping personnalis\u00e9s en acier inoxydable 3 en 1 avec sac"},"content":{"rendered":"<div class=\"wp-block-columns is-layout-flex wp-container-core-columns-is-layout-9d6595d7 wp-block-columns-is-layout-flex\">\n<div class=\"wp-block-column is-layout-flow wp-block-column-is-layout-flow\" style=\"flex-basis:66.66%\">\n<h2 class=\"wp-block-heading\">Couverts de camping Caract\u00e9ristiques :<\/h2>\n\n\n\n<p><strong>Conception pratique 3 en 1<\/strong><br>Le couteau, la fourchette et la cuill\u00e8re en trois parties sont livr\u00e9s dans un sac en tissu, ce qui \u00e9vite de les perdre. L\u00e9ger et pratique, il convient pour le camping, les voyages et le bureau.<\/p>\n\n\n\n<p><strong>Acier inoxydable r\u00e9sistant \u00e0 l'usure et facile \u00e0 nettoyer<\/strong><br>Fabriqu\u00e9 en acier inoxydable 304 de haute qualit\u00e9, avec une surface lisse et facile \u00e0 nettoyer et un design minimaliste et \u00e9l\u00e9gant.<\/p>\n\n\n\n<p><strong>Logo personnalisable<\/strong><br>Vous pouvez personnaliser le logo sur le service de couverts ou sur l'emballage, ce qui offre diverses options de personnalisation pour faciliter la promotion de la marque.<\/p>\n<\/div>\n\n\n\n<div class=\"wp-block-column is-layout-flow wp-block-column-is-layout-flow\" style=\"flex-basis:33.33%\"><div class=\"wp-block-image\">\n<figure class=\"aligncenter size-full\"><img decoding=\"async\" width=\"800\" height=\"800\" src=\"https:\/\/www.mcallenflatware.com\/wp-content\/uploads\/2024\/11\/Custom-Camping-Flatware-1.jpg\" alt=\"Couverts de camping personnalis\u00e9s 1\" class=\"wp-image-996\" srcset=\"https:\/\/www.mcallenflatware.com\/wp-content\/uploads\/2024\/11\/Custom-Camping-Flatware-1.jpg 800w, https:\/\/www.mcallenflatware.com\/wp-content\/uploads\/2024\/11\/Custom-Camping-Flatware-1-150x150.jpg 150w, https:\/\/www.mcallenflatware.com\/wp-content\/uploads\/2024\/11\/Custom-Camping-Flatware-1-768x768.jpg 768w, https:\/\/www.mcallenflatware.com\/wp-content\/uploads\/2024\/11\/Custom-Camping-Flatware-1-600x600.jpg 600w, https:\/\/www.mcallenflatware.com\/wp-content\/uploads\/2024\/11\/Custom-Camping-Flatware-1-300x300.jpg 300w, https:\/\/www.mcallenflatware.com\/wp-content\/uploads\/2024\/11\/Custom-Camping-Flatware-1-100x100.jpg 100w\" sizes=\"(max-width: 800px) 100vw, 800px\" \/><\/figure>\n<\/div><\/div>\n<\/div>\n\n\n\n<p><\/p>","protected":false},"excerpt":{"rendered":"<p><span class=\"Editor_t__not_edited__WuRP8\">Nos couverts de camping personnalis\u00e9s<\/span><span class=\"Editor_t__not_edited__WuRP8\">\u00a0est\u00a0<\/span><span class=\"Editor_t__added__LtuNJ\">fabriqu\u00e9<\/span><span class=\"Editor_t__not_edited__WuRP8\">\u00a0<\/span><span class=\"Editor_t__added__LtuNJ\">de<\/span><span class=\"Editor_t__not_edited__WuRP8\">\u00a0<\/span><span class=\"Editor_t__added__LtuNJ\">l\u00e9ger\u00a0<\/span><span class=\"Editor_t__not_edited__WuRP8\">acier inoxydable de qualit\u00e9 alimentaire<\/span><span class=\"Editor_t__not_edited__WuRP8\">\u00a0<\/span><span class=\"Editor_t__not_edited__WuRP8\">et\u00a0<\/span><span class=\"Editor_t__not_edited_long__JuNNx\">est livr\u00e9 avec un sac OPP portable pour\u00a0<\/span><span class=\"Editor_t__added__LtuNJ\">transportant<\/span><span class=\"Editor_t__not_edited__WuRP8\">\u00a0<\/span><span class=\"Editor_t__added__LtuNJ\">commodit\u00e9<\/span><span class=\"Editor_t__not_edited__WuRP8\">. Les\u00a0<\/span><span class=\"Editor_t__added__LtuNJ\">lisse\u00a0<\/span><span class=\"Editor_t__not_edited__WuRP8\">La surface est\u00a0<\/span><span class=\"Editor_t__added__LtuNJ\">facilement<\/span><span class=\"Editor_t__not_edited__WuRP8\">\u00a0<\/span><span class=\"Editor_t__added__LtuNJ\">nettoy\u00e9<\/span><span class=\"Editor_t__not_edited_long__JuNNx\">. Il est\u00a0<\/span><span class=\"Editor_t__added__LtuNJ\">a<\/span><span class=\"Editor_t__not_edited__WuRP8\">\u00a0<\/span><span class=\"Editor_t__added__LtuNJ\">tr\u00e8s<\/span><span class=\"Editor_t__not_edited__WuRP8\">\u00a0<\/span><span class=\"Editor_t__added__LtuNJ\">bon\u00a0<\/span><span class=\"Editor_t__not_edited_long__JuNNx\">choix pour le camping en famille ou en \u00e9quipe.<\/span> Bienvenue \u00e0 l'enqu\u00eate !<\/p>\n<h2>Attributs des couverts de camping<\/h2>\n<p><strong>Nom de marque :<\/strong> Mcallen<br \/><strong>Mat\u00e9riau :<\/strong> Acier inoxydable<br \/><strong>Couleur :<\/strong> Argent<br \/><strong>Polissage :<\/strong> Miroir poli<br \/><strong>Conception :<\/strong>\u00a0 3 en 1, avec sac<br \/><strong>D\u00e9lai d'ex\u00e9cution de l'\u00e9chantillon :<\/strong> Dans les 3 jours<br \/><strong>OEM\/ODM :<\/strong> Disponible<\/p>\n<h2>Couverts de camping personnalis\u00e9s :<\/h2>\n<p><strong>Acier inoxydable :<\/strong> Acier inoxydable 18\/10, 304, 316, 410, 430, 420<br \/><strong>Logo :<\/strong> Gravure laser, s\u00e9rigraphie, impression UV, impression par transfert thermique, gaufrage, etc.<br \/><strong>Emballage :<\/strong> 4\/8\/12\/16\/20\/24\/45\/48\/72pcs set<br \/><strong>Finitions de surface :<\/strong> Poli miroir, mat, poli \u00e0 l'eau, rev\u00eatement titane<br \/><strong>Emballage :<\/strong> Vrac, sac opp, bo\u00eete de couleur, bo\u00eete cadeau, sur mesure<\/p>","protected":false},"featured_media":996,"template":"","meta":[],"product_brand":[],"product_cat":[23,27],"product_tag":[],"class_list":{"0":"post-994","1":"product","2":"type-product","3":"status-publish","4":"has-post-thumbnail","6":"product_cat-wholesale-flatware","7":"product_cat-custom-portable-cutlery-set","9":"first","10":"instock","11":"shipping-taxable","12":"product-type-simple"},"_links":{"self":[{"href":"https:\/\/www.mcallenflatware.com\/fr\/wp-json\/wp\/v2\/product\/994","targetHints":{"allow":["GET"]}}],"collection":[{"href":"https:\/\/www.mcallenflatware.com\/fr\/wp-json\/wp\/v2\/product"}],"about":[{"href":"https:\/\/www.mcallenflatware.com\/fr\/wp-json\/wp\/v2\/types\/product"}],"wp:featuredmedia":[{"embeddable":true,"href":"https:\/\/www.mcallenflatware.com\/fr\/wp-json\/wp\/v2\/media\/996"}],"wp:attachment":[{"href":"https:\/\/www.mcallenflatware.com\/fr\/wp-json\/wp\/v2\/media?parent=994"}],"wp:term":[{"taxonomy":"product_brand","embeddable":true,"href":"https:\/\/www.mcallenflatware.com\/fr\/wp-json\/wp\/v2\/product_brand?post=994"},{"taxonomy":"product_cat","embeddable":true,"href":"https:\/\/www.mcallenflatware.com\/fr\/wp-json\/wp\/v2\/product_cat?post=994"},{"taxonomy":"product_tag","embeddable":true,"href":"https:\/\/www.mcallenflatware.com\/fr\/wp-json\/wp\/v2\/product_tag?post=994"}],"curies":[{"name":"wp","href":"https:\/\/api.w.org\/{rel}","templated":true}]}}