{"id":1000,"date":"2024-11-12T17:12:13","date_gmt":"2024-11-12T17:12:13","guid":{"rendered":"https:\/\/www.mcallenflatware.com\/?post_type=product&#038;p=1000"},"modified":"2024-11-12T17:12:14","modified_gmt":"2024-11-12T17:12:14","slug":"bulk-stainless-steel-straws","status":"publish","type":"product","link":"https:\/\/www.mcallenflatware.com\/pt\/product\/bulk-stainless-steel-straws\/","title":{"rendered":"Palhinhas de a\u00e7o inoxid\u00e1vel a granel Palhinhas rectas Boba mais largas Coloridas"},"content":{"rendered":"<h2 class=\"wp-block-heading\">Palhinhas de a\u00e7o inoxid\u00e1vel Carater\u00edsticas:<\/h2>\n\n\n\n<div class=\"wp-block-columns is-layout-flex wp-container-core-columns-is-layout-9d6595d7 wp-block-columns-is-layout-flex\">\n<div class=\"wp-block-column is-layout-flow wp-block-column-is-layout-flow\" style=\"flex-basis:66.66%\">\n<p><strong>Design de boca larga<\/strong><br>Especialmente concebido para bebidas com part\u00edculas grandes, como p\u00e9rolas, cocos, etc., para garantir uma aspira\u00e7\u00e3o suave e sem entupimentos.<\/p>\n\n\n\n<p><strong>Material ecol\u00f3gico e n\u00e3o t\u00f3xico<\/strong><br>Fabricado em a\u00e7o inoxid\u00e1vel de qualidade alimentar, \u00e9 reutiliz\u00e1vel e ajuda a reduzir a polui\u00e7\u00e3o ambiental.<\/p>\n\n\n\n<p><strong>Portabilidade<\/strong><br>Muitas palhinhas de a\u00e7o inoxid\u00e1vel v\u00eam com um saco de transporte, o que as torna f\u00e1ceis de transportar e adequadas para v\u00e1rias ocasi\u00f5es.<\/p>\n\n\n\n<p><strong>Colorido<\/strong><br>M\u00faltiplas op\u00e7\u00f5es de cores para satisfazer as diferentes prefer\u00eancias dos utilizadores e necessidades de marca, acrescentando um sentido de moda e elementos personalizados \u00e0s bebidas.<\/p>\n\n\n\n<p><strong>F\u00e1cil de limpar.<\/strong><br>Equipado com uma escova de limpeza especial, \u00e9 conveniente limpar cuidadosamente o interior para garantir a higiene.<\/p>\n<\/div>\n\n\n\n<div class=\"wp-block-column is-layout-flow wp-block-column-is-layout-flow\" style=\"flex-basis:33.33%\">\n<figure class=\"wp-block-image size-full\"><img decoding=\"async\" width=\"1275\" height=\"1074\" src=\"https:\/\/www.mcallenflatware.com\/wp-content\/uploads\/2024\/11\/Wholesale-Stainless-Steel-Straws-1.webp\" alt=\"Atacado-A\u00e7o inoxid\u00e1vel-Parafusos (1)\" class=\"wp-image-1001\" srcset=\"https:\/\/www.mcallenflatware.com\/wp-content\/uploads\/2024\/11\/Wholesale-Stainless-Steel-Straws-1.webp 1275w, https:\/\/www.mcallenflatware.com\/wp-content\/uploads\/2024\/11\/Wholesale-Stainless-Steel-Straws-1-768x647.webp 768w, https:\/\/www.mcallenflatware.com\/wp-content\/uploads\/2024\/11\/Wholesale-Stainless-Steel-Straws-1-1200x1011.webp 1200w, https:\/\/www.mcallenflatware.com\/wp-content\/uploads\/2024\/11\/Wholesale-Stainless-Steel-Straws-1-600x505.webp 600w\" sizes=\"(max-width: 1275px) 100vw, 1275px\" \/><\/figure>\n<\/div>\n<\/div>","protected":false},"excerpt":{"rendered":"<p>Palhinhas de a\u00e7o inoxid\u00e1vel personalizadas por atacado de grande calibre, incluindo escovas de limpeza. Perfeitas para ch\u00e1 de bolhas, sumos e outras bebidas. Dispon\u00edvel em v\u00e1rias cores, com op\u00e7\u00f5es de personaliza\u00e7\u00e3o a granel para os melhores descontos. Contacte-nos para obter amostras gr\u00e1tis!<\/p>\n<h2>Atributos das palhinhas de a\u00e7o inoxid\u00e1vel<\/h2>\n<p><strong>Nome da marca:<\/strong> Mcallen<br \/><strong>Material:<\/strong> A\u00e7o inoxid\u00e1vel<br \/><strong>Cor: <\/strong>Ouro, prata, ouro rosa, roxo ou personalizado<br \/><strong>Acess\u00f3rios:<\/strong> Escova de palha<br \/><strong>Conce\u00e7\u00e3o:<\/strong>\u00a0 Reto, calibre largo <br \/><strong>Prazo de entrega da amostra:<\/strong> No prazo de 3 dias<br \/><strong>OEM\/ODM:<\/strong> Dispon\u00edvel<\/p>\n<h2>Palhinhas de a\u00e7o inoxid\u00e1vel personalizadas:<\/h2>\n<p><strong>A\u00e7o inoxid\u00e1vel:<\/strong> A\u00e7o inoxid\u00e1vel 18\/10, 304, 316, 410, 430, 420<br \/><strong>Log\u00f3tipo:<\/strong>\u00a0 Estampagem, laser, gravura, etc.<br \/><strong>Acabamentos de superf\u00edcie:<\/strong> Espelho polido, mate<br \/><strong>Embalagem:<\/strong> A granel, saco opp, caixa de cor, personalizado<\/p>","protected":false},"featured_media":1002,"template":"","meta":[],"product_brand":[],"product_cat":[26,36],"product_tag":[],"class_list":{"0":"post-1000","1":"product","2":"type-product","3":"status-publish","4":"has-post-thumbnail","6":"product_cat-wholesale-bar-supplies-tools","7":"product_cat-custom-stainless-steel-straws","9":"first","10":"instock","11":"shipping-taxable","12":"product-type-simple"},"_links":{"self":[{"href":"https:\/\/www.mcallenflatware.com\/pt\/wp-json\/wp\/v2\/product\/1000","targetHints":{"allow":["GET"]}}],"collection":[{"href":"https:\/\/www.mcallenflatware.com\/pt\/wp-json\/wp\/v2\/product"}],"about":[{"href":"https:\/\/www.mcallenflatware.com\/pt\/wp-json\/wp\/v2\/types\/product"}],"wp:featuredmedia":[{"embeddable":true,"href":"https:\/\/www.mcallenflatware.com\/pt\/wp-json\/wp\/v2\/media\/1002"}],"wp:attachment":[{"href":"https:\/\/www.mcallenflatware.com\/pt\/wp-json\/wp\/v2\/media?parent=1000"}],"wp:term":[{"taxonomy":"product_brand","embeddable":true,"href":"https:\/\/www.mcallenflatware.com\/pt\/wp-json\/wp\/v2\/product_brand?post=1000"},{"taxonomy":"product_cat","embeddable":true,"href":"https:\/\/www.mcallenflatware.com\/pt\/wp-json\/wp\/v2\/product_cat?post=1000"},{"taxonomy":"product_tag","embeddable":true,"href":"https:\/\/www.mcallenflatware.com\/pt\/wp-json\/wp\/v2\/product_tag?post=1000"}],"curies":[{"name":"wp","href":"https:\/\/api.w.org\/{rel}","templated":true}]}}