{"id":1004,"date":"2024-11-12T12:58:13","date_gmt":"2024-11-12T12:58:13","guid":{"rendered":"https:\/\/www.mcallenflatware.com\/?post_type=product&#038;p=1004"},"modified":"2024-11-12T12:58:14","modified_gmt":"2024-11-12T12:58:14","slug":"custom-stainless-steel-cups","status":"publish","type":"product","link":"https:\/\/www.mcallenflatware.com\/pt\/product\/custom-stainless-steel-cups\/","title":{"rendered":"Copos de a\u00e7o inoxid\u00e1vel personalizados com palhinhas Copos de parede dupla a granel"},"content":{"rendered":"<h2 class=\"wp-block-heading\">Copos de a\u00e7o inoxid\u00e1vel Carater\u00edsticas:<\/h2>\n\n\n\n<div class=\"wp-block-columns is-layout-flex wp-container-core-columns-is-layout-9d6595d7 wp-block-columns-is-layout-flex\">\n<div class=\"wp-block-column is-layout-flow wp-block-column-is-layout-flow\" style=\"flex-basis:66.66%\">\n<p><strong>Design de camada dupla<\/strong><br>A ado\u00e7\u00e3o de uma estrutura de a\u00e7o inoxid\u00e1vel de camada dupla isola eficazmente a temperatura exterior e mant\u00e9m as bebidas quentes e frias.<\/p>\n\n\n\n<p><strong>Material de alta qualidade<\/strong><br>\u00c9 utilizado a\u00e7o inoxid\u00e1vel de qualidade alimentar para garantir a seguran\u00e7a, a n\u00e3o toxicidade, a resist\u00eancia \u00e0 corros\u00e3o e a durabilidade.<\/p>\n\n\n\n<p><strong>Palhinhas<\/strong><br>Normalmente equipadas com palhinhas de a\u00e7o inoxid\u00e1vel ou ecol\u00f3gicas, convenientes para beber bebidas frias ou bebidas com part\u00edculas.<\/p>\n\n\n\n<p><strong>Diferentes capacidades<\/strong><br>Est\u00e3o dispon\u00edveis v\u00e1rias capacidades para satisfazer diferentes necessidades de consumo.<\/p>\n\n\n\n<p><strong>Aspeto elegante<\/strong><br>Design simples e elegante, adequado para todas as ocasi\u00f5es, com ch\u00e1venas marteladas e lisas dispon\u00edveis.<\/p>\n\n\n\n<p><strong>Amigo do ambiente<\/strong><br>Reutiliz\u00e1veis, reduzindo a utiliza\u00e7\u00e3o de copos e palhinhas de pl\u00e1stico descart\u00e1veis, mais seguros para o ambiente.<\/p>\n<\/div>\n\n\n\n<div class=\"wp-block-column is-layout-flow wp-block-column-is-layout-flow\" style=\"flex-basis:33.33%\">\n<figure class=\"wp-block-image size-full\"><img decoding=\"async\" width=\"1024\" height=\"1024\" src=\"https:\/\/www.mcallenflatware.com\/wp-content\/uploads\/2024\/11\/Wholesale-Stainless-Steel-Cups-2.webp\" alt=\"Venda por grosso de copos de a\u00e7o inoxid\u00e1vel (2)\" class=\"wp-image-1007\" srcset=\"https:\/\/www.mcallenflatware.com\/wp-content\/uploads\/2024\/11\/Wholesale-Stainless-Steel-Cups-2.webp 1024w, https:\/\/www.mcallenflatware.com\/wp-content\/uploads\/2024\/11\/Wholesale-Stainless-Steel-Cups-2-150x150.webp 150w, https:\/\/www.mcallenflatware.com\/wp-content\/uploads\/2024\/11\/Wholesale-Stainless-Steel-Cups-2-768x768.webp 768w, https:\/\/www.mcallenflatware.com\/wp-content\/uploads\/2024\/11\/Wholesale-Stainless-Steel-Cups-2-600x600.webp 600w, https:\/\/www.mcallenflatware.com\/wp-content\/uploads\/2024\/11\/Wholesale-Stainless-Steel-Cups-2-300x300.webp 300w, https:\/\/www.mcallenflatware.com\/wp-content\/uploads\/2024\/11\/Wholesale-Stainless-Steel-Cups-2-100x100.webp 100w\" sizes=\"(max-width: 1024px) 100vw, 1024px\" \/><\/figure>\n<\/div>\n<\/div>","protected":false},"excerpt":{"rendered":"<p>Estes copos de a\u00e7o inoxid\u00e1vel por atacado com palhinhas apresentam um design isolado de camada dupla que mant\u00e9m as bebidas quentes ou frias de forma eficaz. Fabricados em a\u00e7o inoxid\u00e1vel duradouro, t\u00eam um aspeto limpo e est\u00e3o dispon\u00edveis numa variedade de cores e op\u00e7\u00f5es de capacidade para utiliza\u00e7\u00e3o em casa, no escrit\u00f3rio ou no exterior.<\/p>\n<h2>Atributos dos copos de a\u00e7o inoxid\u00e1vel<\/h2>\n<p><strong>Nome da marca:<\/strong> Mcallen<br \/><strong>Material:<\/strong> A\u00e7o inoxid\u00e1vel<br \/><strong>Cor:<\/strong> Ouro, Prata<br \/><strong>Polimento:<\/strong> Mate<br \/><strong>Prazo de entrega da amostra:<\/strong> No prazo de 3 dias<br \/><strong>OEM\/ODM:<\/strong> Dispon\u00edvel<\/p>\n<h2>Copos de a\u00e7o inoxid\u00e1vel personalizados:<\/h2>\n<p><strong>A\u00e7o inoxid\u00e1vel:<\/strong> A\u00e7o inoxid\u00e1vel 18\/10, 304, 316, 410, 430, 420<br \/><strong>Log\u00f3tipo:<\/strong> Grava\u00e7\u00e3o a laser, impress\u00e3o serigr\u00e1fica, impress\u00e3o UV, impress\u00e3o por transfer\u00eancia t\u00e9rmica, grava\u00e7\u00e3o em relevo, etc.<br \/><strong>Acabamentos de superf\u00edcie:<\/strong> Polido com espelho, mate, polido com \u00e1gua, revestimento de tit\u00e2nio<br \/><strong>Embalagem:<\/strong> A granel, saco opp, caixa de cor, caixa de oferta, personalizado<\/p>","protected":false},"featured_media":1006,"template":"","meta":[],"product_brand":[],"product_cat":[26,35],"product_tag":[],"class_list":{"0":"post-1004","1":"product","2":"type-product","3":"status-publish","4":"has-post-thumbnail","6":"product_cat-wholesale-bar-supplies-tools","7":"product_cat-custom-stainless-steel-cups","9":"first","10":"instock","11":"shipping-taxable","12":"product-type-simple"},"_links":{"self":[{"href":"https:\/\/www.mcallenflatware.com\/pt\/wp-json\/wp\/v2\/product\/1004","targetHints":{"allow":["GET"]}}],"collection":[{"href":"https:\/\/www.mcallenflatware.com\/pt\/wp-json\/wp\/v2\/product"}],"about":[{"href":"https:\/\/www.mcallenflatware.com\/pt\/wp-json\/wp\/v2\/types\/product"}],"wp:featuredmedia":[{"embeddable":true,"href":"https:\/\/www.mcallenflatware.com\/pt\/wp-json\/wp\/v2\/media\/1006"}],"wp:attachment":[{"href":"https:\/\/www.mcallenflatware.com\/pt\/wp-json\/wp\/v2\/media?parent=1004"}],"wp:term":[{"taxonomy":"product_brand","embeddable":true,"href":"https:\/\/www.mcallenflatware.com\/pt\/wp-json\/wp\/v2\/product_brand?post=1004"},{"taxonomy":"product_cat","embeddable":true,"href":"https:\/\/www.mcallenflatware.com\/pt\/wp-json\/wp\/v2\/product_cat?post=1004"},{"taxonomy":"product_tag","embeddable":true,"href":"https:\/\/www.mcallenflatware.com\/pt\/wp-json\/wp\/v2\/product_tag?post=1004"}],"curies":[{"name":"wp","href":"https:\/\/api.w.org\/{rel}","templated":true}]}}