{"id":1008,"date":"2024-11-12T17:31:52","date_gmt":"2024-11-12T17:31:52","guid":{"rendered":"https:\/\/www.mcallenflatware.com\/?post_type=product&#038;p=1008"},"modified":"2024-11-12T17:31:53","modified_gmt":"2024-11-12T17:31:53","slug":"custom-reusable-boba-straws","status":"publish","type":"product","link":"https:\/\/www.mcallenflatware.com\/pt\/product\/custom-reusable-boba-straws\/","title":{"rendered":"Palhinhas de Boba personalizadas reutiliz\u00e1veis Palhinhas de a\u00e7o inoxid\u00e1vel com ponta angular"},"content":{"rendered":"<h2 class=\"wp-block-heading\">Palhinhas de Boba reutiliz\u00e1veis Carater\u00edsticas:<\/h2>\n\n\n\n<div class=\"wp-block-columns is-layout-flex wp-container-core-columns-is-layout-9d6595d7 wp-block-columns-is-layout-flex\">\n<div class=\"wp-block-column is-layout-flow wp-block-column-is-layout-flow\" style=\"flex-basis:66.66%\">\n<p><strong>Materiais ecol\u00f3gicos de alta qualidade<\/strong><br>A\u00e7o inoxid\u00e1vel 304 de qualidade alimentar, reutiliz\u00e1vel, superf\u00edcie lisa, f\u00e1cil de limpar.<\/p>\n\n\n\n<p><strong>Design de ponta biselada<\/strong><br>Uma das extremidades da palhinha foi concebida com uma ponta biselada, o que facilita a penetra\u00e7\u00e3o da pel\u00edcula vedante e a aspira\u00e7\u00e3o das p\u00e9rolas da bebida.<\/p>\n\n\n\n<p><strong>Equipado com uma escova de limpeza<\/strong><br>Limpeza c\u00f3moda e completa do interior para garantir a higiene.<\/p>\n\n\n\n<p><strong>Tamanho personaliz\u00e1vel<\/strong><br>Est\u00e1 dispon\u00edvel uma variedade de calibres e di\u00e2metros, adequados a diferentes bebidas e copos, quer se trate de bebidas de gr\u00e3o grosso ou de bebidas como ch\u00e1 de leite com p\u00e9rolas, sumos e batidos.<\/p>\n\n\n\n<p><strong>V\u00e1rias op\u00e7\u00f5es de cores<\/strong><br>Dispon\u00edvel em ouro, prata, preto, azul ou cores personalizadas para satisfazer as diferentes prefer\u00eancias dos utilizadores.<\/p>\n<\/div>\n\n\n\n<div class=\"wp-block-column is-layout-flow wp-block-column-is-layout-flow\" style=\"flex-basis:33.33%\">\n<figure class=\"wp-block-image size-full\"><img decoding=\"async\" width=\"1536\" height=\"1534\" src=\"https:\/\/www.mcallenflatware.com\/wp-content\/uploads\/2024\/11\/Custom-Reusable-Boba-Straws-1.webp\" alt=\"Bra\u00e7adeiras de b\u00f3bis personalizadas e reutiliz\u00e1veis (1)\" class=\"wp-image-1010\" srcset=\"https:\/\/www.mcallenflatware.com\/wp-content\/uploads\/2024\/11\/Custom-Reusable-Boba-Straws-1.webp 1536w, https:\/\/www.mcallenflatware.com\/wp-content\/uploads\/2024\/11\/Custom-Reusable-Boba-Straws-1-150x150.webp 150w, https:\/\/www.mcallenflatware.com\/wp-content\/uploads\/2024\/11\/Custom-Reusable-Boba-Straws-1-768x767.webp 768w, https:\/\/www.mcallenflatware.com\/wp-content\/uploads\/2024\/11\/Custom-Reusable-Boba-Straws-1-1200x1198.webp 1200w, https:\/\/www.mcallenflatware.com\/wp-content\/uploads\/2024\/11\/Custom-Reusable-Boba-Straws-1-600x599.webp 600w, https:\/\/www.mcallenflatware.com\/wp-content\/uploads\/2024\/11\/Custom-Reusable-Boba-Straws-1-300x300.webp 300w, https:\/\/www.mcallenflatware.com\/wp-content\/uploads\/2024\/11\/Custom-Reusable-Boba-Straws-1-100x100.webp 100w\" sizes=\"(max-width: 1536px) 100vw, 1536px\" \/><\/figure>\n<\/div>\n<\/div>","protected":false},"excerpt":{"rendered":"<p>Canudos de boba reutiliz\u00e1veis personalizados a granel em a\u00e7o inoxid\u00e1vel, ecol\u00f3gicos e f\u00e1ceis de limpar, adequados para restaurantes e caf\u00e9s. Mcallen fabricante direto por atacado, e apoiar o servi\u00e7o Amazon FBA.<\/p>\n<h2>Atributos das palhinhas de Boba reutiliz\u00e1veis<\/h2>\n<p><strong>Nome da marca:<\/strong> Mcallen<br \/><strong>Material:<\/strong> A\u00e7o inoxid\u00e1vel<br \/><strong>Cor: <\/strong>Ouro, prata, ouro rosa, roxo ou personalizado<br \/><strong>Acess\u00f3rios:<\/strong> Escova de palha<br \/><strong>Polimento:<\/strong> Espelho polido<br \/><strong>Conce\u00e7\u00e3o:<\/strong>\u00a0 Ponta reta e angular<br \/><strong>Prazo de entrega da amostra:<\/strong> No prazo de 3 dias<br \/><strong>OEM\/ODM:<\/strong> Dispon\u00edvel<\/p>\n<h2>Palhinhas de Boba personalizadas e reutiliz\u00e1veis:<\/h2>\n<p><strong>A\u00e7o inoxid\u00e1vel:<\/strong>\u00a0A\u00e7o inoxid\u00e1vel 18\/10, 304, 316, 410, 430, 420<br \/><strong>Log\u00f3tipo:<\/strong>\u00a0 Estampagem, laser, gravura, etc.<br \/><strong>Acabamentos de superf\u00edcie:<\/strong>\u00a0Espelho polido, mate<br \/><strong>Embalagem:<\/strong>\u00a0A granel, saco opp, caixa de cor, personalizado<\/p>","protected":false},"featured_media":1011,"template":"","meta":[],"product_brand":[],"product_cat":[26,36],"product_tag":[],"class_list":{"0":"post-1008","1":"product","2":"type-product","3":"status-publish","4":"has-post-thumbnail","6":"product_cat-wholesale-bar-supplies-tools","7":"product_cat-custom-stainless-steel-straws","9":"first","10":"instock","11":"shipping-taxable","12":"product-type-simple"},"_links":{"self":[{"href":"https:\/\/www.mcallenflatware.com\/pt\/wp-json\/wp\/v2\/product\/1008","targetHints":{"allow":["GET"]}}],"collection":[{"href":"https:\/\/www.mcallenflatware.com\/pt\/wp-json\/wp\/v2\/product"}],"about":[{"href":"https:\/\/www.mcallenflatware.com\/pt\/wp-json\/wp\/v2\/types\/product"}],"wp:featuredmedia":[{"embeddable":true,"href":"https:\/\/www.mcallenflatware.com\/pt\/wp-json\/wp\/v2\/media\/1011"}],"wp:attachment":[{"href":"https:\/\/www.mcallenflatware.com\/pt\/wp-json\/wp\/v2\/media?parent=1008"}],"wp:term":[{"taxonomy":"product_brand","embeddable":true,"href":"https:\/\/www.mcallenflatware.com\/pt\/wp-json\/wp\/v2\/product_brand?post=1008"},{"taxonomy":"product_cat","embeddable":true,"href":"https:\/\/www.mcallenflatware.com\/pt\/wp-json\/wp\/v2\/product_cat?post=1008"},{"taxonomy":"product_tag","embeddable":true,"href":"https:\/\/www.mcallenflatware.com\/pt\/wp-json\/wp\/v2\/product_tag?post=1008"}],"curies":[{"name":"wp","href":"https:\/\/api.w.org\/{rel}","templated":true}]}}