{"id":1019,"date":"2024-11-12T18:17:29","date_gmt":"2024-11-12T18:17:29","guid":{"rendered":"https:\/\/www.mcallenflatware.com\/?post_type=product&#038;p=1019"},"modified":"2024-11-12T18:17:29","modified_gmt":"2024-11-12T18:17:29","slug":"wholesale-metal-straws","status":"publish","type":"product","link":"https:\/\/www.mcallenflatware.com\/pt\/product\/wholesale-metal-straws\/","title":{"rendered":"Atacado de canudos de metal reutiliz\u00e1veis de a\u00e7o inoxid\u00e1vel reto dobrado"},"content":{"rendered":"<h2 class=\"wp-block-heading\">Palhinhas de metal Carater\u00edsticas:<\/h2>\n\n\n\n<div class=\"wp-block-columns is-layout-flex wp-container-core-columns-is-layout-9d6595d7 wp-block-columns-is-layout-flex\">\n<div class=\"wp-block-column is-layout-flow wp-block-column-is-layout-flow\" style=\"flex-basis:66.66%\">\n<p><strong>Reutiliz\u00e1vel<\/strong><br>Feito de a\u00e7o inoxid\u00e1vel, n\u00e3o t\u00f3xico e seguro, resistente ao desgaste e reutiliz\u00e1vel.<\/p>\n\n\n\n<p><strong>Variedade de estilos<\/strong><br>Est\u00e3o dispon\u00edveis modelos rectos e curvos para satisfazer as necessidades de diferentes tipos de bebidas e prefer\u00eancias pessoais.<\/p>\n\n\n\n<p><strong>Op\u00e7\u00f5es m\u00faltiplas<\/strong><br>Est\u00e1 dispon\u00edvel uma vasta gama de di\u00e2metros, adequados para uma grande variedade de bebidas, desde frias a quentes.<\/p>\n\n\n\n<p><strong>Portabilidade<\/strong><br>Leve e port\u00e1til, pode ser composto por kits, f\u00e1cil de transportar e utilizar quando sair.<\/p>\n\n\n\n<p><strong>Vasta gama de aplica\u00e7\u00f5es<br><\/strong>N\u00e3o s\u00f3 adequado para uso dom\u00e9stico, mas tamb\u00e9m muito popular em locais comerciais, como caf\u00e9s e bares.<\/p>\n\n\n\n<p><strong>F\u00e1cil de limpar<\/strong><br>A maioria das palhinhas de metal vem com uma escova de limpeza, facilitando a limpeza completa do interior e mantendo-o higi\u00e9nico.<\/p>\n<\/div>\n\n\n\n<div class=\"wp-block-column is-layout-flow wp-block-column-is-layout-flow\" style=\"flex-basis:33.33%\">\n<figure class=\"wp-block-image size-full\"><img decoding=\"async\" width=\"800\" height=\"800\" src=\"https:\/\/www.mcallenflatware.com\/wp-content\/uploads\/2024\/11\/Wholesale-Metal-Straws-2.webp\" alt=\"Atacado-Metal-Straws (2)\" class=\"wp-image-1021\" srcset=\"https:\/\/www.mcallenflatware.com\/wp-content\/uploads\/2024\/11\/Wholesale-Metal-Straws-2.webp 800w, https:\/\/www.mcallenflatware.com\/wp-content\/uploads\/2024\/11\/Wholesale-Metal-Straws-2-150x150.webp 150w, https:\/\/www.mcallenflatware.com\/wp-content\/uploads\/2024\/11\/Wholesale-Metal-Straws-2-768x768.webp 768w, https:\/\/www.mcallenflatware.com\/wp-content\/uploads\/2024\/11\/Wholesale-Metal-Straws-2-600x600.webp 600w, https:\/\/www.mcallenflatware.com\/wp-content\/uploads\/2024\/11\/Wholesale-Metal-Straws-2-300x300.webp 300w, https:\/\/www.mcallenflatware.com\/wp-content\/uploads\/2024\/11\/Wholesale-Metal-Straws-2-100x100.webp 100w\" sizes=\"(max-width: 800px) 100vw, 800px\" \/><\/figure>\n<\/div>\n<\/div>","protected":false},"excerpt":{"rendered":"<p>Os canudos de metal por atacado est\u00e3o dispon\u00edveis nos estilos reto e dobrado, feitos de a\u00e7o inoxid\u00e1vel reutiliz\u00e1vel e f\u00e1ceis de limpar. Suporte personalizado de cor, tamanho e embalagem, produzido pela f\u00e1brica Mcallen, fornecendo servi\u00e7os de com\u00e9rcio eletr\u00f4nico como Amazon, Lazada e Shopee. Bem-vindo a contactar-nos!<\/p>\n<h2>Palhinhas de metal Atributos<\/h2>\n<p><strong>Nome da marca:<\/strong> Mcallen<br \/><strong>Material:<\/strong> A\u00e7o inoxid\u00e1vel<br \/><strong>Cor:<\/strong> Ouro, prata ou personalizado<br \/><strong>Acess\u00f3rios:<\/strong> Escova de palha<br \/><strong>Polimento:<\/strong> Espelho polido<br \/><strong>Conce\u00e7\u00e3o:<\/strong>\u00a0 Reto e dobrado<br \/><strong>Prazo de entrega da amostra:<\/strong> No prazo de 3 dias<br \/><strong>OEM\/ODM:<\/strong> Dispon\u00edvel<\/p>\n<h2>Palhinhas de metal personalizadas:<\/h2>\n<p><strong>A\u00e7o inoxid\u00e1vel:<\/strong>\u00a0A\u00e7o inoxid\u00e1vel 18\/10, 304, 316, 410, 430, 420<br \/><strong>Log\u00f3tipo:<\/strong>\u00a0 Estampagem, laser, gravura, etc.<br \/><strong>Acabamentos de superf\u00edcie:<\/strong>\u00a0Espelho polido, mate<br \/><strong>Embalagem:<\/strong>\u00a0A granel, saco opp, caixa de cor, personalizado<\/p>","protected":false},"featured_media":1022,"template":"","meta":[],"product_brand":[],"product_cat":[26,36],"product_tag":[],"class_list":{"0":"post-1019","1":"product","2":"type-product","3":"status-publish","4":"has-post-thumbnail","6":"product_cat-wholesale-bar-supplies-tools","7":"product_cat-custom-stainless-steel-straws","9":"first","10":"instock","11":"shipping-taxable","12":"product-type-simple"},"_links":{"self":[{"href":"https:\/\/www.mcallenflatware.com\/pt\/wp-json\/wp\/v2\/product\/1019","targetHints":{"allow":["GET"]}}],"collection":[{"href":"https:\/\/www.mcallenflatware.com\/pt\/wp-json\/wp\/v2\/product"}],"about":[{"href":"https:\/\/www.mcallenflatware.com\/pt\/wp-json\/wp\/v2\/types\/product"}],"wp:featuredmedia":[{"embeddable":true,"href":"https:\/\/www.mcallenflatware.com\/pt\/wp-json\/wp\/v2\/media\/1022"}],"wp:attachment":[{"href":"https:\/\/www.mcallenflatware.com\/pt\/wp-json\/wp\/v2\/media?parent=1019"}],"wp:term":[{"taxonomy":"product_brand","embeddable":true,"href":"https:\/\/www.mcallenflatware.com\/pt\/wp-json\/wp\/v2\/product_brand?post=1019"},{"taxonomy":"product_cat","embeddable":true,"href":"https:\/\/www.mcallenflatware.com\/pt\/wp-json\/wp\/v2\/product_cat?post=1019"},{"taxonomy":"product_tag","embeddable":true,"href":"https:\/\/www.mcallenflatware.com\/pt\/wp-json\/wp\/v2\/product_tag?post=1019"}],"curies":[{"name":"wp","href":"https:\/\/api.w.org\/{rel}","templated":true}]}}