{"id":1027,"date":"2024-11-12T18:02:27","date_gmt":"2024-11-12T18:02:27","guid":{"rendered":"https:\/\/www.mcallenflatware.com\/?post_type=product&#038;p=1027"},"modified":"2024-11-12T18:02:28","modified_gmt":"2024-11-12T18:02:28","slug":"stainless-steel-drinking-straws-bulk","status":"publish","type":"product","link":"https:\/\/www.mcallenflatware.com\/pt\/product\/stainless-steel-drinking-straws-bulk\/","title":{"rendered":"Atacado de canudos de a\u00e7o inoxid\u00e1vel retos dobrados"},"content":{"rendered":"<h2 class=\"wp-block-heading\">Palhinhas de a\u00e7o inoxid\u00e1vel Carater\u00edsticas:<\/h2>\n\n\n\n<div class=\"wp-block-columns is-layout-flex wp-container-core-columns-is-layout-9d6595d7 wp-block-columns-is-layout-flex\">\n<div class=\"wp-block-column is-layout-flow wp-block-column-is-layout-flow\" style=\"flex-basis:66.66%\">\n<p><strong>Design reto e curvo<\/strong><br>Dispon\u00edvel em modelos rectos e curvos, adequados para qualquer cena e bebida.<\/p>\n\n\n\n<p><strong>Equipado com uma escova de limpeza e um saco port\u00e1til<\/strong><br>Inclui uma escova de limpeza e um saco port\u00e1til para uma desloca\u00e7\u00e3o c\u00f3moda no exterior, garantindo que se mant\u00eam limpos e higi\u00e9nicos.<\/p>\n\n\n\n<p><strong>Superf\u00edcie lisa<\/strong><br>Ap\u00f3s um polimento fino, a superf\u00edcie \u00e9 lisa e sem rebarbas, confort\u00e1vel ao toque e f\u00e1cil de limpar.<\/p>\n\n\n\n<p><strong>Saud\u00e1vel e seguro<\/strong><br>S\u00e3o selecionados materiais seguros para a alimenta\u00e7\u00e3o, isentos de subst\u00e2ncias nocivas como o BPA, para proteger a sa\u00fade dos utilizadores.<\/p>\n<\/div>\n\n\n\n<div class=\"wp-block-column is-layout-flow wp-block-column-is-layout-flow\" style=\"flex-basis:33.33%\">\n<figure class=\"wp-block-image size-full\"><img decoding=\"async\" width=\"750\" height=\"750\" src=\"https:\/\/www.mcallenflatware.com\/wp-content\/uploads\/2024\/11\/Wholesale-Stainless-Steel-Drinking-Straws-3.webp\" alt=\"Atacado-A\u00e7o inoxid\u00e1vel-Bebedouros-garrafas (3)\" class=\"wp-image-1030\" srcset=\"https:\/\/www.mcallenflatware.com\/wp-content\/uploads\/2024\/11\/Wholesale-Stainless-Steel-Drinking-Straws-3.webp 750w, https:\/\/www.mcallenflatware.com\/wp-content\/uploads\/2024\/11\/Wholesale-Stainless-Steel-Drinking-Straws-3-150x150.webp 150w, https:\/\/www.mcallenflatware.com\/wp-content\/uploads\/2024\/11\/Wholesale-Stainless-Steel-Drinking-Straws-3-600x600.webp 600w, https:\/\/www.mcallenflatware.com\/wp-content\/uploads\/2024\/11\/Wholesale-Stainless-Steel-Drinking-Straws-3-300x300.webp 300w, https:\/\/www.mcallenflatware.com\/wp-content\/uploads\/2024\/11\/Wholesale-Stainless-Steel-Drinking-Straws-3-100x100.webp 100w\" sizes=\"(max-width: 750px) 100vw, 750px\" \/><\/figure>\n<\/div>\n<\/div>","protected":false},"excerpt":{"rendered":"<p>Feitas de a\u00e7o inoxid\u00e1vel dur\u00e1vel, estas palhinhas de a\u00e7o inoxid\u00e1vel para beber por atacado n\u00e3o s\u00f3 oferecem uma vasta sele\u00e7\u00e3o de di\u00e2metros, de pequenos a grandes, mas tamb\u00e9m incluem estilos rectos e dobrados para satisfazer as necessidades de diferentes bebidas. Personalizado a granel para o melhor desconto, bem-vindo ao inqu\u00e9rito para uma amostra gr\u00e1tis!<\/p>\n<h2>Palhinhas de a\u00e7o inoxid\u00e1vel Atributos<\/h2>\n<p><strong>Nome da marca:<\/strong> Mcallen<br \/><strong>Material:<\/strong> A\u00e7o inoxid\u00e1vel<br \/><strong>Cor:<\/strong> Ouro, prata, azul, vermelho ou personalizado<br \/><strong>Acess\u00f3rios:<\/strong> Escova de palha<br \/><strong>Polimento:<\/strong> Espelho polido<br \/><strong>Conce\u00e7\u00e3o:<\/strong>\u00a0 Dobrado e direito<br \/><strong>Prazo de entrega da amostra:<\/strong> No prazo de 3 dias<br \/><strong>OEM\/ODM:<\/strong> Dispon\u00edvel<\/p>\n<h2>Palhinhas de a\u00e7o inoxid\u00e1vel personalizadas:<\/h2>\n<p><strong>A\u00e7o inoxid\u00e1vel:<\/strong>\u00a0A\u00e7o inoxid\u00e1vel 18\/10, 304, 316, 410, 430, 420<br \/><strong>Log\u00f3tipo:<\/strong>\u00a0 Estampagem, laser, gravura, etc.<br \/><strong>Acabamentos de superf\u00edcie:<\/strong>\u00a0Espelho polido, mate<br \/><strong>Embalagem:<\/strong>\u00a0A granel, saco opp, caixa de cor, personalizado<\/p>","protected":false},"featured_media":1032,"template":"","meta":[],"product_brand":[],"product_cat":[26,36],"product_tag":[],"class_list":{"0":"post-1027","1":"product","2":"type-product","3":"status-publish","4":"has-post-thumbnail","6":"product_cat-wholesale-bar-supplies-tools","7":"product_cat-custom-stainless-steel-straws","9":"first","10":"instock","11":"shipping-taxable","12":"product-type-simple"},"_links":{"self":[{"href":"https:\/\/www.mcallenflatware.com\/pt\/wp-json\/wp\/v2\/product\/1027","targetHints":{"allow":["GET"]}}],"collection":[{"href":"https:\/\/www.mcallenflatware.com\/pt\/wp-json\/wp\/v2\/product"}],"about":[{"href":"https:\/\/www.mcallenflatware.com\/pt\/wp-json\/wp\/v2\/types\/product"}],"wp:featuredmedia":[{"embeddable":true,"href":"https:\/\/www.mcallenflatware.com\/pt\/wp-json\/wp\/v2\/media\/1032"}],"wp:attachment":[{"href":"https:\/\/www.mcallenflatware.com\/pt\/wp-json\/wp\/v2\/media?parent=1027"}],"wp:term":[{"taxonomy":"product_brand","embeddable":true,"href":"https:\/\/www.mcallenflatware.com\/pt\/wp-json\/wp\/v2\/product_brand?post=1027"},{"taxonomy":"product_cat","embeddable":true,"href":"https:\/\/www.mcallenflatware.com\/pt\/wp-json\/wp\/v2\/product_cat?post=1027"},{"taxonomy":"product_tag","embeddable":true,"href":"https:\/\/www.mcallenflatware.com\/pt\/wp-json\/wp\/v2\/product_tag?post=1027"}],"curies":[{"name":"wp","href":"https:\/\/api.w.org\/{rel}","templated":true}]}}