{"id":1390,"date":"2024-09-24T10:29:27","date_gmt":"2024-09-24T10:29:27","guid":{"rendered":"https:\/\/www.mcallenflatware.com\/?post_type=product&#038;p=1390"},"modified":"2025-09-24T10:49:52","modified_gmt":"2025-09-24T10:49:52","slug":"custom-luxury-flatware","status":"publish","type":"product","link":"https:\/\/www.mcallenflatware.com\/pt\/product\/custom-luxury-flatware\/","title":{"rendered":"Faqueiro de luxo personalizado Conjunto de talheres em ouro barroco antigo para casamento"},"content":{"rendered":"<h2 class=\"wp-block-heading\">Talheres de luxo Carater\u00edsticas:<\/h2>\n\n\n\n<div class=\"wp-block-columns is-layout-flex wp-container-core-columns-is-layout-9d6595d7 wp-block-columns-is-layout-flex\">\n<div class=\"wp-block-column is-layout-flow wp-block-column-is-layout-flow\" style=\"flex-basis:66.66%\">\n<p><strong>Design retro de luxo<\/strong><br>A combina\u00e7\u00e3o de requintadas esculturas de estilo barroco e um design aerodin\u00e2mico apresenta um estilo cl\u00e1ssico e elegante, adequado para mesas de alta qualidade e ocasi\u00f5es especiais.<\/p>\n\n\n\n<p><strong>Material de a\u00e7o inoxid\u00e1vel de alta qualidade<\/strong><br>Utilizando a\u00e7o inoxid\u00e1vel 18\/10, o produto pode manter o seu brilho e textura ap\u00f3s uma utiliza\u00e7\u00e3o prolongada.<\/p>\n\n\n\n<p><strong>Processo de polimento suave<\/strong><br>A superf\u00edcie \u00e9 polida como um espelho, com arestas lisas, segura e de alta qualidade, bonita e f\u00e1cil de limpar.<\/p>\n\n\n\n<p><strong>Aplicabilidade vers\u00e1til<\/strong><br>Quer se trate de um banquete de luxo, de uma celebra\u00e7\u00e3o de casamento ou de um presente requintado, pode refletir um gosto luxuoso e uma atmosfera art\u00edstica.<\/p>\n\n\n\n<p><strong>Servi\u00e7o personalizado<\/strong><br>Fornecer op\u00e7\u00f5es personalizadas para grava\u00e7\u00e3o de log\u00f3tipos ou padr\u00f5es e design personalizado para satisfazer as necessidades exclusivas de marcas ou clientes.<\/p>\n<\/div>\n\n\n\n<div class=\"wp-block-column is-layout-flow wp-block-column-is-layout-flow\" style=\"flex-basis:33.33%\">\n<figure class=\"wp-block-image size-full\"><img decoding=\"async\" width=\"1000\" height=\"1000\" src=\"https:\/\/www.mcallenflatware.com\/wp-content\/uploads\/2024\/11\/luxury-flatware-wholesale-5.webp\" alt=\"talheres de luxo por atacado\" class=\"wp-image-1313\" srcset=\"https:\/\/www.mcallenflatware.com\/wp-content\/uploads\/2024\/11\/luxury-flatware-wholesale-5.webp 1000w, https:\/\/www.mcallenflatware.com\/wp-content\/uploads\/2024\/11\/luxury-flatware-wholesale-5-150x150.webp 150w, https:\/\/www.mcallenflatware.com\/wp-content\/uploads\/2024\/11\/luxury-flatware-wholesale-5-768x768.webp 768w, https:\/\/www.mcallenflatware.com\/wp-content\/uploads\/2024\/11\/luxury-flatware-wholesale-5-12x12.webp 12w, https:\/\/www.mcallenflatware.com\/wp-content\/uploads\/2024\/11\/luxury-flatware-wholesale-5-600x600.webp 600w, https:\/\/www.mcallenflatware.com\/wp-content\/uploads\/2024\/11\/luxury-flatware-wholesale-5-300x300.webp 300w, https:\/\/www.mcallenflatware.com\/wp-content\/uploads\/2024\/11\/luxury-flatware-wholesale-5-100x100.webp 100w\" sizes=\"(max-width: 1000px) 100vw, 1000px\" \/><\/figure>\n<\/div>\n<\/div>\n\n\n\n<div class=\"wp-block-columns is-layout-flex wp-container-core-columns-is-layout-9d6595d7 wp-block-columns-is-layout-flex\">\n<div class=\"wp-block-column is-layout-flow wp-block-column-is-layout-flow\">\n<figure class=\"wp-block-image size-full\"><img decoding=\"async\" width=\"800\" height=\"800\" src=\"https:\/\/www.mcallenflatware.com\/wp-content\/uploads\/2024\/11\/luxury-flatware-wholesale-11.webp\" alt=\"talheres de luxo por atacado\" class=\"wp-image-1319\" srcset=\"https:\/\/www.mcallenflatware.com\/wp-content\/uploads\/2024\/11\/luxury-flatware-wholesale-11.webp 800w, https:\/\/www.mcallenflatware.com\/wp-content\/uploads\/2024\/11\/luxury-flatware-wholesale-11-150x150.webp 150w, https:\/\/www.mcallenflatware.com\/wp-content\/uploads\/2024\/11\/luxury-flatware-wholesale-11-768x768.webp 768w, https:\/\/www.mcallenflatware.com\/wp-content\/uploads\/2024\/11\/luxury-flatware-wholesale-11-12x12.webp 12w, https:\/\/www.mcallenflatware.com\/wp-content\/uploads\/2024\/11\/luxury-flatware-wholesale-11-600x600.webp 600w, https:\/\/www.mcallenflatware.com\/wp-content\/uploads\/2024\/11\/luxury-flatware-wholesale-11-300x300.webp 300w, https:\/\/www.mcallenflatware.com\/wp-content\/uploads\/2024\/11\/luxury-flatware-wholesale-11-100x100.webp 100w\" sizes=\"(max-width: 800px) 100vw, 800px\" \/><\/figure>\n<\/div>\n\n\n\n<div class=\"wp-block-column is-layout-flow wp-block-column-is-layout-flow\">\n<figure class=\"wp-block-image size-full\"><img decoding=\"async\" width=\"800\" height=\"800\" src=\"https:\/\/www.mcallenflatware.com\/wp-content\/uploads\/2024\/11\/luxury-flatware-wholesale-3.webp\" alt=\"talheres de luxo por atacado\" class=\"wp-image-1311\" srcset=\"https:\/\/www.mcallenflatware.com\/wp-content\/uploads\/2024\/11\/luxury-flatware-wholesale-3.webp 800w, https:\/\/www.mcallenflatware.com\/wp-content\/uploads\/2024\/11\/luxury-flatware-wholesale-3-150x150.webp 150w, https:\/\/www.mcallenflatware.com\/wp-content\/uploads\/2024\/11\/luxury-flatware-wholesale-3-768x768.webp 768w, https:\/\/www.mcallenflatware.com\/wp-content\/uploads\/2024\/11\/luxury-flatware-wholesale-3-12x12.webp 12w, https:\/\/www.mcallenflatware.com\/wp-content\/uploads\/2024\/11\/luxury-flatware-wholesale-3-600x600.webp 600w, https:\/\/www.mcallenflatware.com\/wp-content\/uploads\/2024\/11\/luxury-flatware-wholesale-3-300x300.webp 300w, https:\/\/www.mcallenflatware.com\/wp-content\/uploads\/2024\/11\/luxury-flatware-wholesale-3-100x100.webp 100w\" sizes=\"(max-width: 800px) 100vw, 800px\" \/><\/figure>\n<\/div>\n\n\n\n<div class=\"wp-block-column is-layout-flow wp-block-column-is-layout-flow\">\n<figure class=\"wp-block-image size-full\"><img decoding=\"async\" width=\"1024\" height=\"1024\" src=\"https:\/\/www.mcallenflatware.com\/wp-content\/uploads\/2024\/11\/luxury-flatware-wholesale-12.webp\" alt=\"talheres de luxo por atacado\" class=\"wp-image-1320\" srcset=\"https:\/\/www.mcallenflatware.com\/wp-content\/uploads\/2024\/11\/luxury-flatware-wholesale-12.webp 1024w, https:\/\/www.mcallenflatware.com\/wp-content\/uploads\/2024\/11\/luxury-flatware-wholesale-12-150x150.webp 150w, https:\/\/www.mcallenflatware.com\/wp-content\/uploads\/2024\/11\/luxury-flatware-wholesale-12-768x768.webp 768w, https:\/\/www.mcallenflatware.com\/wp-content\/uploads\/2024\/11\/luxury-flatware-wholesale-12-12x12.webp 12w, https:\/\/www.mcallenflatware.com\/wp-content\/uploads\/2024\/11\/luxury-flatware-wholesale-12-600x600.webp 600w, https:\/\/www.mcallenflatware.com\/wp-content\/uploads\/2024\/11\/luxury-flatware-wholesale-12-300x300.webp 300w, https:\/\/www.mcallenflatware.com\/wp-content\/uploads\/2024\/11\/luxury-flatware-wholesale-12-100x100.webp 100w\" sizes=\"(max-width: 1024px) 100vw, 1024px\" \/><\/figure>\n<\/div>\n<\/div>","protected":false},"excerpt":{"rendered":"<p>Talheres de luxo de alta qualidade, com um design de pega em relevo, incluindo facas, garfos, colheres, colheres de ch\u00e1 e garfos de pastelaria elegantes. Perfeito para locais de luxo e presentes de luxo. Suporta op\u00e7\u00f5es de personaliza\u00e7\u00e3o, como log\u00f3tipos, embalagens, cores e muito mais. Oferecemos servi\u00e7os abrangentes para o ajudar a estabelecer uma marca de topo de gama distinta.<\/p>\n<h2>Atributos dos talheres de luxo<\/h2>\n<p><strong>Nome da marca:<\/strong> Mcallen<br \/><strong>Material:<\/strong> A\u00e7o inoxid\u00e1vel<br \/><strong>Cor:<\/strong>\u00a0 Prata, ouro ou personalizado<br \/><strong>Polimento:<\/strong> Espelho polido<br \/><strong>Estilo de design:<\/strong> Estilo antigo de luxo<br \/><strong>Prazo de entrega da amostra:<\/strong> No prazo de 3 dias<br \/><strong>OEM\/ODM:<\/strong> Dispon\u00edvel<\/p>\n<h2>Talheres de luxo personalizados:<\/h2>\n<p><strong>A\u00e7o inoxid\u00e1vel:<\/strong> A\u00e7o inoxid\u00e1vel 18\/10, 304, 316, 410, 430, 420<br \/><strong>Log\u00f3tipo:<\/strong> Grava\u00e7\u00e3o a laser, impress\u00e3o serigr\u00e1fica, impress\u00e3o UV, impress\u00e3o por transfer\u00eancia t\u00e9rmica, grava\u00e7\u00e3o em relevo, etc.<br \/><strong>Embalagem:<\/strong> 4\/8\/12\/16\/20\/24\/45\/48\/72pcs set<br \/><strong>Acabamentos de superf\u00edcie:<\/strong> Polido com espelho, mate, polido com \u00e1gua, revestimento de tit\u00e2nio<br \/><strong>Embalagem:<\/strong> A granel, saco opp, caixa de cor, caixa de oferta, personalizado<\/p>","protected":false},"featured_media":1315,"template":"","meta":[],"product_brand":[],"product_cat":[23,29],"product_tag":[],"class_list":{"0":"post-1390","1":"product","2":"type-product","3":"status-publish","4":"has-post-thumbnail","6":"product_cat-wholesale-flatware","7":"product_cat-bulk-flatware","9":"first","10":"instock","11":"shipping-taxable","12":"product-type-simple"},"_links":{"self":[{"href":"https:\/\/www.mcallenflatware.com\/pt\/wp-json\/wp\/v2\/product\/1390","targetHints":{"allow":["GET"]}}],"collection":[{"href":"https:\/\/www.mcallenflatware.com\/pt\/wp-json\/wp\/v2\/product"}],"about":[{"href":"https:\/\/www.mcallenflatware.com\/pt\/wp-json\/wp\/v2\/types\/product"}],"wp:featuredmedia":[{"embeddable":true,"href":"https:\/\/www.mcallenflatware.com\/pt\/wp-json\/wp\/v2\/media\/1315"}],"wp:attachment":[{"href":"https:\/\/www.mcallenflatware.com\/pt\/wp-json\/wp\/v2\/media?parent=1390"}],"wp:term":[{"taxonomy":"product_brand","embeddable":true,"href":"https:\/\/www.mcallenflatware.com\/pt\/wp-json\/wp\/v2\/product_brand?post=1390"},{"taxonomy":"product_cat","embeddable":true,"href":"https:\/\/www.mcallenflatware.com\/pt\/wp-json\/wp\/v2\/product_cat?post=1390"},{"taxonomy":"product_tag","embeddable":true,"href":"https:\/\/www.mcallenflatware.com\/pt\/wp-json\/wp\/v2\/product_tag?post=1390"}],"curies":[{"name":"wp","href":"https:\/\/api.w.org\/{rel}","templated":true}]}}