{"id":1392,"date":"2025-09-24T10:29:26","date_gmt":"2025-09-24T10:29:26","guid":{"rendered":"https:\/\/www.mcallenflatware.com\/?post_type=product&#038;p=1392"},"modified":"2025-09-24T10:29:26","modified_gmt":"2025-09-24T10:29:26","slug":"wholesale-silver-flatware-set","status":"publish","type":"product","link":"https:\/\/www.mcallenflatware.com\/pt\/product\/wholesale-silver-flatware-set\/","title":{"rendered":"Conjunto de talheres de prata por atacado Moderno em a\u00e7o inoxid\u00e1vel 18\/10"},"content":{"rendered":"<h2 class=\"wp-block-heading\">Conjunto de talheres de prata Carater\u00edsticas:<\/h2>\n\n\n\n<div class=\"wp-block-columns is-layout-flex wp-container-core-columns-is-layout-9d6595d7 wp-block-columns-is-layout-flex\">\n<div class=\"wp-block-column is-layout-flow wp-block-column-is-layout-flow\" style=\"flex-basis:66.66%\">\n<p><strong>Design cl\u00e1ssico e elegante<\/strong><br>Os talheres de prata combinam na perfei\u00e7\u00e3o com qualquer ambiente de mesa, gra\u00e7as ao seu aspeto brilhante e limpo e ao seu design cl\u00e1ssico.<\/p>\n\n\n\n<p><strong>A\u00e7o inoxid\u00e1vel de alta qualidade<\/strong><br>Fabricados em a\u00e7o inoxid\u00e1vel 18\/10, os talheres s\u00e3o resistentes \u00e0 corros\u00e3o e ao desgaste, mantendo o seu brilho prateado durante muito tempo.<\/p>\n\n\n\n<p><strong>Espelho polido<\/strong><br>A superf\u00edcie \u00e9 polida com espelho de alta precis\u00e3o, \u00e9 suave e tem uma textura de alta qualidade, exalando o brilho encantador dos talheres de prata.<\/p>\n\n\n\n<p><strong>F\u00e1cil de limpar, lav\u00e1vel na m\u00e1quina de lavar lou\u00e7a<\/strong><br>O design da superf\u00edcie lisa facilita a limpeza, podendo ser lavada \u00e0 m\u00e3o ou na m\u00e1quina de lavar loi\u00e7a.<\/p>\n\n\n\n<p><strong>Vasta sele\u00e7\u00e3o de combina\u00e7\u00f5es<\/strong><br>Est\u00e1 dispon\u00edvel uma variedade de op\u00e7\u00f5es de conjuntos (tais como 4 pe\u00e7as, 12 pe\u00e7as, 24 pe\u00e7as, etc.) para satisfazer as diferentes necessidades das fam\u00edlias ou banquetes.<\/p>\n<\/div>\n\n\n\n<div class=\"wp-block-column is-layout-flow wp-block-column-is-layout-flow\" style=\"flex-basis:33.33%\">\n<figure class=\"wp-block-image size-full\"><img decoding=\"async\" width=\"750\" height=\"750\" src=\"https:\/\/www.mcallenflatware.com\/wp-content\/uploads\/2024\/11\/silver-flatware-set-wholesale-6.webp\" alt=\"conjunto de talheres de prata por atacado\" class=\"wp-image-1370\" srcset=\"https:\/\/www.mcallenflatware.com\/wp-content\/uploads\/2024\/11\/silver-flatware-set-wholesale-6.webp 750w, https:\/\/www.mcallenflatware.com\/wp-content\/uploads\/2024\/11\/silver-flatware-set-wholesale-6-150x150.webp 150w, https:\/\/www.mcallenflatware.com\/wp-content\/uploads\/2024\/11\/silver-flatware-set-wholesale-6-12x12.webp 12w, https:\/\/www.mcallenflatware.com\/wp-content\/uploads\/2024\/11\/silver-flatware-set-wholesale-6-600x600.webp 600w, https:\/\/www.mcallenflatware.com\/wp-content\/uploads\/2024\/11\/silver-flatware-set-wholesale-6-300x300.webp 300w, https:\/\/www.mcallenflatware.com\/wp-content\/uploads\/2024\/11\/silver-flatware-set-wholesale-6-100x100.webp 100w\" sizes=\"(max-width: 750px) 100vw, 750px\" \/><\/figure>\n<\/div>\n<\/div>\n\n\n\n<div class=\"wp-block-columns is-layout-flex wp-container-core-columns-is-layout-9d6595d7 wp-block-columns-is-layout-flex\">\n<div class=\"wp-block-column is-layout-flow wp-block-column-is-layout-flow\">\n<figure class=\"wp-block-image size-full\"><img decoding=\"async\" width=\"799\" height=\"799\" src=\"https:\/\/www.mcallenflatware.com\/wp-content\/uploads\/2024\/11\/unique-flatware-wholesale-13.webp\" alt=\"talheres \u00fanicos por atacado\" class=\"wp-image-1348\" srcset=\"https:\/\/www.mcallenflatware.com\/wp-content\/uploads\/2024\/11\/unique-flatware-wholesale-13.webp 799w, https:\/\/www.mcallenflatware.com\/wp-content\/uploads\/2024\/11\/unique-flatware-wholesale-13-150x150.webp 150w, https:\/\/www.mcallenflatware.com\/wp-content\/uploads\/2024\/11\/unique-flatware-wholesale-13-768x768.webp 768w, https:\/\/www.mcallenflatware.com\/wp-content\/uploads\/2024\/11\/unique-flatware-wholesale-13-12x12.webp 12w, https:\/\/www.mcallenflatware.com\/wp-content\/uploads\/2024\/11\/unique-flatware-wholesale-13-600x600.webp 600w, https:\/\/www.mcallenflatware.com\/wp-content\/uploads\/2024\/11\/unique-flatware-wholesale-13-300x300.webp 300w, https:\/\/www.mcallenflatware.com\/wp-content\/uploads\/2024\/11\/unique-flatware-wholesale-13-100x100.webp 100w\" sizes=\"(max-width: 799px) 100vw, 799px\" \/><\/figure>\n<\/div>\n\n\n\n<div class=\"wp-block-column is-layout-flow wp-block-column-is-layout-flow\">\n<figure class=\"wp-block-image size-full\"><img decoding=\"async\" width=\"800\" height=\"800\" src=\"https:\/\/www.mcallenflatware.com\/wp-content\/uploads\/2024\/11\/silver-flatware-set-wholesale-4.webp\" alt=\"conjunto de talheres de prata por atacado\" class=\"wp-image-1368\" srcset=\"https:\/\/www.mcallenflatware.com\/wp-content\/uploads\/2024\/11\/silver-flatware-set-wholesale-4.webp 800w, https:\/\/www.mcallenflatware.com\/wp-content\/uploads\/2024\/11\/silver-flatware-set-wholesale-4-150x150.webp 150w, https:\/\/www.mcallenflatware.com\/wp-content\/uploads\/2024\/11\/silver-flatware-set-wholesale-4-768x768.webp 768w, https:\/\/www.mcallenflatware.com\/wp-content\/uploads\/2024\/11\/silver-flatware-set-wholesale-4-12x12.webp 12w, https:\/\/www.mcallenflatware.com\/wp-content\/uploads\/2024\/11\/silver-flatware-set-wholesale-4-600x600.webp 600w, https:\/\/www.mcallenflatware.com\/wp-content\/uploads\/2024\/11\/silver-flatware-set-wholesale-4-300x300.webp 300w, https:\/\/www.mcallenflatware.com\/wp-content\/uploads\/2024\/11\/silver-flatware-set-wholesale-4-100x100.webp 100w\" sizes=\"(max-width: 800px) 100vw, 800px\" \/><\/figure>\n<\/div>\n<\/div>\n\n\n\n<p><\/p>","protected":false},"excerpt":{"rendered":"<p>Conjunto de talheres de prata por atacado e personalizado, superf\u00edcie resistente ao desgaste e brilhante, brilho encantador como talheres de prata. Do fabricante Mcallen, fornecendo personaliza\u00e7\u00e3o econ\u00f4mica e servi\u00e7os da Amazon. Obtenha uma cota\u00e7\u00e3o agora!<\/p>\n<h2>Conjunto de talheres de prata Atributos<\/h2>\n<p><strong>Nome da marca:<\/strong> Mcallen<br \/><strong>Material:<\/strong> A\u00e7o inoxid\u00e1vel<br \/><strong>Cor:<\/strong>\u00a0 Prateado, dourado, preto mate, rosa brilhante ou personalizado<br \/><strong>Polimento:<\/strong> Espelho polido<br \/><strong>Estilo de design:<\/strong> Morden Luxo<br \/><strong>Prazo de entrega da amostra:<\/strong> No prazo de 3 dias<br \/><strong>OEM\/ODM:<\/strong> Dispon\u00edvel<\/p>\n<h2>Conjunto de talheres de prata personalizados:<\/h2>\n<p><strong>A\u00e7o inoxid\u00e1vel:<\/strong> A\u00e7o inoxid\u00e1vel 18\/10, 304, 316, 410, 430, 420<br \/><strong>Log\u00f3tipo:<\/strong> Grava\u00e7\u00e3o a laser, impress\u00e3o serigr\u00e1fica, impress\u00e3o UV, impress\u00e3o por transfer\u00eancia t\u00e9rmica, grava\u00e7\u00e3o em relevo, etc.<br \/><strong>Embalagem:<\/strong> 4\/8\/12\/16\/20\/24\/45\/48\/72pcs set<br \/><strong>Acabamentos de superf\u00edcie:<\/strong> Polido com espelho, mate, polido com \u00e1gua, revestimento de tit\u00e2nio<br \/><strong>Embalagem:<\/strong> A granel, saco opp, caixa de cor, caixa de oferta, personalizado<\/p>","protected":false},"featured_media":1365,"template":"","meta":[],"product_brand":[],"product_cat":[23,29],"product_tag":[],"class_list":{"0":"post-1392","1":"product","2":"type-product","3":"status-publish","4":"has-post-thumbnail","6":"product_cat-wholesale-flatware","7":"product_cat-bulk-flatware","9":"first","10":"instock","11":"shipping-taxable","12":"product-type-simple"},"_links":{"self":[{"href":"https:\/\/www.mcallenflatware.com\/pt\/wp-json\/wp\/v2\/product\/1392","targetHints":{"allow":["GET"]}}],"collection":[{"href":"https:\/\/www.mcallenflatware.com\/pt\/wp-json\/wp\/v2\/product"}],"about":[{"href":"https:\/\/www.mcallenflatware.com\/pt\/wp-json\/wp\/v2\/types\/product"}],"wp:featuredmedia":[{"embeddable":true,"href":"https:\/\/www.mcallenflatware.com\/pt\/wp-json\/wp\/v2\/media\/1365"}],"wp:attachment":[{"href":"https:\/\/www.mcallenflatware.com\/pt\/wp-json\/wp\/v2\/media?parent=1392"}],"wp:term":[{"taxonomy":"product_brand","embeddable":true,"href":"https:\/\/www.mcallenflatware.com\/pt\/wp-json\/wp\/v2\/product_brand?post=1392"},{"taxonomy":"product_cat","embeddable":true,"href":"https:\/\/www.mcallenflatware.com\/pt\/wp-json\/wp\/v2\/product_cat?post=1392"},{"taxonomy":"product_tag","embeddable":true,"href":"https:\/\/www.mcallenflatware.com\/pt\/wp-json\/wp\/v2\/product_tag?post=1392"}],"curies":[{"name":"wp","href":"https:\/\/api.w.org\/{rel}","templated":true}]}}