{"id":1405,"date":"2024-11-23T13:15:35","date_gmt":"2024-11-23T13:15:35","guid":{"rendered":"https:\/\/www.mcallenflatware.com\/?post_type=product&#038;p=1405"},"modified":"2024-11-24T06:37:13","modified_gmt":"2024-11-24T06:37:13","slug":"wholesale-boba-strainer","status":"publish","type":"product","link":"https:\/\/www.mcallenflatware.com\/pt\/product\/wholesale-boba-strainer\/","title":{"rendered":"Coador de Boba por atacado Tapioca Pearl Scoop A\u00e7o inoxid\u00e1vel"},"content":{"rendered":"<h2 class=\"wp-block-heading\">Boba Strainer Carater\u00edsticas:<\/h2>\n\n\n\n<div class=\"wp-block-columns is-layout-flex wp-container-core-columns-is-layout-9d6595d7 wp-block-columns-is-layout-flex\">\n<div class=\"wp-block-column is-layout-flow wp-block-column-is-layout-flow\" style=\"flex-basis:66.66%\">\n<p><strong>Feito de a\u00e7o inoxid\u00e1vel, dur\u00e1vel e sem ferrugem<\/strong><br>Utilizando a\u00e7o inoxid\u00e1vel de alta qualidade, \u00e9 resistente a altas temperaturas, \u00e0 corros\u00e3o e \u00e0 deforma\u00e7\u00e3o.<\/p>\n\n\n\n<p><strong>Design de filtragem eficaz<\/strong><br>O fio e a estrutura robustos do filtro podem drenar rapidamente pequenas part\u00edculas, como p\u00e9rolas e mandioca, melhorando a efici\u00eancia da produ\u00e7\u00e3o.<\/p>\n\n\n\n<p><strong>Design confort\u00e1vel da pega<\/strong><br>A pega \u00e9 antiderrapante e dur\u00e1vel, confort\u00e1vel de segurar quando utilizada e conveniente para um funcionamento a longo prazo.<\/p>\n\n\n\n<p><strong>F\u00e1cil de limpar<\/strong><br>A superf\u00edcie \u00e9 lisa, perfeitamente ligada, f\u00e1cil de limpar, pode ser lavada \u00e0 m\u00e3o ou na m\u00e1quina de lavar lou\u00e7a, adequada para uma utiliza\u00e7\u00e3o de alta frequ\u00eancia.<\/p>\n\n\n\n<p><strong>Utiliza\u00e7\u00e3o polivalente<\/strong><br>N\u00e3o s\u00f3 \u00e9 adequada para filtrar boba, como tamb\u00e9m pode ser utilizada para escumar \u00f3leo de fritura, filtrar \u00e1gua de ch\u00e1, polpa ou outras pequenas part\u00edculas de ingredientes.<\/p>\n<\/div>\n\n\n\n<div class=\"wp-block-column is-layout-flow wp-block-column-is-layout-flow\" style=\"flex-basis:33.33%\">\n<figure class=\"wp-block-image size-full\"><img decoding=\"async\" width=\"1200\" height=\"1200\" src=\"https:\/\/www.mcallenflatware.com\/wp-content\/uploads\/2024\/11\/Strainer-wholesale-2.webp\" alt=\"Filtro por atacado\" class=\"wp-image-1458\" srcset=\"https:\/\/www.mcallenflatware.com\/wp-content\/uploads\/2024\/11\/Strainer-wholesale-2.webp 1200w, https:\/\/www.mcallenflatware.com\/wp-content\/uploads\/2024\/11\/Strainer-wholesale-2-150x150.webp 150w, https:\/\/www.mcallenflatware.com\/wp-content\/uploads\/2024\/11\/Strainer-wholesale-2-768x768.webp 768w, https:\/\/www.mcallenflatware.com\/wp-content\/uploads\/2024\/11\/Strainer-wholesale-2-12x12.webp 12w, https:\/\/www.mcallenflatware.com\/wp-content\/uploads\/2024\/11\/Strainer-wholesale-2-600x600.webp 600w, https:\/\/www.mcallenflatware.com\/wp-content\/uploads\/2024\/11\/Strainer-wholesale-2-300x300.webp 300w, https:\/\/www.mcallenflatware.com\/wp-content\/uploads\/2024\/11\/Strainer-wholesale-2-100x100.webp 100w\" sizes=\"(max-width: 1200px) 100vw, 1200px\" \/><\/figure>\n<\/div>\n<\/div>","protected":false},"excerpt":{"rendered":"<p>Pre\u00e7o de f\u00e1brica coador de boba de a\u00e7o inoxid\u00e1vel, pode ser usado como colher de p\u00e9rolas de tapioca. Venda direta do fabricante, bem-vindo para saber mais sobre a personaliza\u00e7\u00e3o.<\/p>\n<h2>Atributos do coador de Boba<\/h2>\n<p><strong>Nome da marca:<\/strong> Mcallen<br \/><strong>Material:<\/strong> A\u00e7o inoxid\u00e1vel<br \/><strong>Cor:<\/strong>\u00a0 Ler, ou Personalizado<br \/><strong>Conce\u00e7\u00e3o:<\/strong> Estrutura em arame de a\u00e7o inoxid\u00e1vel<br \/><strong>Prazo de entrega da amostra:<\/strong> No prazo de 3 dias<br \/><strong>OEM\/ODM:<\/strong> Dispon\u00edvel<\/p>\n<h2>Coador de Boba personalizado :<\/h2>\n<p><strong>A\u00e7o inoxid\u00e1vel:<\/strong> A\u00e7o inoxid\u00e1vel 18\/10, 304, 316, 410, 430, 420<br \/><strong>Log\u00f3tipo:<\/strong> Grava\u00e7\u00e3o a laser, impress\u00e3o serigr\u00e1fica, impress\u00e3o UV, impress\u00e3o por transfer\u00eancia t\u00e9rmica, grava\u00e7\u00e3o em relevo, etc.<br \/><strong>Embalagem:<\/strong> A granel, saco opp, caixa de cor, caixa de oferta, personalizado<\/p>","protected":false},"featured_media":1457,"template":"","meta":[],"product_brand":[],"product_cat":[24,31],"product_tag":[],"class_list":{"0":"post-1405","1":"product","2":"type-product","3":"status-publish","4":"has-post-thumbnail","6":"product_cat-wholesale-kitchen-utensils","7":"product_cat-wholesale-serving-utensils","9":"first","10":"instock","11":"shipping-taxable","12":"product-type-simple"},"_links":{"self":[{"href":"https:\/\/www.mcallenflatware.com\/pt\/wp-json\/wp\/v2\/product\/1405","targetHints":{"allow":["GET"]}}],"collection":[{"href":"https:\/\/www.mcallenflatware.com\/pt\/wp-json\/wp\/v2\/product"}],"about":[{"href":"https:\/\/www.mcallenflatware.com\/pt\/wp-json\/wp\/v2\/types\/product"}],"wp:featuredmedia":[{"embeddable":true,"href":"https:\/\/www.mcallenflatware.com\/pt\/wp-json\/wp\/v2\/media\/1457"}],"wp:attachment":[{"href":"https:\/\/www.mcallenflatware.com\/pt\/wp-json\/wp\/v2\/media?parent=1405"}],"wp:term":[{"taxonomy":"product_brand","embeddable":true,"href":"https:\/\/www.mcallenflatware.com\/pt\/wp-json\/wp\/v2\/product_brand?post=1405"},{"taxonomy":"product_cat","embeddable":true,"href":"https:\/\/www.mcallenflatware.com\/pt\/wp-json\/wp\/v2\/product_cat?post=1405"},{"taxonomy":"product_tag","embeddable":true,"href":"https:\/\/www.mcallenflatware.com\/pt\/wp-json\/wp\/v2\/product_tag?post=1405"}],"curies":[{"name":"wp","href":"https:\/\/api.w.org\/{rel}","templated":true}]}}