{"id":1460,"date":"2024-11-24T06:38:23","date_gmt":"2024-11-24T06:38:23","guid":{"rendered":"https:\/\/www.mcallenflatware.com\/?post_type=product&#038;p=1460"},"modified":"2024-11-24T09:23:23","modified_gmt":"2024-11-24T09:23:23","slug":"custom-stainless-steel-cutlery-set","status":"publish","type":"product","link":"https:\/\/www.mcallenflatware.com\/pt\/product\/custom-stainless-steel-cutlery-set\/","title":{"rendered":"Conjunto de Talheres em A\u00e7o Inoxid\u00e1vel Personalizado Portugu\u00eas Glod Silver Plating Color"},"content":{"rendered":"<h2 class=\"wp-block-heading\">Conjunto de talheres em a\u00e7o inoxid\u00e1vel Carater\u00edsticas:<\/h2>\n\n\n\n<div class=\"wp-block-columns is-layout-flex wp-container-core-columns-is-layout-9d6595d7 wp-block-columns-is-layout-flex\">\n<div class=\"wp-block-column is-layout-flow wp-block-column-is-layout-flow\" style=\"flex-basis:66.66%\">\n<p><strong>Design cl\u00e1ssico de estilo portugu\u00eas<\/strong><br>Bordos arredondados e linhas elegantes misturam-se, pegas finas, requintadas e topo de gama<\/p>\n\n\n\n<p><strong>Material de a\u00e7o inoxid\u00e1vel de alta qualidade<\/strong><br>Feito de a\u00e7o inoxid\u00e1vel dur\u00e1vel, polido e brilhante, mais luxuoso<\/p>\n\n\n\n<p><strong>Conjunto de talheres multifun\u00e7\u00f5es<\/strong><br>Incluindo facas, garfos, colheres, colheres de ch\u00e1 e outras especifica\u00e7\u00f5es, que podem satisfazer toda a gama de necessidades de refei\u00e7\u00f5es familiares, banquetes ou restaurantes.<\/p>\n\n\n\n<p><strong>V\u00e1rias op\u00e7\u00f5es de cores<\/strong><br>Dispon\u00edvel nas cores dourada, prateada, preta, cobre e galvanizada, permite a personaliza\u00e7\u00e3o para satisfazer as necessidades pessoais e de promo\u00e7\u00e3o da marca.<\/p>\n<\/div>\n\n\n\n<div class=\"wp-block-column is-layout-flow wp-block-column-is-layout-flow\" style=\"flex-basis:33.33%\">\n<figure class=\"wp-block-image size-full\"><img decoding=\"async\" width=\"750\" height=\"750\" src=\"https:\/\/www.mcallenflatware.com\/wp-content\/uploads\/2024\/11\/stainless-steel-cutlery-set-custom-3.webp\" alt=\"conjunto de talheres de a\u00e7o inoxid\u00e1vel personalizado\" class=\"wp-image-1408\" srcset=\"https:\/\/www.mcallenflatware.com\/wp-content\/uploads\/2024\/11\/stainless-steel-cutlery-set-custom-3.webp 750w, https:\/\/www.mcallenflatware.com\/wp-content\/uploads\/2024\/11\/stainless-steel-cutlery-set-custom-3-150x150.webp 150w, https:\/\/www.mcallenflatware.com\/wp-content\/uploads\/2024\/11\/stainless-steel-cutlery-set-custom-3-12x12.webp 12w, https:\/\/www.mcallenflatware.com\/wp-content\/uploads\/2024\/11\/stainless-steel-cutlery-set-custom-3-600x600.webp 600w, https:\/\/www.mcallenflatware.com\/wp-content\/uploads\/2024\/11\/stainless-steel-cutlery-set-custom-3-300x300.webp 300w, https:\/\/www.mcallenflatware.com\/wp-content\/uploads\/2024\/11\/stainless-steel-cutlery-set-custom-3-100x100.webp 100w\" sizes=\"(max-width: 750px) 100vw, 750px\" \/><\/figure>\n<\/div>\n<\/div>\n\n\n\n<div class=\"wp-block-columns is-layout-flex wp-container-core-columns-is-layout-9d6595d7 wp-block-columns-is-layout-flex\">\n<div class=\"wp-block-column is-layout-flow wp-block-column-is-layout-flow\">\n<figure class=\"wp-block-image size-full\"><img decoding=\"async\" width=\"709\" height=\"709\" src=\"https:\/\/www.mcallenflatware.com\/wp-content\/uploads\/2024\/11\/stainless-steel-cutlery-set-custom-6.webp\" alt=\"conjunto de talheres de a\u00e7o inoxid\u00e1vel personalizado\" class=\"wp-image-1411\" srcset=\"https:\/\/www.mcallenflatware.com\/wp-content\/uploads\/2024\/11\/stainless-steel-cutlery-set-custom-6.webp 709w, https:\/\/www.mcallenflatware.com\/wp-content\/uploads\/2024\/11\/stainless-steel-cutlery-set-custom-6-150x150.webp 150w, https:\/\/www.mcallenflatware.com\/wp-content\/uploads\/2024\/11\/stainless-steel-cutlery-set-custom-6-12x12.webp 12w, https:\/\/www.mcallenflatware.com\/wp-content\/uploads\/2024\/11\/stainless-steel-cutlery-set-custom-6-600x600.webp 600w, https:\/\/www.mcallenflatware.com\/wp-content\/uploads\/2024\/11\/stainless-steel-cutlery-set-custom-6-300x300.webp 300w, https:\/\/www.mcallenflatware.com\/wp-content\/uploads\/2024\/11\/stainless-steel-cutlery-set-custom-6-100x100.webp 100w\" sizes=\"(max-width: 709px) 100vw, 709px\" \/><\/figure>\n<\/div>\n\n\n\n<div class=\"wp-block-column is-layout-flow wp-block-column-is-layout-flow\">\n<figure class=\"wp-block-image size-full\"><img decoding=\"async\" width=\"734\" height=\"734\" src=\"https:\/\/www.mcallenflatware.com\/wp-content\/uploads\/2024\/11\/stainless-steel-cutlery-set-custom-8.webp\" alt=\"conjunto de talheres de a\u00e7o inoxid\u00e1vel personalizado\" class=\"wp-image-1413\" srcset=\"https:\/\/www.mcallenflatware.com\/wp-content\/uploads\/2024\/11\/stainless-steel-cutlery-set-custom-8.webp 734w, https:\/\/www.mcallenflatware.com\/wp-content\/uploads\/2024\/11\/stainless-steel-cutlery-set-custom-8-150x150.webp 150w, https:\/\/www.mcallenflatware.com\/wp-content\/uploads\/2024\/11\/stainless-steel-cutlery-set-custom-8-12x12.webp 12w, https:\/\/www.mcallenflatware.com\/wp-content\/uploads\/2024\/11\/stainless-steel-cutlery-set-custom-8-600x600.webp 600w, https:\/\/www.mcallenflatware.com\/wp-content\/uploads\/2024\/11\/stainless-steel-cutlery-set-custom-8-300x300.webp 300w, https:\/\/www.mcallenflatware.com\/wp-content\/uploads\/2024\/11\/stainless-steel-cutlery-set-custom-8-100x100.webp 100w\" sizes=\"(max-width: 734px) 100vw, 734px\" \/><\/figure>\n<\/div>\n\n\n\n<div class=\"wp-block-column is-layout-flow wp-block-column-is-layout-flow\">\n<figure class=\"wp-block-image size-full\"><img decoding=\"async\" width=\"750\" height=\"750\" src=\"https:\/\/www.mcallenflatware.com\/wp-content\/uploads\/2024\/11\/stainless-steel-cutlery-set-custom-7.webp\" alt=\"conjunto de talheres de a\u00e7o inoxid\u00e1vel personalizado\" class=\"wp-image-1412\" srcset=\"https:\/\/www.mcallenflatware.com\/wp-content\/uploads\/2024\/11\/stainless-steel-cutlery-set-custom-7.webp 750w, https:\/\/www.mcallenflatware.com\/wp-content\/uploads\/2024\/11\/stainless-steel-cutlery-set-custom-7-150x150.webp 150w, https:\/\/www.mcallenflatware.com\/wp-content\/uploads\/2024\/11\/stainless-steel-cutlery-set-custom-7-12x12.webp 12w, https:\/\/www.mcallenflatware.com\/wp-content\/uploads\/2024\/11\/stainless-steel-cutlery-set-custom-7-600x600.webp 600w, https:\/\/www.mcallenflatware.com\/wp-content\/uploads\/2024\/11\/stainless-steel-cutlery-set-custom-7-300x300.webp 300w, https:\/\/www.mcallenflatware.com\/wp-content\/uploads\/2024\/11\/stainless-steel-cutlery-set-custom-7-100x100.webp 100w\" sizes=\"(max-width: 750px) 100vw, 750px\" \/><\/figure>\n<\/div>\n<\/div>\n\n\n\n<p><\/p>","protected":false},"excerpt":{"rendered":"<p>Conjuntos de talheres de a\u00e7o inoxid\u00e1vel personalizados, log\u00f3tipo personalizado, cor, embalagem, etc. O fabricante Mcallen \u00e9 especializado em produ\u00e7\u00e3o e apoia as vendas na Amazon, Walmart, etc.<\/p>\n<h2>Conjunto de talheres em a\u00e7o inoxid\u00e1vel Atributos:<\/h2>\n<p><strong>Nome da marca:<\/strong> Mcallen<br \/><strong>Material:<\/strong> A\u00e7o inoxid\u00e1vel<br \/><strong>Cor:<\/strong> Ouro, prata, preto, cobre e cores galvanizadas<br \/><strong>Conce\u00e7\u00e3o:<\/strong> Estilo portugu\u00eas<br \/><strong>Prazo de entrega da amostra:<\/strong> No prazo de 3 dias<br \/><strong>OEM\/ODM:<\/strong> Dispon\u00edvel<\/p>\n<h2>Conjunto de talheres de a\u00e7o inoxid\u00e1vel personalizado:<\/h2>\n<p><strong>A\u00e7o inoxid\u00e1vel:<\/strong>\u00a0A\u00e7o inoxid\u00e1vel 18\/10, 304, 316, 410, 430, 420<br \/><strong>Log\u00f3tipo:<\/strong>\u00a0Grava\u00e7\u00e3o a laser, impress\u00e3o serigr\u00e1fica, impress\u00e3o UV, impress\u00e3o por transfer\u00eancia t\u00e9rmica, grava\u00e7\u00e3o em relevo, etc.<br \/><strong>Embalagem:<\/strong>\u00a04\/8\/12\/16\/20\/24\/45\/48\/72pcs set<br \/><strong>Acabamentos de superf\u00edcie:<\/strong>\u00a0Polido com espelho, mate, polido com \u00e1gua, revestimento de tit\u00e2nio<br \/><strong>Embalagem:<\/strong>\u00a0A granel, saco opp, caixa de cor, caixa de oferta, personalizado<\/p>","protected":false},"featured_media":1409,"template":"","meta":[],"product_brand":[],"product_cat":[23,29],"product_tag":[],"class_list":{"0":"post-1460","1":"product","2":"type-product","3":"status-publish","4":"has-post-thumbnail","6":"product_cat-wholesale-flatware","7":"product_cat-bulk-flatware","9":"first","10":"instock","11":"shipping-taxable","12":"product-type-simple"},"_links":{"self":[{"href":"https:\/\/www.mcallenflatware.com\/pt\/wp-json\/wp\/v2\/product\/1460","targetHints":{"allow":["GET"]}}],"collection":[{"href":"https:\/\/www.mcallenflatware.com\/pt\/wp-json\/wp\/v2\/product"}],"about":[{"href":"https:\/\/www.mcallenflatware.com\/pt\/wp-json\/wp\/v2\/types\/product"}],"wp:featuredmedia":[{"embeddable":true,"href":"https:\/\/www.mcallenflatware.com\/pt\/wp-json\/wp\/v2\/media\/1409"}],"wp:attachment":[{"href":"https:\/\/www.mcallenflatware.com\/pt\/wp-json\/wp\/v2\/media?parent=1460"}],"wp:term":[{"taxonomy":"product_brand","embeddable":true,"href":"https:\/\/www.mcallenflatware.com\/pt\/wp-json\/wp\/v2\/product_brand?post=1460"},{"taxonomy":"product_cat","embeddable":true,"href":"https:\/\/www.mcallenflatware.com\/pt\/wp-json\/wp\/v2\/product_cat?post=1460"},{"taxonomy":"product_tag","embeddable":true,"href":"https:\/\/www.mcallenflatware.com\/pt\/wp-json\/wp\/v2\/product_tag?post=1460"}],"curies":[{"name":"wp","href":"https:\/\/api.w.org\/{rel}","templated":true}]}}