{"id":1462,"date":"2025-09-24T10:22:26","date_gmt":"2025-09-24T10:22:26","guid":{"rendered":"https:\/\/www.mcallenflatware.com\/?post_type=product&#038;p=1462"},"modified":"2025-09-24T10:47:52","modified_gmt":"2025-09-24T10:47:52","slug":"whlesale-silver-cutlery-set","status":"publish","type":"product","link":"https:\/\/www.mcallenflatware.com\/pt\/product\/whlesale-silver-cutlery-set\/","title":{"rendered":"Conjunto de talheres de prata Whlesale Talheres portugueses em a\u00e7o inoxid\u00e1vel"},"content":{"rendered":"<h2 class=\"wp-block-heading\">Conjunto de talheres de prata Carater\u00edsticas:<\/h2>\n\n\n\n<div class=\"wp-block-columns is-layout-flex wp-container-core-columns-is-layout-9d6595d7 wp-block-columns-is-layout-flex\">\n<div class=\"wp-block-column is-layout-flow wp-block-column-is-layout-flow\" style=\"flex-basis:66.66%\">\n<p><strong>Processo de polimento de prata<\/strong><br>A superf\u00edcie do conjunto de talheres \u00e9 finamente polida, brilhante e lisa, conferindo um efeito visual de luxo \u00e0 mesa de jantar.<\/p>\n\n\n\n<p><strong>Design elegante de estilo portugu\u00eas<\/strong><br>O design cl\u00e1ssico portugu\u00eas, que combina uma est\u00e9tica retro e moderna, revela um temperamento \u00fanico e nobre.<\/p>\n\n\n\n<p><strong>Material duradouro em a\u00e7o inoxid\u00e1vel<\/strong><br>Fabricado em a\u00e7o inoxid\u00e1vel de qualidade alimentar, \u00e9 resistente ao desgaste e \u00e0 corros\u00e3o e pode ser utilizado em m\u00e1quinas de lavar loi\u00e7a.<\/p>\n\n\n\n<p><strong>Adequado para ocasi\u00f5es formais e de luxo<\/strong><br>Quer se trate de uma refei\u00e7\u00e3o em fam\u00edlia, de um banquete de luxo ou de um hotel de cinco estrelas, este conjunto de talheres adapta-se perfeitamente ao ambiente e melhora a qualidade da refei\u00e7\u00e3o.<\/p>\n<\/div>\n\n\n\n<div class=\"wp-block-column is-layout-flow wp-block-column-is-layout-flow\" style=\"flex-basis:33.33%\">\n<figure class=\"wp-block-image size-full\"><img decoding=\"async\" width=\"800\" height=\"800\" src=\"https:\/\/www.mcallenflatware.com\/wp-content\/uploads\/2024\/11\/silver-plated-flatware-wholesale-8.webp\" alt=\"talheres de prata por atacado\" class=\"wp-image-1422\" srcset=\"https:\/\/www.mcallenflatware.com\/wp-content\/uploads\/2024\/11\/silver-plated-flatware-wholesale-8.webp 800w, https:\/\/www.mcallenflatware.com\/wp-content\/uploads\/2024\/11\/silver-plated-flatware-wholesale-8-150x150.webp 150w, https:\/\/www.mcallenflatware.com\/wp-content\/uploads\/2024\/11\/silver-plated-flatware-wholesale-8-768x768.webp 768w, https:\/\/www.mcallenflatware.com\/wp-content\/uploads\/2024\/11\/silver-plated-flatware-wholesale-8-12x12.webp 12w, https:\/\/www.mcallenflatware.com\/wp-content\/uploads\/2024\/11\/silver-plated-flatware-wholesale-8-600x600.webp 600w, https:\/\/www.mcallenflatware.com\/wp-content\/uploads\/2024\/11\/silver-plated-flatware-wholesale-8-300x300.webp 300w, https:\/\/www.mcallenflatware.com\/wp-content\/uploads\/2024\/11\/silver-plated-flatware-wholesale-8-100x100.webp 100w\" sizes=\"(max-width: 800px) 100vw, 800px\" \/><\/figure>\n<\/div>\n<\/div>\n\n\n\n<div class=\"wp-block-columns is-layout-flex wp-container-core-columns-is-layout-9d6595d7 wp-block-columns-is-layout-flex\">\n<div class=\"wp-block-column is-layout-flow wp-block-column-is-layout-flow\">\n<figure class=\"wp-block-image size-full\"><img decoding=\"async\" width=\"800\" height=\"800\" src=\"https:\/\/www.mcallenflatware.com\/wp-content\/uploads\/2024\/11\/silver-plated-flatware-wholesale-7.webp\" alt=\"talheres de prata por atacado\" class=\"wp-image-1421\" srcset=\"https:\/\/www.mcallenflatware.com\/wp-content\/uploads\/2024\/11\/silver-plated-flatware-wholesale-7.webp 800w, https:\/\/www.mcallenflatware.com\/wp-content\/uploads\/2024\/11\/silver-plated-flatware-wholesale-7-150x150.webp 150w, https:\/\/www.mcallenflatware.com\/wp-content\/uploads\/2024\/11\/silver-plated-flatware-wholesale-7-768x768.webp 768w, https:\/\/www.mcallenflatware.com\/wp-content\/uploads\/2024\/11\/silver-plated-flatware-wholesale-7-12x12.webp 12w, https:\/\/www.mcallenflatware.com\/wp-content\/uploads\/2024\/11\/silver-plated-flatware-wholesale-7-600x600.webp 600w, https:\/\/www.mcallenflatware.com\/wp-content\/uploads\/2024\/11\/silver-plated-flatware-wholesale-7-300x300.webp 300w, https:\/\/www.mcallenflatware.com\/wp-content\/uploads\/2024\/11\/silver-plated-flatware-wholesale-7-100x100.webp 100w\" sizes=\"(max-width: 800px) 100vw, 800px\" \/><\/figure>\n<\/div>\n\n\n\n<div class=\"wp-block-column is-layout-flow wp-block-column-is-layout-flow\">\n<figure class=\"wp-block-image size-full\"><img decoding=\"async\" width=\"800\" height=\"800\" src=\"https:\/\/www.mcallenflatware.com\/wp-content\/uploads\/2024\/11\/silver-plated-flatware-wholesale-9.webp\" alt=\"talheres de prata por atacado\" class=\"wp-image-1419\" srcset=\"https:\/\/www.mcallenflatware.com\/wp-content\/uploads\/2024\/11\/silver-plated-flatware-wholesale-9.webp 800w, https:\/\/www.mcallenflatware.com\/wp-content\/uploads\/2024\/11\/silver-plated-flatware-wholesale-9-150x150.webp 150w, https:\/\/www.mcallenflatware.com\/wp-content\/uploads\/2024\/11\/silver-plated-flatware-wholesale-9-768x768.webp 768w, https:\/\/www.mcallenflatware.com\/wp-content\/uploads\/2024\/11\/silver-plated-flatware-wholesale-9-12x12.webp 12w, https:\/\/www.mcallenflatware.com\/wp-content\/uploads\/2024\/11\/silver-plated-flatware-wholesale-9-600x600.webp 600w, https:\/\/www.mcallenflatware.com\/wp-content\/uploads\/2024\/11\/silver-plated-flatware-wholesale-9-300x300.webp 300w, https:\/\/www.mcallenflatware.com\/wp-content\/uploads\/2024\/11\/silver-plated-flatware-wholesale-9-100x100.webp 100w\" sizes=\"(max-width: 800px) 100vw, 800px\" \/><\/figure>\n<\/div>\n\n\n\n<div class=\"wp-block-column is-layout-flow wp-block-column-is-layout-flow\">\n<figure class=\"wp-block-image size-full\"><img decoding=\"async\" width=\"800\" height=\"800\" src=\"https:\/\/www.mcallenflatware.com\/wp-content\/uploads\/2024\/11\/silver-plated-flatware-wholesale-4.webp\" alt=\"talheres de prata por atacado\" class=\"wp-image-1418\" srcset=\"https:\/\/www.mcallenflatware.com\/wp-content\/uploads\/2024\/11\/silver-plated-flatware-wholesale-4.webp 800w, https:\/\/www.mcallenflatware.com\/wp-content\/uploads\/2024\/11\/silver-plated-flatware-wholesale-4-150x150.webp 150w, https:\/\/www.mcallenflatware.com\/wp-content\/uploads\/2024\/11\/silver-plated-flatware-wholesale-4-768x768.webp 768w, https:\/\/www.mcallenflatware.com\/wp-content\/uploads\/2024\/11\/silver-plated-flatware-wholesale-4-12x12.webp 12w, https:\/\/www.mcallenflatware.com\/wp-content\/uploads\/2024\/11\/silver-plated-flatware-wholesale-4-600x600.webp 600w, https:\/\/www.mcallenflatware.com\/wp-content\/uploads\/2024\/11\/silver-plated-flatware-wholesale-4-300x300.webp 300w, https:\/\/www.mcallenflatware.com\/wp-content\/uploads\/2024\/11\/silver-plated-flatware-wholesale-4-100x100.webp 100w\" sizes=\"(max-width: 800px) 100vw, 800px\" \/><\/figure>\n<\/div>\n<\/div>\n\n\n\n<p><\/p>","protected":false},"excerpt":{"rendered":"<p>Conjunto de talheres de prata por atacado e personalizado, incluindo facas, garfos, colheres, colheres de ch\u00e1 e outras combina\u00e7\u00f5es, adequado para restaurantes, casamentos e hot\u00e9is sofisticados. Apoiar a personaliza\u00e7\u00e3o e os servi\u00e7os de vendas da Amazon, bem-vindo a pedir amostras gr\u00e1tis!<\/p>\n<h2>Conjunto de talheres de prata Atributos:<\/h2>\n<p><strong>Nome da marca:<\/strong> Mcallen<br \/><strong>Material:<\/strong> A\u00e7o inoxid\u00e1vel<br \/><strong>Cor:<\/strong> Prata, Gloden<br \/><strong>Conce\u00e7\u00e3o:<\/strong> Estilo portugu\u00eas<br \/><strong>Prazo de entrega da amostra:<\/strong> No prazo de 3 dias<br \/><strong>OEM\/ODM:<\/strong> Dispon\u00edvel<\/p>\n<h2>Conjunto de talheres de prata personalizados:<\/h2>\n<p><strong>A\u00e7o inoxid\u00e1vel:<\/strong>\u00a0A\u00e7o inoxid\u00e1vel 18\/10, 304, 316, 410, 430, 420<br \/><strong>Log\u00f3tipo:<\/strong>\u00a0Grava\u00e7\u00e3o a laser, impress\u00e3o serigr\u00e1fica, impress\u00e3o UV, impress\u00e3o por transfer\u00eancia t\u00e9rmica, grava\u00e7\u00e3o em relevo, etc.<br \/><strong>Embalagem:<\/strong>\u00a04\/8\/12\/16\/20\/24\/45\/48\/72pcs set<br \/><strong>Acabamentos de superf\u00edcie:<\/strong>\u00a0Polido com espelho, mate, polido com \u00e1gua, revestimento de tit\u00e2nio<br \/><strong>Embalagem:<\/strong>\u00a0A granel, saco opp, caixa de cor, caixa de oferta, personalizado<\/p>","protected":false},"featured_media":1417,"template":"","meta":[],"product_brand":[],"product_cat":[23,29],"product_tag":[],"class_list":{"0":"post-1462","1":"product","2":"type-product","3":"status-publish","4":"has-post-thumbnail","6":"product_cat-wholesale-flatware","7":"product_cat-bulk-flatware","9":"first","10":"instock","11":"shipping-taxable","12":"product-type-simple"},"_links":{"self":[{"href":"https:\/\/www.mcallenflatware.com\/pt\/wp-json\/wp\/v2\/product\/1462","targetHints":{"allow":["GET"]}}],"collection":[{"href":"https:\/\/www.mcallenflatware.com\/pt\/wp-json\/wp\/v2\/product"}],"about":[{"href":"https:\/\/www.mcallenflatware.com\/pt\/wp-json\/wp\/v2\/types\/product"}],"wp:featuredmedia":[{"embeddable":true,"href":"https:\/\/www.mcallenflatware.com\/pt\/wp-json\/wp\/v2\/media\/1417"}],"wp:attachment":[{"href":"https:\/\/www.mcallenflatware.com\/pt\/wp-json\/wp\/v2\/media?parent=1462"}],"wp:term":[{"taxonomy":"product_brand","embeddable":true,"href":"https:\/\/www.mcallenflatware.com\/pt\/wp-json\/wp\/v2\/product_brand?post=1462"},{"taxonomy":"product_cat","embeddable":true,"href":"https:\/\/www.mcallenflatware.com\/pt\/wp-json\/wp\/v2\/product_cat?post=1462"},{"taxonomy":"product_tag","embeddable":true,"href":"https:\/\/www.mcallenflatware.com\/pt\/wp-json\/wp\/v2\/product_tag?post=1462"}],"curies":[{"name":"wp","href":"https:\/\/api.w.org\/{rel}","templated":true}]}}