{"id":1463,"date":"2024-11-24T09:23:33","date_gmt":"2024-11-24T09:23:33","guid":{"rendered":"https:\/\/www.mcallenflatware.com\/?post_type=product&#038;p=1463"},"modified":"2024-11-24T09:38:40","modified_gmt":"2024-11-24T09:38:40","slug":"bulk-matte-gold-flatware","status":"publish","type":"product","link":"https:\/\/www.mcallenflatware.com\/pt\/product\/bulk-matte-gold-flatware\/","title":{"rendered":"Conjunto de talheres de a\u00e7o inoxid\u00e1vel de luxo em ouro mate a granel"},"content":{"rendered":"<h2 class=\"wp-block-heading\">Talheres em ouro mate Carater\u00edsticas:<\/h2>\n\n\n\n<div class=\"wp-block-columns is-layout-flex wp-container-core-columns-is-layout-9d6595d7 wp-block-columns-is-layout-flex\">\n<div class=\"wp-block-column is-layout-flow wp-block-column-is-layout-flow\" style=\"flex-basis:66.66%\">\n<p><strong>Aspeto luxuoso em ouro mate<\/strong><br>O tratamento de galvanoplastia em ouro mate confere aos utens\u00edlios de mesa uma sensa\u00e7\u00e3o \u00fanica de luxo e uma est\u00e9tica moderna.<\/p>\n\n\n\n<p><strong>Design portugu\u00eas elegante<br><\/strong>Combinando as linhas art\u00edsticas e as formas elegantes do estilo portugu\u00eas, integra elementos de moda e adequa-se a v\u00e1rios cen\u00e1rios.<\/p>\n\n\n\n<p><strong>Material de a\u00e7o inoxid\u00e1vel de alta qualidade<br><\/strong>Fabricado em a\u00e7o inoxid\u00e1vel 18\/10, \u00e9 robusto, duradouro e adequado para uma utiliza\u00e7\u00e3o a longo prazo.<\/p>\n\n\n\n<p><strong>Adequado para necessidades de grandes volumes<\/strong><br>As facas, garfos, colheres, colheres de ch\u00e1 e outras especifica\u00e7\u00f5es s\u00e3o completas, concebidas para compras a granel e suportam servi\u00e7os personalizados. Pode satisfazer as necessidades de fornecimento em grande escala de hot\u00e9is, restaurantes e grossistas, e \u00e9 rent\u00e1vel.<\/p>\n<\/div>\n\n\n\n<div class=\"wp-block-column is-layout-flow wp-block-column-is-layout-flow\" style=\"flex-basis:33.33%\">\n<figure class=\"wp-block-image size-full\"><img decoding=\"async\" width=\"882\" height=\"882\" src=\"https:\/\/www.mcallenflatware.com\/wp-content\/uploads\/2024\/11\/matte-gold-flatware-wholesale-18.webp\" alt=\"talheres de ouro mate por atacado\" class=\"wp-image-1432\" srcset=\"https:\/\/www.mcallenflatware.com\/wp-content\/uploads\/2024\/11\/matte-gold-flatware-wholesale-18.webp 882w, https:\/\/www.mcallenflatware.com\/wp-content\/uploads\/2024\/11\/matte-gold-flatware-wholesale-18-150x150.webp 150w, https:\/\/www.mcallenflatware.com\/wp-content\/uploads\/2024\/11\/matte-gold-flatware-wholesale-18-768x768.webp 768w, https:\/\/www.mcallenflatware.com\/wp-content\/uploads\/2024\/11\/matte-gold-flatware-wholesale-18-12x12.webp 12w, https:\/\/www.mcallenflatware.com\/wp-content\/uploads\/2024\/11\/matte-gold-flatware-wholesale-18-600x600.webp 600w, https:\/\/www.mcallenflatware.com\/wp-content\/uploads\/2024\/11\/matte-gold-flatware-wholesale-18-300x300.webp 300w, https:\/\/www.mcallenflatware.com\/wp-content\/uploads\/2024\/11\/matte-gold-flatware-wholesale-18-100x100.webp 100w\" sizes=\"(max-width: 882px) 100vw, 882px\" \/><\/figure>\n<\/div>\n<\/div>\n\n\n\n<div class=\"wp-block-columns is-layout-flex wp-container-core-columns-is-layout-9d6595d7 wp-block-columns-is-layout-flex\">\n<div class=\"wp-block-column is-layout-flow wp-block-column-is-layout-flow\">\n<figure class=\"wp-block-image size-full\"><img decoding=\"async\" width=\"800\" height=\"800\" src=\"https:\/\/www.mcallenflatware.com\/wp-content\/uploads\/2024\/11\/matte-gold-flatware-wholesale-4.webp\" alt=\"talheres de ouro mate por atacado\" class=\"wp-image-1427\" srcset=\"https:\/\/www.mcallenflatware.com\/wp-content\/uploads\/2024\/11\/matte-gold-flatware-wholesale-4.webp 800w, https:\/\/www.mcallenflatware.com\/wp-content\/uploads\/2024\/11\/matte-gold-flatware-wholesale-4-150x150.webp 150w, https:\/\/www.mcallenflatware.com\/wp-content\/uploads\/2024\/11\/matte-gold-flatware-wholesale-4-768x768.webp 768w, https:\/\/www.mcallenflatware.com\/wp-content\/uploads\/2024\/11\/matte-gold-flatware-wholesale-4-12x12.webp 12w, https:\/\/www.mcallenflatware.com\/wp-content\/uploads\/2024\/11\/matte-gold-flatware-wholesale-4-600x600.webp 600w, https:\/\/www.mcallenflatware.com\/wp-content\/uploads\/2024\/11\/matte-gold-flatware-wholesale-4-300x300.webp 300w, https:\/\/www.mcallenflatware.com\/wp-content\/uploads\/2024\/11\/matte-gold-flatware-wholesale-4-100x100.webp 100w\" sizes=\"(max-width: 800px) 100vw, 800px\" \/><\/figure>\n<\/div>\n\n\n\n<div class=\"wp-block-column is-layout-flow wp-block-column-is-layout-flow\">\n<figure class=\"wp-block-image size-full\"><img decoding=\"async\" width=\"800\" height=\"800\" src=\"https:\/\/www.mcallenflatware.com\/wp-content\/uploads\/2024\/11\/matte-gold-flatware-wholesale-15.webp\" alt=\"talheres de ouro mate por atacado\" class=\"wp-image-1429\" srcset=\"https:\/\/www.mcallenflatware.com\/wp-content\/uploads\/2024\/11\/matte-gold-flatware-wholesale-15.webp 800w, https:\/\/www.mcallenflatware.com\/wp-content\/uploads\/2024\/11\/matte-gold-flatware-wholesale-15-150x150.webp 150w, https:\/\/www.mcallenflatware.com\/wp-content\/uploads\/2024\/11\/matte-gold-flatware-wholesale-15-768x768.webp 768w, https:\/\/www.mcallenflatware.com\/wp-content\/uploads\/2024\/11\/matte-gold-flatware-wholesale-15-12x12.webp 12w, https:\/\/www.mcallenflatware.com\/wp-content\/uploads\/2024\/11\/matte-gold-flatware-wholesale-15-600x600.webp 600w, https:\/\/www.mcallenflatware.com\/wp-content\/uploads\/2024\/11\/matte-gold-flatware-wholesale-15-300x300.webp 300w, https:\/\/www.mcallenflatware.com\/wp-content\/uploads\/2024\/11\/matte-gold-flatware-wholesale-15-100x100.webp 100w\" sizes=\"(max-width: 800px) 100vw, 800px\" \/><\/figure>\n<\/div>\n\n\n\n<div class=\"wp-block-column is-layout-flow wp-block-column-is-layout-flow\">\n<figure class=\"wp-block-image size-full\"><img decoding=\"async\" width=\"788\" height=\"788\" src=\"https:\/\/www.mcallenflatware.com\/wp-content\/uploads\/2024\/11\/matte-gold-flatware-wholesale-16.webp\" alt=\"talheres de ouro mate por atacado\" class=\"wp-image-1430\" srcset=\"https:\/\/www.mcallenflatware.com\/wp-content\/uploads\/2024\/11\/matte-gold-flatware-wholesale-16.webp 788w, https:\/\/www.mcallenflatware.com\/wp-content\/uploads\/2024\/11\/matte-gold-flatware-wholesale-16-150x150.webp 150w, https:\/\/www.mcallenflatware.com\/wp-content\/uploads\/2024\/11\/matte-gold-flatware-wholesale-16-768x768.webp 768w, https:\/\/www.mcallenflatware.com\/wp-content\/uploads\/2024\/11\/matte-gold-flatware-wholesale-16-12x12.webp 12w, https:\/\/www.mcallenflatware.com\/wp-content\/uploads\/2024\/11\/matte-gold-flatware-wholesale-16-600x600.webp 600w, https:\/\/www.mcallenflatware.com\/wp-content\/uploads\/2024\/11\/matte-gold-flatware-wholesale-16-300x300.webp 300w, https:\/\/www.mcallenflatware.com\/wp-content\/uploads\/2024\/11\/matte-gold-flatware-wholesale-16-100x100.webp 100w\" sizes=\"(max-width: 788px) 100vw, 788px\" \/><\/figure>\n<\/div>\n<\/div>\n\n\n\n<p><\/p>","protected":false},"excerpt":{"rendered":"<p>Talheres de ouro mate por atacado e personalizados, feitos de a\u00e7o inoxid\u00e1vel de alta qualidade, suportam log\u00f3tipo, cor e embalagem personalizados. Design moderno e \u00fanico ao estilo portugu\u00eas, adequado para hot\u00e9is, restaurantes e uso dom\u00e9stico. Bem-vindo ao inqu\u00e9rito!<\/p>\n<h2>Talheres em ouro mate Atributos:<\/h2>\n<p><strong>Nome da marca:<\/strong> Mcallen<br \/><strong>Material:<\/strong> A\u00e7o inoxid\u00e1vel<br \/><strong>Cor:<\/strong> Prata, Gloden<br \/><strong>Conce\u00e7\u00e3o:<\/strong> Superf\u00edcie mate, estilo portugu\u00eas<br \/><strong>Prazo de entrega da amostra:<\/strong> No prazo de 3 dias<br \/><strong>OEM\/ODM:<\/strong> Dispon\u00edvel<\/p>\n<h2>Talheres personalizados em ouro mate:<\/h2>\n<p><strong>A\u00e7o inoxid\u00e1vel:<\/strong>\u00a0A\u00e7o inoxid\u00e1vel 18\/10, 304, 316, 410, 430, 420<br \/><strong>Log\u00f3tipo:<\/strong>\u00a0Grava\u00e7\u00e3o a laser, impress\u00e3o serigr\u00e1fica, impress\u00e3o UV, impress\u00e3o por transfer\u00eancia t\u00e9rmica, grava\u00e7\u00e3o em relevo, etc.<br \/><strong>Embalagem:<\/strong>\u00a04\/8\/12\/16\/20\/24\/45\/48\/72pcs set<br \/><strong>Acabamentos de superf\u00edcie:<\/strong>\u00a0Polido com espelho, mate, polido com \u00e1gua, revestimento de tit\u00e2nio<br \/><strong>Embalagem:<\/strong>\u00a0A granel, saco opp, caixa de cor, caixa de oferta, personalizado<\/p>","protected":false},"featured_media":1426,"template":"","meta":[],"product_brand":[],"product_cat":[23,29],"product_tag":[],"class_list":{"0":"post-1463","1":"product","2":"type-product","3":"status-publish","4":"has-post-thumbnail","6":"product_cat-wholesale-flatware","7":"product_cat-bulk-flatware","9":"first","10":"instock","11":"shipping-taxable","12":"product-type-simple"},"_links":{"self":[{"href":"https:\/\/www.mcallenflatware.com\/pt\/wp-json\/wp\/v2\/product\/1463","targetHints":{"allow":["GET"]}}],"collection":[{"href":"https:\/\/www.mcallenflatware.com\/pt\/wp-json\/wp\/v2\/product"}],"about":[{"href":"https:\/\/www.mcallenflatware.com\/pt\/wp-json\/wp\/v2\/types\/product"}],"wp:featuredmedia":[{"embeddable":true,"href":"https:\/\/www.mcallenflatware.com\/pt\/wp-json\/wp\/v2\/media\/1426"}],"wp:attachment":[{"href":"https:\/\/www.mcallenflatware.com\/pt\/wp-json\/wp\/v2\/media?parent=1463"}],"wp:term":[{"taxonomy":"product_brand","embeddable":true,"href":"https:\/\/www.mcallenflatware.com\/pt\/wp-json\/wp\/v2\/product_brand?post=1463"},{"taxonomy":"product_cat","embeddable":true,"href":"https:\/\/www.mcallenflatware.com\/pt\/wp-json\/wp\/v2\/product_cat?post=1463"},{"taxonomy":"product_tag","embeddable":true,"href":"https:\/\/www.mcallenflatware.com\/pt\/wp-json\/wp\/v2\/product_tag?post=1463"}],"curies":[{"name":"wp","href":"https:\/\/api.w.org\/{rel}","templated":true}]}}