{"id":1464,"date":"2025-09-24T09:28:24","date_gmt":"2025-09-24T09:28:24","guid":{"rendered":"https:\/\/www.mcallenflatware.com\/?post_type=product&#038;p=1464"},"modified":"2025-09-24T10:36:15","modified_gmt":"2025-09-24T10:36:15","slug":"wholesale-cutlery-set-for-16","status":"publish","type":"product","link":"https:\/\/www.mcallenflatware.com\/pt\/product\/wholesale-cutlery-set-for-16\/","title":{"rendered":"Conjunto de talheres por atacado para 16 pe\u00e7as em a\u00e7o inoxid\u00e1vel preto mate"},"content":{"rendered":"<h2 class=\"wp-block-heading\">Carater\u00edsticas do Conjunto de Talheres para 16 pessoas:<\/h2>\n\n\n\n<div class=\"wp-block-columns is-layout-flex wp-container-core-columns-is-layout-9d6595d7 wp-block-columns-is-layout-flex\">\n<div class=\"wp-block-column is-layout-flow wp-block-column-is-layout-flow\" style=\"flex-basis:66.66%\">\n<p><strong>Conjunto completo de talheres de 16 pe\u00e7as<\/strong><br>Incluindo um conjunto completo de faca, garfo, colher e colher de ch\u00e1, pode satisfazer as necessidades gastron\u00f3micas completas de 4 pessoas e \u00e9 a escolha ideal para reuni\u00f5es familiares e pequenas reuni\u00f5es.<\/p>\n\n\n\n<p><strong>Aspeto elegante em preto mate<\/strong><br>Adoptando um revestimento preto mate, combinado com ouro, \u00e9 bonito e moderno.<\/p>\n\n\n\n<p><strong>Material de a\u00e7o inoxid\u00e1vel de alta qualidade<\/strong><br>Fabricado em a\u00e7o inoxid\u00e1vel 18\/10 de qualidade alimentar, dur\u00e1vel e f\u00e1cil de limpar.<\/p>\n\n\n\n<p><strong>Aplic\u00e1vel a v\u00e1rias cenas<\/strong><br>O design simples e elegante em preto \u00e9 adequado para refei\u00e7\u00f5es di\u00e1rias, ocasi\u00f5es especiais ou restaurantes e hot\u00e9is, e pode facilmente combinar com v\u00e1rios estilos de mesa.<\/p>\n\n\n\n<p><strong>Suporte a embalagens personalizadas<\/strong><br>Fornecer embalagens requintadas e servi\u00e7os de personaliza\u00e7\u00e3o, incluindo log\u00f3tipo, design de embalagens e sele\u00e7\u00e3o de cores, para satisfazer as necessidades comerciais e de presentes.<\/p>\n<\/div>\n\n\n\n<div class=\"wp-block-column is-layout-flow wp-block-column-is-layout-flow\" style=\"flex-basis:33.33%\">\n<figure class=\"wp-block-image size-full\"><img decoding=\"async\" width=\"790\" height=\"847\" src=\"https:\/\/www.mcallenflatware.com\/wp-content\/uploads\/2024\/11\/wholesale-cutlery-set-for-16.webp\" alt=\"conjunto de talheres por atacado para 16\" class=\"wp-image-1434\" srcset=\"https:\/\/www.mcallenflatware.com\/wp-content\/uploads\/2024\/11\/wholesale-cutlery-set-for-16.webp 790w, https:\/\/www.mcallenflatware.com\/wp-content\/uploads\/2024\/11\/wholesale-cutlery-set-for-16-768x823.webp 768w, https:\/\/www.mcallenflatware.com\/wp-content\/uploads\/2024\/11\/wholesale-cutlery-set-for-16-11x12.webp 11w, https:\/\/www.mcallenflatware.com\/wp-content\/uploads\/2024\/11\/wholesale-cutlery-set-for-16-600x643.webp 600w\" sizes=\"(max-width: 790px) 100vw, 790px\" \/><\/figure>\n<\/div>\n<\/div>","protected":false},"excerpt":{"rendered":"<p>Do melhor fabricante de a\u00e7o inoxid\u00e1vel, conjunto de talheres por atacado e personalizado 16 pcs com caixa, elegante e high-end, adequado para uma variedade de ocasi\u00f5es. Pre\u00e7o de f\u00e1brica e garantia de alta qualidade, bem-vindo a perguntar e obter amostras gr\u00e1tis.<\/p>\n<h2>Atributos do conjunto de talheres para 16:<\/h2>\n<p><strong>Nome da marca:<\/strong> Mcallen<br \/><strong>Material:<\/strong> A\u00e7o inoxid\u00e1vel<br \/><strong>Cor:<\/strong> Preto, dourado, prateado ou personalizado<br \/><strong>Conce\u00e7\u00e3o:<\/strong> Superf\u00edcie mate, estilo moderno<br \/><strong>Prazo de entrega da amostra:<\/strong> No prazo de 3 dias<br \/><strong>OEM\/ODM:<\/strong> Dispon\u00edvel<\/p>\n<h2>Conjunto de talheres personalizado para 16:<\/h2>\n<p><strong>A\u00e7o inoxid\u00e1vel:<\/strong>\u00a0A\u00e7o inoxid\u00e1vel 18\/10, 304, 316, 410, 430, 420<br \/><strong>Log\u00f3tipo:<\/strong>\u00a0Grava\u00e7\u00e3o a laser, impress\u00e3o serigr\u00e1fica, impress\u00e3o UV, impress\u00e3o por transfer\u00eancia t\u00e9rmica, grava\u00e7\u00e3o em relevo, etc.<br \/><strong>Embalagem:<\/strong>\u00a04\/8\/12\/16\/20\/24\/45\/48\/72pcs set<br \/><strong>Acabamentos de superf\u00edcie:<\/strong>\u00a0Polido com espelho, mate, polido com \u00e1gua, revestimento de tit\u00e2nio<br \/><strong>Embalagem:<\/strong>\u00a0A granel, saco opp, caixa de cor, caixa de oferta, personalizado<\/p>","protected":false},"featured_media":1434,"template":"","meta":[],"product_brand":[],"product_cat":[30,23],"product_tag":[],"class_list":{"0":"post-1464","1":"product","2":"type-product","3":"status-publish","4":"has-post-thumbnail","6":"product_cat-custom-cutlery-gift-set","7":"product_cat-wholesale-flatware","9":"first","10":"instock","11":"shipping-taxable","12":"product-type-simple"},"_links":{"self":[{"href":"https:\/\/www.mcallenflatware.com\/pt\/wp-json\/wp\/v2\/product\/1464","targetHints":{"allow":["GET"]}}],"collection":[{"href":"https:\/\/www.mcallenflatware.com\/pt\/wp-json\/wp\/v2\/product"}],"about":[{"href":"https:\/\/www.mcallenflatware.com\/pt\/wp-json\/wp\/v2\/types\/product"}],"wp:featuredmedia":[{"embeddable":true,"href":"https:\/\/www.mcallenflatware.com\/pt\/wp-json\/wp\/v2\/media\/1434"}],"wp:attachment":[{"href":"https:\/\/www.mcallenflatware.com\/pt\/wp-json\/wp\/v2\/media?parent=1464"}],"wp:term":[{"taxonomy":"product_brand","embeddable":true,"href":"https:\/\/www.mcallenflatware.com\/pt\/wp-json\/wp\/v2\/product_brand?post=1464"},{"taxonomy":"product_cat","embeddable":true,"href":"https:\/\/www.mcallenflatware.com\/pt\/wp-json\/wp\/v2\/product_cat?post=1464"},{"taxonomy":"product_tag","embeddable":true,"href":"https:\/\/www.mcallenflatware.com\/pt\/wp-json\/wp\/v2\/product_tag?post=1464"}],"curies":[{"name":"wp","href":"https:\/\/api.w.org\/{rel}","templated":true}]}}