{"id":1465,"date":"2024-11-24T10:01:21","date_gmt":"2024-11-24T10:01:21","guid":{"rendered":"https:\/\/www.mcallenflatware.com\/?post_type=product&#038;p=1465"},"modified":"2024-11-24T10:19:29","modified_gmt":"2024-11-24T10:19:29","slug":"custom-24-piece-flatware-set","status":"publish","type":"product","link":"https:\/\/www.mcallenflatware.com\/pt\/product\/custom-24-piece-flatware-set\/","title":{"rendered":"Conjunto de talheres personalizado de 24 pe\u00e7as em a\u00e7o inoxid\u00e1vel com caixa de oferta"},"content":{"rendered":"<h2 class=\"wp-block-heading\">Conjunto de talheres de 24 pe\u00e7as Carater\u00edsticas:<\/h2>\n\n\n\n<div class=\"wp-block-columns is-layout-flex wp-container-core-columns-is-layout-9d6595d7 wp-block-columns-is-layout-flex\">\n<div class=\"wp-block-column is-layout-flow wp-block-column-is-layout-flow\" style=\"flex-basis:66.66%\">\n<p><strong>Conjunto completo de 24 pe\u00e7as<\/strong><br>Inclui faca de mesa, garfo, colher, colher de ch\u00e1, etc., adequado para 6 pessoas, satisfazendo as necessidades de refei\u00e7\u00f5es em fam\u00edlia, festas e banquetes.<\/p>\n\n\n\n<p><strong>Material de a\u00e7o inoxid\u00e1vel de alta qualidade<\/strong><br>Feito de a\u00e7o inoxid\u00e1vel de qualidade alimentar, resistente ao desgaste, superf\u00edcie lisa, lav\u00e1vel na m\u00e1quina de lavar lou\u00e7a.<\/p>\n\n\n\n<p><strong>Embalagem em caixa de oferta de alta qualidade<\/strong><br>Equipado com uma embalagem de caixa de presente requintada, \u00e9 f\u00e1cil de guardar e adequado como um presente de alta qualidade para casamentos, festivais e ocasi\u00f5es de neg\u00f3cios.<\/p>\n\n\n\n<p><strong>Diversas op\u00e7\u00f5es de design<\/strong><br>Fornecem polimento cl\u00e1ssico, ouro fosco, preto mate e outros estilos para se adequarem a diferentes estilos de mesa e ocasi\u00f5es.<\/p>\n\n\n\n<p><strong>Apoiar servi\u00e7os personalizados<\/strong><br>Fornecemos grava\u00e7\u00e3o de log\u00f3tipo, design de embalagens e servi\u00e7os exclusivos de personaliza\u00e7\u00e3o de cores, adequados para a promo\u00e7\u00e3o da marca ou necessidades personalizadas.<\/p>\n<\/div>\n\n\n\n<div class=\"wp-block-column is-layout-flow wp-block-column-is-layout-flow\" style=\"flex-basis:33.33%\">\n<figure class=\"wp-block-image size-full\"><img decoding=\"async\" width=\"1200\" height=\"1200\" src=\"https:\/\/www.mcallenflatware.com\/wp-content\/uploads\/2024\/11\/24-piece-flatware-set-wholesale-4.webp\" alt=\"Conjunto de talheres de 24 pe\u00e7as por atacado\" class=\"wp-image-1438\" srcset=\"https:\/\/www.mcallenflatware.com\/wp-content\/uploads\/2024\/11\/24-piece-flatware-set-wholesale-4.webp 1200w, https:\/\/www.mcallenflatware.com\/wp-content\/uploads\/2024\/11\/24-piece-flatware-set-wholesale-4-150x150.webp 150w, https:\/\/www.mcallenflatware.com\/wp-content\/uploads\/2024\/11\/24-piece-flatware-set-wholesale-4-768x768.webp 768w, https:\/\/www.mcallenflatware.com\/wp-content\/uploads\/2024\/11\/24-piece-flatware-set-wholesale-4-12x12.webp 12w, https:\/\/www.mcallenflatware.com\/wp-content\/uploads\/2024\/11\/24-piece-flatware-set-wholesale-4-600x600.webp 600w, https:\/\/www.mcallenflatware.com\/wp-content\/uploads\/2024\/11\/24-piece-flatware-set-wholesale-4-300x300.webp 300w, https:\/\/www.mcallenflatware.com\/wp-content\/uploads\/2024\/11\/24-piece-flatware-set-wholesale-4-100x100.webp 100w\" sizes=\"(max-width: 1200px) 100vw, 1200px\" \/><\/figure>\n<\/div>\n<\/div>","protected":false},"excerpt":{"rendered":"<p>Conjunto de talheres de 24 pe\u00e7as em a\u00e7o inoxid\u00e1vel por atacado com caixa de presente preta, log\u00f3tipo personalizado, cor, etc., vendas diretas do fabricante do conjunto de talheres, fornecendo servi\u00e7os de com\u00e9rcio eletr\u00f3nico como a Amazon.<\/p>\n<h2>Conjunto de talheres de 24 pe\u00e7as Atributos:<\/h2>\n<p><strong>Nome da marca:<\/strong> Mcallen<br \/><strong>Material:<\/strong> A\u00e7o inoxid\u00e1vel<br \/><strong>Cor:<\/strong> Glod, Prata, Preto ou Personalizado<br \/><strong>Conce\u00e7\u00e3o:<\/strong> Superf\u00edcie de polimento, com caixa<br \/><strong>Prazo de entrega da amostra:<\/strong> No prazo de 3 dias<br \/><strong>OEM\/ODM:<\/strong> Dispon\u00edvel<\/p>\n<h2>Conjunto de talheres de 24 pe\u00e7as personalizado:<\/h2>\n<p><strong>A\u00e7o inoxid\u00e1vel:<\/strong>\u00a0A\u00e7o inoxid\u00e1vel 18\/10, 304, 316, 410, 430, 420<br \/><strong>Log\u00f3tipo:<\/strong>\u00a0Grava\u00e7\u00e3o a laser, impress\u00e3o serigr\u00e1fica, impress\u00e3o UV, impress\u00e3o por transfer\u00eancia t\u00e9rmica, grava\u00e7\u00e3o em relevo, etc.<br \/><strong>Embalagem:<\/strong>\u00a04\/8\/12\/16\/20\/24\/45\/48\/72pcs set<br \/><strong>Acabamentos de superf\u00edcie:<\/strong>\u00a0Polido com espelho, mate, polido com \u00e1gua, revestimento de tit\u00e2nio<br \/><strong>Embalagem:<\/strong>\u00a0A granel, saco opp, caixa de cor, caixa de oferta, personalizado<\/p>","protected":false},"featured_media":1439,"template":"","meta":[],"product_brand":[],"product_cat":[23,30],"product_tag":[],"class_list":{"0":"post-1465","1":"product","2":"type-product","3":"status-publish","4":"has-post-thumbnail","6":"product_cat-wholesale-flatware","7":"product_cat-custom-cutlery-gift-set","9":"first","10":"instock","11":"shipping-taxable","12":"product-type-simple"},"_links":{"self":[{"href":"https:\/\/www.mcallenflatware.com\/pt\/wp-json\/wp\/v2\/product\/1465","targetHints":{"allow":["GET"]}}],"collection":[{"href":"https:\/\/www.mcallenflatware.com\/pt\/wp-json\/wp\/v2\/product"}],"about":[{"href":"https:\/\/www.mcallenflatware.com\/pt\/wp-json\/wp\/v2\/types\/product"}],"wp:featuredmedia":[{"embeddable":true,"href":"https:\/\/www.mcallenflatware.com\/pt\/wp-json\/wp\/v2\/media\/1439"}],"wp:attachment":[{"href":"https:\/\/www.mcallenflatware.com\/pt\/wp-json\/wp\/v2\/media?parent=1465"}],"wp:term":[{"taxonomy":"product_brand","embeddable":true,"href":"https:\/\/www.mcallenflatware.com\/pt\/wp-json\/wp\/v2\/product_brand?post=1465"},{"taxonomy":"product_cat","embeddable":true,"href":"https:\/\/www.mcallenflatware.com\/pt\/wp-json\/wp\/v2\/product_cat?post=1465"},{"taxonomy":"product_tag","embeddable":true,"href":"https:\/\/www.mcallenflatware.com\/pt\/wp-json\/wp\/v2\/product_tag?post=1465"}],"curies":[{"name":"wp","href":"https:\/\/api.w.org\/{rel}","templated":true}]}}