{"id":1466,"date":"2025-09-24T09:28:27","date_gmt":"2025-09-24T09:28:27","guid":{"rendered":"https:\/\/www.mcallenflatware.com\/?post_type=product&#038;p=1466"},"modified":"2025-09-24T10:35:27","modified_gmt":"2025-09-24T10:35:27","slug":"custom-christmas-flatware","status":"publish","type":"product","link":"https:\/\/www.mcallenflatware.com\/pt\/product\/custom-christmas-flatware\/","title":{"rendered":"Faqueiro de Natal personalizado Glod 24 PCs com caixa de oferta"},"content":{"rendered":"<h2 class=\"wp-block-heading\">Talheres de Natal Carater\u00edsticas:<\/h2>\n\n\n\n<div class=\"wp-block-columns is-layout-flex wp-container-core-columns-is-layout-9d6595d7 wp-block-columns-is-layout-flex\">\n<div class=\"wp-block-column is-layout-flow wp-block-column-is-layout-flow\" style=\"flex-basis:66.66%\">\n<p><strong>Desenho de caixa de presente de Natal<\/strong><br>A requintada embalagem em caixa de presente com tema de Natal, com um conjunto completo de talheres em ouro 24, \u00e9 calorosa e luxuosa para a mesa de Natal, tornando-a uma escolha ideal para presentes de Natal.<\/p>\n\n\n\n<p><strong>Material de a\u00e7o inoxid\u00e1vel de qualidade alimentar<br><\/strong>Fabricado em a\u00e7o inoxid\u00e1vel 18\/10 de qualidade alimentar, \u00e9 robusto e dur\u00e1vel, resistente \u00e0 ferrugem e anti-corrosivo, garantindo um desempenho superior dos talheres em utiliza\u00e7\u00f5es frequentes durante festivais.<\/p>\n\n\n\n<p><strong>Adequado para v\u00e1rias ocasi\u00f5es<\/strong><br>N\u00e3o s\u00f3 \u00e9 a primeira escolha para as reuni\u00f5es de Natal em fam\u00edlia, como tamb\u00e9m \u00e9 adequado para as necessidades de decora\u00e7\u00e3o de f\u00e9rias em locais de luxo, como hot\u00e9is e restaurantes.<\/p>\n\n\n\n<p><strong>Suporte \u00e0 personaliza\u00e7\u00e3o personalizada<\/strong><br>Fornecer servi\u00e7os personalizados, incluindo log\u00f3tipo, embalagem e design personalizado, para ajudar diferentes clientes a criar a promo\u00e7\u00e3o da marca.<\/p>\n<\/div>\n\n\n\n<div class=\"wp-block-column is-layout-flow wp-block-column-is-layout-flow\" style=\"flex-basis:33.33%\">\n<figure class=\"wp-block-image size-full\"><img decoding=\"async\" width=\"800\" height=\"800\" src=\"https:\/\/www.mcallenflatware.com\/wp-content\/uploads\/2024\/11\/christmas-flatware-custom-2.webp\" alt=\"talheres de natal personalizados\" class=\"wp-image-1442\" srcset=\"https:\/\/www.mcallenflatware.com\/wp-content\/uploads\/2024\/11\/christmas-flatware-custom-2.webp 800w, https:\/\/www.mcallenflatware.com\/wp-content\/uploads\/2024\/11\/christmas-flatware-custom-2-150x150.webp 150w, https:\/\/www.mcallenflatware.com\/wp-content\/uploads\/2024\/11\/christmas-flatware-custom-2-768x768.webp 768w, https:\/\/www.mcallenflatware.com\/wp-content\/uploads\/2024\/11\/christmas-flatware-custom-2-12x12.webp 12w, https:\/\/www.mcallenflatware.com\/wp-content\/uploads\/2024\/11\/christmas-flatware-custom-2-600x600.webp 600w, https:\/\/www.mcallenflatware.com\/wp-content\/uploads\/2024\/11\/christmas-flatware-custom-2-300x300.webp 300w, https:\/\/www.mcallenflatware.com\/wp-content\/uploads\/2024\/11\/christmas-flatware-custom-2-100x100.webp 100w\" sizes=\"(max-width: 800px) 100vw, 800px\" \/><\/figure>\n<\/div>\n<\/div>","protected":false},"excerpt":{"rendered":"<p>Talheres de Natal personalizados com caixa de presente, bonitos e quentes, escolha ideal para presentes de Natal. Vendas diretas da f\u00e1brica, apoio \u00e0 personaliza\u00e7\u00e3o e uma variedade de combina\u00e7\u00f5es \u00e0 escolha. O melhor desconto \u00e9 para encomendas por atacado, bem-vindo a perguntar!<\/p>\n<h2>Talheres de Natal Atributos:<\/h2>\n<p><strong>Nome da marca:<\/strong> Mcallen<br \/><strong>Material:<\/strong> A\u00e7o inoxid\u00e1vel<br \/><strong>Cor:<\/strong> Glod, ou Personalizado<br \/><strong>Conce\u00e7\u00e3o:<\/strong> Superf\u00edcie de polimento, com caixa de presente de Natal<br \/><strong>Prazo de entrega da amostra:<\/strong> No prazo de 3 dias<br \/><strong>OEM\/ODM:<\/strong> Dispon\u00edvel<\/p>\n<h2>Talheres de Natal personalizados:<\/h2>\n<p><strong>A\u00e7o inoxid\u00e1vel:<\/strong>\u00a0A\u00e7o inoxid\u00e1vel 18\/10, 304, 316, 410, 430, 420<br \/><strong>Log\u00f3tipo:<\/strong>\u00a0Grava\u00e7\u00e3o a laser, impress\u00e3o serigr\u00e1fica, impress\u00e3o UV, impress\u00e3o por transfer\u00eancia t\u00e9rmica, grava\u00e7\u00e3o em relevo, etc.<br \/><strong>Embalagem:<\/strong>\u00a04\/8\/12\/16\/20\/24\/45\/48\/72pcs set<br \/><strong>Acabamentos de superf\u00edcie:<\/strong>\u00a0Polido com espelho, mate, polido com \u00e1gua, revestimento de tit\u00e2nio<br \/><strong>Embalagem:<\/strong>\u00a0A granel, saco opp, caixa de cor, caixa de oferta, personalizado<\/p>","protected":false},"featured_media":1445,"template":"","meta":[],"product_brand":[],"product_cat":[23,30],"product_tag":[],"class_list":{"0":"post-1466","1":"product","2":"type-product","3":"status-publish","4":"has-post-thumbnail","6":"product_cat-wholesale-flatware","7":"product_cat-custom-cutlery-gift-set","9":"first","10":"instock","11":"shipping-taxable","12":"product-type-simple"},"_links":{"self":[{"href":"https:\/\/www.mcallenflatware.com\/pt\/wp-json\/wp\/v2\/product\/1466","targetHints":{"allow":["GET"]}}],"collection":[{"href":"https:\/\/www.mcallenflatware.com\/pt\/wp-json\/wp\/v2\/product"}],"about":[{"href":"https:\/\/www.mcallenflatware.com\/pt\/wp-json\/wp\/v2\/types\/product"}],"wp:featuredmedia":[{"embeddable":true,"href":"https:\/\/www.mcallenflatware.com\/pt\/wp-json\/wp\/v2\/media\/1445"}],"wp:attachment":[{"href":"https:\/\/www.mcallenflatware.com\/pt\/wp-json\/wp\/v2\/media?parent=1466"}],"wp:term":[{"taxonomy":"product_brand","embeddable":true,"href":"https:\/\/www.mcallenflatware.com\/pt\/wp-json\/wp\/v2\/product_brand?post=1466"},{"taxonomy":"product_cat","embeddable":true,"href":"https:\/\/www.mcallenflatware.com\/pt\/wp-json\/wp\/v2\/product_cat?post=1466"},{"taxonomy":"product_tag","embeddable":true,"href":"https:\/\/www.mcallenflatware.com\/pt\/wp-json\/wp\/v2\/product_tag?post=1466"}],"curies":[{"name":"wp","href":"https:\/\/api.w.org\/{rel}","templated":true}]}}