{"id":1467,"date":"2024-11-24T10:37:17","date_gmt":"2024-11-24T10:37:17","guid":{"rendered":"https:\/\/www.mcallenflatware.com\/?post_type=product&#038;p=1467"},"modified":"2024-11-24T10:55:48","modified_gmt":"2024-11-24T10:55:48","slug":"wholesale-butter-knife","status":"publish","type":"product","link":"https:\/\/www.mcallenflatware.com\/pt\/product\/wholesale-butter-knife\/","title":{"rendered":"Faca para manteiga por atacado em a\u00e7o inoxid\u00e1vel com brilho prateado e cor personalizada"},"content":{"rendered":"<h2 class=\"wp-block-heading\">Faca para manteiga Carater\u00edsticas:<\/h2>\n\n\n\n<div class=\"wp-block-columns is-layout-flex wp-container-core-columns-is-layout-9d6595d7 wp-block-columns-is-layout-flex\">\n<div class=\"wp-block-column is-layout-flow wp-block-column-is-layout-flow\" style=\"flex-basis:66.66%\">\n<p><strong>Escolha de cores elegantes e diversificadas<\/strong><br>Oferece prata cl\u00e1ssica, ouro luxuoso e op\u00e7\u00f5es de cores exclusivas personalizadas para satisfazer as necessidades de v\u00e1rios cen\u00e1rios e estilos de mesa.<\/p>\n\n\n\n<p><strong>Material em a\u00e7o inoxid\u00e1vel polido e brilhante<\/strong><br>Fabricado em a\u00e7o inoxid\u00e1vel de qualidade alimentar, a superf\u00edcie \u00e9 polida, lisa e delicada, apresentando uma textura de alta qualidade.<\/p>\n\n\n\n<p><strong>Concebido para espalhar<\/strong><br>A l\u00e2mina tem uma largura moderada e um design de bordo arredondado, que \u00e9 adequado para barrar facilmente manteiga, queijo, compota, etc., e \u00e9 seguro e pr\u00e1tico de utilizar. ui<\/p>\n\n\n\n<p><strong>F\u00e1cil de limpar<\/strong><br>O design da superf\u00edcie anti-incrustante \u00e9 f\u00e1cil de lavar \u00e0 m\u00e3o ou na m\u00e1quina de lavar lou\u00e7a, proporcionando uma solu\u00e7\u00e3o de manuten\u00e7\u00e3o conveniente ap\u00f3s a utiliza\u00e7\u00e3o.<\/p>\n<\/div>\n\n\n\n<div class=\"wp-block-column is-layout-flow wp-block-column-is-layout-flow\" style=\"flex-basis:33.33%\">\n<figure class=\"wp-block-image size-full\"><img decoding=\"async\" width=\"800\" height=\"800\" src=\"https:\/\/www.mcallenflatware.com\/wp-content\/uploads\/2024\/11\/wholesale-Butter-knife-3.webp\" alt=\"faca de manteiga por atacado\" class=\"wp-image-1448\" srcset=\"https:\/\/www.mcallenflatware.com\/wp-content\/uploads\/2024\/11\/wholesale-Butter-knife-3.webp 800w, https:\/\/www.mcallenflatware.com\/wp-content\/uploads\/2024\/11\/wholesale-Butter-knife-3-150x150.webp 150w, https:\/\/www.mcallenflatware.com\/wp-content\/uploads\/2024\/11\/wholesale-Butter-knife-3-768x768.webp 768w, https:\/\/www.mcallenflatware.com\/wp-content\/uploads\/2024\/11\/wholesale-Butter-knife-3-12x12.webp 12w, https:\/\/www.mcallenflatware.com\/wp-content\/uploads\/2024\/11\/wholesale-Butter-knife-3-600x600.webp 600w, https:\/\/www.mcallenflatware.com\/wp-content\/uploads\/2024\/11\/wholesale-Butter-knife-3-300x300.webp 300w, https:\/\/www.mcallenflatware.com\/wp-content\/uploads\/2024\/11\/wholesale-Butter-knife-3-100x100.webp 100w\" sizes=\"(max-width: 800px) 100vw, 800px\" \/><\/figure>\n<\/div>\n<\/div>","protected":false},"excerpt":{"rendered":"<p>Faca de manteiga por atacado a pre\u00e7o de f\u00e1brica, produzida pelo fabricante de utens\u00edlios de cozinha em a\u00e7o inoxid\u00e1vel, fornecendo solu\u00e7\u00f5es personalizadas e servi\u00e7os da Amazon. Projetado para espalhar, adequado para espalhar manteiga, queijo, gel\u00e9ia, etc. Bem-vindo ao inqu\u00e9rito!<\/p>\n<h2>Atributos da faca de manteiga<\/h2>\n<p><strong>Nome da marca:<\/strong> Mcallen<br \/><strong>Material:<\/strong> A\u00e7o inoxid\u00e1vel<br \/><strong>Cor:<\/strong> Ouro, prata ou personalizado<br \/><strong>Polimento:<\/strong> Espelho polido<br \/><strong>Prazo de entrega da amostra:<\/strong> No prazo de 3 dias<br \/><strong>OEM\/ODM:<\/strong> Dispon\u00edvel<\/p>\n<h2>Faca para manteiga personalizada :<\/h2>\n<p><strong>A\u00e7o inoxid\u00e1vel:<\/strong> A\u00e7o inoxid\u00e1vel 18\/10, 304, 316, 410, 430, 420<br \/><strong>Log\u00f3tipo:<\/strong> Grava\u00e7\u00e3o a laser, impress\u00e3o serigr\u00e1fica, impress\u00e3o UV, impress\u00e3o por transfer\u00eancia t\u00e9rmica, grava\u00e7\u00e3o em relevo, etc.<br \/><strong>Acabamentos de superf\u00edcie:<\/strong> Espelho polido, mate.<br \/><strong>Embalagem:<\/strong> A granel, saco opp, caixa de cor, caixa de oferta, personalizado<\/p>","protected":false},"featured_media":1446,"template":"","meta":[],"product_brand":[],"product_cat":[24,31],"product_tag":[],"class_list":{"0":"post-1467","1":"product","2":"type-product","3":"status-publish","4":"has-post-thumbnail","6":"product_cat-wholesale-kitchen-utensils","7":"product_cat-wholesale-serving-utensils","9":"first","10":"instock","11":"shipping-taxable","12":"product-type-simple"},"_links":{"self":[{"href":"https:\/\/www.mcallenflatware.com\/pt\/wp-json\/wp\/v2\/product\/1467","targetHints":{"allow":["GET"]}}],"collection":[{"href":"https:\/\/www.mcallenflatware.com\/pt\/wp-json\/wp\/v2\/product"}],"about":[{"href":"https:\/\/www.mcallenflatware.com\/pt\/wp-json\/wp\/v2\/types\/product"}],"wp:featuredmedia":[{"embeddable":true,"href":"https:\/\/www.mcallenflatware.com\/pt\/wp-json\/wp\/v2\/media\/1446"}],"wp:attachment":[{"href":"https:\/\/www.mcallenflatware.com\/pt\/wp-json\/wp\/v2\/media?parent=1467"}],"wp:term":[{"taxonomy":"product_brand","embeddable":true,"href":"https:\/\/www.mcallenflatware.com\/pt\/wp-json\/wp\/v2\/product_brand?post=1467"},{"taxonomy":"product_cat","embeddable":true,"href":"https:\/\/www.mcallenflatware.com\/pt\/wp-json\/wp\/v2\/product_cat?post=1467"},{"taxonomy":"product_tag","embeddable":true,"href":"https:\/\/www.mcallenflatware.com\/pt\/wp-json\/wp\/v2\/product_tag?post=1467"}],"curies":[{"name":"wp","href":"https:\/\/api.w.org\/{rel}","templated":true}]}}