{"id":1468,"date":"2024-11-24T10:57:46","date_gmt":"2024-11-24T10:57:46","guid":{"rendered":"https:\/\/www.mcallenflatware.com\/?post_type=product&#038;p=1468"},"modified":"2025-11-24T04:02:25","modified_gmt":"2025-11-24T04:02:25","slug":"wholesale-stainless-steel-measuring-spoon","status":"publish","type":"product","link":"https:\/\/www.mcallenflatware.com\/pt\/product\/wholesale-stainless-steel-measuring-spoon\/","title":{"rendered":"Colher de medi\u00e7\u00e3o de a\u00e7o inoxid\u00e1vel por atacado 15 ML 30 ML"},"content":{"rendered":"<h2 class=\"wp-block-heading\">Colher de medi\u00e7\u00e3o de a\u00e7o inoxid\u00e1vel Carater\u00edsticas:<\/h2>\n\n\n\n<div class=\"wp-block-columns is-layout-flex wp-container-core-columns-is-layout-9d6595d7 wp-block-columns-is-layout-flex\">\n<div class=\"wp-block-column is-layout-flow wp-block-column-is-layout-flow\" style=\"flex-basis:66.66%\">\n<p><strong>Medi\u00e7\u00e3o exacta<\/strong><br>Equipado com duas especifica\u00e7\u00f5es comuns de 2 colheres (30 ml) e 1 colher (15 ml), adequado para medir com precis\u00e3o v\u00e1rios ingredientes secos e h\u00famidos para garantir a precis\u00e3o das receitas.<\/p>\n\n\n\n<p><strong>Material de a\u00e7o inoxid\u00e1vel de alta qualidade<\/strong><br>Fabricado em a\u00e7o inoxid\u00e1vel de qualidade alimentar, seguro e est\u00e1vel, resistente a altas temperaturas e n\u00e3o \u00e9 f\u00e1cil de deformar, para utiliza\u00e7\u00e3o a longo prazo.<\/p>\n\n\n\n<p><strong>Marca\u00e7\u00f5es claras<\/strong><br>Cada colher tem uma marca\u00e7\u00e3o clara da capacidade, o que facilita encontrar rapidamente a quantidade necess\u00e1ria.<\/p>\n\n\n\n<p><strong>F\u00e1cil de limpar<\/strong><br>A superf\u00edcie lisa evita res\u00edduos de alimentos e \u00e9 f\u00e1cil de limpar \u00e0 m\u00e3o ou na m\u00e1quina de lavar lou\u00e7a.<\/p>\n<\/div>\n\n\n\n<div class=\"wp-block-column is-layout-flow wp-block-column-is-layout-flow\" style=\"flex-basis:33.33%\">\n<figure class=\"wp-block-image size-full\"><img decoding=\"async\" width=\"1500\" height=\"1500\" src=\"https:\/\/www.mcallenflatware.com\/wp-content\/uploads\/2024\/11\/wholesale-stainless-steel-Measuring-spoon-11.webp\" alt=\"Colher de medi\u00e7\u00e3o de a\u00e7o inoxid\u00e1vel por atacado\" class=\"wp-image-1451\" srcset=\"https:\/\/www.mcallenflatware.com\/wp-content\/uploads\/2024\/11\/wholesale-stainless-steel-Measuring-spoon-11.webp 1500w, https:\/\/www.mcallenflatware.com\/wp-content\/uploads\/2024\/11\/wholesale-stainless-steel-Measuring-spoon-11-150x150.webp 150w, https:\/\/www.mcallenflatware.com\/wp-content\/uploads\/2024\/11\/wholesale-stainless-steel-Measuring-spoon-11-768x768.webp 768w, https:\/\/www.mcallenflatware.com\/wp-content\/uploads\/2024\/11\/wholesale-stainless-steel-Measuring-spoon-11-12x12.webp 12w, https:\/\/www.mcallenflatware.com\/wp-content\/uploads\/2024\/11\/wholesale-stainless-steel-Measuring-spoon-11-1200x1200.webp 1200w, https:\/\/www.mcallenflatware.com\/wp-content\/uploads\/2024\/11\/wholesale-stainless-steel-Measuring-spoon-11-600x600.webp 600w, https:\/\/www.mcallenflatware.com\/wp-content\/uploads\/2024\/11\/wholesale-stainless-steel-Measuring-spoon-11-300x300.webp 300w, https:\/\/www.mcallenflatware.com\/wp-content\/uploads\/2024\/11\/wholesale-stainless-steel-Measuring-spoon-11-100x100.webp 100w\" sizes=\"(max-width: 1500px) 100vw, 1500px\" \/><\/figure>\n<\/div>\n<\/div>","protected":false},"excerpt":{"rendered":"<p>Colheres de medi\u00e7\u00e3o de a\u00e7o inoxid\u00e1vel a granel, marcas de limpeza, seguran\u00e7a alimentar e durabilidade, adequadas para assar, cozinhar, adicionar temperos e outras cenas de cozinha. Fornecer servi\u00e7os de personaliza\u00e7\u00e3o por atacado, bem-vindo para obter cota\u00e7\u00f5es gratuitas.<\/p>\n<h2>Colher de medi\u00e7\u00e3o de a\u00e7o inoxid\u00e1vel Atributos:<\/h2>\n<p><strong>Nome da marca:<\/strong> Mcallen<br \/><strong>Material:<\/strong> A\u00e7o inoxid\u00e1vel<br \/><strong>Cor:<\/strong> Prata<br \/><strong>Polimento:<\/strong> Espelho polido<br \/><strong>Tamanho:<\/strong> 15ml, 30ml<br \/><strong>Prazo de entrega da amostra:<\/strong> No prazo de 3 dias<br \/><strong>OEM\/ODM:<\/strong> Dispon\u00edvel<\/p>\n<h2>Colher de medi\u00e7\u00e3o personalizada em a\u00e7o inoxid\u00e1vel:<\/h2>\n<p><strong>A\u00e7o inoxid\u00e1vel:<\/strong> A\u00e7o inoxid\u00e1vel 18\/10, 304, 316, 410, 430, 420<br \/><strong>Log\u00f3tipo:<\/strong> Grava\u00e7\u00e3o a laser, impress\u00e3o serigr\u00e1fica, impress\u00e3o UV, impress\u00e3o por transfer\u00eancia t\u00e9rmica, grava\u00e7\u00e3o em relevo, etc.<br \/><strong>Cor:<\/strong> Ouro, prata ou personalizado<br \/><strong>Embalagem:<\/strong> A granel, saco opp, caixa de cor, caixa de oferta, personalizado<\/p>","protected":false},"featured_media":1450,"template":"","meta":[],"product_brand":[],"product_cat":[24,32],"product_tag":[],"class_list":{"0":"post-1468","1":"product","2":"type-product","3":"status-publish","4":"has-post-thumbnail","6":"product_cat-wholesale-kitchen-utensils","7":"product_cat-custom-baking-tools-utensils","9":"first","10":"instock","11":"shipping-taxable","12":"product-type-simple"},"_links":{"self":[{"href":"https:\/\/www.mcallenflatware.com\/pt\/wp-json\/wp\/v2\/product\/1468","targetHints":{"allow":["GET"]}}],"collection":[{"href":"https:\/\/www.mcallenflatware.com\/pt\/wp-json\/wp\/v2\/product"}],"about":[{"href":"https:\/\/www.mcallenflatware.com\/pt\/wp-json\/wp\/v2\/types\/product"}],"wp:featuredmedia":[{"embeddable":true,"href":"https:\/\/www.mcallenflatware.com\/pt\/wp-json\/wp\/v2\/media\/1450"}],"wp:attachment":[{"href":"https:\/\/www.mcallenflatware.com\/pt\/wp-json\/wp\/v2\/media?parent=1468"}],"wp:term":[{"taxonomy":"product_brand","embeddable":true,"href":"https:\/\/www.mcallenflatware.com\/pt\/wp-json\/wp\/v2\/product_brand?post=1468"},{"taxonomy":"product_cat","embeddable":true,"href":"https:\/\/www.mcallenflatware.com\/pt\/wp-json\/wp\/v2\/product_cat?post=1468"},{"taxonomy":"product_tag","embeddable":true,"href":"https:\/\/www.mcallenflatware.com\/pt\/wp-json\/wp\/v2\/product_tag?post=1468"}],"curies":[{"name":"wp","href":"https:\/\/api.w.org\/{rel}","templated":true}]}}