{"id":1469,"date":"2024-11-24T11:11:19","date_gmt":"2024-11-24T11:11:19","guid":{"rendered":"https:\/\/www.mcallenflatware.com\/?post_type=product&#038;p=1469"},"modified":"2024-11-24T11:28:34","modified_gmt":"2024-11-24T11:28:34","slug":"bulk-serving-utensils-set","status":"publish","type":"product","link":"https:\/\/www.mcallenflatware.com\/pt\/product\/bulk-serving-utensils-set\/","title":{"rendered":"Conjunto de Utens\u00edlios de Servir a Granel em A\u00e7o Inoxid\u00e1vel com Fita Glod para Cozinha de Buffet"},"content":{"rendered":"<h2 class=\"wp-block-heading\">Conjunto de utens\u00edlios de servir Carater\u00edsticas:<\/h2>\n\n\n\n<div class=\"wp-block-columns is-layout-flex wp-container-core-columns-is-layout-9d6595d7 wp-block-columns-is-layout-flex\">\n<div class=\"wp-block-column is-layout-flow wp-block-column-is-layout-flow\" style=\"flex-basis:66.66%\">\n<p><strong>A\u00e7o inoxid\u00e1vel de alta qualidade<\/strong><br>Utilizando a\u00e7o inoxid\u00e1vel de qualidade alimentar, tem uma excelente resist\u00eancia \u00e0 ferrugem e \u00e0 corros\u00e3o, garantindo seguran\u00e7a e durabilidade numa utiliza\u00e7\u00e3o a longo prazo.<\/p>\n\n\n\n<p><strong>Design de conjunto de v\u00e1rias pe\u00e7as<\/strong><br>Cont\u00e9m uma variedade de utens\u00edlios de mesa de uso corrente, tais como clipes para utens\u00edlios de mesa, clipes para saladas, colheres de sopa, colheres de molho, colheres de a\u00e7\u00facar, clipes para legumes, etc., para satisfazer as diversas necessidades de reuni\u00f5es familiares, banquetes ou restaurantes de hotel.<\/p>\n\n\n\n<p><strong>Aspeto elegante e simples<\/strong><br>A superf\u00edcie lisa e o estilo de design simples combinam na perfei\u00e7\u00e3o com as refei\u00e7\u00f5es di\u00e1rias e os banquetes formais.<\/p>\n\n\n\n<p><strong>F\u00e1cil de limpar<\/strong><br>A superf\u00edcie lisa reduz os res\u00edduos alimentares, \u00e9 adequada para a lavagem \u00e0 m\u00e3o ou na m\u00e1quina de lavar lou\u00e7a e \u00e9 f\u00e1cil de manter diariamente.<\/p>\n<\/div>\n\n\n\n<div class=\"wp-block-column is-layout-flow wp-block-column-is-layout-flow\" style=\"flex-basis:33.33%\">\n<figure class=\"wp-block-image size-full\"><img decoding=\"async\" width=\"800\" height=\"800\" src=\"https:\/\/www.mcallenflatware.com\/wp-content\/uploads\/2024\/11\/Bulk-Serving-Utensils-Set-4.webp\" alt=\"Conjunto de utens\u00edlios de servir a granel\" class=\"wp-image-1456\" srcset=\"https:\/\/www.mcallenflatware.com\/wp-content\/uploads\/2024\/11\/Bulk-Serving-Utensils-Set-4.webp 800w, https:\/\/www.mcallenflatware.com\/wp-content\/uploads\/2024\/11\/Bulk-Serving-Utensils-Set-4-150x150.webp 150w, https:\/\/www.mcallenflatware.com\/wp-content\/uploads\/2024\/11\/Bulk-Serving-Utensils-Set-4-768x768.webp 768w, https:\/\/www.mcallenflatware.com\/wp-content\/uploads\/2024\/11\/Bulk-Serving-Utensils-Set-4-12x12.webp 12w, https:\/\/www.mcallenflatware.com\/wp-content\/uploads\/2024\/11\/Bulk-Serving-Utensils-Set-4-600x600.webp 600w, https:\/\/www.mcallenflatware.com\/wp-content\/uploads\/2024\/11\/Bulk-Serving-Utensils-Set-4-300x300.webp 300w, https:\/\/www.mcallenflatware.com\/wp-content\/uploads\/2024\/11\/Bulk-Serving-Utensils-Set-4-100x100.webp 100w\" sizes=\"(max-width: 800px) 100vw, 800px\" \/><\/figure>\n<\/div>\n<\/div>","protected":false},"excerpt":{"rendered":"<p>O conjunto de utens\u00edlios de servi\u00e7o de a\u00e7o inoxid\u00e1vel por atacado para buffet, cozinha de hotel em casa, \u00e9 um utens\u00edlio indispens\u00e1vel para o servi\u00e7o de alimenta\u00e7\u00e3o. As vendas diretas do fornecedor da China, apoiam o servi\u00e7o one-stop para o neg\u00f3cio da Amaz\u00f3nia. Bem-vindo a consultar-nos.<\/p>\n<h2>Conjunto de utens\u00edlios de servir Atributos:<\/h2>\n<p><strong>Nome da marca:<\/strong> Mcallen<br \/><strong>Material:<\/strong> A\u00e7o inoxid\u00e1vel<br \/><strong>Cor:<\/strong> Prata, Glod<br \/><strong>Tipos:<\/strong> Faca, garfo e colher, pin\u00e7a de servir, concha de molho, colher de a\u00e7\u00facar, faca de manteiga, esp\u00e1tula para bolos<br \/><strong>Polimento:<\/strong> Espelho polido<br \/><strong>Prazo de entrega da amostra:<\/strong> No prazo de 3 dias<br \/><strong>OEM\/ODM:<\/strong> Dispon\u00edvel<\/p>\n<h2>Conjunto de utens\u00edlios de servir personalizados:<\/h2>\n<p><strong>A\u00e7o inoxid\u00e1vel:<\/strong> A\u00e7o inoxid\u00e1vel 18\/10, 304, 316, 410, 430, 420<br \/><strong>Log\u00f3tipo:<\/strong> Grava\u00e7\u00e3o a laser, impress\u00e3o serigr\u00e1fica, impress\u00e3o UV, impress\u00e3o por transfer\u00eancia t\u00e9rmica, grava\u00e7\u00e3o em relevo, etc.<br \/><strong>Cor:<\/strong> Glod, sliver, ou personalizado<br \/><strong>Embalagem:<\/strong> A granel, saco opp, caixa de cor, caixa de oferta, personalizado<\/p>","protected":false},"featured_media":1455,"template":"","meta":[],"product_brand":[],"product_cat":[24,31],"product_tag":[],"class_list":{"0":"post-1469","1":"product","2":"type-product","3":"status-publish","4":"has-post-thumbnail","6":"product_cat-wholesale-kitchen-utensils","7":"product_cat-wholesale-serving-utensils","9":"first","10":"instock","11":"shipping-taxable","12":"product-type-simple"},"_links":{"self":[{"href":"https:\/\/www.mcallenflatware.com\/pt\/wp-json\/wp\/v2\/product\/1469","targetHints":{"allow":["GET"]}}],"collection":[{"href":"https:\/\/www.mcallenflatware.com\/pt\/wp-json\/wp\/v2\/product"}],"about":[{"href":"https:\/\/www.mcallenflatware.com\/pt\/wp-json\/wp\/v2\/types\/product"}],"wp:featuredmedia":[{"embeddable":true,"href":"https:\/\/www.mcallenflatware.com\/pt\/wp-json\/wp\/v2\/media\/1455"}],"wp:attachment":[{"href":"https:\/\/www.mcallenflatware.com\/pt\/wp-json\/wp\/v2\/media?parent=1469"}],"wp:term":[{"taxonomy":"product_brand","embeddable":true,"href":"https:\/\/www.mcallenflatware.com\/pt\/wp-json\/wp\/v2\/product_brand?post=1469"},{"taxonomy":"product_cat","embeddable":true,"href":"https:\/\/www.mcallenflatware.com\/pt\/wp-json\/wp\/v2\/product_cat?post=1469"},{"taxonomy":"product_tag","embeddable":true,"href":"https:\/\/www.mcallenflatware.com\/pt\/wp-json\/wp\/v2\/product_tag?post=1469"}],"curies":[{"name":"wp","href":"https:\/\/api.w.org\/{rel}","templated":true}]}}