{"id":1562,"date":"2025-09-24T09:29:27","date_gmt":"2025-09-24T09:29:27","guid":{"rendered":"https:\/\/www.mcallenflatware.com\/?post_type=product&#038;p=1562"},"modified":"2025-09-24T10:32:37","modified_gmt":"2025-09-24T10:32:37","slug":"custom-24-piece-cutlery-set","status":"publish","type":"product","link":"https:\/\/www.mcallenflatware.com\/pt\/product\/custom-24-piece-cutlery-set\/","title":{"rendered":"Conjunto de talheres personalizado de 24 pe\u00e7as em a\u00e7o inoxid\u00e1vel com caixa para oferta"},"content":{"rendered":"<h2 class=\"wp-block-heading\">Conjunto de talheres de 24 pe\u00e7as Carater\u00edsticas:<\/h2>\n\n\n\n<div class=\"wp-block-columns is-layout-flex wp-container-core-columns-is-layout-9d6595d7 wp-block-columns-is-layout-flex\">\n<div class=\"wp-block-column is-layout-flow wp-block-column-is-layout-flow\" style=\"flex-basis:66.66%\">\n<p><strong>Material de a\u00e7o inoxid\u00e1vel de alta qualidade: <\/strong>Fabricado em a\u00e7o inoxid\u00e1vel 304 dur\u00e1vel, adequado para utiliza\u00e7\u00e3o di\u00e1ria e de alta frequ\u00eancia.<\/p>\n\n\n\n<p><strong>Conjunto completo de talheres:<\/strong> O conjunto de 24 pe\u00e7as inclui utens\u00edlios de mesa comuns, como facas de mesa, garfos, colheres de sopa, colheres de ch\u00e1, etc., adequados para reuni\u00f5es familiares, festas, restaurantes e outras ocasi\u00f5es.<\/p>\n\n\n\n<p><strong>Embalagem em caixa personaliz\u00e1vel<\/strong>: O conjunto \u00e9 fornecido com uma caixa de embalagem personaliz\u00e1vel, com uma caixa de oferta de janela ou uma embalagem de caixa colorida, que pode ser concebida de acordo com as necessidades do cliente, adequada para oferta de presentes ou armazenamento de talheres.<\/p>\n\n\n\n<p><strong>Design topo de gama:<\/strong> O design simples e moderno \u00e9 combinado com a superf\u00edcie lisa do a\u00e7o inoxid\u00e1vel, com um aspeto elegante e moderno, adequado para v\u00e1rias configura\u00e7\u00f5es de mesa.<\/p>\n\n\n\n<p><strong>F\u00e1cil de limpar: <\/strong>O conjunto de talheres em a\u00e7o inoxid\u00e1vel \u00e9 resistente \u00e0s manchas e f\u00e1cil de limpar, podendo ser lavado na m\u00e1quina de lavar loi\u00e7a.<\/p>\n<\/div>\n\n\n\n<div class=\"wp-block-column is-layout-flow wp-block-column-is-layout-flow\" style=\"flex-basis:33.33%\">\n<figure class=\"wp-block-image size-full\"><img decoding=\"async\" width=\"800\" height=\"800\" src=\"https:\/\/www.mcallenflatware.com\/wp-content\/uploads\/2024\/12\/24-piece-cutlery-set-1.webp\" alt=\"Conjunto de talheres de 24 pe\u00e7as\" class=\"wp-image-1563\" srcset=\"https:\/\/www.mcallenflatware.com\/wp-content\/uploads\/2024\/12\/24-piece-cutlery-set-1.webp 800w, https:\/\/www.mcallenflatware.com\/wp-content\/uploads\/2024\/12\/24-piece-cutlery-set-1-150x150.webp 150w, https:\/\/www.mcallenflatware.com\/wp-content\/uploads\/2024\/12\/24-piece-cutlery-set-1-768x768.webp 768w, https:\/\/www.mcallenflatware.com\/wp-content\/uploads\/2024\/12\/24-piece-cutlery-set-1-12x12.webp 12w, https:\/\/www.mcallenflatware.com\/wp-content\/uploads\/2024\/12\/24-piece-cutlery-set-1-600x600.webp 600w, https:\/\/www.mcallenflatware.com\/wp-content\/uploads\/2024\/12\/24-piece-cutlery-set-1-300x300.webp 300w, https:\/\/www.mcallenflatware.com\/wp-content\/uploads\/2024\/12\/24-piece-cutlery-set-1-100x100.webp 100w\" sizes=\"(max-width: 800px) 100vw, 800px\" \/><\/figure>\n<\/div>\n<\/div>","protected":false},"excerpt":{"rendered":"<p>Bem-vindo ao atacado e personalizar o conjunto de talheres de 24 pe\u00e7as, material de a\u00e7o inoxid\u00e1vel, polido e moderno, pode ser personalizado em diferentes caixas. Vendas diretas da f\u00e1brica, suporte OEM e ODM, Amazon Walmart e outras vendas de plataformas de com\u00e9rcio eletr\u00f4nico.<\/p>\n<h2>Conjunto de talheres de 24 pe\u00e7as Atributos:<\/h2>\n<p><strong>Nome da marca:<\/strong> Mcallen<br \/><strong>Material:<\/strong> A\u00e7o inoxid\u00e1vel<br \/><strong>Cor:<\/strong> Glod, Prata, Preto ou Personalizado<br \/><strong>Conce\u00e7\u00e3o: <\/strong>com v\u00e1rios tipos de caixas de cores requintadas<br \/><strong>Prazo de entrega da amostra:<\/strong> No prazo de 3 dias<br \/><strong>OEM\/ODM:<\/strong> Dispon\u00edvel<\/p>\n<h2>Conjunto de talheres de 24 pe\u00e7as personalizado:<\/h2>\n<p><strong>A\u00e7o inoxid\u00e1vel:<\/strong>\u00a0A\u00e7o inoxid\u00e1vel 18\/10, 304, 316, 410, 430, 420<br \/><strong>Log\u00f3tipo:<\/strong>\u00a0Grava\u00e7\u00e3o a laser, impress\u00e3o serigr\u00e1fica, impress\u00e3o UV, impress\u00e3o por transfer\u00eancia t\u00e9rmica, grava\u00e7\u00e3o em relevo, etc.<br \/><strong>Embalagem:<\/strong>\u00a04\/8\/12\/16\/20\/24\/45\/48\/72pcs set<br \/><strong>Acabamentos de superf\u00edcie:<\/strong>\u00a0Polido com espelho, mate, polido com \u00e1gua, revestimento de tit\u00e2nio<br \/><strong>Embalagem:<\/strong>\u00a0A granel, saco opp, caixa de cor, caixa de oferta, personalizado<\/p>","protected":false},"featured_media":1563,"template":"","meta":[],"product_brand":[],"product_cat":[23,30],"product_tag":[],"class_list":{"0":"post-1562","1":"product","2":"type-product","3":"status-publish","4":"has-post-thumbnail","6":"product_cat-wholesale-flatware","7":"product_cat-custom-cutlery-gift-set","9":"first","10":"instock","11":"shipping-taxable","12":"product-type-simple"},"_links":{"self":[{"href":"https:\/\/www.mcallenflatware.com\/pt\/wp-json\/wp\/v2\/product\/1562","targetHints":{"allow":["GET"]}}],"collection":[{"href":"https:\/\/www.mcallenflatware.com\/pt\/wp-json\/wp\/v2\/product"}],"about":[{"href":"https:\/\/www.mcallenflatware.com\/pt\/wp-json\/wp\/v2\/types\/product"}],"wp:featuredmedia":[{"embeddable":true,"href":"https:\/\/www.mcallenflatware.com\/pt\/wp-json\/wp\/v2\/media\/1563"}],"wp:attachment":[{"href":"https:\/\/www.mcallenflatware.com\/pt\/wp-json\/wp\/v2\/media?parent=1562"}],"wp:term":[{"taxonomy":"product_brand","embeddable":true,"href":"https:\/\/www.mcallenflatware.com\/pt\/wp-json\/wp\/v2\/product_brand?post=1562"},{"taxonomy":"product_cat","embeddable":true,"href":"https:\/\/www.mcallenflatware.com\/pt\/wp-json\/wp\/v2\/product_cat?post=1562"},{"taxonomy":"product_tag","embeddable":true,"href":"https:\/\/www.mcallenflatware.com\/pt\/wp-json\/wp\/v2\/product_tag?post=1562"}],"curies":[{"name":"wp","href":"https:\/\/api.w.org\/{rel}","templated":true}]}}