{"id":1565,"date":"2024-12-09T01:24:12","date_gmt":"2024-12-09T01:24:12","guid":{"rendered":"https:\/\/www.mcallenflatware.com\/?post_type=product&#038;p=1565"},"modified":"2024-12-09T01:38:46","modified_gmt":"2024-12-09T01:38:46","slug":"bulk-knife-and-cutlery-sets","status":"publish","type":"product","link":"https:\/\/www.mcallenflatware.com\/pt\/product\/bulk-knife-and-cutlery-sets\/","title":{"rendered":"Conjuntos de facas e talheres em a\u00e7o inoxid\u00e1vel para 24 pessoas com caixa"},"content":{"rendered":"<h2 class=\"wp-block-heading\">Conjuntos de facas e talheres Carater\u00edsticas:<\/h2>\n\n\n\n<div class=\"wp-block-columns is-layout-flex wp-container-core-columns-is-layout-9d6595d7 wp-block-columns-is-layout-flex\">\n<div class=\"wp-block-column is-layout-flow wp-block-column-is-layout-flow\" style=\"flex-basis:66.66%\">\n<p><strong>A\u00e7o inoxid\u00e1vel duradouro: <\/strong>Fabricado em a\u00e7o inoxid\u00e1vel de alta qualidade, conhecido pela sua nitidez, resist\u00eancia \u00e0 corros\u00e3o e durabilidade.<\/p>\n\n\n\n<p><strong>Cabo de poli\u00e9ster confort\u00e1vel: <\/strong>As facas possuem um cabo de poli\u00e9ster de conce\u00e7\u00e3o ergon\u00f3mica que garante uma ader\u00eancia segura e confort\u00e1vel.<\/p>\n\n\n\n<p><strong>Conveniente em caixa: <\/strong>O conjunto de facas e talheres \u00e9 fornecido numa caixa elegante que pode ser personalizada com log\u00f3tipos e padr\u00f5es para aumentar a atra\u00e7\u00e3o do utilizador e uma arruma\u00e7\u00e3o conveniente.<\/p>\n\n\n\n<p><strong>F\u00e1cil de manter: <\/strong>As l\u00e2minas de a\u00e7o inoxid\u00e1vel s\u00e3o f\u00e1ceis de limpar e manter e podem ser lavadas \u00e0 m\u00e3o ou colocadas na m\u00e1quina de lavar loi\u00e7a. Os cabos de poli\u00e9ster tamb\u00e9m s\u00e3o resistentes a n\u00f3doas e odores.<\/p>\n<\/div>\n\n\n\n<div class=\"wp-block-column is-layout-flow wp-block-column-is-layout-flow\" style=\"flex-basis:33.33%\">\n<figure class=\"wp-block-image size-full\"><img decoding=\"async\" width=\"1000\" height=\"1000\" src=\"https:\/\/www.mcallenflatware.com\/wp-content\/uploads\/2024\/12\/knife-and-cutlery-sets-wholesale-1-1.webp\" alt=\"conjuntos de facas e talheres por atacado\" class=\"wp-image-1566\" srcset=\"https:\/\/www.mcallenflatware.com\/wp-content\/uploads\/2024\/12\/knife-and-cutlery-sets-wholesale-1-1.webp 1000w, https:\/\/www.mcallenflatware.com\/wp-content\/uploads\/2024\/12\/knife-and-cutlery-sets-wholesale-1-1-150x150.webp 150w, https:\/\/www.mcallenflatware.com\/wp-content\/uploads\/2024\/12\/knife-and-cutlery-sets-wholesale-1-1-768x768.webp 768w, https:\/\/www.mcallenflatware.com\/wp-content\/uploads\/2024\/12\/knife-and-cutlery-sets-wholesale-1-1-12x12.webp 12w, https:\/\/www.mcallenflatware.com\/wp-content\/uploads\/2024\/12\/knife-and-cutlery-sets-wholesale-1-1-600x600.webp 600w, https:\/\/www.mcallenflatware.com\/wp-content\/uploads\/2024\/12\/knife-and-cutlery-sets-wholesale-1-1-300x300.webp 300w, https:\/\/www.mcallenflatware.com\/wp-content\/uploads\/2024\/12\/knife-and-cutlery-sets-wholesale-1-1-100x100.webp 100w\" sizes=\"(max-width: 1000px) 100vw, 1000px\" \/><\/figure>\n<\/div>\n<\/div>","protected":false},"excerpt":{"rendered":"<p>Bem-vindo a personalizar e vender por atacado conjuntos de facas e talheres, a\u00e7o inoxid\u00e1vel afiado e material dur\u00e1vel, estilo moderno de alta qualidade, com embalagem de caixa de cor requintada. Venha para o fabricante de talheres Mcallen, pode personalizar o logotipo, cor, padr\u00e3o e fornecer pre\u00e7o de f\u00e1brica. Bem-vindo ao inqu\u00e9rito hoje.<\/p>\n<h2>Conjuntos de facas e talheres Atributos:<\/h2>\n<p><strong>Nome da marca:<\/strong> Mcallen<br \/><strong>Material:<\/strong> A\u00e7o inoxid\u00e1vel<br \/><strong>Cor:<\/strong> Glod, Prata, Preto, Cobre ou Personalizado<br \/><strong>Conce\u00e7\u00e3o: <\/strong>24 pe\u00e7as com caixas de v\u00e1rias cores<br \/><strong>Prazo de entrega da amostra:<\/strong> No prazo de 3 dias<br \/><strong>OEM\/ODM:<\/strong> Dispon\u00edvel<\/p>\n<h2>Conjuntos de facas e talheres personalizados:<\/h2>\n<p><strong>A\u00e7o inoxid\u00e1vel:<\/strong>\u00a0A\u00e7o inoxid\u00e1vel 18\/10, 304, 316, 410, 430, 420<br \/><strong>Log\u00f3tipo:<\/strong>\u00a0Grava\u00e7\u00e3o a laser, impress\u00e3o serigr\u00e1fica, impress\u00e3o UV, impress\u00e3o por transfer\u00eancia t\u00e9rmica, grava\u00e7\u00e3o em relevo, etc.<br \/><strong>Embalagem:<\/strong>\u00a04\/8\/12\/16\/20\/24\/45\/48\/72pcs set<br \/><strong>Acabamentos de superf\u00edcie:<\/strong>\u00a0Polido com espelho, mate, polido com \u00e1gua, revestimento de tit\u00e2nio<br \/><strong>Embalagem:<\/strong>\u00a0A granel, saco opp, caixa de cor, caixa de oferta, personalizado<\/p>","protected":false},"featured_media":1568,"template":"","meta":[],"product_brand":[],"product_cat":[23,30],"product_tag":[],"class_list":{"0":"post-1565","1":"product","2":"type-product","3":"status-publish","4":"has-post-thumbnail","6":"product_cat-wholesale-flatware","7":"product_cat-custom-cutlery-gift-set","9":"first","10":"instock","11":"shipping-taxable","12":"product-type-simple"},"_links":{"self":[{"href":"https:\/\/www.mcallenflatware.com\/pt\/wp-json\/wp\/v2\/product\/1565","targetHints":{"allow":["GET"]}}],"collection":[{"href":"https:\/\/www.mcallenflatware.com\/pt\/wp-json\/wp\/v2\/product"}],"about":[{"href":"https:\/\/www.mcallenflatware.com\/pt\/wp-json\/wp\/v2\/types\/product"}],"wp:featuredmedia":[{"embeddable":true,"href":"https:\/\/www.mcallenflatware.com\/pt\/wp-json\/wp\/v2\/media\/1568"}],"wp:attachment":[{"href":"https:\/\/www.mcallenflatware.com\/pt\/wp-json\/wp\/v2\/media?parent=1565"}],"wp:term":[{"taxonomy":"product_brand","embeddable":true,"href":"https:\/\/www.mcallenflatware.com\/pt\/wp-json\/wp\/v2\/product_brand?post=1565"},{"taxonomy":"product_cat","embeddable":true,"href":"https:\/\/www.mcallenflatware.com\/pt\/wp-json\/wp\/v2\/product_cat?post=1565"},{"taxonomy":"product_tag","embeddable":true,"href":"https:\/\/www.mcallenflatware.com\/pt\/wp-json\/wp\/v2\/product_tag?post=1565"}],"curies":[{"name":"wp","href":"https:\/\/api.w.org\/{rel}","templated":true}]}}